{"id":956,"date":"2024-09-03T09:43:16","date_gmt":"2024-09-03T01:43:16","guid":{"rendered":"https:\/\/www.key-iot.com\/?post_type=product&#038;p=956"},"modified":"2025-06-16T09:16:19","modified_gmt":"2025-06-16T01:16:19","slug":"sedtu200-industrial-4g-lte-modem","status":"publish","type":"product","link":"https:\/\/www.key-iot.com\/fr\/produit\/sedtu200-industrial-4g-lte-modem\/","title":{"rendered":"Modem 4G LTE SeDTU200"},"content":{"rendered":"<p><img decoding=\"async\" class=\"size-full wp-image-1565 aligncenter\" src=\"https:\/\/www.key-iot.com\/wp-content\/uploads\/2024\/09\/\u5934\u56fe-25.jpg\" alt=\"Modem 4G LTE SeDTU200\" width=\"414\" height=\"414\" srcset=\"https:\/\/www.key-iot.com\/wp-content\/uploads\/2024\/09\/\u5934\u56fe-25.jpg 414w, https:\/\/www.key-iot.com\/wp-content\/uploads\/2024\/09\/\u5934\u56fe-25-300x300.jpg 300w, https:\/\/www.key-iot.com\/wp-content\/uploads\/2024\/09\/\u5934\u56fe-25-150x150.jpg 150w, https:\/\/www.key-iot.com\/wp-content\/uploads\/2024\/09\/\u5934\u56fe-25-100x100.jpg 100w\" sizes=\"(max-width: 414px) 100vw, 414px\" \/><\/p>\n<h2><\/h2>\n<h2>Aper\u00e7u du produit<\/h2>\n<p>La s\u00e9rie SeDTU200 <a href=\"https:\/\/www.key-iot.com\/fr\/iotproduct\/lte-dtu\/\"><strong>unit\u00e9 de terminal de donn\u00e9es<\/strong><\/a>\u00a0 est un syst\u00e8me industriel de transmission de donn\u00e9es sans fil<br \/>\nqui s'appuie sur les r\u00e9seaux sans fil LTE 4G pour fournir un service sans fil fiable.<br \/>\npour la transmission de donn\u00e9es sur TCP\/IP pour les utilisateurs industriels. Il permet une transmission sans fil<br \/>\nla communication de donn\u00e9es entre les dispositifs s\u00e9riels des stations de contr\u00f4le \u00e0 distance et les stations centrales.<br \/>\nfacilitant ainsi le contr\u00f4le \u00e0 distance des installations industrielles. \u00c9quip\u00e9 d'une puce de commande principale MCU haute performance de qualit\u00e9 industrielle et d'une puce de commande \u00e0 distance MCU de qualit\u00e9 industrielle, le syst\u00e8me est \u00e9quip\u00e9 d'une puce de commande \u00e0 distance.<br \/>\nGr\u00e2ce au syst\u00e8me d'exploitation en temps r\u00e9el int\u00e9gr\u00e9, le SeDTU200 garantit un fonctionnement stable et fiable.<br \/>\nfonctionnement. Il prend en charge les interfaces RS-232 et RS-485 pour une connexion directe \u00e0 des syst\u00e8mes s\u00e9riels.<br \/>\nce qui permet une transmission transparente des donn\u00e9es. L'appareil offre de multiples<br \/>\nles m\u00e9thodes de configuration et de gestion, y compris les outils locaux sur PC, AT<br \/>\net la configuration \u00e0 distance TCP\/IP. Cela simplifie le travail sur site<br \/>\nl'installation et la maintenance, am\u00e9liore consid\u00e9rablement l'efficacit\u00e9 du d\u00e9ploiement, et<br \/>\nr\u00e9duit les co\u00fbts op\u00e9rationnels globaux du syst\u00e8me, ce qui permet aux utilisateurs de profiter pleinement des avantages de la technologie de l'information et de la communication (TIC).<br \/>\nla commodit\u00e9 de la communication sans fil.<\/p>\n<p><img decoding=\"async\" class=\"size-large wp-image-963 aligncenter\" src=\"https:\/\/www.key-iot.com\/wp-content\/uploads\/2024\/09\/20240616062717562-1024x556.png\" alt=\"Modem 4G LTE industriel -dtu200\" width=\"1024\" height=\"556\" srcset=\"https:\/\/www.key-iot.com\/wp-content\/uploads\/2024\/09\/20240616062717562-1024x556.png 1024w, https:\/\/www.key-iot.com\/wp-content\/uploads\/2024\/09\/20240616062717562-300x163.png 300w, https:\/\/www.key-iot.com\/wp-content\/uploads\/2024\/09\/20240616062717562-768x417.png 768w, https:\/\/www.key-iot.com\/wp-content\/uploads\/2024\/09\/20240616062717562-600x326.png 600w, https:\/\/www.key-iot.com\/wp-content\/uploads\/2024\/09\/20240616062717562.png 1247w\" sizes=\"(max-width: 1024px) 100vw, 1024px\" \/><\/p>\n<h2>Caract\u00e9ristiques du produit<\/h2>\n<p>Supporte LTE 4G CAT4\/CAT1<br \/>\nSupporte APN\/VPDN<br \/>\nSoutien au protocole HJ212-2017<br \/>\nPrise en charge du protocole Ntrip<br \/>\nSupporte TCP\u3001UDP\u3001MQTT\u3001HTTP\u3001TLS\uff08optional\uff09<br \/>\nPrise en charge de la conversion du protocole Modbus TCP\/RTU \uff0cSupports de conversion du protocole Modbus<br \/>\nau format JSON pour l'\u00e9tablissement de rapports<br \/>\nPrise en charge de la transmission de sauvegarde \u00e0 deux centres de donn\u00e9es et \u00e0 plusieurs centres de donn\u00e9es<br \/>\nsynchronisation (jusqu'\u00e0 4 centres)<br \/>\nConfiguration\/mise \u00e0 niveau par port s\u00e9rie local et gestion \u00e0 distance bas\u00e9e sur le cloud<\/p>","protected":false},"excerpt":{"rendered":"<p>&nbsp;<\/p>\n<h3>[tp_attributes num_attributes=\"6\"]<\/h3>\n<h3>Product Description Download<\/h3>\n[showpdf url=\"\/wp-content\/uploads\/2024\/09\/Technical-Specification-for-SeDTU200-V3.1.pdf\" name=\"Technical-Specification-for-SeDTU200-V3.1.pdf\" collapse=\"false\"]\n<p>&nbsp;<\/p>\n","protected":false},"featured_media":1566,"comment_status":"open","ping_status":"closed","template":"","meta":{"themepark_post_bcolor":"#f5f5f5","themepark_post_width":"1022px","themepark_post_img":"","themepark_post_img_po":"left","themepark_post_img_re":false,"themepark_post_img_cover":false,"themepark_post_img_fixed":false,"themepark_post_hide_title":false,"themepark_post_main_b":"","themepark_post_main_p":100,"themepark_paddingblock":false},"product_cat":[43],"product_tag":[],"class_list":{"0":"post-956","1":"product","2":"type-product","3":"status-publish","4":"has-post-thumbnail","6":"product_cat-lte-dtu","8":"first","9":"instock","10":"shipping-taxable","11":"product-type-simple"},"yoast_head":"<!-- This site is optimized with the Yoast SEO plugin v23.7 - https:\/\/yoast.com\/wordpress\/plugins\/seo\/ -->\n<title>SeDTU200 4G LTE Modem - KEY-IOT<\/title>\n<meta name=\"robots\" content=\"index, follow, max-snippet:-1, max-image-preview:large, max-video-preview:-1\" \/>\n<link rel=\"canonical\" href=\"https:\/\/www.key-iot.com\/fr\/produit\/sedtu200-industrial-4g-lte-modem\/\" \/>\n<meta property=\"og:locale\" content=\"fr_FR\" \/>\n<meta property=\"og:type\" content=\"article\" \/>\n<meta property=\"og:title\" content=\"SeDTU200 4G LTE Modem - KEY-IOT\" \/>\n<meta property=\"og:description\" content=\"&nbsp;  Product Description Download   &nbsp;\" \/>\n<meta property=\"og:url\" content=\"https:\/\/www.key-iot.com\/fr\/produit\/sedtu200-industrial-4g-lte-modem\/\" \/>\n<meta property=\"og:site_name\" content=\"KEY-IOT\" \/>\n<meta property=\"article:modified_time\" content=\"2025-06-16T01:16:19+00:00\" \/>\n<meta property=\"og:image\" content=\"https:\/\/www.key-iot.com\/wp-content\/uploads\/2024\/09\/1-22.jpg\" \/>\n\t<meta property=\"og:image:width\" content=\"414\" \/>\n\t<meta property=\"og:image:height\" content=\"414\" \/>\n\t<meta property=\"og:image:type\" content=\"image\/jpeg\" \/>\n<meta name=\"twitter:card\" content=\"summary_large_image\" \/>\n<meta name=\"twitter:label1\" content=\"Dur\u00e9e de lecture estim\u00e9e\" \/>\n\t<meta name=\"twitter:data1\" content=\"2 minutes\" \/>\n<script type=\"application\/ld+json\" class=\"yoast-schema-graph\">{\"@context\":\"https:\/\/schema.org\",\"@graph\":[{\"@type\":\"WebPage\",\"@id\":\"https:\/\/www.key-iot.com\/product\/sedtu200-industrial-4g-lte-modem\/\",\"url\":\"https:\/\/www.key-iot.com\/product\/sedtu200-industrial-4g-lte-modem\/\",\"name\":\"SeDTU200 4G LTE Modem - KEY-IOT\",\"isPartOf\":{\"@id\":\"https:\/\/www.key-iot.com\/#website\"},\"primaryImageOfPage\":{\"@id\":\"https:\/\/www.key-iot.com\/product\/sedtu200-industrial-4g-lte-modem\/#primaryimage\"},\"image\":{\"@id\":\"https:\/\/www.key-iot.com\/product\/sedtu200-industrial-4g-lte-modem\/#primaryimage\"},\"thumbnailUrl\":\"https:\/\/www.key-iot.com\/wp-content\/uploads\/2024\/09\/1-22.jpg\",\"datePublished\":\"2024-09-03T01:43:16+00:00\",\"dateModified\":\"2025-06-16T01:16:19+00:00\",\"breadcrumb\":{\"@id\":\"https:\/\/www.key-iot.com\/product\/sedtu200-industrial-4g-lte-modem\/#breadcrumb\"},\"inLanguage\":\"fr-FR\",\"potentialAction\":[{\"@type\":\"ReadAction\",\"target\":[\"https:\/\/www.key-iot.com\/product\/sedtu200-industrial-4g-lte-modem\/\"]}]},{\"@type\":\"ImageObject\",\"inLanguage\":\"fr-FR\",\"@id\":\"https:\/\/www.key-iot.com\/product\/sedtu200-industrial-4g-lte-modem\/#primaryimage\",\"url\":\"https:\/\/www.key-iot.com\/wp-content\/uploads\/2024\/09\/1-22.jpg\",\"contentUrl\":\"https:\/\/www.key-iot.com\/wp-content\/uploads\/2024\/09\/1-22.jpg\",\"width\":414,\"height\":414,\"caption\":\"SeDTU200 4G LTE Modem\"},{\"@type\":\"BreadcrumbList\",\"@id\":\"https:\/\/www.key-iot.com\/product\/sedtu200-industrial-4g-lte-modem\/#breadcrumb\",\"itemListElement\":[{\"@type\":\"ListItem\",\"position\":1,\"name\":\"Home\",\"item\":\"https:\/\/www.key-iot.com\/\"},{\"@type\":\"ListItem\",\"position\":2,\"name\":\"shop\",\"item\":\"https:\/\/www.key-iot.com\/shop\/\"},{\"@type\":\"ListItem\",\"position\":3,\"name\":\"SeDTU200 4G LTE Modem\"}]},{\"@type\":\"WebSite\",\"@id\":\"https:\/\/www.key-iot.com\/#website\",\"url\":\"https:\/\/www.key-iot.com\/\",\"name\":\"KEY-IOT\",\"description\":\"Industrial Cellular Routers\/ IoT Gateway\",\"potentialAction\":[{\"@type\":\"SearchAction\",\"target\":{\"@type\":\"EntryPoint\",\"urlTemplate\":\"https:\/\/www.key-iot.com\/?s={search_term_string}\"},\"query-input\":{\"@type\":\"PropertyValueSpecification\",\"valueRequired\":true,\"valueName\":\"search_term_string\"}}],\"inLanguage\":\"fr-FR\"}]}<\/script>\n<!-- \/ Yoast SEO plugin. -->","yoast_head_json":{"title":"Modem 4G LTE SeDTU200 - KEY-IOT","robots":{"index":"index","follow":"follow","max-snippet":"max-snippet:-1","max-image-preview":"max-image-preview:large","max-video-preview":"max-video-preview:-1"},"canonical":"https:\/\/www.key-iot.com\/fr\/produit\/sedtu200-industrial-4g-lte-modem\/","og_locale":"fr_FR","og_type":"article","og_title":"SeDTU200 4G LTE Modem - KEY-IOT","og_description":"&nbsp;  Product Description Download   &nbsp;","og_url":"https:\/\/www.key-iot.com\/fr\/produit\/sedtu200-industrial-4g-lte-modem\/","og_site_name":"KEY-IOT","article_modified_time":"2025-06-16T01:16:19+00:00","og_image":[{"width":414,"height":414,"url":"https:\/\/www.key-iot.com\/wp-content\/uploads\/2024\/09\/1-22.jpg","type":"image\/jpeg"}],"twitter_card":"summary_large_image","twitter_misc":{"Dur\u00e9e de lecture estim\u00e9e":"2 minutes"},"schema":{"@context":"https:\/\/schema.org","@graph":[{"@type":"WebPage","@id":"https:\/\/www.key-iot.com\/product\/sedtu200-industrial-4g-lte-modem\/","url":"https:\/\/www.key-iot.com\/product\/sedtu200-industrial-4g-lte-modem\/","name":"Modem 4G LTE SeDTU200 - KEY-IOT","isPartOf":{"@id":"https:\/\/www.key-iot.com\/#website"},"primaryImageOfPage":{"@id":"https:\/\/www.key-iot.com\/product\/sedtu200-industrial-4g-lte-modem\/#primaryimage"},"image":{"@id":"https:\/\/www.key-iot.com\/product\/sedtu200-industrial-4g-lte-modem\/#primaryimage"},"thumbnailUrl":"https:\/\/www.key-iot.com\/wp-content\/uploads\/2024\/09\/1-22.jpg","datePublished":"2024-09-03T01:43:16+00:00","dateModified":"2025-06-16T01:16:19+00:00","breadcrumb":{"@id":"https:\/\/www.key-iot.com\/product\/sedtu200-industrial-4g-lte-modem\/#breadcrumb"},"inLanguage":"fr-FR","potentialAction":[{"@type":"ReadAction","target":["https:\/\/www.key-iot.com\/product\/sedtu200-industrial-4g-lte-modem\/"]}]},{"@type":"ImageObject","inLanguage":"fr-FR","@id":"https:\/\/www.key-iot.com\/product\/sedtu200-industrial-4g-lte-modem\/#primaryimage","url":"https:\/\/www.key-iot.com\/wp-content\/uploads\/2024\/09\/1-22.jpg","contentUrl":"https:\/\/www.key-iot.com\/wp-content\/uploads\/2024\/09\/1-22.jpg","width":414,"height":414,"caption":"SeDTU200 4G LTE Modem"},{"@type":"BreadcrumbList","@id":"https:\/\/www.key-iot.com\/product\/sedtu200-industrial-4g-lte-modem\/#breadcrumb","itemListElement":[{"@type":"ListItem","position":1,"name":"Home","item":"https:\/\/www.key-iot.com\/"},{"@type":"ListItem","position":2,"name":"shop","item":"https:\/\/www.key-iot.com\/shop\/"},{"@type":"ListItem","position":3,"name":"SeDTU200 4G LTE Modem"}]},{"@type":"WebSite","@id":"https:\/\/www.key-iot.com\/#website","url":"https:\/\/www.key-iot.com\/","name":"KEY-IOT","description":"Routeurs cellulaires industriels\/ Passerelle IoT","potentialAction":[{"@type":"SearchAction","target":{"@type":"EntryPoint","urlTemplate":"https:\/\/www.key-iot.com\/?s={search_term_string}"},"query-input":{"@type":"PropertyValueSpecification","valueRequired":true,"valueName":"search_term_string"}}],"inLanguage":"fr-FR"}]}},"_links":{"self":[{"href":"https:\/\/www.key-iot.com\/fr\/wp-json\/wp\/v2\/product\/956","targetHints":{"allow":["GET"]}}],"collection":[{"href":"https:\/\/www.key-iot.com\/fr\/wp-json\/wp\/v2\/product"}],"about":[{"href":"https:\/\/www.key-iot.com\/fr\/wp-json\/wp\/v2\/types\/product"}],"replies":[{"embeddable":true,"href":"https:\/\/www.key-iot.com\/fr\/wp-json\/wp\/v2\/comments?post=956"}],"wp:featuredmedia":[{"embeddable":true,"href":"https:\/\/www.key-iot.com\/fr\/wp-json\/wp\/v2\/media\/1566"}],"wp:attachment":[{"href":"https:\/\/www.key-iot.com\/fr\/wp-json\/wp\/v2\/media?parent=956"}],"wp:term":[{"taxonomy":"product_cat","embeddable":true,"href":"https:\/\/www.key-iot.com\/fr\/wp-json\/wp\/v2\/product_cat?post=956"},{"taxonomy":"product_tag","embeddable":true,"href":"https:\/\/www.key-iot.com\/fr\/wp-json\/wp\/v2\/product_tag?post=956"}],"curies":[{"name":"wp","href":"https:\/\/api.w.org\/{rel}","templated":true}]}}