{"id":841,"date":"2024-09-01T14:55:19","date_gmt":"2024-09-01T06:55:19","guid":{"rendered":"https:\/\/www.key-iot.com\/?post_type=product&#038;p=841"},"modified":"2025-06-16T08:57:04","modified_gmt":"2025-06-16T00:57:04","slug":"sr520-2-lan-sim-4g-router","status":"publish","type":"product","link":"https:\/\/www.key-iot.com\/fr\/produit\/sr520-2-lan-sim-4g-router\/","title":{"rendered":"SR520 2 Sim 4G Router"},"content":{"rendered":"<p>&nbsp;<\/p>\n<p>&nbsp;<\/p>\n<p><img decoding=\"async\" class=\"wp-image-844 size-full aligncenter\" title=\"SR520 2 Sim 4G Router\" src=\"https:\/\/www.key-iot.com\/wp-content\/uploads\/2024\/09\/1723197649392557.png\" alt=\"SR520 2 Sim 4G Router\" width=\"600\" height=\"600\" srcset=\"https:\/\/www.key-iot.com\/wp-content\/uploads\/2024\/09\/1723197649392557.png 600w, https:\/\/www.key-iot.com\/wp-content\/uploads\/2024\/09\/1723197649392557-300x300.png 300w, https:\/\/www.key-iot.com\/wp-content\/uploads\/2024\/09\/1723197649392557-150x150.png 150w, https:\/\/www.key-iot.com\/wp-content\/uploads\/2024\/09\/1723197649392557-100x100.png 100w\" sizes=\"(max-width: 600px) 100vw, 600px\" \/><\/p>\n<h2>Aper\u00e7u du produit<\/h2>\n<p>StarRouter 520 <a href=\"https:\/\/www.key-iot.com\/fr\/iotproduct\/industrial-4g-routers\/\"><strong>routeur 4g industriel<\/strong><\/a> est un r\u00e9seau 4G, un r\u00e9seau priv\u00e9 virtuel et d'autres technologies dans l'un des produits de routeur sans fil de l'Internet des objets. L'appareil s'appuie sur le r\u00e9seau \u00e9tendu sans fil 4G et le r\u00e9seau local sans fil Wi-Fi et d'autres technologies pour fournir un acc\u00e8s ininterrompu \u00e0 une vari\u00e9t\u00e9 de r\u00e9seaux, avec ses fonctions compl\u00e8tes de s\u00e9curit\u00e9 et de service sans fil, afin de fournir aux utilisateurs des canaux de transmission de donn\u00e9es stables et \u00e0 grande vitesse.<\/p>\n<h2>Caract\u00e9ristiques du produit<\/h2>\n<p>Prise en charge WLAN (en option)<br \/>\nPrise en charge de deux ports Ethernet<br \/>\nSupport de rail de guidage et installation du bureau<br \/>\nPrend en charge la sauvegarde des r\u00e9seaux des deux op\u00e9rateurs (cartes SIM doubles) et est compatible avec les cartes ESIM.<br \/>\nPrise en charge de la sauvegarde mutuelle avec ou sans fil<br \/>\nSoutien au d\u00e9ploiement efficace de r\u00e9seaux d'appareils \u00e0 grande \u00e9chelle<br \/>\nConception enti\u00e8rement industrielle, ne craignant pas les conditions difficiles<br \/>\nPrise en charge du r\u00e9seau \u00e0 haut d\u00e9bit 4G LTE CAT4, r\u00e9seau priv\u00e9 1,8 GHz en option<br \/>\nPrend en charge le syst\u00e8me Linux OpenWrt, qui facilite le d\u00e9veloppement secondaire et fournit un guide complet du d\u00e9veloppement secondaire.<br \/>\nPrend en charge de nombreuses fonctions VPN. PPTP, L2TP, IPSEC, OPENVPN, GRE, GRETAP, Vxlan, etc.<br \/>\nPrise en charge de SNMP et de la plateforme KEY-IOT Device Manager \"Cloud Device Management\", pour une gestion centralis\u00e9e et efficace du r\u00e9seau \u00e0 distance.<\/p>","protected":false},"excerpt":{"rendered":"<h3>[tp_attributes num_attributes=\"6\"]<\/h3>\n<h3>Product Description Download<\/h3>\n[showpdf url=\"\/wp-content\/uploads\/2024\/09\/Technical-Specification-for-SR520-Dual-Ethernet-Port-and-Dual-SIM-4G-Router-V1.0.pdf\" name=\"Technical Specification for SR520 Dual Ethernet Port and Dual SIM 4G Router V1.0\" collapse=\"false\" ]\n<p>&nbsp;<\/p>\n","protected":false},"featured_media":1416,"comment_status":"open","ping_status":"closed","template":"","meta":{"themepark_post_bcolor":"#f5f5f5","themepark_post_width":"1022px","themepark_post_img":"","themepark_post_img_po":"left","themepark_post_img_re":false,"themepark_post_img_cover":false,"themepark_post_img_fixed":false,"themepark_post_hide_title":false,"themepark_post_main_b":"","themepark_post_main_p":100,"themepark_paddingblock":false},"product_cat":[40,57],"product_tag":[],"class_list":{"0":"post-841","1":"product","2":"type-product","3":"status-publish","4":"has-post-thumbnail","6":"product_cat-industrial-4g-routers","7":"product_cat-cellular-routers","9":"first","10":"instock","11":"shipping-taxable","12":"product-type-simple"},"yoast_head":"<!-- This site is optimized with the Yoast SEO plugin v23.7 - https:\/\/yoast.com\/wordpress\/plugins\/seo\/ -->\n<title>SR520 2 Sim 4G Router - KEY-IOT<\/title>\n<meta name=\"robots\" content=\"index, follow, max-snippet:-1, max-image-preview:large, max-video-preview:-1\" \/>\n<link rel=\"canonical\" href=\"https:\/\/www.key-iot.com\/fr\/produit\/sr520-2-lan-sim-4g-router\/\" \/>\n<meta property=\"og:locale\" content=\"fr_FR\" \/>\n<meta property=\"og:type\" content=\"article\" \/>\n<meta property=\"og:title\" content=\"SR520 2 Sim 4G Router - KEY-IOT\" \/>\n<meta property=\"og:description\" content=\"Product Description Download   &nbsp;\" \/>\n<meta property=\"og:url\" content=\"https:\/\/www.key-iot.com\/fr\/produit\/sr520-2-lan-sim-4g-router\/\" \/>\n<meta property=\"og:site_name\" content=\"KEY-IOT\" \/>\n<meta property=\"article:modified_time\" content=\"2025-06-16T00:57:04+00:00\" \/>\n<meta property=\"og:image\" content=\"https:\/\/www.key-iot.com\/wp-content\/uploads\/2024\/09\/\u5934\u56fe-1.jpg\" \/>\n\t<meta property=\"og:image:width\" content=\"414\" \/>\n\t<meta property=\"og:image:height\" content=\"414\" \/>\n\t<meta property=\"og:image:type\" content=\"image\/jpeg\" \/>\n<meta name=\"twitter:card\" content=\"summary_large_image\" \/>\n<meta name=\"twitter:label1\" content=\"Dur\u00e9e de lecture estim\u00e9e\" \/>\n\t<meta name=\"twitter:data1\" content=\"2 minutes\" \/>\n<script type=\"application\/ld+json\" class=\"yoast-schema-graph\">{\"@context\":\"https:\/\/schema.org\",\"@graph\":[{\"@type\":\"WebPage\",\"@id\":\"https:\/\/www.key-iot.com\/product\/sr520-2-lan-sim-4g-router\/\",\"url\":\"https:\/\/www.key-iot.com\/product\/sr520-2-lan-sim-4g-router\/\",\"name\":\"SR520 2 Sim 4G Router - KEY-IOT\",\"isPartOf\":{\"@id\":\"https:\/\/www.key-iot.com\/#website\"},\"primaryImageOfPage\":{\"@id\":\"https:\/\/www.key-iot.com\/product\/sr520-2-lan-sim-4g-router\/#primaryimage\"},\"image\":{\"@id\":\"https:\/\/www.key-iot.com\/product\/sr520-2-lan-sim-4g-router\/#primaryimage\"},\"thumbnailUrl\":\"https:\/\/www.key-iot.com\/wp-content\/uploads\/2024\/09\/\u5934\u56fe-1.jpg\",\"datePublished\":\"2024-09-01T06:55:19+00:00\",\"dateModified\":\"2025-06-16T00:57:04+00:00\",\"breadcrumb\":{\"@id\":\"https:\/\/www.key-iot.com\/product\/sr520-2-lan-sim-4g-router\/#breadcrumb\"},\"inLanguage\":\"fr-FR\",\"potentialAction\":[{\"@type\":\"ReadAction\",\"target\":[\"https:\/\/www.key-iot.com\/product\/sr520-2-lan-sim-4g-router\/\"]}]},{\"@type\":\"ImageObject\",\"inLanguage\":\"fr-FR\",\"@id\":\"https:\/\/www.key-iot.com\/product\/sr520-2-lan-sim-4g-router\/#primaryimage\",\"url\":\"https:\/\/www.key-iot.com\/wp-content\/uploads\/2024\/09\/\u5934\u56fe-1.jpg\",\"contentUrl\":\"https:\/\/www.key-iot.com\/wp-content\/uploads\/2024\/09\/\u5934\u56fe-1.jpg\",\"width\":414,\"height\":414,\"caption\":\"SR520 2 Sim 4G Router\"},{\"@type\":\"BreadcrumbList\",\"@id\":\"https:\/\/www.key-iot.com\/product\/sr520-2-lan-sim-4g-router\/#breadcrumb\",\"itemListElement\":[{\"@type\":\"ListItem\",\"position\":1,\"name\":\"Home\",\"item\":\"https:\/\/www.key-iot.com\/\"},{\"@type\":\"ListItem\",\"position\":2,\"name\":\"shop\",\"item\":\"https:\/\/www.key-iot.com\/shop\/\"},{\"@type\":\"ListItem\",\"position\":3,\"name\":\"SR520 2 Sim 4G Router\"}]},{\"@type\":\"WebSite\",\"@id\":\"https:\/\/www.key-iot.com\/#website\",\"url\":\"https:\/\/www.key-iot.com\/\",\"name\":\"KEY-IOT\",\"description\":\"Industrial Cellular Routers\/ IoT Gateway\",\"potentialAction\":[{\"@type\":\"SearchAction\",\"target\":{\"@type\":\"EntryPoint\",\"urlTemplate\":\"https:\/\/www.key-iot.com\/?s={search_term_string}\"},\"query-input\":{\"@type\":\"PropertyValueSpecification\",\"valueRequired\":true,\"valueName\":\"search_term_string\"}}],\"inLanguage\":\"fr-FR\"}]}<\/script>\n<!-- \/ Yoast SEO plugin. -->","yoast_head_json":{"title":"SR520 Routeur 4G 2 Sim - KEY-IOT","robots":{"index":"index","follow":"follow","max-snippet":"max-snippet:-1","max-image-preview":"max-image-preview:large","max-video-preview":"max-video-preview:-1"},"canonical":"https:\/\/www.key-iot.com\/fr\/produit\/sr520-2-lan-sim-4g-router\/","og_locale":"fr_FR","og_type":"article","og_title":"SR520 2 Sim 4G Router - KEY-IOT","og_description":"Product Description Download   &nbsp;","og_url":"https:\/\/www.key-iot.com\/fr\/produit\/sr520-2-lan-sim-4g-router\/","og_site_name":"KEY-IOT","article_modified_time":"2025-06-16T00:57:04+00:00","og_image":[{"width":414,"height":414,"url":"https:\/\/www.key-iot.com\/wp-content\/uploads\/2024\/09\/\u5934\u56fe-1.jpg","type":"image\/jpeg"}],"twitter_card":"summary_large_image","twitter_misc":{"Dur\u00e9e de lecture estim\u00e9e":"2 minutes"},"schema":{"@context":"https:\/\/schema.org","@graph":[{"@type":"WebPage","@id":"https:\/\/www.key-iot.com\/product\/sr520-2-lan-sim-4g-router\/","url":"https:\/\/www.key-iot.com\/product\/sr520-2-lan-sim-4g-router\/","name":"SR520 Routeur 4G 2 Sim - KEY-IOT","isPartOf":{"@id":"https:\/\/www.key-iot.com\/#website"},"primaryImageOfPage":{"@id":"https:\/\/www.key-iot.com\/product\/sr520-2-lan-sim-4g-router\/#primaryimage"},"image":{"@id":"https:\/\/www.key-iot.com\/product\/sr520-2-lan-sim-4g-router\/#primaryimage"},"thumbnailUrl":"https:\/\/www.key-iot.com\/wp-content\/uploads\/2024\/09\/\u5934\u56fe-1.jpg","datePublished":"2024-09-01T06:55:19+00:00","dateModified":"2025-06-16T00:57:04+00:00","breadcrumb":{"@id":"https:\/\/www.key-iot.com\/product\/sr520-2-lan-sim-4g-router\/#breadcrumb"},"inLanguage":"fr-FR","potentialAction":[{"@type":"ReadAction","target":["https:\/\/www.key-iot.com\/product\/sr520-2-lan-sim-4g-router\/"]}]},{"@type":"ImageObject","inLanguage":"fr-FR","@id":"https:\/\/www.key-iot.com\/product\/sr520-2-lan-sim-4g-router\/#primaryimage","url":"https:\/\/www.key-iot.com\/wp-content\/uploads\/2024\/09\/\u5934\u56fe-1.jpg","contentUrl":"https:\/\/www.key-iot.com\/wp-content\/uploads\/2024\/09\/\u5934\u56fe-1.jpg","width":414,"height":414,"caption":"SR520 2 Sim 4G Router"},{"@type":"BreadcrumbList","@id":"https:\/\/www.key-iot.com\/product\/sr520-2-lan-sim-4g-router\/#breadcrumb","itemListElement":[{"@type":"ListItem","position":1,"name":"Home","item":"https:\/\/www.key-iot.com\/"},{"@type":"ListItem","position":2,"name":"shop","item":"https:\/\/www.key-iot.com\/shop\/"},{"@type":"ListItem","position":3,"name":"SR520 2 Sim 4G Router"}]},{"@type":"WebSite","@id":"https:\/\/www.key-iot.com\/#website","url":"https:\/\/www.key-iot.com\/","name":"KEY-IOT","description":"Routeurs cellulaires industriels\/ Passerelle IoT","potentialAction":[{"@type":"SearchAction","target":{"@type":"EntryPoint","urlTemplate":"https:\/\/www.key-iot.com\/?s={search_term_string}"},"query-input":{"@type":"PropertyValueSpecification","valueRequired":true,"valueName":"search_term_string"}}],"inLanguage":"fr-FR"}]}},"_links":{"self":[{"href":"https:\/\/www.key-iot.com\/fr\/wp-json\/wp\/v2\/product\/841","targetHints":{"allow":["GET"]}}],"collection":[{"href":"https:\/\/www.key-iot.com\/fr\/wp-json\/wp\/v2\/product"}],"about":[{"href":"https:\/\/www.key-iot.com\/fr\/wp-json\/wp\/v2\/types\/product"}],"replies":[{"embeddable":true,"href":"https:\/\/www.key-iot.com\/fr\/wp-json\/wp\/v2\/comments?post=841"}],"wp:featuredmedia":[{"embeddable":true,"href":"https:\/\/www.key-iot.com\/fr\/wp-json\/wp\/v2\/media\/1416"}],"wp:attachment":[{"href":"https:\/\/www.key-iot.com\/fr\/wp-json\/wp\/v2\/media?parent=841"}],"wp:term":[{"taxonomy":"product_cat","embeddable":true,"href":"https:\/\/www.key-iot.com\/fr\/wp-json\/wp\/v2\/product_cat?post=841"},{"taxonomy":"product_tag","embeddable":true,"href":"https:\/\/www.key-iot.com\/fr\/wp-json\/wp\/v2\/product_tag?post=841"}],"curies":[{"name":"wp","href":"https:\/\/api.w.org\/{rel}","templated":true}]}}