{"id":817,"date":"2024-08-31T20:39:42","date_gmt":"2024-08-31T12:39:42","guid":{"rendered":"https:\/\/www.key-iot.com\/?post_type=product&#038;p=817"},"modified":"2025-06-16T08:59:06","modified_gmt":"2025-06-16T00:59:06","slug":"sr700-dual-sim-lte-router","status":"publish","type":"product","link":"https:\/\/www.key-iot.com\/fr\/produit\/sr700-dual-sim-lte-router\/","title":{"rendered":"SR700 Routeur 4G double SIM"},"content":{"rendered":"<p><strong><img decoding=\"async\" class=\"wp-image-818 aligncenter\" title=\"SR700 Routeur 4G double SIM\" src=\"https:\/\/www.key-iot.com\/wp-content\/uploads\/2024\/08\/1720083718108869.png\" alt=\"SR700 Routeur 4G double SIM\" width=\"559\" height=\"559\" srcset=\"https:\/\/www.key-iot.com\/wp-content\/uploads\/2024\/08\/1720083718108869.png 600w, https:\/\/www.key-iot.com\/wp-content\/uploads\/2024\/08\/1720083718108869-300x300.png 300w, https:\/\/www.key-iot.com\/wp-content\/uploads\/2024\/08\/1720083718108869-150x150.png 150w, https:\/\/www.key-iot.com\/wp-content\/uploads\/2024\/08\/1720083718108869-100x100.png 100w\" sizes=\"(max-width: 559px) 100vw, 559px\" \/><\/strong><\/p>\n<p>&nbsp;<\/p>\n<h2>Aper\u00e7u du produit<\/h2>\n<p>StarRouter 700 <a href=\"https:\/\/www.key-iot.com\/fr\/iotproduct\/industrial-4g-routers\/\"><strong>routeur 4g industriel <\/strong><\/a>sont des routeurs sans fil IoT int\u00e9grant les technologies de r\u00e9seau 4G\/5G et de r\u00e9seau priv\u00e9 virtuel (VPN). \u00c9quip\u00e9 des technologies de r\u00e9seau \u00e9tendu sans fil 4G\/5G (WWAN) et de r\u00e9seau local sans fil Wi-Fi (WLAN), cet appareil offre un acc\u00e8s ininterrompu \u00e0 de multiples connexions r\u00e9seau. Dot\u00e9 de fonctions de s\u00e9curit\u00e9 compl\u00e8tes et de capacit\u00e9s de service sans fil, il offre aux utilisateurs des canaux de transmission de donn\u00e9es stables et \u00e0 grande vitesse.<\/p>\n<h2>Caract\u00e9ristiques du produit<\/h2>\n<p>Prise en charge des r\u00e9seaux 4G LTE, avec en option un r\u00e9seau priv\u00e9 de 1,8 GHz sp\u00e9cifique \u00e0 l'alimentation.<br \/>\nPrise en charge de deux cartes SIM avec fonctionnalit\u00e9 de sauvegarde mutuelle\uff08failover\uff09<br \/>\nPossibilit\u00e9 de montage sur rail DIN ou sur table<br \/>\nPrise en charge du GPS\/BeiDou (en option)<br \/>\nPrise en charge du r\u00e9seau local sans fil (WLAN) (en option)<br \/>\nPrise en charge du basculement entre les connexions c\u00e2bl\u00e9es et sans fil<br \/>\nPrise en charge des protocoles de routage dynamique (OSPF, RIP)<br \/>\nPrise en charge de l'acheminement bas\u00e9 sur des r\u00e8gles pour la r\u00e9partition du trafic<br \/>\nPrise en charge de l'interrogation et de l'\u00e9tablissement de rapports sur l'\u00e9tat de l'appareil<br \/>\nPrise en charge de la configuration des r\u00e9seaux locaux virtuels (VLAN), y compris des VLAN multiples avec des modes marqu\u00e9s et non marqu\u00e9s.<br \/>\nSoutien au syst\u00e8me Linux pour le d\u00e9veloppement secondaire, avec des lignes directrices globales en mati\u00e8re de d\u00e9veloppement<br \/>\nPrise en charge de SNMP et de StarCloud Platform (plate-forme de gestion des appareils)<br \/>\nPrise en charge de plusieurs protocoles VPN : PPTP, L2TP, IPsec, OpenVPN, GRE, GRETAP, VXLAN, etc.<\/p>","protected":false},"excerpt":{"rendered":"<h3><\/h3>\n<h3>[tp_attributes num_attributes=\"6\"]<\/h3>\n<h3>Product Description Download<\/h3>\n[showpdf url=\"\/wp-content\/uploads\/2024\/08\/Technical-Specification-for-SR700-Single-Module-V3.0-1.pdf\" name=\" Technical Specification for SR700 Single Module V3.0\" collapse=\"false\" ]\n<p>&nbsp;<\/p>\n","protected":false},"featured_media":1425,"comment_status":"open","ping_status":"closed","template":"","meta":{"themepark_post_bcolor":"#f5f5f5","themepark_post_width":"1022px","themepark_post_img":"","themepark_post_img_po":"left","themepark_post_img_re":false,"themepark_post_img_cover":false,"themepark_post_img_fixed":false,"themepark_post_hide_title":false,"themepark_post_main_b":"","themepark_post_main_p":100,"themepark_paddingblock":false},"product_cat":[40,57],"product_tag":[],"class_list":{"0":"post-817","1":"product","2":"type-product","3":"status-publish","4":"has-post-thumbnail","6":"product_cat-industrial-4g-routers","7":"product_cat-cellular-routers","9":"first","10":"instock","11":"shipping-taxable","12":"product-type-simple"},"yoast_head":"<!-- This site is optimized with the Yoast SEO plugin v23.7 - https:\/\/yoast.com\/wordpress\/plugins\/seo\/ -->\n<title>SR700 Dual SIM 4G Router - KEY-IOT<\/title>\n<meta name=\"robots\" content=\"index, follow, max-snippet:-1, max-image-preview:large, max-video-preview:-1\" \/>\n<link rel=\"canonical\" href=\"https:\/\/www.key-iot.com\/fr\/produit\/sr700-dual-sim-lte-router\/\" \/>\n<meta property=\"og:locale\" content=\"fr_FR\" \/>\n<meta property=\"og:type\" content=\"article\" \/>\n<meta property=\"og:title\" content=\"SR700 Dual SIM 4G Router - KEY-IOT\" \/>\n<meta property=\"og:description\" content=\"Product Description Download   &nbsp;\" \/>\n<meta property=\"og:url\" content=\"https:\/\/www.key-iot.com\/fr\/produit\/sr700-dual-sim-lte-router\/\" \/>\n<meta property=\"og:site_name\" content=\"KEY-IOT\" \/>\n<meta property=\"article:modified_time\" content=\"2025-06-16T00:59:06+00:00\" \/>\n<meta property=\"og:image\" content=\"https:\/\/www.key-iot.com\/wp-content\/uploads\/2024\/08\/\u5934\u56fe-2.jpg\" \/>\n\t<meta property=\"og:image:width\" content=\"414\" \/>\n\t<meta property=\"og:image:height\" content=\"414\" \/>\n\t<meta property=\"og:image:type\" content=\"image\/jpeg\" \/>\n<meta name=\"twitter:card\" content=\"summary_large_image\" \/>\n<meta name=\"twitter:label1\" content=\"Dur\u00e9e de lecture estim\u00e9e\" \/>\n\t<meta name=\"twitter:data1\" content=\"2 minutes\" \/>\n<script type=\"application\/ld+json\" class=\"yoast-schema-graph\">{\"@context\":\"https:\/\/schema.org\",\"@graph\":[{\"@type\":\"WebPage\",\"@id\":\"https:\/\/www.key-iot.com\/product\/sr700-dual-sim-lte-router\/\",\"url\":\"https:\/\/www.key-iot.com\/product\/sr700-dual-sim-lte-router\/\",\"name\":\"SR700 Dual SIM 4G Router - KEY-IOT\",\"isPartOf\":{\"@id\":\"https:\/\/www.key-iot.com\/#website\"},\"primaryImageOfPage\":{\"@id\":\"https:\/\/www.key-iot.com\/product\/sr700-dual-sim-lte-router\/#primaryimage\"},\"image\":{\"@id\":\"https:\/\/www.key-iot.com\/product\/sr700-dual-sim-lte-router\/#primaryimage\"},\"thumbnailUrl\":\"https:\/\/www.key-iot.com\/wp-content\/uploads\/2024\/08\/\u5934\u56fe-2.jpg\",\"datePublished\":\"2024-08-31T12:39:42+00:00\",\"dateModified\":\"2025-06-16T00:59:06+00:00\",\"breadcrumb\":{\"@id\":\"https:\/\/www.key-iot.com\/product\/sr700-dual-sim-lte-router\/#breadcrumb\"},\"inLanguage\":\"fr-FR\",\"potentialAction\":[{\"@type\":\"ReadAction\",\"target\":[\"https:\/\/www.key-iot.com\/product\/sr700-dual-sim-lte-router\/\"]}]},{\"@type\":\"ImageObject\",\"inLanguage\":\"fr-FR\",\"@id\":\"https:\/\/www.key-iot.com\/product\/sr700-dual-sim-lte-router\/#primaryimage\",\"url\":\"https:\/\/www.key-iot.com\/wp-content\/uploads\/2024\/08\/\u5934\u56fe-2.jpg\",\"contentUrl\":\"https:\/\/www.key-iot.com\/wp-content\/uploads\/2024\/08\/\u5934\u56fe-2.jpg\",\"width\":414,\"height\":414,\"caption\":\"SR700 Dual SIM 4G Router\"},{\"@type\":\"BreadcrumbList\",\"@id\":\"https:\/\/www.key-iot.com\/product\/sr700-dual-sim-lte-router\/#breadcrumb\",\"itemListElement\":[{\"@type\":\"ListItem\",\"position\":1,\"name\":\"Home\",\"item\":\"https:\/\/www.key-iot.com\/\"},{\"@type\":\"ListItem\",\"position\":2,\"name\":\"shop\",\"item\":\"https:\/\/www.key-iot.com\/shop\/\"},{\"@type\":\"ListItem\",\"position\":3,\"name\":\"SR700 Dual SIM 4G Router\"}]},{\"@type\":\"WebSite\",\"@id\":\"https:\/\/www.key-iot.com\/#website\",\"url\":\"https:\/\/www.key-iot.com\/\",\"name\":\"KEY-IOT\",\"description\":\"Industrial Cellular Routers\/ IoT Gateway\",\"potentialAction\":[{\"@type\":\"SearchAction\",\"target\":{\"@type\":\"EntryPoint\",\"urlTemplate\":\"https:\/\/www.key-iot.com\/?s={search_term_string}\"},\"query-input\":{\"@type\":\"PropertyValueSpecification\",\"valueRequired\":true,\"valueName\":\"search_term_string\"}}],\"inLanguage\":\"fr-FR\"}]}<\/script>\n<!-- \/ Yoast SEO plugin. -->","yoast_head_json":{"title":"SR700 Routeur 4G double SIM - KEY-IOT","robots":{"index":"index","follow":"follow","max-snippet":"max-snippet:-1","max-image-preview":"max-image-preview:large","max-video-preview":"max-video-preview:-1"},"canonical":"https:\/\/www.key-iot.com\/fr\/produit\/sr700-dual-sim-lte-router\/","og_locale":"fr_FR","og_type":"article","og_title":"SR700 Dual SIM 4G Router - KEY-IOT","og_description":"Product Description Download   &nbsp;","og_url":"https:\/\/www.key-iot.com\/fr\/produit\/sr700-dual-sim-lte-router\/","og_site_name":"KEY-IOT","article_modified_time":"2025-06-16T00:59:06+00:00","og_image":[{"width":414,"height":414,"url":"https:\/\/www.key-iot.com\/wp-content\/uploads\/2024\/08\/\u5934\u56fe-2.jpg","type":"image\/jpeg"}],"twitter_card":"summary_large_image","twitter_misc":{"Dur\u00e9e de lecture estim\u00e9e":"2 minutes"},"schema":{"@context":"https:\/\/schema.org","@graph":[{"@type":"WebPage","@id":"https:\/\/www.key-iot.com\/product\/sr700-dual-sim-lte-router\/","url":"https:\/\/www.key-iot.com\/product\/sr700-dual-sim-lte-router\/","name":"SR700 Routeur 4G double SIM - KEY-IOT","isPartOf":{"@id":"https:\/\/www.key-iot.com\/#website"},"primaryImageOfPage":{"@id":"https:\/\/www.key-iot.com\/product\/sr700-dual-sim-lte-router\/#primaryimage"},"image":{"@id":"https:\/\/www.key-iot.com\/product\/sr700-dual-sim-lte-router\/#primaryimage"},"thumbnailUrl":"https:\/\/www.key-iot.com\/wp-content\/uploads\/2024\/08\/\u5934\u56fe-2.jpg","datePublished":"2024-08-31T12:39:42+00:00","dateModified":"2025-06-16T00:59:06+00:00","breadcrumb":{"@id":"https:\/\/www.key-iot.com\/product\/sr700-dual-sim-lte-router\/#breadcrumb"},"inLanguage":"fr-FR","potentialAction":[{"@type":"ReadAction","target":["https:\/\/www.key-iot.com\/product\/sr700-dual-sim-lte-router\/"]}]},{"@type":"ImageObject","inLanguage":"fr-FR","@id":"https:\/\/www.key-iot.com\/product\/sr700-dual-sim-lte-router\/#primaryimage","url":"https:\/\/www.key-iot.com\/wp-content\/uploads\/2024\/08\/\u5934\u56fe-2.jpg","contentUrl":"https:\/\/www.key-iot.com\/wp-content\/uploads\/2024\/08\/\u5934\u56fe-2.jpg","width":414,"height":414,"caption":"SR700 Dual SIM 4G Router"},{"@type":"BreadcrumbList","@id":"https:\/\/www.key-iot.com\/product\/sr700-dual-sim-lte-router\/#breadcrumb","itemListElement":[{"@type":"ListItem","position":1,"name":"Home","item":"https:\/\/www.key-iot.com\/"},{"@type":"ListItem","position":2,"name":"shop","item":"https:\/\/www.key-iot.com\/shop\/"},{"@type":"ListItem","position":3,"name":"SR700 Dual SIM 4G Router"}]},{"@type":"WebSite","@id":"https:\/\/www.key-iot.com\/#website","url":"https:\/\/www.key-iot.com\/","name":"KEY-IOT","description":"Routeurs cellulaires industriels\/ Passerelle IoT","potentialAction":[{"@type":"SearchAction","target":{"@type":"EntryPoint","urlTemplate":"https:\/\/www.key-iot.com\/?s={search_term_string}"},"query-input":{"@type":"PropertyValueSpecification","valueRequired":true,"valueName":"search_term_string"}}],"inLanguage":"fr-FR"}]}},"_links":{"self":[{"href":"https:\/\/www.key-iot.com\/fr\/wp-json\/wp\/v2\/product\/817","targetHints":{"allow":["GET"]}}],"collection":[{"href":"https:\/\/www.key-iot.com\/fr\/wp-json\/wp\/v2\/product"}],"about":[{"href":"https:\/\/www.key-iot.com\/fr\/wp-json\/wp\/v2\/types\/product"}],"replies":[{"embeddable":true,"href":"https:\/\/www.key-iot.com\/fr\/wp-json\/wp\/v2\/comments?post=817"}],"wp:featuredmedia":[{"embeddable":true,"href":"https:\/\/www.key-iot.com\/fr\/wp-json\/wp\/v2\/media\/1425"}],"wp:attachment":[{"href":"https:\/\/www.key-iot.com\/fr\/wp-json\/wp\/v2\/media?parent=817"}],"wp:term":[{"taxonomy":"product_cat","embeddable":true,"href":"https:\/\/www.key-iot.com\/fr\/wp-json\/wp\/v2\/product_cat?post=817"},{"taxonomy":"product_tag","embeddable":true,"href":"https:\/\/www.key-iot.com\/fr\/wp-json\/wp\/v2\/product_tag?post=817"}],"curies":[{"name":"wp","href":"https:\/\/api.w.org\/{rel}","templated":true}]}}