{"id":766,"date":"2024-08-30T10:54:18","date_gmt":"2024-08-30T02:54:18","guid":{"rendered":"https:\/\/www.key-iot.com\/?post_type=product&#038;p=766"},"modified":"2025-06-16T08:55:40","modified_gmt":"2025-06-16T00:55:40","slug":"industrial-4g-router-sr500","status":"publish","type":"product","link":"https:\/\/www.key-iot.com\/fr\/produit\/industrial-4g-router-sr500\/","title":{"rendered":"SR500 4G Router\uff082 LAN\uff09"},"content":{"rendered":"<p><img decoding=\"async\" class=\"size-full wp-image-3468 aligncenter\" src=\"https:\/\/www.key-iot.com\/wp-content\/uploads\/2024\/08\/\u5fae\u4fe1\u56fe\u7247_20250422195115.png\" alt=\"\" width=\"487\" height=\"495\" srcset=\"https:\/\/www.key-iot.com\/wp-content\/uploads\/2024\/08\/\u5fae\u4fe1\u56fe\u7247_20250422195115.png 487w, https:\/\/www.key-iot.com\/wp-content\/uploads\/2024\/08\/\u5fae\u4fe1\u56fe\u7247_20250422195115-295x300.png 295w\" sizes=\"(max-width: 487px) 100vw, 487px\" \/><\/p>\n<p>&nbsp;<\/p>\n<div class=\"mceTemp\"><\/div>\n<h2><strong>Aper\u00e7u du produit<\/strong><\/h2>\n<p>StarRouter500 <a href=\"https:\/\/www.key-iot.com\/fr\/iotproduct\/industrial-4g-routers\/\"><strong>routeur 4g industriel<\/strong><\/a>\u00a0est un routeur sans fil IoT qui int\u00e8gre le r\u00e9seau 4G, le r\u00e9seau priv\u00e9 virtuel (VPN) et d'autres technologies de pointe dans un seul appareil. En s'appuyant sur le r\u00e9seau \u00e9tendu sans fil 4G (WWAN) et le r\u00e9seau local sans fil Wi-Fi (WLAN), il offre une connectivit\u00e9 multir\u00e9seau ininterrompue, garantissant aux utilisateurs une transmission de donn\u00e9es stable et \u00e0 grande vitesse.<\/p>\n<h2>Caract\u00e9ristiques du produit<\/h2>\n<p>Prise en charge du r\u00e9seau 4G LTE avec le r\u00e9seau d\u00e9di\u00e9 Power 1,8 GHz en option<br \/>\nPossibilit\u00e9 d'installation sur rail DIN ou sur table<br \/>\nPrise en charge du positionnement GPS\/Beidou (en option)<br \/>\nPrise en charge du WLAN (en option)<br \/>\nPrise en charge du basculement entre les r\u00e9seaux c\u00e2bl\u00e9s et sans fil<br \/>\nPrise en charge du routage dynamique\uff1aOSPF et RIP<br \/>\nPrise en charge de l'acheminement bas\u00e9 sur une politique avec des capacit\u00e9s de d\u00e9tournement du trafic<br \/>\nPrise en charge de l'interrogation de l'\u00e9tat de l'appareil et de l'\u00e9tablissement de rapports pour une surveillance en temps r\u00e9el<br \/>\nPrise en charge de plusieurs VLAN (modes \u00e9tiquet\u00e9\/non \u00e9tiquet\u00e9)<br \/>\nLe syst\u00e8me d'exploitation Linux est pris en charge pour le d\u00e9veloppement secondaire et des guides de d\u00e9veloppement complets sont fournis.<br \/>\nPrise en charge SNMP et int\u00e9gration avec la plateforme StarCloud (STAR DEVICE MANAGER)<br \/>\nProtocoles multi-VPN : PPTP, L2TP, IPSEC, OpenVPN, GRE, GRETAP, VXLAN<\/p>\n<p>&nbsp;<\/p>\n<p>&nbsp;<\/p>","protected":false},"excerpt":{"rendered":"<h3><\/h3>\n<h3>[tp_attributes num_attributes=\"6\"]<\/h3>\n<p>&nbsp;<\/p>\n<p>&nbsp;<\/p>\n<h3>Product Description Download<\/h3>\n[showpdf url=\"\/wp-content\/uploads\/2024\/08\/Technical-Specification-for-SR500-4G-Router\uff082-LAN\uff09V3.0.pdf\" name=\"Technical Specification for SR500 4G Router\uff082 LAN\uff09V3.0\" collapse=\"false\" ]\n<p>&nbsp;<\/p>\n<p>&nbsp;<\/p>\n<p>&nbsp;<\/p>\n","protected":false},"featured_media":1383,"comment_status":"open","ping_status":"closed","template":"","meta":{"themepark_post_bcolor":"#f5f5f5","themepark_post_width":"1022px","themepark_post_img":"","themepark_post_img_po":"left","themepark_post_img_re":false,"themepark_post_img_cover":false,"themepark_post_img_fixed":false,"themepark_post_hide_title":false,"themepark_post_main_b":"","themepark_post_main_p":100,"themepark_paddingblock":false},"product_cat":[40,57],"product_tag":[],"class_list":{"0":"post-766","1":"product","2":"type-product","3":"status-publish","4":"has-post-thumbnail","6":"product_cat-industrial-4g-routers","7":"product_cat-cellular-routers","9":"first","10":"instock","11":"downloadable","12":"shipping-taxable","13":"product-type-simple"},"yoast_head":"<!-- This site is optimized with the Yoast SEO plugin v23.7 - https:\/\/yoast.com\/wordpress\/plugins\/seo\/ -->\n<title>SR500 4G Router\uff082 LAN\uff09 - KEY-IOT<\/title>\n<meta name=\"robots\" content=\"index, follow, max-snippet:-1, max-image-preview:large, max-video-preview:-1\" \/>\n<link rel=\"canonical\" href=\"https:\/\/www.key-iot.com\/fr\/produit\/industrial-4g-router-sr500\/\" \/>\n<meta property=\"og:locale\" content=\"fr_FR\" \/>\n<meta property=\"og:type\" content=\"article\" \/>\n<meta property=\"og:title\" content=\"SR500 4G Router\uff082 LAN\uff09 - KEY-IOT\" \/>\n<meta property=\"og:description\" content=\"&nbsp;  &nbsp; Product Description Download   &nbsp;  &nbsp;  &nbsp;\" \/>\n<meta property=\"og:url\" content=\"https:\/\/www.key-iot.com\/fr\/produit\/industrial-4g-router-sr500\/\" \/>\n<meta property=\"og:site_name\" content=\"KEY-IOT\" \/>\n<meta property=\"article:modified_time\" content=\"2025-06-16T00:55:40+00:00\" \/>\n<meta property=\"og:image\" content=\"https:\/\/www.key-iot.com\/wp-content\/uploads\/2024\/08\/\u672a\u6807\u9898-1-1.jpg\" \/>\n\t<meta property=\"og:image:width\" content=\"414\" \/>\n\t<meta property=\"og:image:height\" content=\"414\" \/>\n\t<meta property=\"og:image:type\" content=\"image\/jpeg\" \/>\n<meta name=\"twitter:card\" content=\"summary_large_image\" \/>\n<meta name=\"twitter:label1\" content=\"Dur\u00e9e de lecture estim\u00e9e\" \/>\n\t<meta name=\"twitter:data1\" content=\"2 minutes\" \/>\n<script type=\"application\/ld+json\" class=\"yoast-schema-graph\">{\"@context\":\"https:\/\/schema.org\",\"@graph\":[{\"@type\":\"WebPage\",\"@id\":\"https:\/\/www.key-iot.com\/product\/industrial-4g-router-sr500\/\",\"url\":\"https:\/\/www.key-iot.com\/product\/industrial-4g-router-sr500\/\",\"name\":\"SR500 4G Router\uff082 LAN\uff09 - KEY-IOT\",\"isPartOf\":{\"@id\":\"https:\/\/www.key-iot.com\/#website\"},\"primaryImageOfPage\":{\"@id\":\"https:\/\/www.key-iot.com\/product\/industrial-4g-router-sr500\/#primaryimage\"},\"image\":{\"@id\":\"https:\/\/www.key-iot.com\/product\/industrial-4g-router-sr500\/#primaryimage\"},\"thumbnailUrl\":\"https:\/\/www.key-iot.com\/wp-content\/uploads\/2024\/08\/\u672a\u6807\u9898-1-1.jpg\",\"datePublished\":\"2024-08-30T02:54:18+00:00\",\"dateModified\":\"2025-06-16T00:55:40+00:00\",\"breadcrumb\":{\"@id\":\"https:\/\/www.key-iot.com\/product\/industrial-4g-router-sr500\/#breadcrumb\"},\"inLanguage\":\"fr-FR\",\"potentialAction\":[{\"@type\":\"ReadAction\",\"target\":[\"https:\/\/www.key-iot.com\/product\/industrial-4g-router-sr500\/\"]}]},{\"@type\":\"ImageObject\",\"inLanguage\":\"fr-FR\",\"@id\":\"https:\/\/www.key-iot.com\/product\/industrial-4g-router-sr500\/#primaryimage\",\"url\":\"https:\/\/www.key-iot.com\/wp-content\/uploads\/2024\/08\/\u672a\u6807\u9898-1-1.jpg\",\"contentUrl\":\"https:\/\/www.key-iot.com\/wp-content\/uploads\/2024\/08\/\u672a\u6807\u9898-1-1.jpg\",\"width\":414,\"height\":414,\"caption\":\"SR500 industrial 4G router\"},{\"@type\":\"BreadcrumbList\",\"@id\":\"https:\/\/www.key-iot.com\/product\/industrial-4g-router-sr500\/#breadcrumb\",\"itemListElement\":[{\"@type\":\"ListItem\",\"position\":1,\"name\":\"Home\",\"item\":\"https:\/\/www.key-iot.com\/\"},{\"@type\":\"ListItem\",\"position\":2,\"name\":\"shop\",\"item\":\"https:\/\/www.key-iot.com\/shop\/\"},{\"@type\":\"ListItem\",\"position\":3,\"name\":\"SR500 4G Router\uff082 LAN\uff09\"}]},{\"@type\":\"WebSite\",\"@id\":\"https:\/\/www.key-iot.com\/#website\",\"url\":\"https:\/\/www.key-iot.com\/\",\"name\":\"KEY-IOT\",\"description\":\"Industrial Cellular Routers\/ IoT Gateway\",\"potentialAction\":[{\"@type\":\"SearchAction\",\"target\":{\"@type\":\"EntryPoint\",\"urlTemplate\":\"https:\/\/www.key-iot.com\/?s={search_term_string}\"},\"query-input\":{\"@type\":\"PropertyValueSpecification\",\"valueRequired\":true,\"valueName\":\"search_term_string\"}}],\"inLanguage\":\"fr-FR\"}]}<\/script>\n<!-- \/ Yoast SEO plugin. -->","yoast_head_json":{"title":"SR500 Routeur 4G\uff082 LAN\uff09 - KEY-IOT","robots":{"index":"index","follow":"follow","max-snippet":"max-snippet:-1","max-image-preview":"max-image-preview:large","max-video-preview":"max-video-preview:-1"},"canonical":"https:\/\/www.key-iot.com\/fr\/produit\/industrial-4g-router-sr500\/","og_locale":"fr_FR","og_type":"article","og_title":"SR500 4G Router\uff082 LAN\uff09 - KEY-IOT","og_description":"&nbsp;  &nbsp; Product Description Download   &nbsp;  &nbsp;  &nbsp;","og_url":"https:\/\/www.key-iot.com\/fr\/produit\/industrial-4g-router-sr500\/","og_site_name":"KEY-IOT","article_modified_time":"2025-06-16T00:55:40+00:00","og_image":[{"width":414,"height":414,"url":"https:\/\/www.key-iot.com\/wp-content\/uploads\/2024\/08\/\u672a\u6807\u9898-1-1.jpg","type":"image\/jpeg"}],"twitter_card":"summary_large_image","twitter_misc":{"Dur\u00e9e de lecture estim\u00e9e":"2 minutes"},"schema":{"@context":"https:\/\/schema.org","@graph":[{"@type":"WebPage","@id":"https:\/\/www.key-iot.com\/product\/industrial-4g-router-sr500\/","url":"https:\/\/www.key-iot.com\/product\/industrial-4g-router-sr500\/","name":"SR500 Routeur 4G\uff082 LAN\uff09 - KEY-IOT","isPartOf":{"@id":"https:\/\/www.key-iot.com\/#website"},"primaryImageOfPage":{"@id":"https:\/\/www.key-iot.com\/product\/industrial-4g-router-sr500\/#primaryimage"},"image":{"@id":"https:\/\/www.key-iot.com\/product\/industrial-4g-router-sr500\/#primaryimage"},"thumbnailUrl":"https:\/\/www.key-iot.com\/wp-content\/uploads\/2024\/08\/\u672a\u6807\u9898-1-1.jpg","datePublished":"2024-08-30T02:54:18+00:00","dateModified":"2025-06-16T00:55:40+00:00","breadcrumb":{"@id":"https:\/\/www.key-iot.com\/product\/industrial-4g-router-sr500\/#breadcrumb"},"inLanguage":"fr-FR","potentialAction":[{"@type":"ReadAction","target":["https:\/\/www.key-iot.com\/product\/industrial-4g-router-sr500\/"]}]},{"@type":"ImageObject","inLanguage":"fr-FR","@id":"https:\/\/www.key-iot.com\/product\/industrial-4g-router-sr500\/#primaryimage","url":"https:\/\/www.key-iot.com\/wp-content\/uploads\/2024\/08\/\u672a\u6807\u9898-1-1.jpg","contentUrl":"https:\/\/www.key-iot.com\/wp-content\/uploads\/2024\/08\/\u672a\u6807\u9898-1-1.jpg","width":414,"height":414,"caption":"SR500 industrial 4G router"},{"@type":"BreadcrumbList","@id":"https:\/\/www.key-iot.com\/product\/industrial-4g-router-sr500\/#breadcrumb","itemListElement":[{"@type":"ListItem","position":1,"name":"Home","item":"https:\/\/www.key-iot.com\/"},{"@type":"ListItem","position":2,"name":"shop","item":"https:\/\/www.key-iot.com\/shop\/"},{"@type":"ListItem","position":3,"name":"SR500 4G Router\uff082 LAN\uff09"}]},{"@type":"WebSite","@id":"https:\/\/www.key-iot.com\/#website","url":"https:\/\/www.key-iot.com\/","name":"KEY-IOT","description":"Routeurs cellulaires industriels\/ Passerelle IoT","potentialAction":[{"@type":"SearchAction","target":{"@type":"EntryPoint","urlTemplate":"https:\/\/www.key-iot.com\/?s={search_term_string}"},"query-input":{"@type":"PropertyValueSpecification","valueRequired":true,"valueName":"search_term_string"}}],"inLanguage":"fr-FR"}]}},"_links":{"self":[{"href":"https:\/\/www.key-iot.com\/fr\/wp-json\/wp\/v2\/product\/766","targetHints":{"allow":["GET"]}}],"collection":[{"href":"https:\/\/www.key-iot.com\/fr\/wp-json\/wp\/v2\/product"}],"about":[{"href":"https:\/\/www.key-iot.com\/fr\/wp-json\/wp\/v2\/types\/product"}],"replies":[{"embeddable":true,"href":"https:\/\/www.key-iot.com\/fr\/wp-json\/wp\/v2\/comments?post=766"}],"wp:featuredmedia":[{"embeddable":true,"href":"https:\/\/www.key-iot.com\/fr\/wp-json\/wp\/v2\/media\/1383"}],"wp:attachment":[{"href":"https:\/\/www.key-iot.com\/fr\/wp-json\/wp\/v2\/media?parent=766"}],"wp:term":[{"taxonomy":"product_cat","embeddable":true,"href":"https:\/\/www.key-iot.com\/fr\/wp-json\/wp\/v2\/product_cat?post=766"},{"taxonomy":"product_tag","embeddable":true,"href":"https:\/\/www.key-iot.com\/fr\/wp-json\/wp\/v2\/product_tag?post=766"}],"curies":[{"name":"wp","href":"https:\/\/api.w.org\/{rel}","templated":true}]}}