{"id":5715,"date":"2025-11-28T14:12:24","date_gmt":"2025-11-28T06:12:24","guid":{"rendered":"https:\/\/www.key-iot.com\/?post_type=product&#038;p=5715"},"modified":"2025-11-28T14:48:57","modified_gmt":"2025-11-28T06:48:57","slug":"sv910n-automotive-ethernet-switch","status":"publish","type":"product","link":"https:\/\/www.key-iot.com\/fr\/produit\/sv910n-automotive-ethernet-switch\/","title":{"rendered":"SV910N Commutateur Ethernet automobile"},"content":{"rendered":"<h2>Aper\u00e7u du produit<\/h2>\n<p>Le SV910N est une passerelle Ethernet embarqu\u00e9e tr\u00e8s performante, dot\u00e9e d'un large \u00e9ventail d'interfaces. Elle dispose de 6 interfaces Ethernet embarqu\u00e9es, de 2 interfaces Ethernet industrielles M12, de 2 canaux CAN (extensibles \u00e0 3), de 2 canaux DI (Digital Input) et de 2 canaux DO (Digital Output). Il prend en charge le protocole PTP, avec en option le mode basse consommation et la fonctionnalit\u00e9 V2X.<\/p>\n<p>Gr\u00e2ce \u00e0 ses nombreuses options de connectivit\u00e9, le SV910N permet l'int\u00e9gration de divers dispositifs mont\u00e9s sur le v\u00e9hicule et facilite la surveillance \u00e0 distance de l'\u00e9tat du v\u00e9hicule, am\u00e9liorant ainsi l'efficacit\u00e9 de l'exploitation et de la gestion.<\/p>\n<h2>Caract\u00e9ristiques du produit<\/h2>\n<p><img decoding=\"async\" src=\"file:\/\/\/C:\/Users\/53266\/AppData\/Local\/Temp\/ksohtml9148\/wps2.png\" width=\"8\" height=\"8\" \/>Prend en charge trois ports 1000\/100 BASE-T1, trois ports 100 BASE-T1 et deux ports 1000\/100 BASE-TX.<\/p>\n<p><img decoding=\"async\" src=\"file:\/\/\/C:\/Users\/53266\/AppData\/Local\/Temp\/ksohtml9148\/wps3.png\" width=\"8\" height=\"8\" \/>Prend en charge deux canaux DO (sorties de relais) et deux canaux DI (une entr\u00e9e \u00e0 contact sec et une entr\u00e9e \u00e0 contact humide).<\/p>\n<p><img decoding=\"async\" src=\"file:\/\/\/C:\/Users\/53266\/AppData\/Local\/Temp\/ksohtml9148\/wps4.png\" width=\"8\" height=\"8\" \/>Prise en charge de la surveillance de la tension d'entr\u00e9e avec fonctions de rapport et d'alarme<\/p>\n<p><img decoding=\"async\" src=\"file:\/\/\/C:\/Users\/53266\/AppData\/Local\/Temp\/ksohtml9148\/wps5.png\" width=\"8\" height=\"8\" \/>Prend en charge le protocole PTP<\/p>","protected":false},"excerpt":{"rendered":"<h3>[tp_attributes num_attributes=\"6\"]<\/h3>\n<h3>Product Description Download<\/h3>\n[showpdf url=\"https:\/\/www.key-iot.com\/wp-content\/uploads\/2025\/11\/Technical-Specifications-for-SV910N-\u2013-Automotive-Ethernet-Switch-v1.0.pdf\" name=\"Technical Specifications for SV910N \u2013 Automotive Ethernet Switch v1.0\" collapse=\"false\" ]\n<p>&nbsp;<\/p>\n<p>&nbsp;<\/p>\n","protected":false},"featured_media":5716,"comment_status":"closed","ping_status":"closed","template":"","meta":{"themepark_post_bcolor":"#f5f5f5","themepark_post_width":"1022px","themepark_post_img":"","themepark_post_img_po":"left","themepark_post_img_re":false,"themepark_post_img_cover":false,"themepark_post_img_fixed":false,"themepark_post_hide_title":false,"themepark_post_main_b":"","themepark_post_main_p":100,"themepark_paddingblock":false},"product_cat":[82],"product_tag":[],"class_list":{"0":"post-5715","1":"product","2":"type-product","3":"status-publish","4":"has-post-thumbnail","6":"product_cat-vehicle-gateway","8":"first","9":"instock","10":"shipping-taxable","11":"product-type-simple"},"yoast_head":"<!-- This site is optimized with the Yoast SEO plugin v23.7 - https:\/\/yoast.com\/wordpress\/plugins\/seo\/ -->\n<title>SV910N Automotive Ethernet Switch - KEY-IOT<\/title>\n<meta name=\"robots\" content=\"index, follow, max-snippet:-1, max-image-preview:large, max-video-preview:-1\" \/>\n<link rel=\"canonical\" href=\"https:\/\/www.key-iot.com\/fr\/produit\/sv910n-automotive-ethernet-switch\/\" \/>\n<meta property=\"og:locale\" content=\"fr_FR\" \/>\n<meta property=\"og:type\" content=\"article\" \/>\n<meta property=\"og:title\" content=\"SV910N Automotive Ethernet Switch - KEY-IOT\" \/>\n<meta property=\"og:description\" content=\"Product Description Download   &nbsp;  &nbsp;\" \/>\n<meta property=\"og:url\" content=\"https:\/\/www.key-iot.com\/fr\/produit\/sv910n-automotive-ethernet-switch\/\" \/>\n<meta property=\"og:site_name\" content=\"KEY-IOT\" \/>\n<meta property=\"article:modified_time\" content=\"2025-11-28T06:48:57+00:00\" \/>\n<meta property=\"og:image\" content=\"https:\/\/www.key-iot.com\/wp-content\/uploads\/2025\/11\/1.jpg\" \/>\n\t<meta property=\"og:image:width\" content=\"800\" \/>\n\t<meta property=\"og:image:height\" content=\"800\" \/>\n\t<meta property=\"og:image:type\" content=\"image\/jpeg\" \/>\n<meta name=\"twitter:card\" content=\"summary_large_image\" \/>\n<meta name=\"twitter:label1\" content=\"Dur\u00e9e de lecture estim\u00e9e\" \/>\n\t<meta name=\"twitter:data1\" content=\"2 minutes\" \/>\n<script type=\"application\/ld+json\" class=\"yoast-schema-graph\">{\"@context\":\"https:\/\/schema.org\",\"@graph\":[{\"@type\":\"WebPage\",\"@id\":\"https:\/\/www.key-iot.com\/product\/sv910n-automotive-ethernet-switch\/\",\"url\":\"https:\/\/www.key-iot.com\/product\/sv910n-automotive-ethernet-switch\/\",\"name\":\"SV910N Automotive Ethernet Switch - KEY-IOT\",\"isPartOf\":{\"@id\":\"https:\/\/www.key-iot.com\/#website\"},\"primaryImageOfPage\":{\"@id\":\"https:\/\/www.key-iot.com\/product\/sv910n-automotive-ethernet-switch\/#primaryimage\"},\"image\":{\"@id\":\"https:\/\/www.key-iot.com\/product\/sv910n-automotive-ethernet-switch\/#primaryimage\"},\"thumbnailUrl\":\"https:\/\/www.key-iot.com\/wp-content\/uploads\/2025\/11\/1.jpg\",\"datePublished\":\"2025-11-28T06:12:24+00:00\",\"dateModified\":\"2025-11-28T06:48:57+00:00\",\"breadcrumb\":{\"@id\":\"https:\/\/www.key-iot.com\/product\/sv910n-automotive-ethernet-switch\/#breadcrumb\"},\"inLanguage\":\"fr-FR\",\"potentialAction\":[{\"@type\":\"ReadAction\",\"target\":[\"https:\/\/www.key-iot.com\/product\/sv910n-automotive-ethernet-switch\/\"]}]},{\"@type\":\"ImageObject\",\"inLanguage\":\"fr-FR\",\"@id\":\"https:\/\/www.key-iot.com\/product\/sv910n-automotive-ethernet-switch\/#primaryimage\",\"url\":\"https:\/\/www.key-iot.com\/wp-content\/uploads\/2025\/11\/1.jpg\",\"contentUrl\":\"https:\/\/www.key-iot.com\/wp-content\/uploads\/2025\/11\/1.jpg\",\"width\":800,\"height\":800},{\"@type\":\"BreadcrumbList\",\"@id\":\"https:\/\/www.key-iot.com\/product\/sv910n-automotive-ethernet-switch\/#breadcrumb\",\"itemListElement\":[{\"@type\":\"ListItem\",\"position\":1,\"name\":\"Home\",\"item\":\"https:\/\/www.key-iot.com\/\"},{\"@type\":\"ListItem\",\"position\":2,\"name\":\"shop\",\"item\":\"https:\/\/www.key-iot.com\/shop\/\"},{\"@type\":\"ListItem\",\"position\":3,\"name\":\"SV910N Automotive Ethernet Switch\"}]},{\"@type\":\"WebSite\",\"@id\":\"https:\/\/www.key-iot.com\/#website\",\"url\":\"https:\/\/www.key-iot.com\/\",\"name\":\"KEY-IOT\",\"description\":\"Industrial Cellular Routers\/ IoT Gateway\",\"potentialAction\":[{\"@type\":\"SearchAction\",\"target\":{\"@type\":\"EntryPoint\",\"urlTemplate\":\"https:\/\/www.key-iot.com\/?s={search_term_string}\"},\"query-input\":{\"@type\":\"PropertyValueSpecification\",\"valueRequired\":true,\"valueName\":\"search_term_string\"}}],\"inLanguage\":\"fr-FR\"}]}<\/script>\n<!-- \/ Yoast SEO plugin. -->","yoast_head_json":{"title":"Commutateur Ethernet automobile SV910N - KEY-IOT","robots":{"index":"index","follow":"follow","max-snippet":"max-snippet:-1","max-image-preview":"max-image-preview:large","max-video-preview":"max-video-preview:-1"},"canonical":"https:\/\/www.key-iot.com\/fr\/produit\/sv910n-automotive-ethernet-switch\/","og_locale":"fr_FR","og_type":"article","og_title":"SV910N Automotive Ethernet Switch - KEY-IOT","og_description":"Product Description Download   &nbsp;  &nbsp;","og_url":"https:\/\/www.key-iot.com\/fr\/produit\/sv910n-automotive-ethernet-switch\/","og_site_name":"KEY-IOT","article_modified_time":"2025-11-28T06:48:57+00:00","og_image":[{"width":800,"height":800,"url":"https:\/\/www.key-iot.com\/wp-content\/uploads\/2025\/11\/1.jpg","type":"image\/jpeg"}],"twitter_card":"summary_large_image","twitter_misc":{"Dur\u00e9e de lecture estim\u00e9e":"2 minutes"},"schema":{"@context":"https:\/\/schema.org","@graph":[{"@type":"WebPage","@id":"https:\/\/www.key-iot.com\/product\/sv910n-automotive-ethernet-switch\/","url":"https:\/\/www.key-iot.com\/product\/sv910n-automotive-ethernet-switch\/","name":"Commutateur Ethernet automobile SV910N - KEY-IOT","isPartOf":{"@id":"https:\/\/www.key-iot.com\/#website"},"primaryImageOfPage":{"@id":"https:\/\/www.key-iot.com\/product\/sv910n-automotive-ethernet-switch\/#primaryimage"},"image":{"@id":"https:\/\/www.key-iot.com\/product\/sv910n-automotive-ethernet-switch\/#primaryimage"},"thumbnailUrl":"https:\/\/www.key-iot.com\/wp-content\/uploads\/2025\/11\/1.jpg","datePublished":"2025-11-28T06:12:24+00:00","dateModified":"2025-11-28T06:48:57+00:00","breadcrumb":{"@id":"https:\/\/www.key-iot.com\/product\/sv910n-automotive-ethernet-switch\/#breadcrumb"},"inLanguage":"fr-FR","potentialAction":[{"@type":"ReadAction","target":["https:\/\/www.key-iot.com\/product\/sv910n-automotive-ethernet-switch\/"]}]},{"@type":"ImageObject","inLanguage":"fr-FR","@id":"https:\/\/www.key-iot.com\/product\/sv910n-automotive-ethernet-switch\/#primaryimage","url":"https:\/\/www.key-iot.com\/wp-content\/uploads\/2025\/11\/1.jpg","contentUrl":"https:\/\/www.key-iot.com\/wp-content\/uploads\/2025\/11\/1.jpg","width":800,"height":800},{"@type":"BreadcrumbList","@id":"https:\/\/www.key-iot.com\/product\/sv910n-automotive-ethernet-switch\/#breadcrumb","itemListElement":[{"@type":"ListItem","position":1,"name":"Home","item":"https:\/\/www.key-iot.com\/"},{"@type":"ListItem","position":2,"name":"shop","item":"https:\/\/www.key-iot.com\/shop\/"},{"@type":"ListItem","position":3,"name":"SV910N Automotive Ethernet Switch"}]},{"@type":"WebSite","@id":"https:\/\/www.key-iot.com\/#website","url":"https:\/\/www.key-iot.com\/","name":"KEY-IOT","description":"Routeurs cellulaires industriels\/ Passerelle IoT","potentialAction":[{"@type":"SearchAction","target":{"@type":"EntryPoint","urlTemplate":"https:\/\/www.key-iot.com\/?s={search_term_string}"},"query-input":{"@type":"PropertyValueSpecification","valueRequired":true,"valueName":"search_term_string"}}],"inLanguage":"fr-FR"}]}},"_links":{"self":[{"href":"https:\/\/www.key-iot.com\/fr\/wp-json\/wp\/v2\/product\/5715","targetHints":{"allow":["GET"]}}],"collection":[{"href":"https:\/\/www.key-iot.com\/fr\/wp-json\/wp\/v2\/product"}],"about":[{"href":"https:\/\/www.key-iot.com\/fr\/wp-json\/wp\/v2\/types\/product"}],"replies":[{"embeddable":true,"href":"https:\/\/www.key-iot.com\/fr\/wp-json\/wp\/v2\/comments?post=5715"}],"wp:featuredmedia":[{"embeddable":true,"href":"https:\/\/www.key-iot.com\/fr\/wp-json\/wp\/v2\/media\/5716"}],"wp:attachment":[{"href":"https:\/\/www.key-iot.com\/fr\/wp-json\/wp\/v2\/media?parent=5715"}],"wp:term":[{"taxonomy":"product_cat","embeddable":true,"href":"https:\/\/www.key-iot.com\/fr\/wp-json\/wp\/v2\/product_cat?post=5715"},{"taxonomy":"product_tag","embeddable":true,"href":"https:\/\/www.key-iot.com\/fr\/wp-json\/wp\/v2\/product_tag?post=5715"}],"curies":[{"name":"wp","href":"https:\/\/api.w.org\/{rel}","templated":true}]}}