{"id":5280,"date":"2025-07-11T10:38:47","date_gmt":"2025-07-11T02:38:47","guid":{"rendered":"https:\/\/www.key-iot.com\/?post_type=product&#038;p=5280"},"modified":"2025-10-23T17:34:56","modified_gmt":"2025-10-23T09:34:56","slug":"sv910-5g-vehicle-gateway","status":"publish","type":"product","link":"https:\/\/www.key-iot.com\/fr\/produit\/sv910-5g-vehicle-gateway\/","title":{"rendered":"Passerelle pour v\u00e9hicules SV910 5G"},"content":{"rendered":"<h2><strong>Caract\u00e9ristiques du produit<\/strong><\/h2>\n<p>Prend en charge les configurations bimodes avec des modules 5G ou 5G+4G\/Redcap en option.<\/p>\n<p>Prend en charge trois ports 1000\/100 BASE-T1, trois ports 100 BASE-T1 et deux ports 1000\/100 BASE-TX.<\/p>\n<p>Prise en charge des cartes SIM\/eSIM<\/p>\n<p>Prend en charge deux canaux DO (sorties de relais) et deux canaux DI (une entr\u00e9e \u00e0 contact sec et une entr\u00e9e \u00e0 contact humide).<\/p>\n<p>Prise en charge de la surveillance de la tension d'entr\u00e9e avec fonctions de rapport et d'alarme<\/p>\n<p>Prise en charge du mode basse consommation, avec r\u00e9veil local et \u00e0 distance (en option)<\/p>\n<p>Supporte V2X\uff08Optionnel\uff09<\/p>\n<p>Prise en charge de la technologie TSN (Time-Sensitive Networking) et du protocole IEEE 802.1AS (gPTP), avec une pr\u00e9cision de synchronisation de l'ordre de la nanoseconde.<\/p>\n<p>Prise en charge du protocole PTP (Precision Time Protocol) IEEE 1588v2 bas\u00e9 sur le mat\u00e9riel, avec une pr\u00e9cision de synchronisation de l'ordre de la nanoseconde.<\/p>\n<h2><strong>Topologie des produits<\/strong><\/h2>\n<p><img decoding=\"async\" class=\"alignnone size-large wp-image-5290\" src=\"https:\/\/www.key-iot.com\/wp-content\/uploads\/2025\/07\/11111-1024x552.jpg\" alt=\"\" width=\"1024\" height=\"552\" srcset=\"https:\/\/www.key-iot.com\/wp-content\/uploads\/2025\/07\/11111-1024x552.jpg 1024w, https:\/\/www.key-iot.com\/wp-content\/uploads\/2025\/07\/11111-300x162.jpg 300w, https:\/\/www.key-iot.com\/wp-content\/uploads\/2025\/07\/11111-768x414.jpg 768w, https:\/\/www.key-iot.com\/wp-content\/uploads\/2025\/07\/11111-1536x828.jpg 1536w, https:\/\/www.key-iot.com\/wp-content\/uploads\/2025\/07\/11111-18x10.jpg 18w, https:\/\/www.key-iot.com\/wp-content\/uploads\/2025\/07\/11111-600x323.jpg 600w, https:\/\/www.key-iot.com\/wp-content\/uploads\/2025\/07\/11111.jpg 1804w\" sizes=\"(max-width: 1024px) 100vw, 1024px\" \/><\/p>","protected":false},"excerpt":{"rendered":"<h3>[tp_attributes num_attributes=\"6\"]<\/h3>\n<h3>Product Description Download<\/h3>\n[showpdf url=\"https:\/\/www.key-iot.com\/wp-content\/uploads\/2025\/07\/Technical-Specifications-for-SV910-%E2%80%93-5G-Vehicle-Gateway-V1.3.pdf\" name=\"Technical Specifications for SV910 \u2013 5G Vehicle Gateway V1.3\" collapse=\"false\" ]\n<p>&nbsp;<\/p>\n<p>&nbsp;<\/p>\n","protected":false},"featured_media":5281,"comment_status":"open","ping_status":"closed","template":"","meta":{"themepark_post_bcolor":"#f5f5f5","themepark_post_width":"1022px","themepark_post_img":"","themepark_post_img_po":"left","themepark_post_img_re":false,"themepark_post_img_cover":false,"themepark_post_img_fixed":false,"themepark_post_hide_title":false,"themepark_post_main_b":"","themepark_post_main_p":100,"themepark_paddingblock":false},"product_cat":[82],"product_tag":[],"class_list":{"0":"post-5280","1":"product","2":"type-product","3":"status-publish","4":"has-post-thumbnail","6":"product_cat-vehicle-gateway","8":"first","9":"instock","10":"shipping-taxable","11":"product-type-simple"},"yoast_head":"<!-- This site is optimized with the Yoast SEO plugin v23.7 - https:\/\/yoast.com\/wordpress\/plugins\/seo\/ -->\n<title>SV910 5G Vehicle Gateway - KEY-IOT<\/title>\n<meta name=\"description\" content=\"SV910 is a high-performance dual 5G vehicle Ethernet gateway featuring rich interfaces. It is equipped with 6 vehicle Ethernet ports, 2 M12 standard Ethernet interfaces, 2 CAN interfaces (expandable to 3), 2 DI and 2 DO ports.\" \/>\n<meta name=\"robots\" content=\"index, follow, max-snippet:-1, max-image-preview:large, max-video-preview:-1\" \/>\n<link rel=\"canonical\" href=\"https:\/\/www.key-iot.com\/fr\/produit\/sv910-5g-vehicle-gateway\/\" \/>\n<meta property=\"og:locale\" content=\"fr_FR\" \/>\n<meta property=\"og:type\" content=\"article\" \/>\n<meta property=\"og:title\" content=\"SV910 5G Vehicle Gateway - KEY-IOT\" \/>\n<meta property=\"og:description\" content=\"SV910 is a high-performance dual 5G vehicle Ethernet gateway featuring rich interfaces. It is equipped with 6 vehicle Ethernet ports, 2 M12 standard Ethernet interfaces, 2 CAN interfaces (expandable to 3), 2 DI and 2 DO ports.\" \/>\n<meta property=\"og:url\" content=\"https:\/\/www.key-iot.com\/fr\/produit\/sv910-5g-vehicle-gateway\/\" \/>\n<meta property=\"og:site_name\" content=\"KEY-IOT\" \/>\n<meta property=\"article:modified_time\" content=\"2025-10-23T09:34:56+00:00\" \/>\n<meta property=\"og:image\" content=\"https:\/\/www.key-iot.com\/wp-content\/uploads\/2025\/07\/\u5fae\u4fe1\u56fe\u7247_20250711095257.jpg\" \/>\n\t<meta property=\"og:image:width\" content=\"414\" \/>\n\t<meta property=\"og:image:height\" content=\"414\" \/>\n\t<meta property=\"og:image:type\" content=\"image\/jpeg\" \/>\n<meta name=\"twitter:card\" content=\"summary_large_image\" \/>\n<meta name=\"twitter:label1\" content=\"Dur\u00e9e de lecture estim\u00e9e\" \/>\n\t<meta name=\"twitter:data1\" content=\"1 minute\" \/>\n<script type=\"application\/ld+json\" class=\"yoast-schema-graph\">{\"@context\":\"https:\/\/schema.org\",\"@graph\":[{\"@type\":\"WebPage\",\"@id\":\"https:\/\/www.key-iot.com\/product\/sv910-5g-vehicle-gateway\/\",\"url\":\"https:\/\/www.key-iot.com\/product\/sv910-5g-vehicle-gateway\/\",\"name\":\"SV910 5G Vehicle Gateway - KEY-IOT\",\"isPartOf\":{\"@id\":\"https:\/\/www.key-iot.com\/#website\"},\"primaryImageOfPage\":{\"@id\":\"https:\/\/www.key-iot.com\/product\/sv910-5g-vehicle-gateway\/#primaryimage\"},\"image\":{\"@id\":\"https:\/\/www.key-iot.com\/product\/sv910-5g-vehicle-gateway\/#primaryimage\"},\"thumbnailUrl\":\"https:\/\/www.key-iot.com\/wp-content\/uploads\/2025\/07\/\u5fae\u4fe1\u56fe\u7247_20250711095257.jpg\",\"datePublished\":\"2025-07-11T02:38:47+00:00\",\"dateModified\":\"2025-10-23T09:34:56+00:00\",\"description\":\"SV910 is a high-performance dual 5G vehicle Ethernet gateway featuring rich interfaces. It is equipped with 6 vehicle Ethernet ports, 2 M12 standard Ethernet interfaces, 2 CAN interfaces (expandable to 3), 2 DI and 2 DO ports.\",\"breadcrumb\":{\"@id\":\"https:\/\/www.key-iot.com\/product\/sv910-5g-vehicle-gateway\/#breadcrumb\"},\"inLanguage\":\"fr-FR\",\"potentialAction\":[{\"@type\":\"ReadAction\",\"target\":[\"https:\/\/www.key-iot.com\/product\/sv910-5g-vehicle-gateway\/\"]}]},{\"@type\":\"ImageObject\",\"inLanguage\":\"fr-FR\",\"@id\":\"https:\/\/www.key-iot.com\/product\/sv910-5g-vehicle-gateway\/#primaryimage\",\"url\":\"https:\/\/www.key-iot.com\/wp-content\/uploads\/2025\/07\/\u5fae\u4fe1\u56fe\u7247_20250711095257.jpg\",\"contentUrl\":\"https:\/\/www.key-iot.com\/wp-content\/uploads\/2025\/07\/\u5fae\u4fe1\u56fe\u7247_20250711095257.jpg\",\"width\":414,\"height\":414},{\"@type\":\"BreadcrumbList\",\"@id\":\"https:\/\/www.key-iot.com\/product\/sv910-5g-vehicle-gateway\/#breadcrumb\",\"itemListElement\":[{\"@type\":\"ListItem\",\"position\":1,\"name\":\"Home\",\"item\":\"https:\/\/www.key-iot.com\/\"},{\"@type\":\"ListItem\",\"position\":2,\"name\":\"shop\",\"item\":\"https:\/\/www.key-iot.com\/shop\/\"},{\"@type\":\"ListItem\",\"position\":3,\"name\":\"SV910 5G Vehicle Gateway\"}]},{\"@type\":\"WebSite\",\"@id\":\"https:\/\/www.key-iot.com\/#website\",\"url\":\"https:\/\/www.key-iot.com\/\",\"name\":\"KEY-IOT\",\"description\":\"Industrial Cellular Routers\/ IoT Gateway\",\"potentialAction\":[{\"@type\":\"SearchAction\",\"target\":{\"@type\":\"EntryPoint\",\"urlTemplate\":\"https:\/\/www.key-iot.com\/?s={search_term_string}\"},\"query-input\":{\"@type\":\"PropertyValueSpecification\",\"valueRequired\":true,\"valueName\":\"search_term_string\"}}],\"inLanguage\":\"fr-FR\"}]}<\/script>\n<!-- \/ Yoast SEO plugin. -->","yoast_head_json":{"title":"SV910 Passerelle pour v\u00e9hicules 5G - KEY-IOT","description":"Le SV910 est une passerelle Ethernet v\u00e9hicule 5G double haute performance dot\u00e9e de nombreuses interfaces. Elle est \u00e9quip\u00e9e de 6 ports Ethernet de v\u00e9hicule, de 2 interfaces Ethernet standard M12, de 2 interfaces CAN (extensibles \u00e0 3), de 2 ports DI et de 2 ports DO.","robots":{"index":"index","follow":"follow","max-snippet":"max-snippet:-1","max-image-preview":"max-image-preview:large","max-video-preview":"max-video-preview:-1"},"canonical":"https:\/\/www.key-iot.com\/fr\/produit\/sv910-5g-vehicle-gateway\/","og_locale":"fr_FR","og_type":"article","og_title":"SV910 5G Vehicle Gateway - KEY-IOT","og_description":"SV910 is a high-performance dual 5G vehicle Ethernet gateway featuring rich interfaces. It is equipped with 6 vehicle Ethernet ports, 2 M12 standard Ethernet interfaces, 2 CAN interfaces (expandable to 3), 2 DI and 2 DO ports.","og_url":"https:\/\/www.key-iot.com\/fr\/produit\/sv910-5g-vehicle-gateway\/","og_site_name":"KEY-IOT","article_modified_time":"2025-10-23T09:34:56+00:00","og_image":[{"width":414,"height":414,"url":"https:\/\/www.key-iot.com\/wp-content\/uploads\/2025\/07\/\u5fae\u4fe1\u56fe\u7247_20250711095257.jpg","type":"image\/jpeg"}],"twitter_card":"summary_large_image","twitter_misc":{"Dur\u00e9e de lecture estim\u00e9e":"1 minute"},"schema":{"@context":"https:\/\/schema.org","@graph":[{"@type":"WebPage","@id":"https:\/\/www.key-iot.com\/product\/sv910-5g-vehicle-gateway\/","url":"https:\/\/www.key-iot.com\/product\/sv910-5g-vehicle-gateway\/","name":"SV910 Passerelle pour v\u00e9hicules 5G - KEY-IOT","isPartOf":{"@id":"https:\/\/www.key-iot.com\/#website"},"primaryImageOfPage":{"@id":"https:\/\/www.key-iot.com\/product\/sv910-5g-vehicle-gateway\/#primaryimage"},"image":{"@id":"https:\/\/www.key-iot.com\/product\/sv910-5g-vehicle-gateway\/#primaryimage"},"thumbnailUrl":"https:\/\/www.key-iot.com\/wp-content\/uploads\/2025\/07\/\u5fae\u4fe1\u56fe\u7247_20250711095257.jpg","datePublished":"2025-07-11T02:38:47+00:00","dateModified":"2025-10-23T09:34:56+00:00","description":"Le SV910 est une passerelle Ethernet v\u00e9hicule 5G double haute performance dot\u00e9e de nombreuses interfaces. Elle est \u00e9quip\u00e9e de 6 ports Ethernet de v\u00e9hicule, de 2 interfaces Ethernet standard M12, de 2 interfaces CAN (extensibles \u00e0 3), de 2 ports DI et de 2 ports DO.","breadcrumb":{"@id":"https:\/\/www.key-iot.com\/product\/sv910-5g-vehicle-gateway\/#breadcrumb"},"inLanguage":"fr-FR","potentialAction":[{"@type":"ReadAction","target":["https:\/\/www.key-iot.com\/product\/sv910-5g-vehicle-gateway\/"]}]},{"@type":"ImageObject","inLanguage":"fr-FR","@id":"https:\/\/www.key-iot.com\/product\/sv910-5g-vehicle-gateway\/#primaryimage","url":"https:\/\/www.key-iot.com\/wp-content\/uploads\/2025\/07\/\u5fae\u4fe1\u56fe\u7247_20250711095257.jpg","contentUrl":"https:\/\/www.key-iot.com\/wp-content\/uploads\/2025\/07\/\u5fae\u4fe1\u56fe\u7247_20250711095257.jpg","width":414,"height":414},{"@type":"BreadcrumbList","@id":"https:\/\/www.key-iot.com\/product\/sv910-5g-vehicle-gateway\/#breadcrumb","itemListElement":[{"@type":"ListItem","position":1,"name":"Home","item":"https:\/\/www.key-iot.com\/"},{"@type":"ListItem","position":2,"name":"shop","item":"https:\/\/www.key-iot.com\/shop\/"},{"@type":"ListItem","position":3,"name":"SV910 5G Vehicle Gateway"}]},{"@type":"WebSite","@id":"https:\/\/www.key-iot.com\/#website","url":"https:\/\/www.key-iot.com\/","name":"KEY-IOT","description":"Routeurs cellulaires industriels\/ Passerelle IoT","potentialAction":[{"@type":"SearchAction","target":{"@type":"EntryPoint","urlTemplate":"https:\/\/www.key-iot.com\/?s={search_term_string}"},"query-input":{"@type":"PropertyValueSpecification","valueRequired":true,"valueName":"search_term_string"}}],"inLanguage":"fr-FR"}]}},"_links":{"self":[{"href":"https:\/\/www.key-iot.com\/fr\/wp-json\/wp\/v2\/product\/5280","targetHints":{"allow":["GET"]}}],"collection":[{"href":"https:\/\/www.key-iot.com\/fr\/wp-json\/wp\/v2\/product"}],"about":[{"href":"https:\/\/www.key-iot.com\/fr\/wp-json\/wp\/v2\/types\/product"}],"replies":[{"embeddable":true,"href":"https:\/\/www.key-iot.com\/fr\/wp-json\/wp\/v2\/comments?post=5280"}],"wp:featuredmedia":[{"embeddable":true,"href":"https:\/\/www.key-iot.com\/fr\/wp-json\/wp\/v2\/media\/5281"}],"wp:attachment":[{"href":"https:\/\/www.key-iot.com\/fr\/wp-json\/wp\/v2\/media?parent=5280"}],"wp:term":[{"taxonomy":"product_cat","embeddable":true,"href":"https:\/\/www.key-iot.com\/fr\/wp-json\/wp\/v2\/product_cat?post=5280"},{"taxonomy":"product_tag","embeddable":true,"href":"https:\/\/www.key-iot.com\/fr\/wp-json\/wp\/v2\/product_tag?post=5280"}],"curies":[{"name":"wp","href":"https:\/\/api.w.org\/{rel}","templated":true}]}}