{"id":3573,"date":"2025-04-30T03:48:01","date_gmt":"2025-04-30T07:48:01","guid":{"rendered":"https:\/\/www.key-iot.com\/?post_type=product&#038;p=3573"},"modified":"2025-06-16T09:02:19","modified_gmt":"2025-06-16T01:02:19","slug":"sr830-e-embedded-5g-router","status":"publish","type":"product","link":"https:\/\/www.key-iot.com\/fr\/produit\/sr830-e-embedded-5g-router\/","title":{"rendered":"Routeur 5G int\u00e9gr\u00e9 SR830-E"},"content":{"rendered":"<h2><\/h2>\n<h2><img decoding=\"async\" class=\"size-full wp-image-3575 aligncenter\" src=\"https:\/\/www.key-iot.com\/wp-content\/uploads\/2025\/04\/1716343715148491.png\" alt=\"\" width=\"600\" height=\"600\" srcset=\"https:\/\/www.key-iot.com\/wp-content\/uploads\/2025\/04\/1716343715148491.png 600w, https:\/\/www.key-iot.com\/wp-content\/uploads\/2025\/04\/1716343715148491-300x300.png 300w, https:\/\/www.key-iot.com\/wp-content\/uploads\/2025\/04\/1716343715148491-150x150.png 150w, https:\/\/www.key-iot.com\/wp-content\/uploads\/2025\/04\/1716343715148491-100x100.png 100w\" sizes=\"(max-width: 600px) 100vw, 600px\" \/><\/h2>\n<h2><\/h2>\n<h2>Aper\u00e7u du produit<\/h2>\n<p>StarRouter 830-E <a href=\"https:\/\/www.key-iot.com\/fr\/iotproduct\/industrial-5g-routers\/\"><strong>routeur industriel 5g\u00a0<\/strong><\/a> sont des routeurs sans fil IoT int\u00e9grant les r\u00e9seaux 4G\/5G et les technologies de r\u00e9seau priv\u00e9 virtuel (VPN). Dot\u00e9s d'une fonctionnalit\u00e9 de d\u00e9coupage de r\u00e9seau multi-DNN, ils r\u00e9pondent aux exigences diff\u00e9renci\u00e9es des applications industrielles en offrant des garanties SLA (Service Level Agreement) au niveau du r\u00e9seau et une isolation de s\u00e9curit\u00e9 de bout en bout (E2E). L'appareil prend en charge le VXLAN (Virtual Extensible LAN) pour permettre un r\u00e9seau de commutation de couche 2, offrant ainsi une solution efficace pour les centres de donn\u00e9es.<\/p>\n<h2>Caract\u00e9ristiques du produit<\/h2>\n<p>Prise en charge des r\u00e9seaux 5G NR\/RedCap<br \/>\nPrise en charge du verrouillage de la bande du module 5G et du verrouillage du mode r\u00e9seau<br \/>\nPrise en charge du GPS\/Beidou\uff08Optionnel\uff09<br \/>\nPrise en charge du r\u00e9seau local 5G (en option)<br \/>\nPrise en charge du mode pont, permettant l'attribution directe d'une adresse IP \u00e0 partir de l'acc\u00e8s commut\u00e9 5G aux appareils connect\u00e9s (en option)<br \/>\nPrise en charge du basculement entre les connexions c\u00e2bl\u00e9es et sans fil<br \/>\nPrise en charge des protocoles de routage dynamique (OSPF, RIP)<br \/>\nPrise en charge de l'acheminement bas\u00e9 sur des r\u00e8gles pour la r\u00e9partition du trafic<br \/>\nPrise en charge de l'interrogation et de l'\u00e9tablissement de rapports sur l'\u00e9tat de l'appareil<br \/>\nPrise en charge de la configuration des r\u00e9seaux locaux virtuels (VLAN), y compris des VLAN multiples avec des modes marqu\u00e9s et non marqu\u00e9s.<br \/>\nSoutien au syst\u00e8me Linux pour le d\u00e9veloppement secondaire, avec des lignes directrices globales en mati\u00e8re de d\u00e9veloppement<br \/>\nPrise en charge de SNMP et de StarCloud Platform (plate-forme de gestion des appareils)<br \/>\nPrise en charge de plusieurs protocoles VPN : PPTP, L2TP, IPsec, OpenVPN, GRE, GRETAP, VXLAN, etc.<\/p>","protected":false},"excerpt":{"rendered":"<h3>[tp_attributes num_attributes=\"6\"]<\/h3>\n<h3>Product Description Download<\/h3>\n[showpdf url=\"\/wp-content\/uploads\/2025\/04\/Technical-Specification-for-SR830-E-Embedded-5G-Router-V2.2.pdf\" name=\"Technical Specification for SR830-E Embedded 5G Router V2.2\" collapse=\"false\" ]\n<p>&nbsp;<\/p>\n<p>&nbsp;<\/p>\n","protected":false},"featured_media":3579,"comment_status":"open","ping_status":"closed","template":"","meta":{"themepark_post_bcolor":"#f5f5f5","themepark_post_width":"1022px","themepark_post_img":"","themepark_post_img_po":"left","themepark_post_img_re":false,"themepark_post_img_cover":false,"themepark_post_img_fixed":false,"themepark_post_hide_title":false,"themepark_post_main_b":"","themepark_post_main_p":100,"themepark_paddingblock":false},"product_cat":[41],"product_tag":[],"class_list":{"0":"post-3573","1":"product","2":"type-product","3":"status-publish","4":"has-post-thumbnail","6":"product_cat-industrial-5g-routers","8":"first","9":"instock","10":"shipping-taxable","11":"product-type-simple"},"yoast_head":"<!-- This site is optimized with the Yoast SEO plugin v23.7 - https:\/\/yoast.com\/wordpress\/plugins\/seo\/ -->\n<title>SR830-E Embedded 5G Router - KEY-IOT<\/title>\n<meta name=\"robots\" content=\"index, follow, max-snippet:-1, max-image-preview:large, max-video-preview:-1\" \/>\n<link rel=\"canonical\" href=\"https:\/\/www.key-iot.com\/fr\/produit\/sr830-e-embedded-5g-router\/\" \/>\n<meta property=\"og:locale\" content=\"fr_FR\" \/>\n<meta property=\"og:type\" content=\"article\" \/>\n<meta property=\"og:title\" content=\"SR830-E Embedded 5G Router - KEY-IOT\" \/>\n<meta property=\"og:description\" content=\"Product Description Download   &nbsp;  &nbsp;\" \/>\n<meta property=\"og:url\" content=\"https:\/\/www.key-iot.com\/fr\/produit\/sr830-e-embedded-5g-router\/\" \/>\n<meta property=\"og:site_name\" content=\"KEY-IOT\" \/>\n<meta property=\"article:modified_time\" content=\"2025-06-16T01:02:19+00:00\" \/>\n<meta property=\"og:image\" content=\"https:\/\/www.key-iot.com\/wp-content\/uploads\/2025\/04\/830E.jpg\" \/>\n\t<meta property=\"og:image:width\" content=\"414\" \/>\n\t<meta property=\"og:image:height\" content=\"414\" \/>\n\t<meta property=\"og:image:type\" content=\"image\/jpeg\" \/>\n<meta name=\"twitter:card\" content=\"summary_large_image\" \/>\n<meta name=\"twitter:label1\" content=\"Dur\u00e9e de lecture estim\u00e9e\" \/>\n\t<meta name=\"twitter:data1\" content=\"2 minutes\" \/>\n<script type=\"application\/ld+json\" class=\"yoast-schema-graph\">{\"@context\":\"https:\/\/schema.org\",\"@graph\":[{\"@type\":\"WebPage\",\"@id\":\"https:\/\/www.key-iot.com\/product\/sr830-e-embedded-5g-router\/\",\"url\":\"https:\/\/www.key-iot.com\/product\/sr830-e-embedded-5g-router\/\",\"name\":\"SR830-E Embedded 5G Router - KEY-IOT\",\"isPartOf\":{\"@id\":\"https:\/\/www.key-iot.com\/#website\"},\"primaryImageOfPage\":{\"@id\":\"https:\/\/www.key-iot.com\/product\/sr830-e-embedded-5g-router\/#primaryimage\"},\"image\":{\"@id\":\"https:\/\/www.key-iot.com\/product\/sr830-e-embedded-5g-router\/#primaryimage\"},\"thumbnailUrl\":\"https:\/\/www.key-iot.com\/wp-content\/uploads\/2025\/04\/830E.jpg\",\"datePublished\":\"2025-04-30T07:48:01+00:00\",\"dateModified\":\"2025-06-16T01:02:19+00:00\",\"breadcrumb\":{\"@id\":\"https:\/\/www.key-iot.com\/product\/sr830-e-embedded-5g-router\/#breadcrumb\"},\"inLanguage\":\"fr-FR\",\"potentialAction\":[{\"@type\":\"ReadAction\",\"target\":[\"https:\/\/www.key-iot.com\/product\/sr830-e-embedded-5g-router\/\"]}]},{\"@type\":\"ImageObject\",\"inLanguage\":\"fr-FR\",\"@id\":\"https:\/\/www.key-iot.com\/product\/sr830-e-embedded-5g-router\/#primaryimage\",\"url\":\"https:\/\/www.key-iot.com\/wp-content\/uploads\/2025\/04\/830E.jpg\",\"contentUrl\":\"https:\/\/www.key-iot.com\/wp-content\/uploads\/2025\/04\/830E.jpg\",\"width\":414,\"height\":414},{\"@type\":\"BreadcrumbList\",\"@id\":\"https:\/\/www.key-iot.com\/product\/sr830-e-embedded-5g-router\/#breadcrumb\",\"itemListElement\":[{\"@type\":\"ListItem\",\"position\":1,\"name\":\"Home\",\"item\":\"https:\/\/www.key-iot.com\/\"},{\"@type\":\"ListItem\",\"position\":2,\"name\":\"shop\",\"item\":\"https:\/\/www.key-iot.com\/shop\/\"},{\"@type\":\"ListItem\",\"position\":3,\"name\":\"SR830-E Embedded 5G Router\"}]},{\"@type\":\"WebSite\",\"@id\":\"https:\/\/www.key-iot.com\/#website\",\"url\":\"https:\/\/www.key-iot.com\/\",\"name\":\"KEY-IOT\",\"description\":\"Industrial Cellular Routers\/ IoT Gateway\",\"potentialAction\":[{\"@type\":\"SearchAction\",\"target\":{\"@type\":\"EntryPoint\",\"urlTemplate\":\"https:\/\/www.key-iot.com\/?s={search_term_string}\"},\"query-input\":{\"@type\":\"PropertyValueSpecification\",\"valueRequired\":true,\"valueName\":\"search_term_string\"}}],\"inLanguage\":\"fr-FR\"}]}<\/script>\n<!-- \/ Yoast SEO plugin. -->","yoast_head_json":{"title":"Routeur 5G embarqu\u00e9 SR830-E - KEY-IOT","robots":{"index":"index","follow":"follow","max-snippet":"max-snippet:-1","max-image-preview":"max-image-preview:large","max-video-preview":"max-video-preview:-1"},"canonical":"https:\/\/www.key-iot.com\/fr\/produit\/sr830-e-embedded-5g-router\/","og_locale":"fr_FR","og_type":"article","og_title":"SR830-E Embedded 5G Router - KEY-IOT","og_description":"Product Description Download   &nbsp;  &nbsp;","og_url":"https:\/\/www.key-iot.com\/fr\/produit\/sr830-e-embedded-5g-router\/","og_site_name":"KEY-IOT","article_modified_time":"2025-06-16T01:02:19+00:00","og_image":[{"width":414,"height":414,"url":"https:\/\/www.key-iot.com\/wp-content\/uploads\/2025\/04\/830E.jpg","type":"image\/jpeg"}],"twitter_card":"summary_large_image","twitter_misc":{"Dur\u00e9e de lecture estim\u00e9e":"2 minutes"},"schema":{"@context":"https:\/\/schema.org","@graph":[{"@type":"WebPage","@id":"https:\/\/www.key-iot.com\/product\/sr830-e-embedded-5g-router\/","url":"https:\/\/www.key-iot.com\/product\/sr830-e-embedded-5g-router\/","name":"Routeur 5G embarqu\u00e9 SR830-E - KEY-IOT","isPartOf":{"@id":"https:\/\/www.key-iot.com\/#website"},"primaryImageOfPage":{"@id":"https:\/\/www.key-iot.com\/product\/sr830-e-embedded-5g-router\/#primaryimage"},"image":{"@id":"https:\/\/www.key-iot.com\/product\/sr830-e-embedded-5g-router\/#primaryimage"},"thumbnailUrl":"https:\/\/www.key-iot.com\/wp-content\/uploads\/2025\/04\/830E.jpg","datePublished":"2025-04-30T07:48:01+00:00","dateModified":"2025-06-16T01:02:19+00:00","breadcrumb":{"@id":"https:\/\/www.key-iot.com\/product\/sr830-e-embedded-5g-router\/#breadcrumb"},"inLanguage":"fr-FR","potentialAction":[{"@type":"ReadAction","target":["https:\/\/www.key-iot.com\/product\/sr830-e-embedded-5g-router\/"]}]},{"@type":"ImageObject","inLanguage":"fr-FR","@id":"https:\/\/www.key-iot.com\/product\/sr830-e-embedded-5g-router\/#primaryimage","url":"https:\/\/www.key-iot.com\/wp-content\/uploads\/2025\/04\/830E.jpg","contentUrl":"https:\/\/www.key-iot.com\/wp-content\/uploads\/2025\/04\/830E.jpg","width":414,"height":414},{"@type":"BreadcrumbList","@id":"https:\/\/www.key-iot.com\/product\/sr830-e-embedded-5g-router\/#breadcrumb","itemListElement":[{"@type":"ListItem","position":1,"name":"Home","item":"https:\/\/www.key-iot.com\/"},{"@type":"ListItem","position":2,"name":"shop","item":"https:\/\/www.key-iot.com\/shop\/"},{"@type":"ListItem","position":3,"name":"SR830-E Embedded 5G Router"}]},{"@type":"WebSite","@id":"https:\/\/www.key-iot.com\/#website","url":"https:\/\/www.key-iot.com\/","name":"KEY-IOT","description":"Routeurs cellulaires industriels\/ Passerelle IoT","potentialAction":[{"@type":"SearchAction","target":{"@type":"EntryPoint","urlTemplate":"https:\/\/www.key-iot.com\/?s={search_term_string}"},"query-input":{"@type":"PropertyValueSpecification","valueRequired":true,"valueName":"search_term_string"}}],"inLanguage":"fr-FR"}]}},"_links":{"self":[{"href":"https:\/\/www.key-iot.com\/fr\/wp-json\/wp\/v2\/product\/3573","targetHints":{"allow":["GET"]}}],"collection":[{"href":"https:\/\/www.key-iot.com\/fr\/wp-json\/wp\/v2\/product"}],"about":[{"href":"https:\/\/www.key-iot.com\/fr\/wp-json\/wp\/v2\/types\/product"}],"replies":[{"embeddable":true,"href":"https:\/\/www.key-iot.com\/fr\/wp-json\/wp\/v2\/comments?post=3573"}],"wp:featuredmedia":[{"embeddable":true,"href":"https:\/\/www.key-iot.com\/fr\/wp-json\/wp\/v2\/media\/3579"}],"wp:attachment":[{"href":"https:\/\/www.key-iot.com\/fr\/wp-json\/wp\/v2\/media?parent=3573"}],"wp:term":[{"taxonomy":"product_cat","embeddable":true,"href":"https:\/\/www.key-iot.com\/fr\/wp-json\/wp\/v2\/product_cat?post=3573"},{"taxonomy":"product_tag","embeddable":true,"href":"https:\/\/www.key-iot.com\/fr\/wp-json\/wp\/v2\/product_tag?post=3573"}],"curies":[{"name":"wp","href":"https:\/\/api.w.org\/{rel}","templated":true}]}}