{"id":1136,"date":"2024-09-04T17:10:42","date_gmt":"2024-09-04T09:10:42","guid":{"rendered":"https:\/\/www.key-iot.com\/?post_type=product&#038;p=1136"},"modified":"2024-09-11T15:47:20","modified_gmt":"2024-09-11T07:47:20","slug":"sw005f-5-port-100mbps-industrial-switch","status":"publish","type":"product","link":"https:\/\/www.key-iot.com\/fr\/produit\/sw005f-5-port-100mbps-industrial-switch\/","title":{"rendered":"SW005F Commutateur \u00e0 5 ports"},"content":{"rendered":"<h2 style=\"color: #20c997;\">R\u00e9volutionner la connectivit\u00e9 des r\u00e9seaux : Le commutateur Ethernet industriel pour les industries modernes<\/h2>\n<p>Dans le paysage industriel actuel qui \u00e9volue rapidement, le besoin d'une infrastructure r\u00e9seau robuste et fiable n'a jamais \u00e9t\u00e9 aussi critique. Le SW105G est un commutateur Ethernet industriel de pointe con\u00e7u pour r\u00e9pondre aux exigences des environnements industriels modernes. Cet appareil puissant va transformer la fa\u00e7on dont les entreprises abordent la connectivit\u00e9 r\u00e9seau dans les environnements difficiles.<\/p>\n<div id=\"attachment_1148\" style=\"width: 610px\" class=\"wp-caption aligncenter\"><img decoding=\"async\" aria-describedby=\"caption-attachment-1148\" class=\"wp-image-1148 size-full\" title=\"commutateur ethernet industriel SW005F\" src=\"https:\/\/www.key-iot.com\/wp-content\/uploads\/2024\/09\/1722502934353897.png\" alt=\"commutateur ethernet industriel SW005F\" width=\"600\" height=\"600\" srcset=\"https:\/\/www.key-iot.com\/wp-content\/uploads\/2024\/09\/1722502934353897.png 600w, https:\/\/www.key-iot.com\/wp-content\/uploads\/2024\/09\/1722502934353897-300x300.png 300w, https:\/\/www.key-iot.com\/wp-content\/uploads\/2024\/09\/1722502934353897-150x150.png 150w, https:\/\/www.key-iot.com\/wp-content\/uploads\/2024\/09\/1722502934353897-100x100.png 100w\" sizes=\"(max-width: 600px) 100vw, 600px\" \/><p id=\"caption-attachment-1148\" class=\"wp-caption-text\">commutateur ethernet industriel SW005F<\/p><\/div>\n<h2 style=\"color: #20c997;\">Des performances et une polyvalence in\u00e9gal\u00e9es<\/h2>\n<p>Le commutateur Ethernet industriel SW105G poss\u00e8de un nombre impressionnant de caract\u00e9ristiques qui le distinguent des solutions de mise en r\u00e9seau conventionnelles. Avec 1 port Gigabit Ethernet en liaison montante et 4 ports Gigabit Ethernet en liaison descendante, ce commutateur Ethernet industriel offre une flexibilit\u00e9 et des performances in\u00e9gal\u00e9es. L'appareil prend en charge les connexions 10\/100\/1000Base-TX, ce qui garantit la compatibilit\u00e9 avec un large \u00e9ventail de p\u00e9riph\u00e9riques et de protocoles r\u00e9seau.<\/p>\n<h2 style=\"color: #20c997;\">Conception robuste pour les environnements difficiles<\/h2>\n<p>L'une des principales caract\u00e9ristiques de ce commutateur Ethernet industriel est sa capacit\u00e9 \u00e0 fonctionner dans des conditions extr\u00eames. Avec une plage de temp\u00e9rature de fonctionnement de -40\u00b0C \u00e0 75\u00b0C, le SW105G est con\u00e7u pour r\u00e9sister aux environnements industriels les plus difficiles. Sa taille compacte et ses capacit\u00e9s de montage sur rail le rendent id\u00e9al pour une installation dans des espaces restreints, tandis que le niveau de protection IP40 garantit la durabilit\u00e9 et la fiabilit\u00e9 dans des environnements poussi\u00e9reux ou difficiles.<\/p>\n<h2 style=\"color: #20c997;\">Capacit\u00e9s avanc\u00e9es de mise en r\u00e9seau<\/h2>\n<p>Le commutateur Ethernet industriel SW105G est \u00e9quip\u00e9 de fonctions r\u00e9seau de pointe pour am\u00e9liorer les performances et la fiabilit\u00e9. Il prend en charge les modes full-duplex et half-duplex avec capacit\u00e9 d'auto-n\u00e9gociation, garantissant une transmission optimale des donn\u00e9es dans diverses configurations de r\u00e9seau. Le m\u00e9canisme de stockage et de transfert int\u00e9gr\u00e9, ainsi que la prise en charge de plusieurs protocoles, font de ce commutateur Ethernet industriel une solution polyvalente pour les r\u00e9seaux industriels complexes.<\/p>\n<div id=\"attachment_1147\" style=\"width: 610px\" class=\"wp-caption aligncenter\"><img decoding=\"async\" aria-describedby=\"caption-attachment-1147\" class=\"wp-image-1147 size-full\" title=\"commutateur ethernet industriel SW005F\" src=\"https:\/\/www.key-iot.com\/wp-content\/uploads\/2024\/09\/1722502930550314.png\" alt=\"commutateur ethernet industriel SW005F\" width=\"600\" height=\"600\" srcset=\"https:\/\/www.key-iot.com\/wp-content\/uploads\/2024\/09\/1722502930550314.png 600w, https:\/\/www.key-iot.com\/wp-content\/uploads\/2024\/09\/1722502930550314-300x300.png 300w, https:\/\/www.key-iot.com\/wp-content\/uploads\/2024\/09\/1722502930550314-150x150.png 150w, https:\/\/www.key-iot.com\/wp-content\/uploads\/2024\/09\/1722502930550314-100x100.png 100w\" sizes=\"(max-width: 600px) 100vw, 600px\" \/><p id=\"caption-attachment-1147\" class=\"wp-caption-text\">commutateur ethernet industriel SW005F<\/p><\/div>\n<p>&nbsp;<\/p>\n<h2 style=\"color: #20c997;\">Gestion robuste de l'\u00e9nergie<\/h2>\n<p>La fiabilit\u00e9 de l'alimentation est cruciale dans les environnements industriels, et le switch ethernet industriel SW105G r\u00e9pond \u00e0 cette exigence. Avec une large plage de tension d'entr\u00e9e de DC12~52V et une protection int\u00e9gr\u00e9e contre les inversions de connexion, cet appareil garantit des performances constantes m\u00eame dans des environnements \u00e9lectriques instables. La double redondance d'alimentation am\u00e9liore encore la fiabilit\u00e9, ce qui en fait un choix id\u00e9al pour les applications industrielles critiques.<\/p>\n<h2 style=\"color: #20c997;\">Int\u00e9gration transparente et gestion facile<\/h2>\n<p>Con\u00e7u dans un souci de convivialit\u00e9, ce commutateur Ethernet industriel offre une fonctionnalit\u00e9 plug-and-play qui simplifie les processus d'installation et de configuration. L'appareil est dot\u00e9 d'indicateurs LED pour l'alimentation et l'\u00e9tat des ports, ce qui permet un d\u00e9pannage et une surveillance rapides. Sa compatibilit\u00e9 avec diverses normes industrielles, notamment FCC, CE et ROHS, garantit une int\u00e9gration transparente dans les r\u00e9seaux industriels existants.<\/p>\n<h2 style=\"color: #20c997;\">\u00c9largir les possibilit\u00e9s du r\u00e9seau<\/h2>\n<p>Le commutateur Ethernet industriel SW105G ouvre de nouvelles possibilit\u00e9s pour les r\u00e9seaux industriels. Gr\u00e2ce \u00e0 ses performances \u00e9lev\u00e9es, il convient \u00e0 un large \u00e9ventail d'applications, notamment :<br \/>\nSyst\u00e8mes d'automatisation des usines<br \/>\nInstallations de fabrication intelligentes<br \/>\nD\u00e9ploiements de l'IdO industriel<br \/>\nSyst\u00e8mes de gestion des transports et du trafic<br \/>\nInstallations de production de p\u00e9trole et de gaz<br \/>\nR\u00e9seaux de production et de distribution d'\u00e9lectricit\u00e9<\/p>\n<h2 style=\"color: #20c997;\">Les sp\u00e9cifications techniques en un coup d'\u0153il<\/h2>\n<p>5 ports RJ45 (d\u00e9tection automatique 10\/100\/1000BaseT(X))<br \/>\nMode de transmission en m\u00e9moire et en avant<br \/>\nCapacit\u00e9 de 2 000 adresses MAC<br \/>\nBande passante du fond de panier de 14 Gbps<br \/>\nFaible consommation d'\u00e9nergie (\uff1c3W)<br \/>\nConformit\u00e9 \u00e0 de nombreuses normes industrielles (FCC, CE, ROHS)<br \/>\nMTBF \u2265300000 heures<\/p>\n<p>&nbsp;<\/p>\n<div id=\"attachment_1150\" style=\"width: 947px\" class=\"wp-caption aligncenter\"><img decoding=\"async\" aria-describedby=\"caption-attachment-1150\" class=\"wp-image-1150 size-full\" title=\"Diagramme d&#039;application du produit\" src=\"https:\/\/www.key-iot.com\/wp-content\/uploads\/2024\/09\/\u5fae\u4fe1\u56fe\u7247_20240904174719.png\" alt=\"Diagramme d&#039;application du produit\" width=\"937\" height=\"621\" srcset=\"https:\/\/www.key-iot.com\/wp-content\/uploads\/2024\/09\/\u5fae\u4fe1\u56fe\u7247_20240904174719.png 937w, https:\/\/www.key-iot.com\/wp-content\/uploads\/2024\/09\/\u5fae\u4fe1\u56fe\u7247_20240904174719-300x199.png 300w, https:\/\/www.key-iot.com\/wp-content\/uploads\/2024\/09\/\u5fae\u4fe1\u56fe\u7247_20240904174719-768x509.png 768w, https:\/\/www.key-iot.com\/wp-content\/uploads\/2024\/09\/\u5fae\u4fe1\u56fe\u7247_20240904174719-600x398.png 600w\" sizes=\"(max-width: 937px) 100vw, 937px\" \/><p id=\"caption-attachment-1150\" class=\"wp-caption-text\">Diagramme d'application du produit<\/p><\/div>\n<h2 style=\"color: #20c997;\">L'avenir des r\u00e9seaux industriels<\/h2>\n<p>Alors que les industries continuent d'\u00e9voluer et d'adopter la transformation num\u00e9rique, le r\u00f4le des solutions de mise en r\u00e9seau robustes devient de plus en plus vital. Le commutateur ethernet industriel SW105G repr\u00e9sente l'avenir des r\u00e9seaux industriels, offrant un m\u00e9lange parfait de performances, de fiabilit\u00e9 et de polyvalence. Que vous mettiez \u00e0 niveau une infrastructure existante ou que vous construisiez de nouveaux r\u00e9seaux industriels \u00e0 partir de z\u00e9ro, ce switch ethernet industriel est en passe de devenir un composant indispensable de votre strat\u00e9gie de connectivit\u00e9.<\/p>\n<h2 style=\"color: #20c997;\">Conclusion : Favoriser l'innovation industrielle<\/h2>\n<p>Le commutateur ethernet industriel SW105G est plus qu'un simple appareil de mise en r\u00e9seau, c'est un catalyseur de l'innovation industrielle. En fournissant une connectivit\u00e9 fiable et \u00e0 haut d\u00e9bit, m\u00eame dans les environnements les plus difficiles, ce commutateur ethernet industriel permet aux entreprises de repousser les limites du possible en mati\u00e8re d'automatisation industrielle, d'IoT et de fabrication intelligente. Alors que nous nous dirigeons vers un avenir industriel de plus en plus connect\u00e9, le SW105G se tient pr\u00eat \u00e0 r\u00e9pondre aux besoins \u00e9volutifs des industries modernes, en veillant \u00e0 ce que votre infrastructure r\u00e9seau ait toujours une longueur d'avance.<\/p>","protected":false},"excerpt":{"rendered":"<h3>[tp_attributes num_attributes=\"6\"]<\/h3>\n<h3>Product Description Download<\/h3>\n[showpdf url=\"\/wp-content\/uploads\/2024\/09\/20240615115702817.pdf\" name=\"Technical Specification for SW105G \u2013 5-Port Ethernet Switch\" collapse=\"false\" ]\n<p>&nbsp;<\/p>\n","protected":false},"featured_media":1525,"comment_status":"open","ping_status":"closed","template":"","meta":{"themepark_post_bcolor":"#f5f5f5","themepark_post_width":"1022px","themepark_post_img":"","themepark_post_img_po":"left","themepark_post_img_re":false,"themepark_post_img_cover":false,"themepark_post_img_fixed":false,"themepark_post_hide_title":false,"themepark_post_main_b":"","themepark_post_main_p":100,"themepark_paddingblock":false},"product_cat":[45],"product_tag":[],"class_list":{"0":"post-1136","1":"product","2":"type-product","3":"status-publish","4":"has-post-thumbnail","6":"product_cat-industrial-ethernet-switches","8":"first","9":"instock","10":"shipping-taxable","11":"product-type-simple"},"yoast_head":"<!-- This site is optimized with the Yoast SEO plugin v23.7 - https:\/\/yoast.com\/wordpress\/plugins\/seo\/ -->\n<title>SW005F 5-Port Switch - KEY-IOT<\/title>\n<meta name=\"robots\" content=\"index, follow, max-snippet:-1, max-image-preview:large, max-video-preview:-1\" \/>\n<link rel=\"canonical\" href=\"https:\/\/www.key-iot.com\/fr\/produit\/sw005f-5-port-100mbps-industrial-switch\/\" \/>\n<meta property=\"og:locale\" content=\"fr_FR\" \/>\n<meta property=\"og:type\" content=\"article\" \/>\n<meta property=\"og:title\" content=\"SW005F 5-Port Switch - KEY-IOT\" \/>\n<meta property=\"og:description\" content=\"Product Description Download   &nbsp;\" \/>\n<meta property=\"og:url\" content=\"https:\/\/www.key-iot.com\/fr\/produit\/sw005f-5-port-100mbps-industrial-switch\/\" \/>\n<meta property=\"og:site_name\" content=\"KEY-IOT\" \/>\n<meta property=\"article:modified_time\" content=\"2024-09-11T07:47:20+00:00\" \/>\n<meta property=\"og:image\" content=\"https:\/\/www.key-iot.com\/wp-content\/uploads\/2024\/09\/\u5934\u56fe-24.jpg\" \/>\n\t<meta property=\"og:image:width\" content=\"414\" \/>\n\t<meta property=\"og:image:height\" content=\"414\" \/>\n\t<meta property=\"og:image:type\" content=\"image\/jpeg\" \/>\n<meta name=\"twitter:card\" content=\"summary_large_image\" \/>\n<meta name=\"twitter:label1\" content=\"Dur\u00e9e de lecture estim\u00e9e\" \/>\n\t<meta name=\"twitter:data1\" content=\"3 minutes\" \/>\n<script type=\"application\/ld+json\" class=\"yoast-schema-graph\">{\"@context\":\"https:\/\/schema.org\",\"@graph\":[{\"@type\":\"WebPage\",\"@id\":\"https:\/\/www.key-iot.com\/product\/sw005f-5-port-100mbps-industrial-switch\/\",\"url\":\"https:\/\/www.key-iot.com\/product\/sw005f-5-port-100mbps-industrial-switch\/\",\"name\":\"SW005F 5-Port Switch - KEY-IOT\",\"isPartOf\":{\"@id\":\"https:\/\/www.key-iot.com\/#website\"},\"primaryImageOfPage\":{\"@id\":\"https:\/\/www.key-iot.com\/product\/sw005f-5-port-100mbps-industrial-switch\/#primaryimage\"},\"image\":{\"@id\":\"https:\/\/www.key-iot.com\/product\/sw005f-5-port-100mbps-industrial-switch\/#primaryimage\"},\"thumbnailUrl\":\"https:\/\/www.key-iot.com\/wp-content\/uploads\/2024\/09\/\u5934\u56fe-24.jpg\",\"datePublished\":\"2024-09-04T09:10:42+00:00\",\"dateModified\":\"2024-09-11T07:47:20+00:00\",\"breadcrumb\":{\"@id\":\"https:\/\/www.key-iot.com\/product\/sw005f-5-port-100mbps-industrial-switch\/#breadcrumb\"},\"inLanguage\":\"fr-FR\",\"potentialAction\":[{\"@type\":\"ReadAction\",\"target\":[\"https:\/\/www.key-iot.com\/product\/sw005f-5-port-100mbps-industrial-switch\/\"]}]},{\"@type\":\"ImageObject\",\"inLanguage\":\"fr-FR\",\"@id\":\"https:\/\/www.key-iot.com\/product\/sw005f-5-port-100mbps-industrial-switch\/#primaryimage\",\"url\":\"https:\/\/www.key-iot.com\/wp-content\/uploads\/2024\/09\/\u5934\u56fe-24.jpg\",\"contentUrl\":\"https:\/\/www.key-iot.com\/wp-content\/uploads\/2024\/09\/\u5934\u56fe-24.jpg\",\"width\":414,\"height\":414,\"caption\":\"SW005F 5-Port Switch\"},{\"@type\":\"BreadcrumbList\",\"@id\":\"https:\/\/www.key-iot.com\/product\/sw005f-5-port-100mbps-industrial-switch\/#breadcrumb\",\"itemListElement\":[{\"@type\":\"ListItem\",\"position\":1,\"name\":\"Home\",\"item\":\"https:\/\/www.key-iot.com\/\"},{\"@type\":\"ListItem\",\"position\":2,\"name\":\"shop\",\"item\":\"https:\/\/www.key-iot.com\/shop\/\"},{\"@type\":\"ListItem\",\"position\":3,\"name\":\"SW005F 5-Port Switch\"}]},{\"@type\":\"WebSite\",\"@id\":\"https:\/\/www.key-iot.com\/#website\",\"url\":\"https:\/\/www.key-iot.com\/\",\"name\":\"KEY-IOT\",\"description\":\"Industrial Cellular Routers\/ IoT Gateway\",\"potentialAction\":[{\"@type\":\"SearchAction\",\"target\":{\"@type\":\"EntryPoint\",\"urlTemplate\":\"https:\/\/www.key-iot.com\/?s={search_term_string}\"},\"query-input\":{\"@type\":\"PropertyValueSpecification\",\"valueRequired\":true,\"valueName\":\"search_term_string\"}}],\"inLanguage\":\"fr-FR\"}]}<\/script>\n<!-- \/ Yoast SEO plugin. -->","yoast_head_json":{"title":"SW005F Commutateur \u00e0 5 ports - KEY-IOT","robots":{"index":"index","follow":"follow","max-snippet":"max-snippet:-1","max-image-preview":"max-image-preview:large","max-video-preview":"max-video-preview:-1"},"canonical":"https:\/\/www.key-iot.com\/fr\/produit\/sw005f-5-port-100mbps-industrial-switch\/","og_locale":"fr_FR","og_type":"article","og_title":"SW005F 5-Port Switch - KEY-IOT","og_description":"Product Description Download   &nbsp;","og_url":"https:\/\/www.key-iot.com\/fr\/produit\/sw005f-5-port-100mbps-industrial-switch\/","og_site_name":"KEY-IOT","article_modified_time":"2024-09-11T07:47:20+00:00","og_image":[{"width":414,"height":414,"url":"https:\/\/www.key-iot.com\/wp-content\/uploads\/2024\/09\/\u5934\u56fe-24.jpg","type":"image\/jpeg"}],"twitter_card":"summary_large_image","twitter_misc":{"Dur\u00e9e de lecture estim\u00e9e":"3 minutes"},"schema":{"@context":"https:\/\/schema.org","@graph":[{"@type":"WebPage","@id":"https:\/\/www.key-iot.com\/product\/sw005f-5-port-100mbps-industrial-switch\/","url":"https:\/\/www.key-iot.com\/product\/sw005f-5-port-100mbps-industrial-switch\/","name":"SW005F Commutateur \u00e0 5 ports - KEY-IOT","isPartOf":{"@id":"https:\/\/www.key-iot.com\/#website"},"primaryImageOfPage":{"@id":"https:\/\/www.key-iot.com\/product\/sw005f-5-port-100mbps-industrial-switch\/#primaryimage"},"image":{"@id":"https:\/\/www.key-iot.com\/product\/sw005f-5-port-100mbps-industrial-switch\/#primaryimage"},"thumbnailUrl":"https:\/\/www.key-iot.com\/wp-content\/uploads\/2024\/09\/\u5934\u56fe-24.jpg","datePublished":"2024-09-04T09:10:42+00:00","dateModified":"2024-09-11T07:47:20+00:00","breadcrumb":{"@id":"https:\/\/www.key-iot.com\/product\/sw005f-5-port-100mbps-industrial-switch\/#breadcrumb"},"inLanguage":"fr-FR","potentialAction":[{"@type":"ReadAction","target":["https:\/\/www.key-iot.com\/product\/sw005f-5-port-100mbps-industrial-switch\/"]}]},{"@type":"ImageObject","inLanguage":"fr-FR","@id":"https:\/\/www.key-iot.com\/product\/sw005f-5-port-100mbps-industrial-switch\/#primaryimage","url":"https:\/\/www.key-iot.com\/wp-content\/uploads\/2024\/09\/\u5934\u56fe-24.jpg","contentUrl":"https:\/\/www.key-iot.com\/wp-content\/uploads\/2024\/09\/\u5934\u56fe-24.jpg","width":414,"height":414,"caption":"SW005F 5-Port Switch"},{"@type":"BreadcrumbList","@id":"https:\/\/www.key-iot.com\/product\/sw005f-5-port-100mbps-industrial-switch\/#breadcrumb","itemListElement":[{"@type":"ListItem","position":1,"name":"Home","item":"https:\/\/www.key-iot.com\/"},{"@type":"ListItem","position":2,"name":"shop","item":"https:\/\/www.key-iot.com\/shop\/"},{"@type":"ListItem","position":3,"name":"SW005F 5-Port Switch"}]},{"@type":"WebSite","@id":"https:\/\/www.key-iot.com\/#website","url":"https:\/\/www.key-iot.com\/","name":"KEY-IOT","description":"Routeurs cellulaires industriels\/ Passerelle IoT","potentialAction":[{"@type":"SearchAction","target":{"@type":"EntryPoint","urlTemplate":"https:\/\/www.key-iot.com\/?s={search_term_string}"},"query-input":{"@type":"PropertyValueSpecification","valueRequired":true,"valueName":"search_term_string"}}],"inLanguage":"fr-FR"}]}},"_links":{"self":[{"href":"https:\/\/www.key-iot.com\/fr\/wp-json\/wp\/v2\/product\/1136","targetHints":{"allow":["GET"]}}],"collection":[{"href":"https:\/\/www.key-iot.com\/fr\/wp-json\/wp\/v2\/product"}],"about":[{"href":"https:\/\/www.key-iot.com\/fr\/wp-json\/wp\/v2\/types\/product"}],"replies":[{"embeddable":true,"href":"https:\/\/www.key-iot.com\/fr\/wp-json\/wp\/v2\/comments?post=1136"}],"wp:featuredmedia":[{"embeddable":true,"href":"https:\/\/www.key-iot.com\/fr\/wp-json\/wp\/v2\/media\/1525"}],"wp:attachment":[{"href":"https:\/\/www.key-iot.com\/fr\/wp-json\/wp\/v2\/media?parent=1136"}],"wp:term":[{"taxonomy":"product_cat","embeddable":true,"href":"https:\/\/www.key-iot.com\/fr\/wp-json\/wp\/v2\/product_cat?post=1136"},{"taxonomy":"product_tag","embeddable":true,"href":"https:\/\/www.key-iot.com\/fr\/wp-json\/wp\/v2\/product_tag?post=1136"}],"curies":[{"name":"wp","href":"https:\/\/api.w.org\/{rel}","templated":true}]}}