{"id":1109,"date":"2024-09-04T15:02:23","date_gmt":"2024-09-04T07:02:23","guid":{"rendered":"https:\/\/www.key-iot.com\/?post_type=product&#038;p=1109"},"modified":"2025-04-29T21:26:29","modified_gmt":"2025-04-30T01:26:29","slug":"sg800-4g-edge-computing-gateway","status":"publish","type":"product","link":"https:\/\/www.key-iot.com\/fr\/produit\/sg800-4g-edge-computing-gateway\/","title":{"rendered":"Passerelle Edge Computing SG800 4G"},"content":{"rendered":"<h2 style=\"color: #20c997;\"><\/h2>\n<p><img decoding=\"async\" class=\"wp-image-1116 size-full aligncenter\" title=\"Passerelle Edge Computing\" src=\"https:\/\/www.key-iot.com\/wp-content\/uploads\/2024\/09\/1720090925819334-1.png\" alt=\"Passerelle Edge Computing\" width=\"600\" height=\"600\" srcset=\"https:\/\/www.key-iot.com\/wp-content\/uploads\/2024\/09\/1720090925819334-1.png 600w, https:\/\/www.key-iot.com\/wp-content\/uploads\/2024\/09\/1720090925819334-1-300x300.png 300w, https:\/\/www.key-iot.com\/wp-content\/uploads\/2024\/09\/1720090925819334-1-150x150.png 150w, https:\/\/www.key-iot.com\/wp-content\/uploads\/2024\/09\/1720090925819334-1-100x100.png 100w\" sizes=\"(max-width: 600px) 100vw, 600px\" \/><\/p>\n<p>&nbsp;<\/p>\n<div class=\"mceTemp\"><\/div>\n<p>&nbsp;<\/p>\n<h2>Aper\u00e7u du produit<\/h2>\n<p>Les produits de la s\u00e9rie SG800 sont des passerelles de communication sans fil de qualit\u00e9 industrielle pour la surveillance de l'\u00e9nergie par l'utilisateur, un \u00e9l\u00e9ment important de la gestion de l'\u00e9nergie. Ils peuvent collecter des donn\u00e9es \u00e9nerg\u00e9tiques \u00e0 partir de stations de recharge, d'usines, d'immeubles de bureaux et de centres commerciaux. Gr\u00e2ce \u00e0 l'analyse des donn\u00e9es de la plateforme, ils permettent d'atteindre les objectifs de gestion op\u00e9rationnelle et d'\u00e9conomie d'\u00e9nergie.<\/p>\n<h2>Caract\u00e9ristiques du produit<\/h2>\n<p>Prise en charge du r\u00e9seau local sans fil (WLAN) (en option)<br \/>\nPrise en charge de la 4G et de la sauvegarde du r\u00e9seau c\u00e2bl\u00e9<br \/>\nPrise en charge du r\u00e9seau 4G LTE CAT4 \u00e0 haut d\u00e9bit<br \/>\nPossibilit\u00e9 d'installation sur rail DIN ou sur table<br \/>\nCompl\u00e8te efficacement les d\u00e9ploiements de r\u00e9seaux d'appareils \u00e0 grande \u00e9chelle<br \/>\nPrise en charge de plusieurs interfaces mat\u00e9rielles pour r\u00e9pondre \u00e0 diverses exigences<br \/>\nConception de qualit\u00e9 industrielle, capable de r\u00e9sister \u00e0 des conditions difficiles<br \/>\nPrend en charge diverses fonctions VPN : PPTP, L2TP, IPSEC, OPENVPN, GRE, GERTAP, Vxlan, etc.<br \/>\nPrise en charge de SNMP et de la plateforme Star Device Manager (Star Cloud) pour une gestion centralis\u00e9e et efficace du r\u00e9seau \u00e0 distance.<br \/>\nPrend en charge les syst\u00e8mes Linux OpenWrt 19.07 et Ubuntu 16.04, facilitant le d\u00e9veloppement secondaire des utilisateurs gr\u00e2ce \u00e0 des guides de d\u00e9veloppement secondaire complets.<\/p>\n<p>&nbsp;<\/p>\n<p>&nbsp;<\/p>\n<p>&nbsp;<\/p>","protected":false},"excerpt":{"rendered":"<h3>[tp_attributes num_attributes=\"6\"]<\/h3>\n<h3>Product Description Download<\/h3>\n[showpdf url=\"\/wp-content\/uploads\/2024\/09\/Technical-Specification-for-SG800-4G-Edge-Computing-Gateway-V2.2-1.pdf\" name=\"Technical Specification for SG800 4G Edge Computing Gateway V2.2\" collapse=\"false\" ]\n<p>&nbsp;<\/p>\n<p>&nbsp;<\/p>\n<p>&nbsp;<\/p>\n<p>&nbsp;<\/p>\n<p>&nbsp;<\/p>\n<p>&nbsp;<\/p>\n<p>&nbsp;<\/p>\n","protected":false},"featured_media":1517,"comment_status":"open","ping_status":"closed","template":"","meta":{"themepark_post_bcolor":"#f5f5f5","themepark_post_width":"1022px","themepark_post_img":"","themepark_post_img_po":"left","themepark_post_img_re":false,"themepark_post_img_cover":false,"themepark_post_img_fixed":false,"themepark_post_hide_title":false,"themepark_post_main_b":"","themepark_post_main_p":100,"themepark_paddingblock":false},"product_cat":[44],"product_tag":[],"class_list":{"0":"post-1109","1":"product","2":"type-product","3":"status-publish","4":"has-post-thumbnail","6":"product_cat-industrial-iot-gateway","8":"first","9":"instock","10":"shipping-taxable","11":"product-type-simple"},"yoast_head":"<!-- This site is optimized with the Yoast SEO plugin v23.7 - https:\/\/yoast.com\/wordpress\/plugins\/seo\/ -->\n<title>SG800 4G Edge Computing Gateway - KEY-IOT<\/title>\n<meta name=\"robots\" content=\"index, follow, max-snippet:-1, max-image-preview:large, max-video-preview:-1\" \/>\n<link rel=\"canonical\" href=\"https:\/\/www.key-iot.com\/fr\/produit\/sg800-4g-edge-computing-gateway\/\" \/>\n<meta property=\"og:locale\" content=\"fr_FR\" \/>\n<meta property=\"og:type\" content=\"article\" \/>\n<meta property=\"og:title\" content=\"SG800 4G Edge Computing Gateway - KEY-IOT\" \/>\n<meta property=\"og:description\" content=\"Product Description Download   &nbsp;  &nbsp;  &nbsp;  &nbsp;  &nbsp;  &nbsp;  &nbsp;\" \/>\n<meta property=\"og:url\" content=\"https:\/\/www.key-iot.com\/fr\/produit\/sg800-4g-edge-computing-gateway\/\" \/>\n<meta property=\"og:site_name\" content=\"KEY-IOT\" \/>\n<meta property=\"article:modified_time\" content=\"2025-04-30T01:26:29+00:00\" \/>\n<meta property=\"og:image\" content=\"https:\/\/www.key-iot.com\/wp-content\/uploads\/2024\/09\/\u5934\u56fe-22.jpg\" \/>\n\t<meta property=\"og:image:width\" content=\"414\" \/>\n\t<meta property=\"og:image:height\" content=\"414\" \/>\n\t<meta property=\"og:image:type\" content=\"image\/jpeg\" \/>\n<meta name=\"twitter:card\" content=\"summary_large_image\" \/>\n<meta name=\"twitter:label1\" content=\"Dur\u00e9e de lecture estim\u00e9e\" \/>\n\t<meta name=\"twitter:data1\" content=\"2 minutes\" \/>\n<script type=\"application\/ld+json\" class=\"yoast-schema-graph\">{\"@context\":\"https:\/\/schema.org\",\"@graph\":[{\"@type\":\"WebPage\",\"@id\":\"https:\/\/www.key-iot.com\/product\/sg800-4g-edge-computing-gateway\/\",\"url\":\"https:\/\/www.key-iot.com\/product\/sg800-4g-edge-computing-gateway\/\",\"name\":\"SG800 4G Edge Computing Gateway - KEY-IOT\",\"isPartOf\":{\"@id\":\"https:\/\/www.key-iot.com\/#website\"},\"primaryImageOfPage\":{\"@id\":\"https:\/\/www.key-iot.com\/product\/sg800-4g-edge-computing-gateway\/#primaryimage\"},\"image\":{\"@id\":\"https:\/\/www.key-iot.com\/product\/sg800-4g-edge-computing-gateway\/#primaryimage\"},\"thumbnailUrl\":\"https:\/\/www.key-iot.com\/wp-content\/uploads\/2024\/09\/\u5934\u56fe-22.jpg\",\"datePublished\":\"2024-09-04T07:02:23+00:00\",\"dateModified\":\"2025-04-30T01:26:29+00:00\",\"breadcrumb\":{\"@id\":\"https:\/\/www.key-iot.com\/product\/sg800-4g-edge-computing-gateway\/#breadcrumb\"},\"inLanguage\":\"fr-FR\",\"potentialAction\":[{\"@type\":\"ReadAction\",\"target\":[\"https:\/\/www.key-iot.com\/product\/sg800-4g-edge-computing-gateway\/\"]}]},{\"@type\":\"ImageObject\",\"inLanguage\":\"fr-FR\",\"@id\":\"https:\/\/www.key-iot.com\/product\/sg800-4g-edge-computing-gateway\/#primaryimage\",\"url\":\"https:\/\/www.key-iot.com\/wp-content\/uploads\/2024\/09\/\u5934\u56fe-22.jpg\",\"contentUrl\":\"https:\/\/www.key-iot.com\/wp-content\/uploads\/2024\/09\/\u5934\u56fe-22.jpg\",\"width\":414,\"height\":414,\"caption\":\"SG800 4G Edge Computing Gateway\"},{\"@type\":\"BreadcrumbList\",\"@id\":\"https:\/\/www.key-iot.com\/product\/sg800-4g-edge-computing-gateway\/#breadcrumb\",\"itemListElement\":[{\"@type\":\"ListItem\",\"position\":1,\"name\":\"Home\",\"item\":\"https:\/\/www.key-iot.com\/\"},{\"@type\":\"ListItem\",\"position\":2,\"name\":\"shop\",\"item\":\"https:\/\/www.key-iot.com\/shop\/\"},{\"@type\":\"ListItem\",\"position\":3,\"name\":\"SG800 4G Edge Computing Gateway\"}]},{\"@type\":\"WebSite\",\"@id\":\"https:\/\/www.key-iot.com\/#website\",\"url\":\"https:\/\/www.key-iot.com\/\",\"name\":\"KEY-IOT\",\"description\":\"Industrial Cellular Routers\/ IoT Gateway\",\"potentialAction\":[{\"@type\":\"SearchAction\",\"target\":{\"@type\":\"EntryPoint\",\"urlTemplate\":\"https:\/\/www.key-iot.com\/?s={search_term_string}\"},\"query-input\":{\"@type\":\"PropertyValueSpecification\",\"valueRequired\":true,\"valueName\":\"search_term_string\"}}],\"inLanguage\":\"fr-FR\"}]}<\/script>\n<!-- \/ Yoast SEO plugin. -->","yoast_head_json":{"title":"Passerelle Edge Computing SG800 4G - KEY-IOT","robots":{"index":"index","follow":"follow","max-snippet":"max-snippet:-1","max-image-preview":"max-image-preview:large","max-video-preview":"max-video-preview:-1"},"canonical":"https:\/\/www.key-iot.com\/fr\/produit\/sg800-4g-edge-computing-gateway\/","og_locale":"fr_FR","og_type":"article","og_title":"SG800 4G Edge Computing Gateway - KEY-IOT","og_description":"Product Description Download   &nbsp;  &nbsp;  &nbsp;  &nbsp;  &nbsp;  &nbsp;  &nbsp;","og_url":"https:\/\/www.key-iot.com\/fr\/produit\/sg800-4g-edge-computing-gateway\/","og_site_name":"KEY-IOT","article_modified_time":"2025-04-30T01:26:29+00:00","og_image":[{"width":414,"height":414,"url":"https:\/\/www.key-iot.com\/wp-content\/uploads\/2024\/09\/\u5934\u56fe-22.jpg","type":"image\/jpeg"}],"twitter_card":"summary_large_image","twitter_misc":{"Dur\u00e9e de lecture estim\u00e9e":"2 minutes"},"schema":{"@context":"https:\/\/schema.org","@graph":[{"@type":"WebPage","@id":"https:\/\/www.key-iot.com\/product\/sg800-4g-edge-computing-gateway\/","url":"https:\/\/www.key-iot.com\/product\/sg800-4g-edge-computing-gateway\/","name":"Passerelle Edge Computing SG800 4G - KEY-IOT","isPartOf":{"@id":"https:\/\/www.key-iot.com\/#website"},"primaryImageOfPage":{"@id":"https:\/\/www.key-iot.com\/product\/sg800-4g-edge-computing-gateway\/#primaryimage"},"image":{"@id":"https:\/\/www.key-iot.com\/product\/sg800-4g-edge-computing-gateway\/#primaryimage"},"thumbnailUrl":"https:\/\/www.key-iot.com\/wp-content\/uploads\/2024\/09\/\u5934\u56fe-22.jpg","datePublished":"2024-09-04T07:02:23+00:00","dateModified":"2025-04-30T01:26:29+00:00","breadcrumb":{"@id":"https:\/\/www.key-iot.com\/product\/sg800-4g-edge-computing-gateway\/#breadcrumb"},"inLanguage":"fr-FR","potentialAction":[{"@type":"ReadAction","target":["https:\/\/www.key-iot.com\/product\/sg800-4g-edge-computing-gateway\/"]}]},{"@type":"ImageObject","inLanguage":"fr-FR","@id":"https:\/\/www.key-iot.com\/product\/sg800-4g-edge-computing-gateway\/#primaryimage","url":"https:\/\/www.key-iot.com\/wp-content\/uploads\/2024\/09\/\u5934\u56fe-22.jpg","contentUrl":"https:\/\/www.key-iot.com\/wp-content\/uploads\/2024\/09\/\u5934\u56fe-22.jpg","width":414,"height":414,"caption":"SG800 4G Edge Computing Gateway"},{"@type":"BreadcrumbList","@id":"https:\/\/www.key-iot.com\/product\/sg800-4g-edge-computing-gateway\/#breadcrumb","itemListElement":[{"@type":"ListItem","position":1,"name":"Home","item":"https:\/\/www.key-iot.com\/"},{"@type":"ListItem","position":2,"name":"shop","item":"https:\/\/www.key-iot.com\/shop\/"},{"@type":"ListItem","position":3,"name":"SG800 4G Edge Computing Gateway"}]},{"@type":"WebSite","@id":"https:\/\/www.key-iot.com\/#website","url":"https:\/\/www.key-iot.com\/","name":"KEY-IOT","description":"Routeurs cellulaires industriels\/ Passerelle IoT","potentialAction":[{"@type":"SearchAction","target":{"@type":"EntryPoint","urlTemplate":"https:\/\/www.key-iot.com\/?s={search_term_string}"},"query-input":{"@type":"PropertyValueSpecification","valueRequired":true,"valueName":"search_term_string"}}],"inLanguage":"fr-FR"}]}},"_links":{"self":[{"href":"https:\/\/www.key-iot.com\/fr\/wp-json\/wp\/v2\/product\/1109","targetHints":{"allow":["GET"]}}],"collection":[{"href":"https:\/\/www.key-iot.com\/fr\/wp-json\/wp\/v2\/product"}],"about":[{"href":"https:\/\/www.key-iot.com\/fr\/wp-json\/wp\/v2\/types\/product"}],"replies":[{"embeddable":true,"href":"https:\/\/www.key-iot.com\/fr\/wp-json\/wp\/v2\/comments?post=1109"}],"wp:featuredmedia":[{"embeddable":true,"href":"https:\/\/www.key-iot.com\/fr\/wp-json\/wp\/v2\/media\/1517"}],"wp:attachment":[{"href":"https:\/\/www.key-iot.com\/fr\/wp-json\/wp\/v2\/media?parent=1109"}],"wp:term":[{"taxonomy":"product_cat","embeddable":true,"href":"https:\/\/www.key-iot.com\/fr\/wp-json\/wp\/v2\/product_cat?post=1109"},{"taxonomy":"product_tag","embeddable":true,"href":"https:\/\/www.key-iot.com\/fr\/wp-json\/wp\/v2\/product_tag?post=1109"}],"curies":[{"name":"wp","href":"https:\/\/api.w.org\/{rel}","templated":true}]}}