{"id":1083,"date":"2024-09-04T11:16:56","date_gmt":"2024-09-04T03:16:56","guid":{"rendered":"https:\/\/www.key-iot.com\/?post_type=product&#038;p=1083"},"modified":"2024-09-11T15:09:55","modified_gmt":"2024-09-11T07:09:55","slug":"sg610-smart-pole-gateway","status":"publish","type":"product","link":"https:\/\/www.key-iot.com\/fr\/produit\/sg610-smart-pole-gateway\/","title":{"rendered":"SG610 Passerelle pour poteaux intelligents"},"content":{"rendered":"<h2 style=\"color: #20c997;\">Pr\u00e9sentation du SG610 : la solution ultime de passerelle pour poteaux intelligents<\/h2>\n<p>&nbsp;<\/p>\n<div id=\"attachment_1085\" style=\"width: 610px\" class=\"wp-caption aligncenter\"><img decoding=\"async\" aria-describedby=\"caption-attachment-1085\" class=\"wp-image-1085 size-full\" title=\"SG610 Passerelle pour poteaux intelligents\" src=\"https:\/\/www.key-iot.com\/wp-content\/uploads\/2024\/09\/1720091419698130.png\" alt=\"SG610 Passerelle pour poteaux intelligents\" width=\"600\" height=\"600\" srcset=\"https:\/\/www.key-iot.com\/wp-content\/uploads\/2024\/09\/1720091419698130.png 600w, https:\/\/www.key-iot.com\/wp-content\/uploads\/2024\/09\/1720091419698130-300x300.png 300w, https:\/\/www.key-iot.com\/wp-content\/uploads\/2024\/09\/1720091419698130-150x150.png 150w, https:\/\/www.key-iot.com\/wp-content\/uploads\/2024\/09\/1720091419698130-100x100.png 100w\" sizes=\"(max-width: 600px) 100vw, 600px\" \/><p id=\"caption-attachment-1085\" class=\"wp-caption-text\">SG610 Passerelle pour poteaux intelligents<\/p><\/div>\n<p>Ce dispositif de pointe est con\u00e7u pour r\u00e9volutionner l'infrastructure des villes intelligentes, en offrant une connectivit\u00e9 et une fonctionnalit\u00e9 in\u00e9gal\u00e9es pour les environnements urbains modernes. En tant qu'\u00e9l\u00e9ment cl\u00e9 de l'\u00e9cosyst\u00e8me Smart Pole Gateway, le SG610 repr\u00e9sente la prochaine g\u00e9n\u00e9ration de mat\u00e9riel urbain intelligent.<\/p>\n<h2 style=\"color: #20c997;\">Passerelle Smart Pole : Un nouveau paradigme dans la connectivit\u00e9 urbaine<\/h2>\n<p>La passerelle SG610 Smart Pole Gateway n'est pas un simple appareil, c'est une solution compl\u00e8te pour les initiatives de ville intelligente. En int\u00e9grant de multiples fonctions dans une unit\u00e9 unique et puissante, cette passerelle pour poteaux intelligents simplifie l'infrastructure urbaine tout en \u00e9tendant ses capacit\u00e9s. Le SG610 est le cerveau des installations de poteaux intelligents, g\u00e9rant un large \u00e9ventail de services et d'applications essentiels aux op\u00e9rations des villes modernes.<\/p>\n<h2 style=\"color: #20c997;\">Connectivit\u00e9 am\u00e9lior\u00e9e : Le c\u0153ur de la passerelle Smart Pole<\/h2>\n<div id=\"attachment_1090\" style=\"width: 1034px\" class=\"wp-caption aligncenter\"><img decoding=\"async\" aria-describedby=\"caption-attachment-1090\" class=\"wp-image-1090 size-large\" title=\"SG610 Passerelle pour poteaux intelligents\" src=\"https:\/\/www.key-iot.com\/wp-content\/uploads\/2024\/09\/20240615102015107-1024x556.png\" alt=\"4G Passerelle pour poteaux d&#039;\u00e9clairage public\" width=\"1024\" height=\"556\" srcset=\"https:\/\/www.key-iot.com\/wp-content\/uploads\/2024\/09\/20240615102015107-1024x556.png 1024w, https:\/\/www.key-iot.com\/wp-content\/uploads\/2024\/09\/20240615102015107-300x163.png 300w, https:\/\/www.key-iot.com\/wp-content\/uploads\/2024\/09\/20240615102015107-768x417.png 768w, https:\/\/www.key-iot.com\/wp-content\/uploads\/2024\/09\/20240615102015107-600x326.png 600w, https:\/\/www.key-iot.com\/wp-content\/uploads\/2024\/09\/20240615102015107.png 1247w\" sizes=\"(max-width: 1024px) 100vw, 1024px\" \/><p id=\"caption-attachment-1090\" class=\"wp-caption-text\">4G Passerelle pour poteaux d'\u00e9clairage public<\/p><\/div>\n<p>&nbsp;<\/p>\n<p>La passerelle SG610Smart Pole Gateway est con\u00e7ue pour offrir une connectivit\u00e9 transparente entre diff\u00e9rents protocoles et r\u00e9seaux :<br \/>\n4G LTE : Connectivit\u00e9 cellulaire \u00e0 haut d\u00e9bit pour une transmission fiable des donn\u00e9es<br \/>\nWi-Fi : Capacit\u00e9s de r\u00e9seau local sans fil (IEEE 802.11b\/g\/n)<br \/>\nEthernet : 8 ports LAN (10M\/100M\/1000M adaptatif MDI\/MDIX)<br \/>\nFibre optique : 2 emplacements Gigabit SFP pour une connectivit\u00e9 haute vitesse et longue distance<br \/>\nS\u00e9rie : 2 ports RS485 pour la communication d'appareils industriels<br \/>\nCette suite de connectivit\u00e9 polyvalente permet \u00e0 la passerelle Smart Pole de s'int\u00e9grer \u00e0 un large \u00e9ventail de syst\u00e8mes et de dispositifs urbains, des capteurs de trafic aux moniteurs environnementaux.<\/p>\n<h2 style=\"color: #20c997;\">Options d'interface \u00e9tendues : Un avantage pour la passerelle Smart Pole<\/h2>\n<p>La passerelle SG610 Smart Pole Gateway se distingue de ses pr\u00e9d\u00e9cesseurs de la s\u00e9rie SG600 en offrant deux interfaces de sortie suppl\u00e9mentaires. Ces options \u00e9largies offrent une plus grande flexibilit\u00e9 dans l'alimentation et la connexion de divers dispositifs de la ville intelligente :<br \/>\n3 sorties AC220V avec contr\u00f4le et mesure ind\u00e9pendants<br \/>\n4 sorties DC12V avec contr\u00f4le ind\u00e9pendant (max 70W au total)<br \/>\n1 sortie DC24V avec contr\u00f4le ind\u00e9pendant (max 40W)<br \/>\n2 interfaces de sortie de relais<br \/>\nCes interfaces suppl\u00e9mentaires font de la passerelle SG610 Smart Pole Gateway un choix id\u00e9al pour les d\u00e9ploiements complexes de villes intelligentes n\u00e9cessitant de multiples options d'alimentation et capacit\u00e9s de contr\u00f4le.<\/p>\n<div id=\"attachment_1087\" style=\"width: 610px\" class=\"wp-caption aligncenter\"><img decoding=\"async\" aria-describedby=\"caption-attachment-1087\" class=\"wp-image-1087 size-full\" title=\"SG610 Passerelle pour poteaux intelligents\" src=\"https:\/\/www.key-iot.com\/wp-content\/uploads\/2024\/09\/1720091420369597.png\" alt=\"SG610 Passerelle pour poteaux intelligents\" width=\"600\" height=\"600\" srcset=\"https:\/\/www.key-iot.com\/wp-content\/uploads\/2024\/09\/1720091420369597.png 600w, https:\/\/www.key-iot.com\/wp-content\/uploads\/2024\/09\/1720091420369597-300x300.png 300w, https:\/\/www.key-iot.com\/wp-content\/uploads\/2024\/09\/1720091420369597-150x150.png 150w, https:\/\/www.key-iot.com\/wp-content\/uploads\/2024\/09\/1720091420369597-100x100.png 100w\" sizes=\"(max-width: 600px) 100vw, 600px\" \/><p id=\"caption-attachment-1087\" class=\"wp-caption-text\">SG610 Passerelle pour poteaux intelligents<\/p><\/div>\n<p>&nbsp;<\/p>\n<h2 style=\"color: #20c997;\">Mat\u00e9riel robuste : con\u00e7u pour la fiabilit\u00e9 de la passerelle Smart Pole<\/h2>\n<p>La passerelle SG610 Smart Pole Gateway est con\u00e7ue pour r\u00e9sister aux d\u00e9fis d'un d\u00e9ploiement en ext\u00e9rieur tout en offrant des performances exceptionnelles :<br \/>\nM\u00e9moire : 512 MO<br \/>\nStockage : 4GB EMMC Flash<br \/>\nTemp\u00e9rature de fonctionnement : -35\u00b0C \u00e0 +75\u00b0C<br \/>\nNiveau de protection : IP30<br \/>\nCh\u00e2ssis enti\u00e8rement m\u00e9tallique pour une plus grande durabilit\u00e9<br \/>\nDimensions compactes : 295 x 120 x 70 mm<br \/>\nCette conception robuste garantit que la passerelle Smart Pole Gateway peut fonctionner de mani\u00e8re fiable dans divers environnements urbains, des centres-villes anim\u00e9s aux p\u00e9riph\u00e9ries \u00e9loign\u00e9es.<\/p>\n<h2 style=\"color: #20c997;\">Capacit\u00e9s logicielles avanc\u00e9es : L'intelligence de la passerelle Smart Pole<\/h2>\n<p>La passerelle SG610 Smart Pole Gateway fonctionne sur un syst\u00e8me d'exploitation bas\u00e9 sur Linux, fournissant une plateforme s\u00e9curis\u00e9e et flexible pour les applications de ville intelligente. Les principales caract\u00e9ristiques du logiciel sont les suivantes<br \/>\nPrise en charge de divers protocoles VPN (PPTP, L2TP, IPSEC, OPENVPN, GRE, GRETAP, Vxlan)<br \/>\nCompatibilit\u00e9 SNMP et Star Device Manager pour une gestion \u00e0 distance efficace<br \/>\nPare-feu et fonctions de s\u00e9curit\u00e9 pour se prot\u00e9ger contre les cyber-menaces<br \/>\nGestion de la qualit\u00e9 de service pour l'optimisation de la bande passante<br \/>\nCapacit\u00e9s de gestion et de surveillance du trafic<br \/>\nCes capacit\u00e9s logicielles garantissent que la passerelle Smart Pole Gateway peut s'adapter aux besoins \u00e9volutifs de l'infrastructure des villes intelligentes.<\/p>\n<h2 style=\"color: #20c997;\">Applications polyvalentes : La passerelle Smart Pole en action<\/h2>\n<p>La passerelle SG610 Smart Pole Gateway est con\u00e7ue pour prendre en charge un large \u00e9ventail de cas d'utilisation de la ville intelligente :<br \/>\nContr\u00f4le intelligent de l'\u00e9clairage<br \/>\n\u00c9clairage public adaptatif en fonction des conditions environnementales<br \/>\nContr\u00f4le et optimisation de la consommation d'\u00e9nergie<br \/>\nSurveillance de l'environnement<br \/>\nSurveillance de la qualit\u00e9 de l'air et du niveau de bruit<br \/>\nCollecte de donn\u00e9es m\u00e9t\u00e9orologiques pour les pr\u00e9visions hyperlocales<br \/>\nGestion du trafic<br \/>\nSurveillance et analyse des flux de trafic en temps r\u00e9el<br \/>\nContr\u00f4le adaptatif des feux de circulation<br \/>\nS\u00e9curit\u00e9 publique<br \/>\nVid\u00e9osurveillance avec analyse aliment\u00e9e par l'IA<br \/>\nInt\u00e9gration des syst\u00e8mes d'appel d'urgence<br \/>\nSignalisation num\u00e9rique et \u00e9crans d'information<br \/>\nInformation dynamique sur l'orientation et les transports publics<br \/>\nAlertes d'urgence et messages d'int\u00e9r\u00eat g\u00e9n\u00e9ral<br \/>\nInfrastructure de recharge des VE<br \/>\nGestion intelligente des stations de recharge<br \/>\n\u00c9quilibrage des charges et traitement des paiements<br \/>\nGestion des d\u00e9chets<br \/>\nContr\u00f4le intelligent du niveau de remplissage de la poubelle<br \/>\nPlanification optimis\u00e9e des itin\u00e9raires de collecte des d\u00e9chets<br \/>\nWi-Fi public et d\u00e9lestage cellulaire<br \/>\nAcc\u00e8s \u00e0 l'internet \u00e0 haut d\u00e9bit pour les citoyens<br \/>\nTransfert transparent entre les r\u00e9seaux Wi-Fi et cellulaires<\/p>\n<div id=\"attachment_1086\" style=\"width: 610px\" class=\"wp-caption aligncenter\"><img decoding=\"async\" aria-describedby=\"caption-attachment-1086\" class=\"wp-image-1086 size-full\" title=\"SG610 Passerelle pour poteaux intelligents\" src=\"https:\/\/www.key-iot.com\/wp-content\/uploads\/2024\/09\/1720091420108779.png\" alt=\"SG610 Passerelle pour poteaux intelligents\" width=\"600\" height=\"600\" srcset=\"https:\/\/www.key-iot.com\/wp-content\/uploads\/2024\/09\/1720091420108779.png 600w, https:\/\/www.key-iot.com\/wp-content\/uploads\/2024\/09\/1720091420108779-300x300.png 300w, https:\/\/www.key-iot.com\/wp-content\/uploads\/2024\/09\/1720091420108779-150x150.png 150w, https:\/\/www.key-iot.com\/wp-content\/uploads\/2024\/09\/1720091420108779-100x100.png 100w\" sizes=\"(max-width: 600px) 100vw, 600px\" \/><p id=\"caption-attachment-1086\" class=\"wp-caption-text\">SG610 Passerelle pour poteaux intelligents<\/p><\/div>\n<p>&nbsp;<\/p>\n<h2 style=\"color: #20c997;\">Passerelle pour poteaux intelligents : \u00c0 l'\u00e9preuve du temps et \u00e9volutive<\/h2>\n<p>La passerelle SG610 Smart Pole Gateway a \u00e9t\u00e9 con\u00e7ue dans un souci d'\u00e9volutivit\u00e9 et d'expansion future. Son architecture modulaire permet des mises \u00e0 niveau faciles et l'ajout de nouvelles capacit\u00e9s au fur et \u00e0 mesure de l'\u00e9volution des technologies de la ville intelligente. Cela garantit que les investissements dans l'infrastructure Smart Pole Gateway restent utiles et pertinents pour les ann\u00e9es \u00e0 venir.<\/p>\n<h2 style=\"color: #20c997;\">Gestion compl\u00e8te : Centre de contr\u00f4le de la passerelle Smart Pole<\/h2>\n<p>Pour compl\u00e9ter le mat\u00e9riel SG610, une puissante plateforme de gestion bas\u00e9e sur le cloud est fournie. Cette interface intuitive permet aux administrateurs municipaux de :<br \/>\nSurveiller l'\u00e9tat de sant\u00e9 et le statut de tous les dispositifs Smart Pole Gateway d\u00e9ploy\u00e9s<br \/>\nConfigurer et mettre \u00e0 jour les appareils \u00e0 distance<br \/>\nAnalyser les donn\u00e9es provenant de capteurs et de syst\u00e8mes connect\u00e9s<br \/>\nProduire des rapports sur les indicateurs cl\u00e9s de performance<br \/>\nMise en place d'alertes et de notifications automatis\u00e9es<br \/>\nL'architecture ouverte de la plateforme permet \u00e9galement l'int\u00e9gration avec les syst\u00e8mes de gestion de la ville existants, ce qui garantit un flux de donn\u00e9es transparent entre les diff\u00e9rents services et parties prenantes.<\/p>\n<div id=\"attachment_1094\" style=\"width: 1034px\" class=\"wp-caption alignnone\"><img decoding=\"async\" aria-describedby=\"caption-attachment-1094\" class=\"wp-image-1094 size-large\" title=\"Passerelle Smart Pole\" src=\"https:\/\/www.key-iot.com\/wp-content\/uploads\/2024\/09\/20240615101145571-1024x556.png\" alt=\"Passerelle Smart Pole\" width=\"1024\" height=\"556\" srcset=\"https:\/\/www.key-iot.com\/wp-content\/uploads\/2024\/09\/20240615101145571-1024x556.png 1024w, https:\/\/www.key-iot.com\/wp-content\/uploads\/2024\/09\/20240615101145571-300x163.png 300w, https:\/\/www.key-iot.com\/wp-content\/uploads\/2024\/09\/20240615101145571-768x417.png 768w, https:\/\/www.key-iot.com\/wp-content\/uploads\/2024\/09\/20240615101145571-600x326.png 600w, https:\/\/www.key-iot.com\/wp-content\/uploads\/2024\/09\/20240615101145571.png 1247w\" sizes=\"(max-width: 1024px) 100vw, 1024px\" \/><p id=\"caption-attachment-1094\" class=\"wp-caption-text\">Passerelle Smart Pole<\/p><\/div>\n<p>&nbsp;<\/p>\n<h2 style=\"color: #20c997;\">Efficacit\u00e9 \u00e9nerg\u00e9tique : Une priorit\u00e9 de la passerelle Smart Pole<\/h2>\n<p>La passerelle SG610 Smart Pole Gateway a \u00e9t\u00e9 con\u00e7ue dans un souci d'efficacit\u00e9 \u00e9nerg\u00e9tique, afin d'aider les villes \u00e0 r\u00e9duire leur empreinte carbone et leurs co\u00fbts d'exploitation :<br \/>\nFonctions avanc\u00e9es de gestion de l'\u00e9nergie pour une consommation optimale<br \/>\nSoutien \u00e0 l'int\u00e9gration des sources d'\u00e9nergie renouvelables<br \/>\nCapacit\u00e9s de comptage intelligent pour un suivi pr\u00e9cis de la consommation d'\u00e9nergie<\/p>\n<h2 style=\"color: #20c997;\">S\u00e9curit\u00e9 robuste : Prot\u00e9ger le r\u00e9seau de passerelles des p\u00f4les intelligents<\/h2>\n<p>La s\u00e9curit\u00e9 est primordiale dans les d\u00e9ploiements de villes intelligentes, et la passerelle SG610 Smart Pole Gateway int\u00e8gre plusieurs couches de protection :<br \/>\nPare-feu avec surveillance des paquets \u00e0 l'\u00e9tat complet (SPI)<br \/>\nD\u00e9fense contre les attaques par d\u00e9ni de service (DoS)<br \/>\nListes de contr\u00f4le d'acc\u00e8s (ACL) et filtrage des URL de contenu<br \/>\nPrise en charge du VPN IPsec\/L2TP\/PPTP\/GRE\/OPEN VPN<br \/>\nGestion des certificats de l'autorit\u00e9 de certification<\/p>\n<h2 style=\"color: #20c997;\">Installation et maintenance faciles : Simplicit\u00e9 de la passerelle Smart Pole<\/h2>\n<p>La passerelle SG610 Smart Pole Gateway est con\u00e7ue pour un d\u00e9ploiement rapide et facile, minimisant les perturbations dans les environnements urbains :<br \/>\nPlusieurs options d'installation : bureau, rail ou montage mural<br \/>\nInstallation plug-and-play avec configuration automatique du r\u00e9seau<br \/>\nDiagnostics int\u00e9gr\u00e9s et capacit\u00e9s d'autor\u00e9paration<br \/>\nOptions de gestion et de configuration \u00e0 distance<\/p>\n<h2 style=\"color: #20c997;\">Conformit\u00e9 et certifications : Normes de la passerelle Smart Pole<\/h2>\n<p>La passerelle SG610 Smart Pole Gateway respecte ou d\u00e9passe toutes les normes et certifications industrielles pertinentes :<br \/>\nConforme \u00e0 la CCC<br \/>\nConforme \u00e0 la directive RoHS<br \/>\nMTBF \u2265 100 000 heures<\/p>\n<h2 style=\"color: #20c997;\">Conclusion : Renforcer les villes intelligentes avec la passerelle SG610 Smart Pole Gateway<\/h2>\n<p>La passerelle SG610 Smart Pole Gateway repr\u00e9sente une avanc\u00e9e significative dans la technologie des villes intelligentes. En combinant des capacit\u00e9s mat\u00e9rielles avanc\u00e9es, des options de connectivit\u00e9 polyvalentes et une plateforme logicielle puissante, elle fournit aux municipalit\u00e9s les outils dont elles ont besoin pour cr\u00e9er des environnements urbains plus efficaces, plus durables et plus agr\u00e9ables \u00e0 vivre.<\/p>","protected":false},"excerpt":{"rendered":"<h3>[tp_attributes num_attributes=\"6\"]<\/h3>\n<h3>Product Description Download<\/h3>\n[showpdf url=\"\/wp-content\/uploads\/2024\/09\/20240615100959210.pdf\" name=\"Technical Specification SG610 4G Street Light Pole Gateway\" collapse=\"false\" ]\n<p>&nbsp;<\/p>\n<p>&nbsp;<\/p>\n<p>&nbsp;<\/p>\n<p>&nbsp;<\/p>\n","protected":false},"featured_media":1502,"comment_status":"open","ping_status":"closed","template":"","meta":{"themepark_post_bcolor":"#f5f5f5","themepark_post_width":"1022px","themepark_post_img":"","themepark_post_img_po":"left","themepark_post_img_re":false,"themepark_post_img_cover":false,"themepark_post_img_fixed":false,"themepark_post_hide_title":false,"themepark_post_main_b":"","themepark_post_main_p":100,"themepark_paddingblock":false},"product_cat":[44],"product_tag":[],"class_list":{"0":"post-1083","1":"product","2":"type-product","3":"status-publish","4":"has-post-thumbnail","6":"product_cat-industrial-iot-gateway","8":"first","9":"instock","10":"shipping-taxable","11":"product-type-simple"},"yoast_head":"<!-- This site is optimized with the Yoast SEO plugin v23.7 - https:\/\/yoast.com\/wordpress\/plugins\/seo\/ -->\n<title>SG610 Smart Pole Gateway - KEY-IOT<\/title>\n<meta name=\"robots\" content=\"index, follow, max-snippet:-1, max-image-preview:large, max-video-preview:-1\" \/>\n<link rel=\"canonical\" href=\"https:\/\/www.key-iot.com\/fr\/produit\/sg610-smart-pole-gateway\/\" \/>\n<meta property=\"og:locale\" content=\"fr_FR\" \/>\n<meta property=\"og:type\" content=\"article\" \/>\n<meta property=\"og:title\" content=\"SG610 Smart Pole Gateway - KEY-IOT\" \/>\n<meta property=\"og:description\" content=\"Product Description Download   &nbsp;  &nbsp;  &nbsp;  &nbsp;\" \/>\n<meta property=\"og:url\" content=\"https:\/\/www.key-iot.com\/fr\/produit\/sg610-smart-pole-gateway\/\" \/>\n<meta property=\"og:site_name\" content=\"KEY-IOT\" \/>\n<meta property=\"article:modified_time\" content=\"2024-09-11T07:09:55+00:00\" \/>\n<meta property=\"og:image\" content=\"https:\/\/www.key-iot.com\/wp-content\/uploads\/2024\/09\/\u5934\u56fe-20.jpg\" \/>\n\t<meta property=\"og:image:width\" content=\"414\" \/>\n\t<meta property=\"og:image:height\" content=\"414\" \/>\n\t<meta property=\"og:image:type\" content=\"image\/jpeg\" \/>\n<meta name=\"twitter:card\" content=\"summary_large_image\" \/>\n<meta name=\"twitter:label1\" content=\"Dur\u00e9e de lecture estim\u00e9e\" \/>\n\t<meta name=\"twitter:data1\" content=\"5 minutes\" \/>\n<script type=\"application\/ld+json\" class=\"yoast-schema-graph\">{\"@context\":\"https:\/\/schema.org\",\"@graph\":[{\"@type\":\"WebPage\",\"@id\":\"https:\/\/www.key-iot.com\/product\/sg610-smart-pole-gateway\/\",\"url\":\"https:\/\/www.key-iot.com\/product\/sg610-smart-pole-gateway\/\",\"name\":\"SG610 Smart Pole Gateway - KEY-IOT\",\"isPartOf\":{\"@id\":\"https:\/\/www.key-iot.com\/#website\"},\"primaryImageOfPage\":{\"@id\":\"https:\/\/www.key-iot.com\/product\/sg610-smart-pole-gateway\/#primaryimage\"},\"image\":{\"@id\":\"https:\/\/www.key-iot.com\/product\/sg610-smart-pole-gateway\/#primaryimage\"},\"thumbnailUrl\":\"https:\/\/www.key-iot.com\/wp-content\/uploads\/2024\/09\/\u5934\u56fe-20.jpg\",\"datePublished\":\"2024-09-04T03:16:56+00:00\",\"dateModified\":\"2024-09-11T07:09:55+00:00\",\"breadcrumb\":{\"@id\":\"https:\/\/www.key-iot.com\/product\/sg610-smart-pole-gateway\/#breadcrumb\"},\"inLanguage\":\"fr-FR\",\"potentialAction\":[{\"@type\":\"ReadAction\",\"target\":[\"https:\/\/www.key-iot.com\/product\/sg610-smart-pole-gateway\/\"]}]},{\"@type\":\"ImageObject\",\"inLanguage\":\"fr-FR\",\"@id\":\"https:\/\/www.key-iot.com\/product\/sg610-smart-pole-gateway\/#primaryimage\",\"url\":\"https:\/\/www.key-iot.com\/wp-content\/uploads\/2024\/09\/\u5934\u56fe-20.jpg\",\"contentUrl\":\"https:\/\/www.key-iot.com\/wp-content\/uploads\/2024\/09\/\u5934\u56fe-20.jpg\",\"width\":414,\"height\":414,\"caption\":\"SG610 Smart Pole Gateway\"},{\"@type\":\"BreadcrumbList\",\"@id\":\"https:\/\/www.key-iot.com\/product\/sg610-smart-pole-gateway\/#breadcrumb\",\"itemListElement\":[{\"@type\":\"ListItem\",\"position\":1,\"name\":\"Home\",\"item\":\"https:\/\/www.key-iot.com\/\"},{\"@type\":\"ListItem\",\"position\":2,\"name\":\"shop\",\"item\":\"https:\/\/www.key-iot.com\/shop\/\"},{\"@type\":\"ListItem\",\"position\":3,\"name\":\"SG610 Smart Pole Gateway\"}]},{\"@type\":\"WebSite\",\"@id\":\"https:\/\/www.key-iot.com\/#website\",\"url\":\"https:\/\/www.key-iot.com\/\",\"name\":\"KEY-IOT\",\"description\":\"Industrial Cellular Routers\/ IoT Gateway\",\"potentialAction\":[{\"@type\":\"SearchAction\",\"target\":{\"@type\":\"EntryPoint\",\"urlTemplate\":\"https:\/\/www.key-iot.com\/?s={search_term_string}\"},\"query-input\":{\"@type\":\"PropertyValueSpecification\",\"valueRequired\":true,\"valueName\":\"search_term_string\"}}],\"inLanguage\":\"fr-FR\"}]}<\/script>\n<!-- \/ Yoast SEO plugin. -->","yoast_head_json":{"title":"SG610 Passerelle pour poteaux intelligents - KEY-IOT","robots":{"index":"index","follow":"follow","max-snippet":"max-snippet:-1","max-image-preview":"max-image-preview:large","max-video-preview":"max-video-preview:-1"},"canonical":"https:\/\/www.key-iot.com\/fr\/produit\/sg610-smart-pole-gateway\/","og_locale":"fr_FR","og_type":"article","og_title":"SG610 Smart Pole Gateway - KEY-IOT","og_description":"Product Description Download   &nbsp;  &nbsp;  &nbsp;  &nbsp;","og_url":"https:\/\/www.key-iot.com\/fr\/produit\/sg610-smart-pole-gateway\/","og_site_name":"KEY-IOT","article_modified_time":"2024-09-11T07:09:55+00:00","og_image":[{"width":414,"height":414,"url":"https:\/\/www.key-iot.com\/wp-content\/uploads\/2024\/09\/\u5934\u56fe-20.jpg","type":"image\/jpeg"}],"twitter_card":"summary_large_image","twitter_misc":{"Dur\u00e9e de lecture estim\u00e9e":"5 minutes"},"schema":{"@context":"https:\/\/schema.org","@graph":[{"@type":"WebPage","@id":"https:\/\/www.key-iot.com\/product\/sg610-smart-pole-gateway\/","url":"https:\/\/www.key-iot.com\/product\/sg610-smart-pole-gateway\/","name":"SG610 Passerelle pour poteaux intelligents - KEY-IOT","isPartOf":{"@id":"https:\/\/www.key-iot.com\/#website"},"primaryImageOfPage":{"@id":"https:\/\/www.key-iot.com\/product\/sg610-smart-pole-gateway\/#primaryimage"},"image":{"@id":"https:\/\/www.key-iot.com\/product\/sg610-smart-pole-gateway\/#primaryimage"},"thumbnailUrl":"https:\/\/www.key-iot.com\/wp-content\/uploads\/2024\/09\/\u5934\u56fe-20.jpg","datePublished":"2024-09-04T03:16:56+00:00","dateModified":"2024-09-11T07:09:55+00:00","breadcrumb":{"@id":"https:\/\/www.key-iot.com\/product\/sg610-smart-pole-gateway\/#breadcrumb"},"inLanguage":"fr-FR","potentialAction":[{"@type":"ReadAction","target":["https:\/\/www.key-iot.com\/product\/sg610-smart-pole-gateway\/"]}]},{"@type":"ImageObject","inLanguage":"fr-FR","@id":"https:\/\/www.key-iot.com\/product\/sg610-smart-pole-gateway\/#primaryimage","url":"https:\/\/www.key-iot.com\/wp-content\/uploads\/2024\/09\/\u5934\u56fe-20.jpg","contentUrl":"https:\/\/www.key-iot.com\/wp-content\/uploads\/2024\/09\/\u5934\u56fe-20.jpg","width":414,"height":414,"caption":"SG610 Smart Pole Gateway"},{"@type":"BreadcrumbList","@id":"https:\/\/www.key-iot.com\/product\/sg610-smart-pole-gateway\/#breadcrumb","itemListElement":[{"@type":"ListItem","position":1,"name":"Home","item":"https:\/\/www.key-iot.com\/"},{"@type":"ListItem","position":2,"name":"shop","item":"https:\/\/www.key-iot.com\/shop\/"},{"@type":"ListItem","position":3,"name":"SG610 Smart Pole Gateway"}]},{"@type":"WebSite","@id":"https:\/\/www.key-iot.com\/#website","url":"https:\/\/www.key-iot.com\/","name":"KEY-IOT","description":"Routeurs cellulaires industriels\/ Passerelle IoT","potentialAction":[{"@type":"SearchAction","target":{"@type":"EntryPoint","urlTemplate":"https:\/\/www.key-iot.com\/?s={search_term_string}"},"query-input":{"@type":"PropertyValueSpecification","valueRequired":true,"valueName":"search_term_string"}}],"inLanguage":"fr-FR"}]}},"_links":{"self":[{"href":"https:\/\/www.key-iot.com\/fr\/wp-json\/wp\/v2\/product\/1083","targetHints":{"allow":["GET"]}}],"collection":[{"href":"https:\/\/www.key-iot.com\/fr\/wp-json\/wp\/v2\/product"}],"about":[{"href":"https:\/\/www.key-iot.com\/fr\/wp-json\/wp\/v2\/types\/product"}],"replies":[{"embeddable":true,"href":"https:\/\/www.key-iot.com\/fr\/wp-json\/wp\/v2\/comments?post=1083"}],"wp:featuredmedia":[{"embeddable":true,"href":"https:\/\/www.key-iot.com\/fr\/wp-json\/wp\/v2\/media\/1502"}],"wp:attachment":[{"href":"https:\/\/www.key-iot.com\/fr\/wp-json\/wp\/v2\/media?parent=1083"}],"wp:term":[{"taxonomy":"product_cat","embeddable":true,"href":"https:\/\/www.key-iot.com\/fr\/wp-json\/wp\/v2\/product_cat?post=1083"},{"taxonomy":"product_tag","embeddable":true,"href":"https:\/\/www.key-iot.com\/fr\/wp-json\/wp\/v2\/product_tag?post=1083"}],"curies":[{"name":"wp","href":"https:\/\/api.w.org\/{rel}","templated":true}]}}