{"id":1063,"date":"2024-09-04T10:21:19","date_gmt":"2024-09-04T02:21:19","guid":{"rendered":"https:\/\/www.key-iot.com\/?post_type=product&#038;p=1063"},"modified":"2024-09-12T17:02:13","modified_gmt":"2024-09-12T09:02:13","slug":"sg600-4g-smart-pole-gateway","status":"publish","type":"product","link":"https:\/\/www.key-iot.com\/fr\/produit\/sg600-4g-smart-pole-gateway\/","title":{"rendered":"Passerelle pour poteaux intelligents SG600 4G"},"content":{"rendered":"<div id=\"attachment_1064\" style=\"width: 505px\" class=\"wp-caption aligncenter\"><img decoding=\"async\" aria-describedby=\"caption-attachment-1064\" class=\"wp-image-1064\" title=\"passerelle pour poteaux intelligents\" src=\"https:\/\/www.key-iot.com\/wp-content\/uploads\/2024\/09\/20240615074806981.png\" alt=\"passerelle pour poteaux intelligents\" width=\"495\" height=\"495\" srcset=\"https:\/\/www.key-iot.com\/wp-content\/uploads\/2024\/09\/20240615074806981.png 600w, https:\/\/www.key-iot.com\/wp-content\/uploads\/2024\/09\/20240615074806981-300x300.png 300w, https:\/\/www.key-iot.com\/wp-content\/uploads\/2024\/09\/20240615074806981-150x150.png 150w, https:\/\/www.key-iot.com\/wp-content\/uploads\/2024\/09\/20240615074806981-100x100.png 100w\" sizes=\"(max-width: 495px) 100vw, 495px\" \/><p id=\"caption-attachment-1064\" class=\"wp-caption-text\">passerelle pour poteaux intelligents<\/p><\/div>\n<h2 style=\"color: #20c997;\">Caract\u00e9ristiques principales<\/h2>\n<p>8 ports Ethernet pour une connectivit\u00e9 sans faille<br \/>\nTopologie du r\u00e9seau en anneau main dans la main<br \/>\nSTP2 Interface de sortie \u00e0 double relais<br \/>\nConnectivit\u00e9 au nuage pour la gestion \u00e0 distance<br \/>\nConception industrielle pour les environnements difficiles<br \/>\nSupport VPN complet<br \/>\nSyst\u00e8me Linux pour le d\u00e9veloppement personnalis\u00e9<\/p>\n<h2 style=\"color: #20c997;\">Options de connectivit\u00e9 in\u00e9gal\u00e9es<\/h2>\n<p>Le SR600 dispose d'une gamme impressionnante d'options de connectivit\u00e9 :<br \/>\n8 ports Ethernet : Supporte 10\/100Mbps adaptatif MDI\/MDIX<br \/>\nModule 4G LTE : De qualit\u00e9 industrielle, prenant en charge les r\u00e9seaux \u00e0 sept modes<br \/>\nWi-Fi (en option) : 2.4G 802.11b\/g\/n avec des vitesses allant jusqu'\u00e0 150Mbps<br \/>\n1 Port WAN : Pour la connexion internet principale<br \/>\n1 emplacement pour carte SIM : Type de tiroir, compatible avec les cartes SIM\/UIM de 1,8V\/3V<br \/>\n2 ports d'antenne : Pour la connectivit\u00e9 3G\/4G (interface SMA femelle)<br \/>\n1 Port d'antenne Wi-Fi : 2.4G (interface SMA m\u00e2le)<br \/>\n1 port console : connecteur \u00e0 5 broches au pas de 3,5 mm (1 RS232\/1 RS485)<\/p>\n<div id=\"attachment_1072\" style=\"width: 1034px\" class=\"wp-caption aligncenter\"><img decoding=\"async\" aria-describedby=\"caption-attachment-1072\" class=\"wp-image-1072 size-large\" title=\"Passerelle pour poteaux intelligents SG600 4G\" src=\"https:\/\/www.key-iot.com\/wp-content\/uploads\/2024\/09\/20240615075508288-1024x556.png\" alt=\"Passerelle pour poteaux intelligents SG600 4G\" width=\"1024\" height=\"556\" srcset=\"https:\/\/www.key-iot.com\/wp-content\/uploads\/2024\/09\/20240615075508288-1024x556.png 1024w, https:\/\/www.key-iot.com\/wp-content\/uploads\/2024\/09\/20240615075508288-300x163.png 300w, https:\/\/www.key-iot.com\/wp-content\/uploads\/2024\/09\/20240615075508288-768x417.png 768w, https:\/\/www.key-iot.com\/wp-content\/uploads\/2024\/09\/20240615075508288-600x326.png 600w, https:\/\/www.key-iot.com\/wp-content\/uploads\/2024\/09\/20240615075508288.png 1247w\" sizes=\"(max-width: 1024px) 100vw, 1024px\" \/><p id=\"caption-attachment-1072\" class=\"wp-caption-text\">Passerelle pour poteaux intelligents SG600 4G<\/p><\/div>\n<p>&nbsp;<\/p>\n<h2 style=\"color: #20c997;\">Capacit\u00e9s avanc\u00e9es de mise en r\u00e9seau<\/h2>\n<p>R\u00e9seau en anneau \"main dans la main\" : Assure la r\u00e9silience du r\u00e9seau et la tol\u00e9rance aux pannes<br \/>\nSTP2 Double sortie relais : Pour les applications de contr\u00f4le industriel<br \/>\nConnectivit\u00e9 au nuage : Int\u00e9gration transparente avec la plateforme StarLink STAR DEVICE MANAGER<br \/>\nSupport VPN : PPTP, L2TP, IPsec, OpenVPN, GRE, GRETAP, Vxlan<br \/>\nGestion de la qualit\u00e9 de service : Limitation de la bande passante et du d\u00e9bit IP<br \/>\nPrise en charge SNMP : v1\/v2\/v3 avec fonctionnalit\u00e9 TRAP<\/p>\n<h2 style=\"color: #20c997;\">Fonctionnalit\u00e9s de s\u00e9curit\u00e9 robustes<\/h2>\n<p>Pare-feu : Inspection compl\u00e8te des paquets (SPI)<br \/>\nProtection DDoS : Pr\u00e9vient les attaques par d\u00e9ni de service<br \/>\nListes de contr\u00f4le d'acc\u00e8s (ACL) : Pour un contr\u00f4le granulaire du r\u00e9seau<br \/>\nFiltrage des URL de contenu : Restreindre l'acc\u00e8s \u00e0 des sites web sp\u00e9cifiques<br \/>\nVPN IPsec : acc\u00e8s \u00e0 distance et connexions site \u00e0 site s\u00e9curis\u00e9s<br \/>\nAuthentification WPA\/WPA2 : Pour la s\u00e9curit\u00e9 Wi-Fi (fonction optionnelle)<\/p>\n<p>&nbsp;<\/p>\n<div id=\"attachment_1068\" style=\"width: 563px\" class=\"wp-caption aligncenter\"><img decoding=\"async\" aria-describedby=\"caption-attachment-1068\" class=\"wp-image-1068\" title=\"Passerelle pour poteaux intelligents SG600 4G\" src=\"https:\/\/www.key-iot.com\/wp-content\/uploads\/2024\/09\/1720091282318509.png\" alt=\"Passerelle pour poteaux intelligents SG600 4G\" width=\"553\" height=\"553\" srcset=\"https:\/\/www.key-iot.com\/wp-content\/uploads\/2024\/09\/1720091282318509.png 600w, https:\/\/www.key-iot.com\/wp-content\/uploads\/2024\/09\/1720091282318509-300x300.png 300w, https:\/\/www.key-iot.com\/wp-content\/uploads\/2024\/09\/1720091282318509-150x150.png 150w, https:\/\/www.key-iot.com\/wp-content\/uploads\/2024\/09\/1720091282318509-100x100.png 100w\" sizes=\"(max-width: 553px) 100vw, 553px\" \/><p id=\"caption-attachment-1068\" class=\"wp-caption-text\">Passerelle pour poteaux intelligents SG600 4G<\/p><\/div>\n<p>&nbsp;<\/p>\n<h2 style=\"color: #20c997;\">Fiabilit\u00e9 de niveau industriel<\/h2>\n<p>Temp\u00e9rature de fonctionnement : -35\u00b0C \u00e0 +75\u00b0C (-31\u00b0F \u00e0 +167\u00b0F)<br \/>\nIndice de protection IP30 : Bo\u00eetier r\u00e9sistant \u00e0 la poussi\u00e8re<br \/>\nEntr\u00e9e d'alimentation : Large gamme de DC 5-36V (extensible \u00e0 5-60V)<br \/>\nCaract\u00e9ristiques de s\u00e9curit\u00e9 : Protection contre l'inversion de polarit\u00e9, la surtension et la surintensit\u00e9<br \/>\nMTBF : \u2265100 000 heures pour une fiabilit\u00e9 \u00e0 long terme<\/p>\n<h2 style=\"color: #20c997;\">Gestion et personnalisation ais\u00e9es<\/h2>\n<p>Configuration bas\u00e9e sur le Web : Interface conviviale pour la configuration de l'appareil<br \/>\nMises \u00e0 jour FOTA : Mises \u00e0 jour du micrologiciel par voie hertzienne<br \/>\nSyst\u00e8me Linux : Facilite le d\u00e9veloppement personnalis\u00e9<br \/>\nSDK complet : Pour des applications et des int\u00e9grations sur mesure<\/p>\n<h2 style=\"color: #20c997;\">Sp\u00e9cifications techniques<\/h2>\n<p>M\u00e9moire : 128 Mo<br \/>\nM\u00e9moire flash : 16 Mo (extensible \u00e0 32 Mo)<br \/>\nDimensions : 150 x 90 x 28mm (sans les antennes)<br \/>\nPoids : 0,35 kg (net, sans accessoires)<br \/>\nCertifications : CCC, conforme \u00e0 la directive RoHS<\/p>\n<h2 style=\"color: #20c997;\">Protocoles pris en charge<\/h2>\n<p>Acc\u00e8s au r\u00e9seau : APN VPDN<br \/>\nAuthentification : CHAP\/PAP<br \/>\nLAN : ARP, Ethernet<br \/>\nWAN : IP statique, DHCP, PPPoE, PPP<br \/>\nApplications IP : Ping, Trace, Serveur\/Relais\/Client DHCP, Relais DNS, DDNS, Telnet<br \/>\nRoutage : Prise en charge du routage statique et dynamique<\/p>\n<h2 style=\"color: #20c997;\">Sc\u00e9nario d'utilisation : Automatisation d'une usine intelligente<\/h2>\n<div id=\"attachment_1073\" style=\"width: 1034px\" class=\"wp-caption aligncenter\"><img decoding=\"async\" aria-describedby=\"caption-attachment-1073\" class=\"wp-image-1073 size-large\" title=\"Passerelle pour poteaux intelligents SG600 4G\" src=\"https:\/\/www.key-iot.com\/wp-content\/uploads\/2024\/09\/20240615075417697-1024x556.png\" alt=\"Passerelle pour poteaux intelligents SG600 4G\" width=\"1024\" height=\"556\" srcset=\"https:\/\/www.key-iot.com\/wp-content\/uploads\/2024\/09\/20240615075417697-1024x556.png 1024w, https:\/\/www.key-iot.com\/wp-content\/uploads\/2024\/09\/20240615075417697-300x163.png 300w, https:\/\/www.key-iot.com\/wp-content\/uploads\/2024\/09\/20240615075417697-768x417.png 768w, https:\/\/www.key-iot.com\/wp-content\/uploads\/2024\/09\/20240615075417697-600x326.png 600w, https:\/\/www.key-iot.com\/wp-content\/uploads\/2024\/09\/20240615075417697.png 1247w\" sizes=\"(max-width: 1024px) 100vw, 1024px\" \/><p id=\"caption-attachment-1073\" class=\"wp-caption-text\">Passerelle pour poteaux intelligents SG600 4G<\/p><\/div>\n<p>&nbsp;<\/p>\n<p>Imaginez une grande usine de fabrication mettant en \u0153uvre les principes de l'industrie 4.0. Le routeur 4G multiport SR600 sert de hub central pour connecter diverses machines industrielles, des capteurs et des syst\u00e8mes de contr\u00f4le. Ses 8 ports Ethernet permettent des connexions directes \u00e0 plusieurs automates, IHM et ordinateurs industriels, tandis que la connectivit\u00e9 4G assure la transmission des donn\u00e9es en temps r\u00e9el vers des plateformes d'analyse bas\u00e9es sur le cloud.<br \/>\nLa topologie du r\u00e9seau en anneau main dans la main cr\u00e9e une infrastructure r\u00e9seau r\u00e9siliente, minimisant les temps d'arr\u00eat en cas de d\u00e9faillance des c\u00e2bles. L'interface STP2 \u00e0 double sortie relais permet au SR600 de contr\u00f4ler directement des \u00e9quipements industriels en fonction de conditions pr\u00e9d\u00e9finies ou de commandes \u00e0 distance.<br \/>\nGr\u00e2ce \u00e0 sa prise en charge VPN robuste, les directeurs d'usine peuvent acc\u00e9der en toute s\u00e9curit\u00e9 aux donn\u00e9es de production et les surveiller depuis n'importe o\u00f9 dans le monde. La fonction de connectivit\u00e9 au cloud facilite l'int\u00e9gration transparente avec l'\u00e9cosyst\u00e8me IoT existant de l'entreprise, permettant la maintenance pr\u00e9dictive, le contr\u00f4le de la qualit\u00e9 et l'optimisation de l'efficacit\u00e9 globale des \u00e9quipements (OEE).<br \/>\nLa conception industrielle du SR600 garantit un fonctionnement fiable, m\u00eame dans des environnements industriels difficiles, avec des temp\u00e9ratures extr\u00eames, de la poussi\u00e8re et des interf\u00e9rences \u00e9lectromagn\u00e9tiques. Il s'agit donc d'un choix id\u00e9al pour un d\u00e9ploiement \u00e0 long terme dans des sc\u00e9narios de fabrication intelligente, favorisant l'efficacit\u00e9 et l'innovation dans les processus industriels.<\/p>\n<h2 style=\"color: #20c997;\">Conclusion<\/h2>\n<p>Le routeur 4G multiport SR600 est une passerelle IoT industrielle polyvalente et puissante qui associe des options de connectivit\u00e9 avanc\u00e9es \u00e0 des fonctions de s\u00e9curit\u00e9 robustes. Sa conception de qualit\u00e9 industrielle, sa prise en charge \u00e9tendue des protocoles et ses capacit\u00e9s de personnalisation en font le choix id\u00e9al pour les entreprises qui cherchent \u00e0 mettre en \u0153uvre des solutions IoT de pointe dans des environnements difficiles. Qu'il s'agisse d'automatiser une usine intelligente, de g\u00e9rer des actifs distants ou de construire un r\u00e9seau industriel r\u00e9silient, la SR600 offre les performances, la fiabilit\u00e9 et la flexibilit\u00e9 dont vous avez besoin pour r\u00e9ussir \u00e0 l'\u00e8re num\u00e9rique.<\/p>","protected":false},"excerpt":{"rendered":"<h3>[tp_attributes num_attributes=\"6\"]<\/h3>\n<h3>Product Description Download<\/h3>\n[showpdf url=\"\/wp-content\/uploads\/2024\/09\/20240615074732778.pdf\" name=\" Technical Specification SG600 4G Street Light Pole Gateway\" collapse=\"false\" ]\n<p>&nbsp;<\/p>\n<p>&nbsp;<\/p>\n","protected":false},"featured_media":1498,"comment_status":"open","ping_status":"closed","template":"","meta":{"themepark_post_bcolor":"#f5f5f5","themepark_post_width":"1022px","themepark_post_img":"","themepark_post_img_po":"left","themepark_post_img_re":false,"themepark_post_img_cover":false,"themepark_post_img_fixed":false,"themepark_post_hide_title":false,"themepark_post_main_b":"","themepark_post_main_p":100,"themepark_paddingblock":false},"product_cat":[44],"product_tag":[],"class_list":{"0":"post-1063","1":"product","2":"type-product","3":"status-publish","4":"has-post-thumbnail","6":"product_cat-industrial-iot-gateway","8":"first","9":"instock","10":"shipping-taxable","11":"product-type-simple"},"yoast_head":"<!-- This site is optimized with the Yoast SEO plugin v23.7 - https:\/\/yoast.com\/wordpress\/plugins\/seo\/ -->\n<title>SG600 4G Smart Pole Gateway - KEY-IOT<\/title>\n<meta name=\"robots\" content=\"index, follow, max-snippet:-1, max-image-preview:large, max-video-preview:-1\" \/>\n<link rel=\"canonical\" href=\"https:\/\/www.key-iot.com\/fr\/produit\/sg600-4g-smart-pole-gateway\/\" \/>\n<meta property=\"og:locale\" content=\"fr_FR\" \/>\n<meta property=\"og:type\" content=\"article\" \/>\n<meta property=\"og:title\" content=\"SG600 4G Smart Pole Gateway - KEY-IOT\" \/>\n<meta property=\"og:description\" content=\"Product Description Download   &nbsp;  &nbsp;\" \/>\n<meta property=\"og:url\" content=\"https:\/\/www.key-iot.com\/fr\/produit\/sg600-4g-smart-pole-gateway\/\" \/>\n<meta property=\"og:site_name\" content=\"KEY-IOT\" \/>\n<meta property=\"article:modified_time\" content=\"2024-09-12T09:02:13+00:00\" \/>\n<meta property=\"og:image\" content=\"https:\/\/www.key-iot.com\/wp-content\/uploads\/2024\/09\/\u5934\u56fe-19.jpg\" \/>\n\t<meta property=\"og:image:width\" content=\"414\" \/>\n\t<meta property=\"og:image:height\" content=\"414\" \/>\n\t<meta property=\"og:image:type\" content=\"image\/jpeg\" \/>\n<meta name=\"twitter:card\" content=\"summary_large_image\" \/>\n<meta name=\"twitter:label1\" content=\"Dur\u00e9e de lecture estim\u00e9e\" \/>\n\t<meta name=\"twitter:data1\" content=\"3 minutes\" \/>\n<script type=\"application\/ld+json\" class=\"yoast-schema-graph\">{\"@context\":\"https:\/\/schema.org\",\"@graph\":[{\"@type\":\"WebPage\",\"@id\":\"https:\/\/www.key-iot.com\/product\/sg600-4g-smart-pole-gateway\/\",\"url\":\"https:\/\/www.key-iot.com\/product\/sg600-4g-smart-pole-gateway\/\",\"name\":\"SG600 4G Smart Pole Gateway - KEY-IOT\",\"isPartOf\":{\"@id\":\"https:\/\/www.key-iot.com\/#website\"},\"primaryImageOfPage\":{\"@id\":\"https:\/\/www.key-iot.com\/product\/sg600-4g-smart-pole-gateway\/#primaryimage\"},\"image\":{\"@id\":\"https:\/\/www.key-iot.com\/product\/sg600-4g-smart-pole-gateway\/#primaryimage\"},\"thumbnailUrl\":\"https:\/\/www.key-iot.com\/wp-content\/uploads\/2024\/09\/\u5934\u56fe-19.jpg\",\"datePublished\":\"2024-09-04T02:21:19+00:00\",\"dateModified\":\"2024-09-12T09:02:13+00:00\",\"breadcrumb\":{\"@id\":\"https:\/\/www.key-iot.com\/product\/sg600-4g-smart-pole-gateway\/#breadcrumb\"},\"inLanguage\":\"fr-FR\",\"potentialAction\":[{\"@type\":\"ReadAction\",\"target\":[\"https:\/\/www.key-iot.com\/product\/sg600-4g-smart-pole-gateway\/\"]}]},{\"@type\":\"ImageObject\",\"inLanguage\":\"fr-FR\",\"@id\":\"https:\/\/www.key-iot.com\/product\/sg600-4g-smart-pole-gateway\/#primaryimage\",\"url\":\"https:\/\/www.key-iot.com\/wp-content\/uploads\/2024\/09\/\u5934\u56fe-19.jpg\",\"contentUrl\":\"https:\/\/www.key-iot.com\/wp-content\/uploads\/2024\/09\/\u5934\u56fe-19.jpg\",\"width\":414,\"height\":414,\"caption\":\"SG600 4G Smart Pole Gateway\"},{\"@type\":\"BreadcrumbList\",\"@id\":\"https:\/\/www.key-iot.com\/product\/sg600-4g-smart-pole-gateway\/#breadcrumb\",\"itemListElement\":[{\"@type\":\"ListItem\",\"position\":1,\"name\":\"Home\",\"item\":\"https:\/\/www.key-iot.com\/\"},{\"@type\":\"ListItem\",\"position\":2,\"name\":\"shop\",\"item\":\"https:\/\/www.key-iot.com\/shop\/\"},{\"@type\":\"ListItem\",\"position\":3,\"name\":\"SG600 4G Smart Pole Gateway\"}]},{\"@type\":\"WebSite\",\"@id\":\"https:\/\/www.key-iot.com\/#website\",\"url\":\"https:\/\/www.key-iot.com\/\",\"name\":\"KEY-IOT\",\"description\":\"Industrial Cellular Routers\/ IoT Gateway\",\"potentialAction\":[{\"@type\":\"SearchAction\",\"target\":{\"@type\":\"EntryPoint\",\"urlTemplate\":\"https:\/\/www.key-iot.com\/?s={search_term_string}\"},\"query-input\":{\"@type\":\"PropertyValueSpecification\",\"valueRequired\":true,\"valueName\":\"search_term_string\"}}],\"inLanguage\":\"fr-FR\"}]}<\/script>\n<!-- \/ Yoast SEO plugin. -->","yoast_head_json":{"title":"SG600 4G Passerelle pour poteaux intelligents - KEY-IOT","robots":{"index":"index","follow":"follow","max-snippet":"max-snippet:-1","max-image-preview":"max-image-preview:large","max-video-preview":"max-video-preview:-1"},"canonical":"https:\/\/www.key-iot.com\/fr\/produit\/sg600-4g-smart-pole-gateway\/","og_locale":"fr_FR","og_type":"article","og_title":"SG600 4G Smart Pole Gateway - KEY-IOT","og_description":"Product Description Download   &nbsp;  &nbsp;","og_url":"https:\/\/www.key-iot.com\/fr\/produit\/sg600-4g-smart-pole-gateway\/","og_site_name":"KEY-IOT","article_modified_time":"2024-09-12T09:02:13+00:00","og_image":[{"width":414,"height":414,"url":"https:\/\/www.key-iot.com\/wp-content\/uploads\/2024\/09\/\u5934\u56fe-19.jpg","type":"image\/jpeg"}],"twitter_card":"summary_large_image","twitter_misc":{"Dur\u00e9e de lecture estim\u00e9e":"3 minutes"},"schema":{"@context":"https:\/\/schema.org","@graph":[{"@type":"WebPage","@id":"https:\/\/www.key-iot.com\/product\/sg600-4g-smart-pole-gateway\/","url":"https:\/\/www.key-iot.com\/product\/sg600-4g-smart-pole-gateway\/","name":"SG600 4G Passerelle pour poteaux intelligents - KEY-IOT","isPartOf":{"@id":"https:\/\/www.key-iot.com\/#website"},"primaryImageOfPage":{"@id":"https:\/\/www.key-iot.com\/product\/sg600-4g-smart-pole-gateway\/#primaryimage"},"image":{"@id":"https:\/\/www.key-iot.com\/product\/sg600-4g-smart-pole-gateway\/#primaryimage"},"thumbnailUrl":"https:\/\/www.key-iot.com\/wp-content\/uploads\/2024\/09\/\u5934\u56fe-19.jpg","datePublished":"2024-09-04T02:21:19+00:00","dateModified":"2024-09-12T09:02:13+00:00","breadcrumb":{"@id":"https:\/\/www.key-iot.com\/product\/sg600-4g-smart-pole-gateway\/#breadcrumb"},"inLanguage":"fr-FR","potentialAction":[{"@type":"ReadAction","target":["https:\/\/www.key-iot.com\/product\/sg600-4g-smart-pole-gateway\/"]}]},{"@type":"ImageObject","inLanguage":"fr-FR","@id":"https:\/\/www.key-iot.com\/product\/sg600-4g-smart-pole-gateway\/#primaryimage","url":"https:\/\/www.key-iot.com\/wp-content\/uploads\/2024\/09\/\u5934\u56fe-19.jpg","contentUrl":"https:\/\/www.key-iot.com\/wp-content\/uploads\/2024\/09\/\u5934\u56fe-19.jpg","width":414,"height":414,"caption":"SG600 4G Smart Pole Gateway"},{"@type":"BreadcrumbList","@id":"https:\/\/www.key-iot.com\/product\/sg600-4g-smart-pole-gateway\/#breadcrumb","itemListElement":[{"@type":"ListItem","position":1,"name":"Home","item":"https:\/\/www.key-iot.com\/"},{"@type":"ListItem","position":2,"name":"shop","item":"https:\/\/www.key-iot.com\/shop\/"},{"@type":"ListItem","position":3,"name":"SG600 4G Smart Pole Gateway"}]},{"@type":"WebSite","@id":"https:\/\/www.key-iot.com\/#website","url":"https:\/\/www.key-iot.com\/","name":"KEY-IOT","description":"Routeurs cellulaires industriels\/ Passerelle IoT","potentialAction":[{"@type":"SearchAction","target":{"@type":"EntryPoint","urlTemplate":"https:\/\/www.key-iot.com\/?s={search_term_string}"},"query-input":{"@type":"PropertyValueSpecification","valueRequired":true,"valueName":"search_term_string"}}],"inLanguage":"fr-FR"}]}},"_links":{"self":[{"href":"https:\/\/www.key-iot.com\/fr\/wp-json\/wp\/v2\/product\/1063","targetHints":{"allow":["GET"]}}],"collection":[{"href":"https:\/\/www.key-iot.com\/fr\/wp-json\/wp\/v2\/product"}],"about":[{"href":"https:\/\/www.key-iot.com\/fr\/wp-json\/wp\/v2\/types\/product"}],"replies":[{"embeddable":true,"href":"https:\/\/www.key-iot.com\/fr\/wp-json\/wp\/v2\/comments?post=1063"}],"wp:featuredmedia":[{"embeddable":true,"href":"https:\/\/www.key-iot.com\/fr\/wp-json\/wp\/v2\/media\/1498"}],"wp:attachment":[{"href":"https:\/\/www.key-iot.com\/fr\/wp-json\/wp\/v2\/media?parent=1063"}],"wp:term":[{"taxonomy":"product_cat","embeddable":true,"href":"https:\/\/www.key-iot.com\/fr\/wp-json\/wp\/v2\/product_cat?post=1063"},{"taxonomy":"product_tag","embeddable":true,"href":"https:\/\/www.key-iot.com\/fr\/wp-json\/wp\/v2\/product_tag?post=1063"}],"curies":[{"name":"wp","href":"https:\/\/api.w.org\/{rel}","templated":true}]}}