{"id":1048,"date":"2024-09-03T18:08:09","date_gmt":"2024-09-03T10:08:09","guid":{"rendered":"https:\/\/www.key-iot.com\/?post_type=product&#038;p=1048"},"modified":"2025-04-29T20:51:03","modified_gmt":"2025-04-30T00:51:03","slug":"sg500-energy-consumption-4g-gateway","status":"publish","type":"product","link":"https:\/\/www.key-iot.com\/fr\/produit\/sg500-energy-consumption-4g-gateway\/","title":{"rendered":"Passerelle industrielle IOT SG500 \u00e0 consommation d'\u00e9nergie"},"content":{"rendered":"<p><img decoding=\"async\" class=\"wp-image-1059 aligncenter\" title=\"Passerelle industrielle IOT SG500 \u00e0 consommation d&#039;\u00e9nergie\" src=\"https:\/\/www.key-iot.com\/wp-content\/uploads\/2024\/09\/20240615071319218.png\" alt=\"Passerelle industrielle IOT SG500 \u00e0 consommation d&#039;\u00e9nergie\" width=\"476\" height=\"476\" srcset=\"https:\/\/www.key-iot.com\/wp-content\/uploads\/2024\/09\/20240615071319218.png 600w, https:\/\/www.key-iot.com\/wp-content\/uploads\/2024\/09\/20240615071319218-300x300.png 300w, https:\/\/www.key-iot.com\/wp-content\/uploads\/2024\/09\/20240615071319218-150x150.png 150w, https:\/\/www.key-iot.com\/wp-content\/uploads\/2024\/09\/20240615071319218-100x100.png 100w\" sizes=\"(max-width: 476px) 100vw, 476px\" \/><\/p>\n<p>&nbsp;<\/p>\n<h2><strong>Aper\u00e7u du produit<\/strong><\/h2>\n<p>Le SG500 est une passerelle de communication int\u00e9gr\u00e9e sans ventilateur, d\u00e9di\u00e9e \u00e0 la collecte de donn\u00e9es dans les syst\u00e8mes de surveillance de l'\u00e9nergie des b\u00e2timents. Elle r\u00e9pond aux exigences de mesure de la consommation d'\u00e9nergie et de collecte de donn\u00e9es sur les sous-\u00e9l\u00e9ments dans les agences gouvernementales nationales, les grands b\u00e2timents publics, les entreprises industrielles, etc., pour diverses formes d'\u00e9nergie telles que l'eau, l'\u00e9lectricit\u00e9, le gaz, le p\u00e9trole, la climatisation et le chauffage. Associ\u00e9 \u00e0 des outils logiciels de configuration de donn\u00e9es simples et faciles \u00e0 utiliser, il peut rapidement configurer la collecte de donn\u00e9es requise et t\u00e9l\u00e9charger les param\u00e8tres du centre de donn\u00e9es. Gr\u00e2ce \u00e0 la fonctionnalit\u00e9 avanc\u00e9e de gestion de la maintenance \u00e0 distance, il est possible d'assurer une maintenance efficace et pratique des passerelles de collecte de donn\u00e9es.<\/p>\n<p>&nbsp;<\/p>\n<p><img decoding=\"async\" class=\"wp-image-1056 size-large aligncenter\" title=\"Passerelle industrielle IOT SG500 \u00e0 consommation d&#039;\u00e9nergie\" src=\"https:\/\/www.key-iot.com\/wp-content\/uploads\/2024\/09\/20240615072553569-1024x556.png\" alt=\"Passerelle industrielle IOT SG500 \u00e0 consommation d&#039;\u00e9nergie\" width=\"1024\" height=\"556\" srcset=\"https:\/\/www.key-iot.com\/wp-content\/uploads\/2024\/09\/20240615072553569-1024x556.png 1024w, https:\/\/www.key-iot.com\/wp-content\/uploads\/2024\/09\/20240615072553569-300x163.png 300w, https:\/\/www.key-iot.com\/wp-content\/uploads\/2024\/09\/20240615072553569-768x417.png 768w, https:\/\/www.key-iot.com\/wp-content\/uploads\/2024\/09\/20240615072553569-600x326.png 600w, https:\/\/www.key-iot.com\/wp-content\/uploads\/2024\/09\/20240615072553569.png 1083w\" sizes=\"(max-width: 1024px) 100vw, 1024px\" \/><\/p>\n<h2><strong>Caract\u00e9ristiques du produit<\/strong><\/h2>\n<p>Prise en charge du r\u00e9seau 4G complet<\/p>\n<p>Supporte l'installation sur rail et sur table<\/p>\n<p>Prise en charge de la sauvegarde mutuelle avec ou sans fil<\/p>\n<p>Permet de mener \u00e0 bien le d\u00e9ploiement d'un r\u00e9seau d'appareils \u00e0 grande \u00e9chelle<\/p>\n<p>Prise en charge de l'alimentation de secours et des fonctions d'alarme en cas de panne de courant (en option)<\/p>\n<p>Conception enti\u00e8rement industrielle, capable de relever des d\u00e9fis dans des conditions difficiles<\/p>\n<p>Prise en charge de diverses fonctions VPN, notamment PPTP, L2TP, IPSEC, OPENVPN, GRE, GRETAP, Vxlan, etc.<\/p>\n<p>Prise en charge de SNMP et de la plateforme StarCloud STAR DEVICE MANAGER pour une gestion centralis\u00e9e et efficace du r\u00e9seau \u00e0 distance.<\/p>\n<p>Prend en charge le syst\u00e8me Linux OpenWrt, facilite le d\u00e9veloppement secondaire de l'utilisateur et fournit des guides complets de d\u00e9veloppement secondaire.<\/p>\n<p>4 interfaces s\u00e9rie RS485 ind\u00e9pendantes et isol\u00e9es, \u00e9galement r\u00e9utilisables en RS232, 1 RS232 (CONSOLE), 2 interfaces Ethernet RJ-45<\/p>\n<div class=\"mceTemp\"><\/div>\n<p>&nbsp;<\/p>","protected":false},"excerpt":{"rendered":"<h3>[tp_attributes num_attributes=\"6\"]<\/h3>\n<h3>Product Description Download<\/h3>\n[showpdf url=\"\/wp-content\/uploads\/2024\/09\/Technical-Specification-for-SG500-4G-Industrial-Energy-Consumption-Gateway-V2.1.pdf\" name=\" SG500 4G Industrial Energy Consumption Gateway\" collapse=\"false\" ]\n<p>&nbsp;<\/p>\n<p>&nbsp;<\/p>\n","protected":false},"featured_media":1497,"comment_status":"open","ping_status":"closed","template":"","meta":{"themepark_post_bcolor":"#f5f5f5","themepark_post_width":"1022px","themepark_post_img":"","themepark_post_img_po":"left","themepark_post_img_re":false,"themepark_post_img_cover":false,"themepark_post_img_fixed":false,"themepark_post_hide_title":false,"themepark_post_main_b":"","themepark_post_main_p":100,"themepark_paddingblock":false},"product_cat":[44],"product_tag":[],"class_list":{"0":"post-1048","1":"product","2":"type-product","3":"status-publish","4":"has-post-thumbnail","6":"product_cat-industrial-iot-gateway","8":"first","9":"instock","10":"shipping-taxable","11":"product-type-simple"},"yoast_head":"<!-- This site is optimized with the Yoast SEO plugin v23.7 - https:\/\/yoast.com\/wordpress\/plugins\/seo\/ -->\n<title>SG500 Energy Consumption Industrial IOT Gateway - KEY-IOT<\/title>\n<meta name=\"robots\" content=\"index, follow, max-snippet:-1, max-image-preview:large, max-video-preview:-1\" \/>\n<link rel=\"canonical\" href=\"https:\/\/www.key-iot.com\/fr\/produit\/sg500-energy-consumption-4g-gateway\/\" \/>\n<meta property=\"og:locale\" content=\"fr_FR\" \/>\n<meta property=\"og:type\" content=\"article\" \/>\n<meta property=\"og:title\" content=\"SG500 Energy Consumption Industrial IOT Gateway - KEY-IOT\" \/>\n<meta property=\"og:description\" content=\"Product Description Download   &nbsp;  &nbsp;\" \/>\n<meta property=\"og:url\" content=\"https:\/\/www.key-iot.com\/fr\/produit\/sg500-energy-consumption-4g-gateway\/\" \/>\n<meta property=\"og:site_name\" content=\"KEY-IOT\" \/>\n<meta property=\"article:modified_time\" content=\"2025-04-30T00:51:03+00:00\" \/>\n<meta property=\"og:image\" content=\"https:\/\/www.key-iot.com\/wp-content\/uploads\/2024\/09\/\u5934\u56fe-18.jpg\" \/>\n\t<meta property=\"og:image:width\" content=\"414\" \/>\n\t<meta property=\"og:image:height\" content=\"414\" \/>\n\t<meta property=\"og:image:type\" content=\"image\/jpeg\" \/>\n<meta name=\"twitter:card\" content=\"summary_large_image\" \/>\n<meta name=\"twitter:label1\" content=\"Dur\u00e9e de lecture estim\u00e9e\" \/>\n\t<meta name=\"twitter:data1\" content=\"2 minutes\" \/>\n<script type=\"application\/ld+json\" class=\"yoast-schema-graph\">{\"@context\":\"https:\/\/schema.org\",\"@graph\":[{\"@type\":\"WebPage\",\"@id\":\"https:\/\/www.key-iot.com\/product\/sg500-energy-consumption-4g-gateway\/\",\"url\":\"https:\/\/www.key-iot.com\/product\/sg500-energy-consumption-4g-gateway\/\",\"name\":\"SG500 Energy Consumption Industrial IOT Gateway - KEY-IOT\",\"isPartOf\":{\"@id\":\"https:\/\/www.key-iot.com\/#website\"},\"primaryImageOfPage\":{\"@id\":\"https:\/\/www.key-iot.com\/product\/sg500-energy-consumption-4g-gateway\/#primaryimage\"},\"image\":{\"@id\":\"https:\/\/www.key-iot.com\/product\/sg500-energy-consumption-4g-gateway\/#primaryimage\"},\"thumbnailUrl\":\"https:\/\/www.key-iot.com\/wp-content\/uploads\/2024\/09\/\u5934\u56fe-18.jpg\",\"datePublished\":\"2024-09-03T10:08:09+00:00\",\"dateModified\":\"2025-04-30T00:51:03+00:00\",\"breadcrumb\":{\"@id\":\"https:\/\/www.key-iot.com\/product\/sg500-energy-consumption-4g-gateway\/#breadcrumb\"},\"inLanguage\":\"fr-FR\",\"potentialAction\":[{\"@type\":\"ReadAction\",\"target\":[\"https:\/\/www.key-iot.com\/product\/sg500-energy-consumption-4g-gateway\/\"]}]},{\"@type\":\"ImageObject\",\"inLanguage\":\"fr-FR\",\"@id\":\"https:\/\/www.key-iot.com\/product\/sg500-energy-consumption-4g-gateway\/#primaryimage\",\"url\":\"https:\/\/www.key-iot.com\/wp-content\/uploads\/2024\/09\/\u5934\u56fe-18.jpg\",\"contentUrl\":\"https:\/\/www.key-iot.com\/wp-content\/uploads\/2024\/09\/\u5934\u56fe-18.jpg\",\"width\":414,\"height\":414,\"caption\":\"SG500 Energy Consumption Industrial IOT Gateway\"},{\"@type\":\"BreadcrumbList\",\"@id\":\"https:\/\/www.key-iot.com\/product\/sg500-energy-consumption-4g-gateway\/#breadcrumb\",\"itemListElement\":[{\"@type\":\"ListItem\",\"position\":1,\"name\":\"Home\",\"item\":\"https:\/\/www.key-iot.com\/\"},{\"@type\":\"ListItem\",\"position\":2,\"name\":\"shop\",\"item\":\"https:\/\/www.key-iot.com\/shop\/\"},{\"@type\":\"ListItem\",\"position\":3,\"name\":\"SG500 Energy Consumption Industrial IOT Gateway\"}]},{\"@type\":\"WebSite\",\"@id\":\"https:\/\/www.key-iot.com\/#website\",\"url\":\"https:\/\/www.key-iot.com\/\",\"name\":\"KEY-IOT\",\"description\":\"Industrial Cellular Routers\/ IoT Gateway\",\"potentialAction\":[{\"@type\":\"SearchAction\",\"target\":{\"@type\":\"EntryPoint\",\"urlTemplate\":\"https:\/\/www.key-iot.com\/?s={search_term_string}\"},\"query-input\":{\"@type\":\"PropertyValueSpecification\",\"valueRequired\":true,\"valueName\":\"search_term_string\"}}],\"inLanguage\":\"fr-FR\"}]}<\/script>\n<!-- \/ Yoast SEO plugin. -->","yoast_head_json":{"title":"SG500 Passerelle industrielle IOT \u00e0 consommation d'\u00e9nergie - KEY-IOT","robots":{"index":"index","follow":"follow","max-snippet":"max-snippet:-1","max-image-preview":"max-image-preview:large","max-video-preview":"max-video-preview:-1"},"canonical":"https:\/\/www.key-iot.com\/fr\/produit\/sg500-energy-consumption-4g-gateway\/","og_locale":"fr_FR","og_type":"article","og_title":"SG500 Energy Consumption Industrial IOT Gateway - KEY-IOT","og_description":"Product Description Download   &nbsp;  &nbsp;","og_url":"https:\/\/www.key-iot.com\/fr\/produit\/sg500-energy-consumption-4g-gateway\/","og_site_name":"KEY-IOT","article_modified_time":"2025-04-30T00:51:03+00:00","og_image":[{"width":414,"height":414,"url":"https:\/\/www.key-iot.com\/wp-content\/uploads\/2024\/09\/\u5934\u56fe-18.jpg","type":"image\/jpeg"}],"twitter_card":"summary_large_image","twitter_misc":{"Dur\u00e9e de lecture estim\u00e9e":"2 minutes"},"schema":{"@context":"https:\/\/schema.org","@graph":[{"@type":"WebPage","@id":"https:\/\/www.key-iot.com\/product\/sg500-energy-consumption-4g-gateway\/","url":"https:\/\/www.key-iot.com\/product\/sg500-energy-consumption-4g-gateway\/","name":"SG500 Passerelle industrielle IOT \u00e0 consommation d'\u00e9nergie - KEY-IOT","isPartOf":{"@id":"https:\/\/www.key-iot.com\/#website"},"primaryImageOfPage":{"@id":"https:\/\/www.key-iot.com\/product\/sg500-energy-consumption-4g-gateway\/#primaryimage"},"image":{"@id":"https:\/\/www.key-iot.com\/product\/sg500-energy-consumption-4g-gateway\/#primaryimage"},"thumbnailUrl":"https:\/\/www.key-iot.com\/wp-content\/uploads\/2024\/09\/\u5934\u56fe-18.jpg","datePublished":"2024-09-03T10:08:09+00:00","dateModified":"2025-04-30T00:51:03+00:00","breadcrumb":{"@id":"https:\/\/www.key-iot.com\/product\/sg500-energy-consumption-4g-gateway\/#breadcrumb"},"inLanguage":"fr-FR","potentialAction":[{"@type":"ReadAction","target":["https:\/\/www.key-iot.com\/product\/sg500-energy-consumption-4g-gateway\/"]}]},{"@type":"ImageObject","inLanguage":"fr-FR","@id":"https:\/\/www.key-iot.com\/product\/sg500-energy-consumption-4g-gateway\/#primaryimage","url":"https:\/\/www.key-iot.com\/wp-content\/uploads\/2024\/09\/\u5934\u56fe-18.jpg","contentUrl":"https:\/\/www.key-iot.com\/wp-content\/uploads\/2024\/09\/\u5934\u56fe-18.jpg","width":414,"height":414,"caption":"SG500 Energy Consumption Industrial IOT Gateway"},{"@type":"BreadcrumbList","@id":"https:\/\/www.key-iot.com\/product\/sg500-energy-consumption-4g-gateway\/#breadcrumb","itemListElement":[{"@type":"ListItem","position":1,"name":"Home","item":"https:\/\/www.key-iot.com\/"},{"@type":"ListItem","position":2,"name":"shop","item":"https:\/\/www.key-iot.com\/shop\/"},{"@type":"ListItem","position":3,"name":"SG500 Energy Consumption Industrial IOT Gateway"}]},{"@type":"WebSite","@id":"https:\/\/www.key-iot.com\/#website","url":"https:\/\/www.key-iot.com\/","name":"KEY-IOT","description":"Routeurs cellulaires industriels\/ Passerelle IoT","potentialAction":[{"@type":"SearchAction","target":{"@type":"EntryPoint","urlTemplate":"https:\/\/www.key-iot.com\/?s={search_term_string}"},"query-input":{"@type":"PropertyValueSpecification","valueRequired":true,"valueName":"search_term_string"}}],"inLanguage":"fr-FR"}]}},"_links":{"self":[{"href":"https:\/\/www.key-iot.com\/fr\/wp-json\/wp\/v2\/product\/1048","targetHints":{"allow":["GET"]}}],"collection":[{"href":"https:\/\/www.key-iot.com\/fr\/wp-json\/wp\/v2\/product"}],"about":[{"href":"https:\/\/www.key-iot.com\/fr\/wp-json\/wp\/v2\/types\/product"}],"replies":[{"embeddable":true,"href":"https:\/\/www.key-iot.com\/fr\/wp-json\/wp\/v2\/comments?post=1048"}],"wp:featuredmedia":[{"embeddable":true,"href":"https:\/\/www.key-iot.com\/fr\/wp-json\/wp\/v2\/media\/1497"}],"wp:attachment":[{"href":"https:\/\/www.key-iot.com\/fr\/wp-json\/wp\/v2\/media?parent=1048"}],"wp:term":[{"taxonomy":"product_cat","embeddable":true,"href":"https:\/\/www.key-iot.com\/fr\/wp-json\/wp\/v2\/product_cat?post=1048"},{"taxonomy":"product_tag","embeddable":true,"href":"https:\/\/www.key-iot.com\/fr\/wp-json\/wp\/v2\/product_tag?post=1048"}],"curies":[{"name":"wp","href":"https:\/\/api.w.org\/{rel}","templated":true}]}}