{"id":441,"date":"2024-06-26T14:33:05","date_gmt":"2024-06-26T06:33:05","guid":{"rendered":"http:\/\/themetest6.local\/?page_id=441"},"modified":"2025-12-02T19:08:51","modified_gmt":"2025-12-02T11:08:51","slug":"about-us","status":"publish","type":"page","link":"https:\/\/www.key-iot.com\/fr\/about-us\/","title":{"rendered":"\u00c0 propos de nous"},"content":{"rendered":"<section class=\"wp-block-themepark-block-themepark-area block_layout thempark-block undefined bom100 top100\" id=\"\" style=\"padding-bottom:152px;padding-top:171px;height:500px;box-sizing: border-box;width: 100%;\" data-swiper-parallax=\"-700\"><div class=\"block_layout_in\" style=\"\"><div class=\"wp-block-column block_layout_in is-layout-flow wp-block-column-is-layout-flow\"><\/div><\/div><div class=\"layout_badh\"><div class=\"shizhezhao\" style=\"opacity:0.36;background-color:#ffffff;\"><\/div><div class=\"PcOnly themepark-block_layout_ba lazyload swiper-lazy  jttj\" style=\"background-repeat:no-repeat;background-size:cover;background-position:right top;\" data-background=\"https:\/\/www.key-iot.com\/wp-content\/uploads\/2024\/09\/\u5173\u4e8e\u6211\u4eec.jpg\"><\/div><\/div><\/section><section class=\"wp-block-themepark-block-themepark-area block_layout thempark-block undefined\" id=\"\" style=\"background-color:#ffffff;\" data-swiper-parallax=\"-700\"><div class=\"block_layout_in\" style=\"\"><div class=\"wp-block-column block_layout_in has-monte-white-background-color has-background is-layout-flow wp-block-column-is-layout-flow\" id=\"homemd1\"><h2 class=\"wp-block-heading has-text-align-center has-monte-white-background-color has-text-color has-background has-link-color has-bonkers-font-size wp-elements-0ed9748fb134da0a7975ced780843e9e\" style=\"color:#2bb39b\"><strong>VUE D'ENSEMBLE<\/strong><\/h2>\n\n<div class=\"wp-block-themepark-block-themepark-wright content-super-p\" style=\"font-size:16px;line-height:28px;padding:10px 10px;\"><div class=\"wp-block-column is-layout-flow wp-block-column-is-layout-flow\"><p>&nbsp;<\/p>\n\n<p>&nbsp;<\/p><\/div><\/div>\n\n<div class=\"wp-block-columns is-layout-flex wp-container-core-columns-is-layout-9d6595d7 wp-block-columns-is-layout-flex\"><div class=\"wp-block-column is-layout-flow wp-block-column-is-layout-flow\" style=\"flex-basis:35%\"><div class=\"wp-block-themepark-block-themepark-xian theme_fang_out  top10 bom10\" style=\"text-align:left;padding-top:1px;padding-bottom:15px;\"><div class=\"fangbox\" style=\"width:85px;\"><\/div><\/div>\n\n<p>&nbsp;<\/p>\n\n<p>&nbsp;<\/p>\n\n<p>&nbsp;<\/p>\n\n<p class=\"has-text-color has-link-color wp-elements-ec247f444b01638363d3dfe11dd7d799 translation-block\" style=\"color:#939393\">&lt;Xiamen Key-lOT Technology Co. LTD<\/strong> est une filiale de Fuzhou Chuangshi Xunlian Information Technology Co. Ltd. La soci\u00e9t\u00e9 m\u00e8re dispose d'une ligne de produits int\u00e9gr\u00e9e comprenant la production, la R&amp;D et les essais, avec plus de 5 000 m\u00b2 d'installations de R&amp;D et de production \u00e0 Fuzhou et plus de 3 000 m\u00b2 d'espace de production \u00e0 Xiamen. &lt;Key-lOT fournit des services ODM \u00e0 des entreprises telles que Huawei, Huasan, Alibaba, Beacon Communication, Haikang et Dahua Shenxin.<\/p>\n\n<p class=\"has-text-color has-link-color wp-elements-9398d8fdbf5f63f4ae9c11b1584106ea\" style=\"color:#939393\">&nbsp;<\/p>\n\n<div class=\"wp-block-themepark-block-themepark-wright content-super-p\" style=\"font-size:16px;line-height:28px;padding:10px 0px;\"><div class=\"wp-block-column is-layout-flow wp-block-column-is-layout-flow\"><p class=\"has-text-color has-link-color wp-elements-35c3e1c41f874e798713aa5da8f0e8b2\" style=\"color:#939393\">S'appuyant sur l'exp\u00e9rience en R&amp;D et la capacit\u00e9 de production de la soci\u00e9t\u00e9 m\u00e8re, Key-lOT propose \u00e0 ses clients des produits de communication industrielle sans fil et des solutions IoT compl\u00e8tes. Les produits et les technologies de l'entreprise sont \u00e0 la pointe de l'industrie.ns bas\u00e9es sur leurs industries d'application r\u00e9elles.<\/p><\/div><\/div>\n\n<p>&nbsp;<\/p>\n\n<p>&nbsp;<\/p>\n\n<p>&nbsp;<\/p><\/div>\n\n<div class=\"wp-block-column is-layout-flow wp-block-column-is-layout-flow\"><section class=\"wp-block-themepark-block-themepark-imgtext thempark-block themepark_imgtext moveupd  undefined top10 parallax\" style=\"padding-bottom:15px;padding-top:30px;\"><div class=\"themepark_imgtext_img PcOnly\" style=\"width:90%;\" data-swiper-parallax=\"-1800\"><img class=\"lazyload  swiper-lazy swiper-move-lazy\" style=\"\" data-src=\"https:\/\/www.key-iot.com\/wp-content\/uploads\/2024\/09\/\u77e2\u91cf\u667a\u80fd\u5bf9\u8c61-\u62f7\u8d1d-59.png\" alt=\"carte\"\/><\/div><div class=\"themepark_imgtext_text\" style=\"width:7%;text-align:center;padding-right:132px;\" data-swiper-parallax=\"-1600\"><div class=\"wp-block-column is-layout-flow wp-block-column-is-layout-flow\"><\/div><\/div><div class=\"themepark_imgtext_ba\" style=\"opacity:1;\"><\/div><\/section>\n\n<section class=\"wp-block-themepark-block-themepark-icon thempark-block themepark_icon_list_out undefined  gundong\" id=\"nomo3\" style=\"\"><div class=\"themepark_icon_list_in fullicon\" style=\"\"><div class=\"themepark_icon_lists iconl3 iconls3\" style=\"text-align:left;\"><a class=\"themepark_icon_box\"><div class=\"themepark_icon_box_i\"><div class=\"themepark_icon_box_i_out\"><\/div><\/div><div class=\"themepark_icon_box_d\" style=\"font-size:18px;color:#616161;\"><b style=\"font-size:40px;color:#2bb49c;\">30+<\/b><span>VILLES COUVERTES<\/span><span><\/span><\/div><\/a><a class=\"themepark_icon_box\"><div class=\"themepark_icon_box_i\"><div class=\"themepark_icon_box_i_out\"><\/div><\/div><div class=\"themepark_icon_box_d\" style=\"font-size:18px;color:#616161;\"><b style=\"font-size:40px;color:#2bb49c;\">1000+<\/b><span> PROJET<\/span><\/div><\/a><a class=\"themepark_icon_box\"><div class=\"themepark_icon_box_i\"><div class=\"themepark_icon_box_i_out\"><\/div><\/div><div class=\"themepark_icon_box_d\" style=\"font-size:18px;color:#616161;\"><b style=\"font-size:40px;color:#2bb49c;\">24h<\/b><span>ENTRETIEN<\/span><\/div><\/a><\/div><\/div><\/section><\/div><\/div>\n\n<p>&nbsp;<\/p><\/div><\/div><div class=\"layout_badh\"><\/div><\/section><section class=\"wp-block-themepark-block-themepark-area block_layout thempark-block undefined bom30 top30\" id=\"\" style=\"background-color:#ffffff;padding-bottom:100px;padding-top:25px;\" data-swiper-parallax=\"-700\"><div class=\"block_layout_in\" style=\"\"><div class=\"post_in_list_head modle_title3\"><h3><span style=\"color:#2fbba1;\" class=\"main-title has-large-font-size\">SOUVENIRS DE L'ENTREPRISE<\/span><\/h3><div class=\"title_boout\"><div class=\"title_bo\" style=\"\"><\/div><\/div><\/div><div class=\"wp-block-column block_layout_in is-layout-flow wp-block-column-is-layout-flow\" style=\"flex-basis:1400px\"><section class=\"wp-block-themepark-block-themepark-history themepark-history-shuxiang\"><div class=\"themepark-history_up\" style=\"border-right: 2px solid#2dbda3;\"><div class=\"history_box\"><div class=\"imgbox\"><img decoding=\"async\" class=\"show\" src=\"https:\/\/www.key-iot.com\/wp-content\/uploads\/2024\/09\/1.png\"\/><\/div><b class=\"hi_title\" style=\"font-size:24px;color:#616161;\">2019<\/b><div class=\"hi_text\" style=\"font-size:14px;color:#939393;\"><div class=\"ov\" style=\"height:100px;\"><span> Cr\u00e9ation d'une soci\u00e9t\u00e9 Key-lOT<\/span><\/div><div class=\"his_xian\" style=\"background:#2dbda3;\"><\/div><div class=\"his_quan\" style=\"background:#2dbda3;\"><div class=\"his_quan_in\" style=\"border: 1px solid #2dbda3;\"><\/div><\/div><\/div><\/div><div class=\"history_box\"><div class=\"imgbox\"><img decoding=\"async\" class=\"show\" src=\"https:\/\/www.key-iot.com\/wp-content\/uploads\/2024\/09\/cpmh-231951f30w.png\"\/><\/div><b class=\"hi_title\" style=\"font-size:24px;color:#616161;\">2020<\/b><div class=\"hi_text\" style=\"font-size:14px;color:#939393;\"><div class=\"ov\" style=\"height:100px;\"><span>Premi\u00e8re commande d'un million pour le d\u00e9m\u00e9nagement d'un bureau<\/span><\/div><div class=\"his_xian\" style=\"background:#2dbda3;\"><\/div><div class=\"his_quan\" style=\"background:#2dbda3;\"><div class=\"his_quan_in\" style=\"border: 1px solid #2dbda3;\"><\/div><\/div><\/div><\/div><div class=\"history_box\"><div class=\"imgbox\"><img decoding=\"async\" class=\"show\" src=\"https:\/\/www.key-iot.com\/wp-content\/uploads\/2024\/09\/\u672a\u6807\u9898-1.png\"\/><\/div><b class=\"hi_title\" style=\"font-size:24px;color:#616161;\">2021<\/b><div class=\"hi_text\" style=\"font-size:14px;color:#939393;\"><div class=\"ov\" style=\"height:100px;\"><span>Obtention de la certification d'entreprise municipale de haute technologie Obtention de la certification d'entreprise nationale de haute technologie Entreprise de logiciels<\/span><\/div><div class=\"his_xian\" style=\"background:#2dbda3;\"><\/div><div class=\"his_quan\" style=\"background:#2dbda3;\"><div class=\"his_quan_in\" style=\"border: 1px solid #2dbda3;\"><\/div><\/div><\/div><\/div><div class=\"history_box\"><div class=\"imgbox\"><img decoding=\"async\" class=\"show\" src=\"https:\/\/www.key-iot.com\/wp-content\/uploads\/2024\/09\/11.jpg\"\/><\/div><b class=\"hi_title\" style=\"font-size:24px;color:#616161;\">2022<\/b><div class=\"hi_text\" style=\"font-size:14px;color:#939393;\"><div class=\"ov\" style=\"height:100px;\"><span>Le premier bureau de relocalisation de 5 millions de commandes a pass\u00e9 la certification technique Huawei IS09001.<\/span><\/div><div class=\"his_xian\" style=\"background:#2dbda3;\"><\/div><div class=\"his_quan\" style=\"background:#2dbda3;\"><div class=\"his_quan_in\" style=\"border: 1px solid #2dbda3;\"><\/div><\/div><\/div><\/div><div class=\"history_box\"><div class=\"imgbox\"><img decoding=\"async\" class=\"show\" src=\"https:\/\/www.key-iot.com\/wp-content\/uploads\/2024\/09\/jxtt159466.png\"\/><\/div><b class=\"hi_title\" style=\"font-size:24px;color:#616161;\">2023<\/b><div class=\"hi_text\" style=\"font-size:14px;color:#939393;\"><div class=\"ov\" style=\"height:100px;\"><span>Une entreprise innovante sp\u00e9cialis\u00e9e, nouvelle et certifi\u00e9e cr\u00e9e une division de transport<\/span><\/div><div class=\"his_xian\" style=\"background:#2dbda3;\"><\/div><div class=\"his_quan\" style=\"background:#2dbda3;\"><div class=\"his_quan_in\" style=\"border: 1px solid #2dbda3;\"><\/div><\/div><\/div><\/div><div class=\"history_box\"><div class=\"imgbox\"><img decoding=\"async\" class=\"show\" src=\"https:\/\/www.key-iot.com\/wp-content\/uploads\/2024\/09\/\u529e\u516c\u5ba4\u573a\u666f\u6444\u5f71\u56fe.png\"\/><\/div><b class=\"hi_title\" style=\"font-size:24px;color:#616161;\">2024<\/b><div class=\"hi_text\" style=\"font-size:14px;color:#939393;\"><div class=\"ov\" style=\"height:100px;\"><span>D\u00e9placement du bureau 1200\u33a1 et cr\u00e9ation d'un service de conservation de l'eau.<\/span><\/div><div class=\"his_xian\" style=\"background:#2dbda3;\"><\/div><div class=\"his_quan\" style=\"background:#2dbda3;\"><div class=\"his_quan_in\" style=\"border: 1px solid #2dbda3;\"><\/div><\/div><\/div><\/div><div class=\"history_box\"><b class=\"hi_title\" style=\"font-size:24px;color:#616161;\">2025<\/b><div class=\"hi_text\" style=\"font-size:14px;color:#939393;\"><div class=\"ov\" style=\"height:100px;\"><span>Nous travaillons dur et esp\u00e9rons avoir l'occasion de coop\u00e9rer avec vous pour cr\u00e9er de l'\u00e9clat ensemble.<\/span><\/div><div class=\"his_xian\" style=\"background:#2dbda3;\"><\/div><div class=\"his_quan\" style=\"background:#2dbda3;\"><div class=\"his_quan_in\" style=\"border: 1px solid #2dbda3;\"><\/div><\/div><\/div><\/div><div class=\"wp_clear\"><\/div><\/div><div class=\"wp_clear\"><\/div><\/section><\/div><\/div><div class=\"layout_badh\"><\/div><\/section><section class=\"wp-block-themepark-block-themepark-area block_layout thempark-block undefined bom15 top15 dierge\" id=\"\" style=\"padding-bottom:65px;padding-top:76px;\" data-swiper-parallax=\"-700\"><div class=\"block_layout_in\" style=\"\"><div class=\"wp-block-column block_layout_in is-layout-flow wp-block-column-is-layout-flow\" id=\"homemd3\"><h2 class=\"wp-block-heading has-text-align-center has-text-color has-link-color has-large-font-size wp-elements-1156c55f1afec54dcec3c2f8a2fc3c89\" style=\"color:#2bb39b\">PRIX<\/h2>\n\n<div class=\"wp-block-themepark-block-themepark-wright content-super-p\" style=\"font-size:16px;line-height:30px;padding:10px 0px;\"><div class=\"wp-block-column is-layout-flow wp-block-column-is-layout-flow\"><p class=\"has-text-color has-link-color has-small-font-size wp-elements-41ff7592d232a971d559ffc7a066a2b4\" style=\"color:#939393\">Adh\u00e9rant au principe de la \"qualit\u00e9 d'abord\", nous avons mis en place un syst\u00e8me complet de gestion de la qualit\u00e9. Chaque \u00e9tape, depuis l'approvisionnement en mati\u00e8res premi\u00e8res et le traitement de la production jusqu'\u00e0 l'essai des produits, fait l'objet d'un contr\u00f4le strict afin de garantir que chaque pi\u00e8ce d'\u00e9quipement r\u00e9pond aux normes internationales et aux exigences des clients. Nous avons obtenu la certification ISO9001 du syst\u00e8me de gestion de la qualit\u00e9 et nos produits ont obtenu les certifications CE, FCC, RoHS et plusieurs autres certifications internationales.<\/p><\/div><\/div>\n\n<section class=\"wp-block-themepark-block-themepark-listul thempark-block list_ul_box_out  Effect0 undefined\" style=\"padding-bottom:40px;padding-top:40px;undefined\" swlist=\"6\" progresseffect=\"0\" autoplays=\"3\" line=\"1\" loops=\"yes\"><div class=\"swiper-container showslidebox_out  listpadings\"><div class=\"swiper-wrapper\"><div class=\"swiper-slide listul_box\" style=\"\"><a class=\"listul_box_img swipebox\" style=\"\" href=\"https:\/\/www.key-iot.com\/wp-content\/uploads\/2024\/09\/\u5fae\u4fe1\u56fe\u7247_20240903154811-scaled.jpg\"><div style=\"\" class=\"listulpic\"><img decoding=\"async\" class=\"swiper-lazy swiper-move-lazy lazyload\" data-src=\"https:\/\/www.key-iot.com\/wp-content\/uploads\/2024\/09\/\u5fae\u4fe1\u56fe\u7247_20240903154811-212x300.jpg\" src=\"https:\/\/www.key-iot.com\/wp-content\/themes\/smartenterprise-shop\/images\/loading3.png\" alt=\"\" width=\"1810\" height=\"2560\"\/><\/div><\/a><\/div><div class=\"swiper-slide listul_box\" style=\"\"><a class=\"listul_box_img swipebox\" style=\"\" href=\"https:\/\/www.key-iot.com\/wp-content\/uploads\/2024\/09\/\u5fae\u4fe1\u56fe\u7247_20240903154820-scaled.jpg\"><div style=\"\" class=\"listulpic\"><img decoding=\"async\" class=\"swiper-lazy swiper-move-lazy lazyload\" data-src=\"https:\/\/www.key-iot.com\/wp-content\/uploads\/2024\/09\/\u5fae\u4fe1\u56fe\u7247_20240903154820-212x300.jpg\" src=\"https:\/\/www.key-iot.com\/wp-content\/themes\/smartenterprise-shop\/images\/loading3.png\" alt=\"\" width=\"1810\" height=\"2560\"\/><\/div><\/a><\/div><div class=\"swiper-slide listul_box\" style=\"\"><a class=\"listul_box_img swipebox\" style=\"\" href=\"https:\/\/www.key-iot.com\/wp-content\/uploads\/2024\/09\/\u5fae\u4fe1\u56fe\u7247_20240903154823-scaled.jpg\"><div style=\"\" class=\"listulpic\"><img decoding=\"async\" class=\"swiper-lazy swiper-move-lazy lazyload\" data-src=\"https:\/\/www.key-iot.com\/wp-content\/uploads\/2024\/09\/\u5fae\u4fe1\u56fe\u7247_20240903154823-212x300.jpg\" src=\"https:\/\/www.key-iot.com\/wp-content\/themes\/smartenterprise-shop\/images\/loading3.png\" alt=\"\" width=\"1810\" height=\"2560\"\/><\/div><\/a><\/div><div class=\"swiper-slide listul_box\" style=\"\"><a class=\"listul_box_img swipebox\" style=\"\" href=\"https:\/\/www.key-iot.com\/wp-content\/uploads\/2024\/09\/\u5fae\u4fe1\u56fe\u7247_20240903154833.png\"><div style=\"\" class=\"listulpic\"><img decoding=\"async\" class=\"swiper-lazy swiper-move-lazy lazyload\" data-src=\"https:\/\/www.key-iot.com\/wp-content\/uploads\/2024\/09\/\u5fae\u4fe1\u56fe\u7247_20240903154833-212x300.png\" src=\"https:\/\/www.key-iot.com\/wp-content\/themes\/smartenterprise-shop\/images\/loading3.png\" alt=\"\" width=\"826\" height=\"1169\"\/><\/div><\/a><\/div><div class=\"swiper-slide listul_box\" style=\"\"><a class=\"listul_box_img swipebox\" style=\"\" href=\"https:\/\/www.key-iot.com\/wp-content\/uploads\/2024\/09\/\u5fae\u4fe1\u56fe\u7247_20240903154856.png\"><div style=\"\" class=\"listulpic\"><img decoding=\"async\" class=\"swiper-lazy swiper-move-lazy lazyload\" data-src=\"https:\/\/www.key-iot.com\/wp-content\/uploads\/2024\/09\/\u5fae\u4fe1\u56fe\u7247_20240903154856-212x300.png\" src=\"https:\/\/www.key-iot.com\/wp-content\/themes\/smartenterprise-shop\/images\/loading3.png\" alt=\"\" width=\"826\" height=\"1169\"\/><\/div><\/a><\/div><\/div><div class=\"pagination\"><\/div><span class=\"swiper-next\" style=\"\"><i class=\"fas fa-angle-right\"><\/i><\/span><span class=\"swiper-prev\" style=\"\"><i class=\"fas fa-angle-left\"><\/i><\/span><\/div><\/section><\/div><\/div><div class=\"layout_badh\"><\/div><\/section>","protected":false},"excerpt":{"rendered":"","protected":false},"author":1,"featured_media":0,"parent":0,"menu_order":0,"comment_status":"closed","ping_status":"closed","template":"","meta":{"themepark_post_bcolor":"#f5f5f5","themepark_post_width":"100% dong","themepark_post_img":"","themepark_post_img_po":"left","themepark_post_img_re":false,"themepark_post_img_cover":false,"themepark_post_img_fixed":false,"themepark_post_hide_title":true,"themepark_post_main_b":"","themepark_post_main_p":100,"themepark_paddingblock":true,"footnotes":""},"class_list":["post-441","page","type-page","status-publish","hentry"],"yoast_head":"<!-- This site is optimized with the Yoast SEO plugin v23.7 - https:\/\/yoast.com\/wordpress\/plugins\/seo\/ -->\n<title>About Us - KEY-IOT<\/title>\n<meta name=\"robots\" content=\"index, follow, max-snippet:-1, max-image-preview:large, max-video-preview:-1\" \/>\n<link rel=\"canonical\" href=\"https:\/\/www.key-iot.com\/fr\/about-us\/\" \/>\n<meta property=\"og:locale\" content=\"fr_FR\" \/>\n<meta property=\"og:type\" content=\"article\" \/>\n<meta property=\"og:title\" content=\"About Us - KEY-IOT\" \/>\n<meta property=\"og:url\" content=\"https:\/\/www.key-iot.com\/fr\/about-us\/\" \/>\n<meta property=\"og:site_name\" content=\"KEY-IOT\" \/>\n<meta property=\"article:modified_time\" content=\"2025-12-02T11:08:51+00:00\" \/>\n<meta property=\"og:image\" content=\"https:\/\/www.key-iot.com\/wp-content\/uploads\/2024\/09\/1.png\" \/>\n<meta name=\"twitter:card\" content=\"summary_large_image\" \/>\n<meta name=\"twitter:label1\" content=\"Dur\u00e9e de lecture estim\u00e9e\" \/>\n\t<meta name=\"twitter:data1\" content=\"4 minutes\" \/>\n<script type=\"application\/ld+json\" class=\"yoast-schema-graph\">{\"@context\":\"https:\/\/schema.org\",\"@graph\":[{\"@type\":\"WebPage\",\"@id\":\"https:\/\/www.key-iot.com\/about-us\/\",\"url\":\"https:\/\/www.key-iot.com\/about-us\/\",\"name\":\"About Us - KEY-IOT\",\"isPartOf\":{\"@id\":\"https:\/\/www.key-iot.com\/#website\"},\"primaryImageOfPage\":{\"@id\":\"https:\/\/www.key-iot.com\/about-us\/#primaryimage\"},\"image\":{\"@id\":\"https:\/\/www.key-iot.com\/about-us\/#primaryimage\"},\"thumbnailUrl\":\"https:\/\/www.key-iot.com\/wp-content\/uploads\/2024\/09\/1.png\",\"datePublished\":\"2024-06-26T06:33:05+00:00\",\"dateModified\":\"2025-12-02T11:08:51+00:00\",\"breadcrumb\":{\"@id\":\"https:\/\/www.key-iot.com\/about-us\/#breadcrumb\"},\"inLanguage\":\"fr-FR\",\"potentialAction\":[{\"@type\":\"ReadAction\",\"target\":[\"https:\/\/www.key-iot.com\/about-us\/\"]}]},{\"@type\":\"ImageObject\",\"inLanguage\":\"fr-FR\",\"@id\":\"https:\/\/www.key-iot.com\/about-us\/#primaryimage\",\"url\":\"https:\/\/www.key-iot.com\/wp-content\/uploads\/2024\/09\/1.png\",\"contentUrl\":\"https:\/\/www.key-iot.com\/wp-content\/uploads\/2024\/09\/1.png\"},{\"@type\":\"BreadcrumbList\",\"@id\":\"https:\/\/www.key-iot.com\/about-us\/#breadcrumb\",\"itemListElement\":[{\"@type\":\"ListItem\",\"position\":1,\"name\":\"Home\",\"item\":\"https:\/\/www.key-iot.com\/\"},{\"@type\":\"ListItem\",\"position\":2,\"name\":\"About Us\"}]},{\"@type\":\"WebSite\",\"@id\":\"https:\/\/www.key-iot.com\/#website\",\"url\":\"https:\/\/www.key-iot.com\/\",\"name\":\"KEY-IOT\",\"description\":\"Industrial Cellular Routers\/ IoT Gateway\",\"potentialAction\":[{\"@type\":\"SearchAction\",\"target\":{\"@type\":\"EntryPoint\",\"urlTemplate\":\"https:\/\/www.key-iot.com\/?s={search_term_string}\"},\"query-input\":{\"@type\":\"PropertyValueSpecification\",\"valueRequired\":true,\"valueName\":\"search_term_string\"}}],\"inLanguage\":\"fr-FR\"}]}<\/script>\n<!-- \/ Yoast SEO plugin. -->","yoast_head_json":{"title":"\u00c0 propos de nous - KEY-IOT","robots":{"index":"index","follow":"follow","max-snippet":"max-snippet:-1","max-image-preview":"max-image-preview:large","max-video-preview":"max-video-preview:-1"},"canonical":"https:\/\/www.key-iot.com\/fr\/about-us\/","og_locale":"fr_FR","og_type":"article","og_title":"About Us - KEY-IOT","og_url":"https:\/\/www.key-iot.com\/fr\/about-us\/","og_site_name":"KEY-IOT","article_modified_time":"2025-12-02T11:08:51+00:00","og_image":[{"url":"https:\/\/www.key-iot.com\/wp-content\/uploads\/2024\/09\/1.png"}],"twitter_card":"summary_large_image","twitter_misc":{"Dur\u00e9e de lecture estim\u00e9e":"4 minutes"},"schema":{"@context":"https:\/\/schema.org","@graph":[{"@type":"WebPage","@id":"https:\/\/www.key-iot.com\/about-us\/","url":"https:\/\/www.key-iot.com\/about-us\/","name":"\u00c0 propos de nous - KEY-IOT","isPartOf":{"@id":"https:\/\/www.key-iot.com\/#website"},"primaryImageOfPage":{"@id":"https:\/\/www.key-iot.com\/about-us\/#primaryimage"},"image":{"@id":"https:\/\/www.key-iot.com\/about-us\/#primaryimage"},"thumbnailUrl":"https:\/\/www.key-iot.com\/wp-content\/uploads\/2024\/09\/1.png","datePublished":"2024-06-26T06:33:05+00:00","dateModified":"2025-12-02T11:08:51+00:00","breadcrumb":{"@id":"https:\/\/www.key-iot.com\/about-us\/#breadcrumb"},"inLanguage":"fr-FR","potentialAction":[{"@type":"ReadAction","target":["https:\/\/www.key-iot.com\/about-us\/"]}]},{"@type":"ImageObject","inLanguage":"fr-FR","@id":"https:\/\/www.key-iot.com\/about-us\/#primaryimage","url":"https:\/\/www.key-iot.com\/wp-content\/uploads\/2024\/09\/1.png","contentUrl":"https:\/\/www.key-iot.com\/wp-content\/uploads\/2024\/09\/1.png"},{"@type":"BreadcrumbList","@id":"https:\/\/www.key-iot.com\/about-us\/#breadcrumb","itemListElement":[{"@type":"ListItem","position":1,"name":"Home","item":"https:\/\/www.key-iot.com\/"},{"@type":"ListItem","position":2,"name":"About Us"}]},{"@type":"WebSite","@id":"https:\/\/www.key-iot.com\/#website","url":"https:\/\/www.key-iot.com\/","name":"KEY-IOT","description":"Routeurs cellulaires industriels\/ Passerelle IoT","potentialAction":[{"@type":"SearchAction","target":{"@type":"EntryPoint","urlTemplate":"https:\/\/www.key-iot.com\/?s={search_term_string}"},"query-input":{"@type":"PropertyValueSpecification","valueRequired":true,"valueName":"search_term_string"}}],"inLanguage":"fr-FR"}]}},"_links":{"self":[{"href":"https:\/\/www.key-iot.com\/fr\/wp-json\/wp\/v2\/pages\/441","targetHints":{"allow":["GET"]}}],"collection":[{"href":"https:\/\/www.key-iot.com\/fr\/wp-json\/wp\/v2\/pages"}],"about":[{"href":"https:\/\/www.key-iot.com\/fr\/wp-json\/wp\/v2\/types\/page"}],"author":[{"embeddable":true,"href":"https:\/\/www.key-iot.com\/fr\/wp-json\/wp\/v2\/users\/1"}],"replies":[{"embeddable":true,"href":"https:\/\/www.key-iot.com\/fr\/wp-json\/wp\/v2\/comments?post=441"}],"version-history":[{"count":58,"href":"https:\/\/www.key-iot.com\/fr\/wp-json\/wp\/v2\/pages\/441\/revisions"}],"predecessor-version":[{"id":5918,"href":"https:\/\/www.key-iot.com\/fr\/wp-json\/wp\/v2\/pages\/441\/revisions\/5918"}],"wp:attachment":[{"href":"https:\/\/www.key-iot.com\/fr\/wp-json\/wp\/v2\/media?parent=441"}],"curies":[{"name":"wp","href":"https:\/\/api.w.org\/{rel}","templated":true}]}}