{"id":993,"date":"2024-09-03T11:49:53","date_gmt":"2024-09-03T03:49:53","guid":{"rendered":"https:\/\/www.key-iot.com\/?post_type=product&#038;p=993"},"modified":"2025-06-16T09:15:26","modified_gmt":"2025-06-16T01:15:26","slug":"dtu300-cat4-industrial-iot-modem","status":"publish","type":"product","link":"https:\/\/www.key-iot.com\/es\/producto\/dtu300-modem-iot-industrial-cat4\/","title":{"rendered":"Cat4-SeDTU300"},"content":{"rendered":"<p><img decoding=\"async\" class=\"size-full wp-image-984 aligncenter\" src=\"https:\/\/www.key-iot.com\/wp-content\/uploads\/2024\/09\/1720091645458237.png\" alt=\"M\u00f3dem 4G LTE\" width=\"600\" height=\"600\" srcset=\"https:\/\/www.key-iot.com\/wp-content\/uploads\/2024\/09\/1720091645458237.png 600w, https:\/\/www.key-iot.com\/wp-content\/uploads\/2024\/09\/1720091645458237-300x300.png 300w, https:\/\/www.key-iot.com\/wp-content\/uploads\/2024\/09\/1720091645458237-150x150.png 150w, https:\/\/www.key-iot.com\/wp-content\/uploads\/2024\/09\/1720091645458237-100x100.png 100w\" sizes=\"(max-width: 600px) 100vw, 600px\" \/><\/p>\n<h2><strong>Productos<\/strong><\/h2>\n<p>La serie SeDTU300 4G <a href=\"https:\/\/www.key-iot.com\/es\/iotproducto\/lte-dtu\/\"><strong>unidad terminal de datos<\/strong><\/a>\u00a0es un terminal de datos inal\u00e1mbrico dise\u00f1ado para aplicaciones industriales, que aprovecha las redes LTE 4G para proporcionar un canal de transmisi\u00f3n de datos inal\u00e1mbrico fiable sobre TCP\/IP. Permite la comunicaci\u00f3n inal\u00e1mbrica sin fisuras entre dispositivos serie en estaciones de control remotas y sistemas de control central, facilitando el control de campo industrial remoto.<\/p>\n<p>&nbsp;<\/p>\n<p>Equipado con interfaces RS-232 y RS-485 y numerosos puertos de E\/S, el SeDTU300 se conecta directamente a dispositivos serie para lograr una transmisi\u00f3n de datos y una adquisici\u00f3n de datos de E\/S transparentes. Admite herramientas de configuraci\u00f3n locales basadas en PC, configuraci\u00f3n de comandos AT y configuraci\u00f3n remota TCP\/IP, lo que agiliza la instalaci\u00f3n in situ y los procesos posteriores al mantenimiento. Esto simplifica el despliegue, mejora significativamente la eficiencia y reduce los costes operativos generales, ofreciendo a los usuarios una experiencia de comunicaci\u00f3n inal\u00e1mbrica sin fisuras.<\/p>\n<h2><strong>Caracter\u00edsticas del producto<\/strong><\/h2>\n<p>Compatible con LTE 4G CAT4\/CAT1<\/p>\n<p>Admite opciones de instalaci\u00f3n flexibles\uff1aDin montaje en carril y montaje en pared<\/p>\n<p>Admite APN\/VPDN<\/p>\n<p>Apoya el protocolo HJ212-2017<\/p>\n<p>Compatible con el protocolo Ntrip<\/p>\n<p>Soporta TCP\u3001UDP\u3001MQTT\u3001HTTP\u3001TLS\uff08Opcional\uff09<\/p>\n<p>Soporta la conversi\u00f3n de protocolo Modbus TCP\/RTU \uff0cSoporta la conversi\u00f3n de datos Modbus a formato JSON para informes<\/p>\n<p>Admite la transmisi\u00f3n de copias de seguridad de doble centro de datos y la sincronizaci\u00f3n de varios centros de datos (hasta 4 centros).<\/p>\n<p>Configuraci\u00f3n\/actualizaci\u00f3n del puerto serie local y gesti\u00f3n remota basada en la nube<\/p>\n<p>Admite interfaces RS-232 y RS-485 est\u00e1ndar para la conexi\u00f3n directa de dispositivos<\/p>\n<p>Admite las funciones de sondeo de datos activos y elaboraci\u00f3n de informes<\/p>\n<p>Almacenamiento local de datos (opcional)<\/p>\n<p>Posicionamiento GPS (opcional)<\/p>\n<p>Admite 2 canales DI\/DO configurables<\/p>\n<p>Admite 2 canales de entrada anal\u00f3gica (EA) (por defecto: entrada de corriente de 0-20 mA, opcional entrada de tensi\u00f3n de 0-3,3 V)<\/p>\n<p>Soporta vigilantes de software y hardware para garantizar un funcionamiento fiable<\/p>\n<p>&nbsp;<\/p>\n<div class=\"mceTemp\"><\/div>\n<p>&nbsp;<\/p>","protected":false},"excerpt":{"rendered":"<h3>[tp_attributes num_attributes=\"6\"]<\/h3>\n<h3>Product Description Download<\/h3>\n[showpdf url=\"\/wp-content\/uploads\/2025\/04\/Technical-Specification-for-SeDTU300-\uff08Multi-Serial-Port\uff09V3.0.pdf\" name=\" Technical Specification for SeDTU300 -V3.0\" collapse=\"false\"]\n<p>&nbsp;<\/p>\n","protected":false},"featured_media":1458,"comment_status":"open","ping_status":"closed","template":"","meta":{"themepark_post_bcolor":"#f5f5f5","themepark_post_width":"1022px","themepark_post_img":"","themepark_post_img_po":"left","themepark_post_img_re":false,"themepark_post_img_cover":false,"themepark_post_img_fixed":false,"themepark_post_hide_title":false,"themepark_post_main_b":"","themepark_post_main_p":100,"themepark_paddingblock":false},"product_cat":[43],"product_tag":[],"class_list":{"0":"post-993","1":"product","2":"type-product","3":"status-publish","4":"has-post-thumbnail","6":"product_cat-lte-dtu","8":"first","9":"instock","10":"shipping-taxable","11":"product-type-simple"},"yoast_head":"<!-- This site is optimized with the Yoast SEO plugin v23.7 - https:\/\/yoast.com\/wordpress\/plugins\/seo\/ -->\n<title>Cat4-SeDTU300 - KEY-IOT<\/title>\n<meta name=\"robots\" content=\"index, follow, max-snippet:-1, max-image-preview:large, max-video-preview:-1\" \/>\n<link rel=\"canonical\" href=\"https:\/\/www.key-iot.com\/es\/producto\/dtu300-modem-iot-industrial-cat4\/\" \/>\n<meta property=\"og:locale\" content=\"es_ES\" \/>\n<meta property=\"og:type\" content=\"article\" \/>\n<meta property=\"og:title\" content=\"Cat4-SeDTU300 - KEY-IOT\" \/>\n<meta property=\"og:description\" content=\"Product Description Download   &nbsp;\" \/>\n<meta property=\"og:url\" content=\"https:\/\/www.key-iot.com\/es\/producto\/dtu300-modem-iot-industrial-cat4\/\" \/>\n<meta property=\"og:site_name\" content=\"KEY-IOT\" \/>\n<meta property=\"article:modified_time\" content=\"2025-06-16T01:15:26+00:00\" \/>\n<meta property=\"og:image\" content=\"https:\/\/www.key-iot.com\/wp-content\/uploads\/2024\/09\/\u5934\u56fe-10.jpg\" \/>\n\t<meta property=\"og:image:width\" content=\"414\" \/>\n\t<meta property=\"og:image:height\" content=\"414\" \/>\n\t<meta property=\"og:image:type\" content=\"image\/jpeg\" \/>\n<meta name=\"twitter:card\" content=\"summary_large_image\" \/>\n<meta name=\"twitter:label1\" content=\"Est. reading time\" \/>\n\t<meta name=\"twitter:data1\" content=\"2 minutos\" \/>\n<script type=\"application\/ld+json\" class=\"yoast-schema-graph\">{\"@context\":\"https:\/\/schema.org\",\"@graph\":[{\"@type\":\"WebPage\",\"@id\":\"https:\/\/www.key-iot.com\/product\/dtu300-cat4-industrial-iot-modem\/\",\"url\":\"https:\/\/www.key-iot.com\/product\/dtu300-cat4-industrial-iot-modem\/\",\"name\":\"Cat4-SeDTU300 - KEY-IOT\",\"isPartOf\":{\"@id\":\"https:\/\/www.key-iot.com\/#website\"},\"primaryImageOfPage\":{\"@id\":\"https:\/\/www.key-iot.com\/product\/dtu300-cat4-industrial-iot-modem\/#primaryimage\"},\"image\":{\"@id\":\"https:\/\/www.key-iot.com\/product\/dtu300-cat4-industrial-iot-modem\/#primaryimage\"},\"thumbnailUrl\":\"https:\/\/www.key-iot.com\/wp-content\/uploads\/2024\/09\/\u5934\u56fe-10.jpg\",\"datePublished\":\"2024-09-03T03:49:53+00:00\",\"dateModified\":\"2025-06-16T01:15:26+00:00\",\"breadcrumb\":{\"@id\":\"https:\/\/www.key-iot.com\/product\/dtu300-cat4-industrial-iot-modem\/#breadcrumb\"},\"inLanguage\":\"es-PE\",\"potentialAction\":[{\"@type\":\"ReadAction\",\"target\":[\"https:\/\/www.key-iot.com\/product\/dtu300-cat4-industrial-iot-modem\/\"]}]},{\"@type\":\"ImageObject\",\"inLanguage\":\"es-PE\",\"@id\":\"https:\/\/www.key-iot.com\/product\/dtu300-cat4-industrial-iot-modem\/#primaryimage\",\"url\":\"https:\/\/www.key-iot.com\/wp-content\/uploads\/2024\/09\/\u5934\u56fe-10.jpg\",\"contentUrl\":\"https:\/\/www.key-iot.com\/wp-content\/uploads\/2024\/09\/\u5934\u56fe-10.jpg\",\"width\":414,\"height\":414,\"caption\":\"Cat4-SeDTU300\"},{\"@type\":\"BreadcrumbList\",\"@id\":\"https:\/\/www.key-iot.com\/product\/dtu300-cat4-industrial-iot-modem\/#breadcrumb\",\"itemListElement\":[{\"@type\":\"ListItem\",\"position\":1,\"name\":\"Home\",\"item\":\"https:\/\/www.key-iot.com\/\"},{\"@type\":\"ListItem\",\"position\":2,\"name\":\"shop\",\"item\":\"https:\/\/www.key-iot.com\/shop\/\"},{\"@type\":\"ListItem\",\"position\":3,\"name\":\"Cat4-SeDTU300\"}]},{\"@type\":\"WebSite\",\"@id\":\"https:\/\/www.key-iot.com\/#website\",\"url\":\"https:\/\/www.key-iot.com\/\",\"name\":\"KEY-IOT\",\"description\":\"Industrial Cellular Routers\/ IoT Gateway\",\"potentialAction\":[{\"@type\":\"SearchAction\",\"target\":{\"@type\":\"EntryPoint\",\"urlTemplate\":\"https:\/\/www.key-iot.com\/?s={search_term_string}\"},\"query-input\":{\"@type\":\"PropertyValueSpecification\",\"valueRequired\":true,\"valueName\":\"search_term_string\"}}],\"inLanguage\":\"es-PE\"}]}<\/script>\n<!-- \/ Yoast SEO plugin. -->","yoast_head_json":{"title":"Cat4-SeDTU300 - KEY-IOT","robots":{"index":"index","follow":"follow","max-snippet":"max-snippet:-1","max-image-preview":"max-image-preview:large","max-video-preview":"max-video-preview:-1"},"canonical":"https:\/\/www.key-iot.com\/es\/producto\/dtu300-modem-iot-industrial-cat4\/","og_locale":"es_ES","og_type":"article","og_title":"Cat4-SeDTU300 - KEY-IOT","og_description":"Product Description Download   &nbsp;","og_url":"https:\/\/www.key-iot.com\/es\/producto\/dtu300-modem-iot-industrial-cat4\/","og_site_name":"KEY-IOT","article_modified_time":"2025-06-16T01:15:26+00:00","og_image":[{"width":414,"height":414,"url":"https:\/\/www.key-iot.com\/wp-content\/uploads\/2024\/09\/\u5934\u56fe-10.jpg","type":"image\/jpeg"}],"twitter_card":"summary_large_image","twitter_misc":{"Est. reading time":"2 minutos"},"schema":{"@context":"https:\/\/schema.org","@graph":[{"@type":"WebPage","@id":"https:\/\/www.key-iot.com\/product\/dtu300-cat4-industrial-iot-modem\/","url":"https:\/\/www.key-iot.com\/product\/dtu300-cat4-industrial-iot-modem\/","name":"Cat4-SeDTU300 - KEY-IOT","isPartOf":{"@id":"https:\/\/www.key-iot.com\/#website"},"primaryImageOfPage":{"@id":"https:\/\/www.key-iot.com\/product\/dtu300-cat4-industrial-iot-modem\/#primaryimage"},"image":{"@id":"https:\/\/www.key-iot.com\/product\/dtu300-cat4-industrial-iot-modem\/#primaryimage"},"thumbnailUrl":"https:\/\/www.key-iot.com\/wp-content\/uploads\/2024\/09\/\u5934\u56fe-10.jpg","datePublished":"2024-09-03T03:49:53+00:00","dateModified":"2025-06-16T01:15:26+00:00","breadcrumb":{"@id":"https:\/\/www.key-iot.com\/product\/dtu300-cat4-industrial-iot-modem\/#breadcrumb"},"inLanguage":"es-PE","potentialAction":[{"@type":"ReadAction","target":["https:\/\/www.key-iot.com\/product\/dtu300-cat4-industrial-iot-modem\/"]}]},{"@type":"ImageObject","inLanguage":"es-PE","@id":"https:\/\/www.key-iot.com\/product\/dtu300-cat4-industrial-iot-modem\/#primaryimage","url":"https:\/\/www.key-iot.com\/wp-content\/uploads\/2024\/09\/\u5934\u56fe-10.jpg","contentUrl":"https:\/\/www.key-iot.com\/wp-content\/uploads\/2024\/09\/\u5934\u56fe-10.jpg","width":414,"height":414,"caption":"Cat4-SeDTU300"},{"@type":"BreadcrumbList","@id":"https:\/\/www.key-iot.com\/product\/dtu300-cat4-industrial-iot-modem\/#breadcrumb","itemListElement":[{"@type":"ListItem","position":1,"name":"Home","item":"https:\/\/www.key-iot.com\/"},{"@type":"ListItem","position":2,"name":"shop","item":"https:\/\/www.key-iot.com\/shop\/"},{"@type":"ListItem","position":3,"name":"Cat4-SeDTU300"}]},{"@type":"WebSite","@id":"https:\/\/www.key-iot.com\/#website","url":"https:\/\/www.key-iot.com\/","name":"KEY-IOT","description":"Routers celulares industriales\/ Pasarela IoT","potentialAction":[{"@type":"SearchAction","target":{"@type":"EntryPoint","urlTemplate":"https:\/\/www.key-iot.com\/?s={search_term_string}"},"query-input":{"@type":"PropertyValueSpecification","valueRequired":true,"valueName":"search_term_string"}}],"inLanguage":"es-PE"}]}},"_links":{"self":[{"href":"https:\/\/www.key-iot.com\/es\/wp-json\/wp\/v2\/product\/993","targetHints":{"allow":["GET"]}}],"collection":[{"href":"https:\/\/www.key-iot.com\/es\/wp-json\/wp\/v2\/product"}],"about":[{"href":"https:\/\/www.key-iot.com\/es\/wp-json\/wp\/v2\/types\/product"}],"replies":[{"embeddable":true,"href":"https:\/\/www.key-iot.com\/es\/wp-json\/wp\/v2\/comments?post=993"}],"wp:featuredmedia":[{"embeddable":true,"href":"https:\/\/www.key-iot.com\/es\/wp-json\/wp\/v2\/media\/1458"}],"wp:attachment":[{"href":"https:\/\/www.key-iot.com\/es\/wp-json\/wp\/v2\/media?parent=993"}],"wp:term":[{"taxonomy":"product_cat","embeddable":true,"href":"https:\/\/www.key-iot.com\/es\/wp-json\/wp\/v2\/product_cat?post=993"},{"taxonomy":"product_tag","embeddable":true,"href":"https:\/\/www.key-iot.com\/es\/wp-json\/wp\/v2\/product_tag?post=993"}],"curies":[{"name":"wp","href":"https:\/\/api.w.org\/{rel}","templated":true}]}}