{"id":956,"date":"2024-09-03T09:43:16","date_gmt":"2024-09-03T01:43:16","guid":{"rendered":"https:\/\/www.key-iot.com\/?post_type=product&#038;p=956"},"modified":"2025-06-16T09:16:19","modified_gmt":"2025-06-16T01:16:19","slug":"sedtu200-industrial-4g-lte-modem","status":"publish","type":"product","link":"https:\/\/www.key-iot.com\/es\/producto\/sedtu200-modem-industrial-4g-lte\/","title":{"rendered":"M\u00f3dem 4G LTE SeDTU200"},"content":{"rendered":"<p><img decoding=\"async\" class=\"size-full wp-image-1565 aligncenter\" src=\"https:\/\/www.key-iot.com\/wp-content\/uploads\/2024\/09\/\u5934\u56fe-25.jpg\" alt=\"M\u00f3dem 4G LTE SeDTU200\" width=\"414\" height=\"414\" srcset=\"https:\/\/www.key-iot.com\/wp-content\/uploads\/2024\/09\/\u5934\u56fe-25.jpg 414w, https:\/\/www.key-iot.com\/wp-content\/uploads\/2024\/09\/\u5934\u56fe-25-300x300.jpg 300w, https:\/\/www.key-iot.com\/wp-content\/uploads\/2024\/09\/\u5934\u56fe-25-150x150.jpg 150w, https:\/\/www.key-iot.com\/wp-content\/uploads\/2024\/09\/\u5934\u56fe-25-100x100.jpg 100w\" sizes=\"(max-width: 414px) 100vw, 414px\" \/><\/p>\n<h2><\/h2>\n<h2>Productos<\/h2>\n<p>La serie SeDTU200 <a href=\"https:\/\/www.key-iot.com\/es\/iotproducto\/lte-dtu\/\"><strong>unidad terminal de datos<\/strong><\/a>\u00a0 es un sistema inal\u00e1mbrico de datos<br \/>\nproducto terminal que aprovecha las redes inal\u00e1mbricas LTE 4G para proporcionar un<br \/>\ncanal de transmisi\u00f3n de datos a trav\u00e9s de TCP\/IP para usuarios industriales. Permite la transmisi\u00f3n inal\u00e1mbrica<br \/>\ncomunicaci\u00f3n de datos entre dispositivos serie en puestos de control remotos y centrales<br \/>\nfacilitando el control industrial a distancia. Equipado con un chip de control principal MCU de grado industrial de alto rendimiento y un<br \/>\nsistema operativo en tiempo real integrado, el SeDTU200 garantiza estabilidad y fiabilidad.<br \/>\nfuncionamiento. Admite interfaces RS-232 y RS-485 para la conexi\u00f3n directa a dispositivos serie.<br \/>\npermitiendo una transmisi\u00f3n de datos transparente. El dispositivo ofrece m\u00faltiples<br \/>\nm\u00e9todos de configuraci\u00f3n y gesti\u00f3n, incluidas herramientas locales basadas en PC, AT<br \/>\nconfiguraci\u00f3n de comandos y configuraci\u00f3n remota TCP\/IP. Esto simplifica<br \/>\ninstalaci\u00f3n y el mantenimiento posterior, mejora significativamente la eficacia de la implantaci\u00f3n y<br \/>\nreduce los costes operativos generales del sistema, lo que permite a los usuarios experimentar plenamente la<br \/>\ncomodidad de la comunicaci\u00f3n inal\u00e1mbrica.<\/p>\n<p><img decoding=\"async\" class=\"size-large wp-image-963 aligncenter\" src=\"https:\/\/www.key-iot.com\/wp-content\/uploads\/2024\/09\/20240616062717562-1024x556.png\" alt=\"M\u00f3dem 4G LTE industrial -dtu200\" width=\"1024\" height=\"556\" srcset=\"https:\/\/www.key-iot.com\/wp-content\/uploads\/2024\/09\/20240616062717562-1024x556.png 1024w, https:\/\/www.key-iot.com\/wp-content\/uploads\/2024\/09\/20240616062717562-300x163.png 300w, https:\/\/www.key-iot.com\/wp-content\/uploads\/2024\/09\/20240616062717562-768x417.png 768w, https:\/\/www.key-iot.com\/wp-content\/uploads\/2024\/09\/20240616062717562-600x326.png 600w, https:\/\/www.key-iot.com\/wp-content\/uploads\/2024\/09\/20240616062717562.png 1247w\" sizes=\"(max-width: 1024px) 100vw, 1024px\" \/><\/p>\n<h2>Caracter\u00edsticas del producto<\/h2>\n<p>Compatible con LTE 4G CAT4\/CAT1<br \/>\nSoporta APN\/VPDN<br \/>\nCompatible con el protocolo HJ212-2017<br \/>\nAdmite el protocolo Ntrip<br \/>\nSoporta TCP\u3001UDP\u3001MQTT\u3001HTTP\u3001TLS\uff08opcional\uff09<br \/>\nSoporta la conversi\u00f3n del protocolo Modbus TCP\/RTU \uff0c Soporta la conversi\u00f3n de Modbus<br \/>\ndatos a formato JSON para informes<br \/>\nAdmite transmisi\u00f3n de copia de seguridad en doble centro de datos y multicentro de datos<br \/>\nsincronizaci\u00f3n (hasta 4 centros)<br \/>\nConfiguraci\u00f3n\/actualizaci\u00f3n del puerto serie local y gesti\u00f3n remota basada en la nube<\/p>","protected":false},"excerpt":{"rendered":"<p>&nbsp;<\/p>\n<h3>[tp_attributes num_attributes=\"6\"]<\/h3>\n<h3>Product Description Download<\/h3>\n[showpdf url=\"\/wp-content\/uploads\/2024\/09\/Technical-Specification-for-SeDTU200-V3.1.pdf\" name=\"Technical-Specification-for-SeDTU200-V3.1.pdf\" collapse=\"false\"]\n<p>&nbsp;<\/p>\n","protected":false},"featured_media":1566,"comment_status":"open","ping_status":"closed","template":"","meta":{"themepark_post_bcolor":"#f5f5f5","themepark_post_width":"1022px","themepark_post_img":"","themepark_post_img_po":"left","themepark_post_img_re":false,"themepark_post_img_cover":false,"themepark_post_img_fixed":false,"themepark_post_hide_title":false,"themepark_post_main_b":"","themepark_post_main_p":100,"themepark_paddingblock":false},"product_cat":[43],"product_tag":[],"class_list":{"0":"post-956","1":"product","2":"type-product","3":"status-publish","4":"has-post-thumbnail","6":"product_cat-lte-dtu","8":"first","9":"instock","10":"shipping-taxable","11":"product-type-simple"},"yoast_head":"<!-- This site is optimized with the Yoast SEO plugin v23.7 - https:\/\/yoast.com\/wordpress\/plugins\/seo\/ -->\n<title>SeDTU200 4G LTE Modem - KEY-IOT<\/title>\n<meta name=\"robots\" content=\"index, follow, max-snippet:-1, max-image-preview:large, max-video-preview:-1\" \/>\n<link rel=\"canonical\" href=\"https:\/\/www.key-iot.com\/es\/producto\/sedtu200-modem-industrial-4g-lte\/\" \/>\n<meta property=\"og:locale\" content=\"es_ES\" \/>\n<meta property=\"og:type\" content=\"article\" \/>\n<meta property=\"og:title\" content=\"SeDTU200 4G LTE Modem - KEY-IOT\" \/>\n<meta property=\"og:description\" content=\"&nbsp;  Product Description Download   &nbsp;\" \/>\n<meta property=\"og:url\" content=\"https:\/\/www.key-iot.com\/es\/producto\/sedtu200-modem-industrial-4g-lte\/\" \/>\n<meta property=\"og:site_name\" content=\"KEY-IOT\" \/>\n<meta property=\"article:modified_time\" content=\"2025-06-16T01:16:19+00:00\" \/>\n<meta property=\"og:image\" content=\"https:\/\/www.key-iot.com\/wp-content\/uploads\/2024\/09\/1-22.jpg\" \/>\n\t<meta property=\"og:image:width\" content=\"414\" \/>\n\t<meta property=\"og:image:height\" content=\"414\" \/>\n\t<meta property=\"og:image:type\" content=\"image\/jpeg\" \/>\n<meta name=\"twitter:card\" content=\"summary_large_image\" \/>\n<meta name=\"twitter:label1\" content=\"Est. reading time\" \/>\n\t<meta name=\"twitter:data1\" content=\"2 minutos\" \/>\n<script type=\"application\/ld+json\" class=\"yoast-schema-graph\">{\"@context\":\"https:\/\/schema.org\",\"@graph\":[{\"@type\":\"WebPage\",\"@id\":\"https:\/\/www.key-iot.com\/product\/sedtu200-industrial-4g-lte-modem\/\",\"url\":\"https:\/\/www.key-iot.com\/product\/sedtu200-industrial-4g-lte-modem\/\",\"name\":\"SeDTU200 4G LTE Modem - KEY-IOT\",\"isPartOf\":{\"@id\":\"https:\/\/www.key-iot.com\/#website\"},\"primaryImageOfPage\":{\"@id\":\"https:\/\/www.key-iot.com\/product\/sedtu200-industrial-4g-lte-modem\/#primaryimage\"},\"image\":{\"@id\":\"https:\/\/www.key-iot.com\/product\/sedtu200-industrial-4g-lte-modem\/#primaryimage\"},\"thumbnailUrl\":\"https:\/\/www.key-iot.com\/wp-content\/uploads\/2024\/09\/1-22.jpg\",\"datePublished\":\"2024-09-03T01:43:16+00:00\",\"dateModified\":\"2025-06-16T01:16:19+00:00\",\"breadcrumb\":{\"@id\":\"https:\/\/www.key-iot.com\/product\/sedtu200-industrial-4g-lte-modem\/#breadcrumb\"},\"inLanguage\":\"es-PE\",\"potentialAction\":[{\"@type\":\"ReadAction\",\"target\":[\"https:\/\/www.key-iot.com\/product\/sedtu200-industrial-4g-lte-modem\/\"]}]},{\"@type\":\"ImageObject\",\"inLanguage\":\"es-PE\",\"@id\":\"https:\/\/www.key-iot.com\/product\/sedtu200-industrial-4g-lte-modem\/#primaryimage\",\"url\":\"https:\/\/www.key-iot.com\/wp-content\/uploads\/2024\/09\/1-22.jpg\",\"contentUrl\":\"https:\/\/www.key-iot.com\/wp-content\/uploads\/2024\/09\/1-22.jpg\",\"width\":414,\"height\":414,\"caption\":\"SeDTU200 4G LTE Modem\"},{\"@type\":\"BreadcrumbList\",\"@id\":\"https:\/\/www.key-iot.com\/product\/sedtu200-industrial-4g-lte-modem\/#breadcrumb\",\"itemListElement\":[{\"@type\":\"ListItem\",\"position\":1,\"name\":\"Home\",\"item\":\"https:\/\/www.key-iot.com\/\"},{\"@type\":\"ListItem\",\"position\":2,\"name\":\"shop\",\"item\":\"https:\/\/www.key-iot.com\/shop\/\"},{\"@type\":\"ListItem\",\"position\":3,\"name\":\"SeDTU200 4G LTE Modem\"}]},{\"@type\":\"WebSite\",\"@id\":\"https:\/\/www.key-iot.com\/#website\",\"url\":\"https:\/\/www.key-iot.com\/\",\"name\":\"KEY-IOT\",\"description\":\"Industrial Cellular Routers\/ IoT Gateway\",\"potentialAction\":[{\"@type\":\"SearchAction\",\"target\":{\"@type\":\"EntryPoint\",\"urlTemplate\":\"https:\/\/www.key-iot.com\/?s={search_term_string}\"},\"query-input\":{\"@type\":\"PropertyValueSpecification\",\"valueRequired\":true,\"valueName\":\"search_term_string\"}}],\"inLanguage\":\"es-PE\"}]}<\/script>\n<!-- \/ Yoast SEO plugin. -->","yoast_head_json":{"title":"M\u00f3dem SeDTU200 4G LTE - KEY-IOT","robots":{"index":"index","follow":"follow","max-snippet":"max-snippet:-1","max-image-preview":"max-image-preview:large","max-video-preview":"max-video-preview:-1"},"canonical":"https:\/\/www.key-iot.com\/es\/producto\/sedtu200-modem-industrial-4g-lte\/","og_locale":"es_ES","og_type":"article","og_title":"SeDTU200 4G LTE Modem - KEY-IOT","og_description":"&nbsp;  Product Description Download   &nbsp;","og_url":"https:\/\/www.key-iot.com\/es\/producto\/sedtu200-modem-industrial-4g-lte\/","og_site_name":"KEY-IOT","article_modified_time":"2025-06-16T01:16:19+00:00","og_image":[{"width":414,"height":414,"url":"https:\/\/www.key-iot.com\/wp-content\/uploads\/2024\/09\/1-22.jpg","type":"image\/jpeg"}],"twitter_card":"summary_large_image","twitter_misc":{"Est. reading time":"2 minutos"},"schema":{"@context":"https:\/\/schema.org","@graph":[{"@type":"WebPage","@id":"https:\/\/www.key-iot.com\/product\/sedtu200-industrial-4g-lte-modem\/","url":"https:\/\/www.key-iot.com\/product\/sedtu200-industrial-4g-lte-modem\/","name":"M\u00f3dem SeDTU200 4G LTE - KEY-IOT","isPartOf":{"@id":"https:\/\/www.key-iot.com\/#website"},"primaryImageOfPage":{"@id":"https:\/\/www.key-iot.com\/product\/sedtu200-industrial-4g-lte-modem\/#primaryimage"},"image":{"@id":"https:\/\/www.key-iot.com\/product\/sedtu200-industrial-4g-lte-modem\/#primaryimage"},"thumbnailUrl":"https:\/\/www.key-iot.com\/wp-content\/uploads\/2024\/09\/1-22.jpg","datePublished":"2024-09-03T01:43:16+00:00","dateModified":"2025-06-16T01:16:19+00:00","breadcrumb":{"@id":"https:\/\/www.key-iot.com\/product\/sedtu200-industrial-4g-lte-modem\/#breadcrumb"},"inLanguage":"es-PE","potentialAction":[{"@type":"ReadAction","target":["https:\/\/www.key-iot.com\/product\/sedtu200-industrial-4g-lte-modem\/"]}]},{"@type":"ImageObject","inLanguage":"es-PE","@id":"https:\/\/www.key-iot.com\/product\/sedtu200-industrial-4g-lte-modem\/#primaryimage","url":"https:\/\/www.key-iot.com\/wp-content\/uploads\/2024\/09\/1-22.jpg","contentUrl":"https:\/\/www.key-iot.com\/wp-content\/uploads\/2024\/09\/1-22.jpg","width":414,"height":414,"caption":"SeDTU200 4G LTE Modem"},{"@type":"BreadcrumbList","@id":"https:\/\/www.key-iot.com\/product\/sedtu200-industrial-4g-lte-modem\/#breadcrumb","itemListElement":[{"@type":"ListItem","position":1,"name":"Home","item":"https:\/\/www.key-iot.com\/"},{"@type":"ListItem","position":2,"name":"shop","item":"https:\/\/www.key-iot.com\/shop\/"},{"@type":"ListItem","position":3,"name":"SeDTU200 4G LTE Modem"}]},{"@type":"WebSite","@id":"https:\/\/www.key-iot.com\/#website","url":"https:\/\/www.key-iot.com\/","name":"KEY-IOT","description":"Routers celulares industriales\/ Pasarela IoT","potentialAction":[{"@type":"SearchAction","target":{"@type":"EntryPoint","urlTemplate":"https:\/\/www.key-iot.com\/?s={search_term_string}"},"query-input":{"@type":"PropertyValueSpecification","valueRequired":true,"valueName":"search_term_string"}}],"inLanguage":"es-PE"}]}},"_links":{"self":[{"href":"https:\/\/www.key-iot.com\/es\/wp-json\/wp\/v2\/product\/956","targetHints":{"allow":["GET"]}}],"collection":[{"href":"https:\/\/www.key-iot.com\/es\/wp-json\/wp\/v2\/product"}],"about":[{"href":"https:\/\/www.key-iot.com\/es\/wp-json\/wp\/v2\/types\/product"}],"replies":[{"embeddable":true,"href":"https:\/\/www.key-iot.com\/es\/wp-json\/wp\/v2\/comments?post=956"}],"wp:featuredmedia":[{"embeddable":true,"href":"https:\/\/www.key-iot.com\/es\/wp-json\/wp\/v2\/media\/1566"}],"wp:attachment":[{"href":"https:\/\/www.key-iot.com\/es\/wp-json\/wp\/v2\/media?parent=956"}],"wp:term":[{"taxonomy":"product_cat","embeddable":true,"href":"https:\/\/www.key-iot.com\/es\/wp-json\/wp\/v2\/product_cat?post=956"},{"taxonomy":"product_tag","embeddable":true,"href":"https:\/\/www.key-iot.com\/es\/wp-json\/wp\/v2\/product_tag?post=956"}],"curies":[{"name":"wp","href":"https:\/\/api.w.org\/{rel}","templated":true}]}}