{"id":933,"date":"2024-09-02T17:59:26","date_gmt":"2024-09-02T09:59:26","guid":{"rendered":"https:\/\/www.key-iot.com\/?post_type=product&#038;p=933"},"modified":"2025-06-16T09:02:54","modified_gmt":"2025-06-16T01:02:54","slug":"sr830-mini-lte-5g-hybrid-router","status":"publish","type":"product","link":"https:\/\/www.key-iot.com\/es\/producto\/sr830-mini-lte-5g-router-hibrido\/","title":{"rendered":"Router industrial SR830 MINI LTE\/5G"},"content":{"rendered":"<p>&nbsp;<\/p>\n<p><img decoding=\"async\" class=\"aligncenter\" title=\" Router industrial SR830 MINI LTE\/5G\" src=\"https:\/\/www.key-iot.com\/wp-content\/uploads\/2024\/09\/20240613071246838.png\" alt=\" Router industrial SR830 MINI LTE\/5G\" width=\"600\" height=\"600\" \/><\/p>\n<h2>Productos<\/h2>\n<p><a href=\"https:\/\/www.key-iot.com\/es\/iotproducto\/industrial-5g-routers\/\"><strong>\u00a0<\/strong><\/a>\u00a0 StarRouter 830 <a href=\"https:\/\/www.key-iot.com\/es\/iotproducto\/industrial-5g-routers\/\"><strong>router industrial 5g\u00a0<\/strong><\/a> son routers inal\u00e1mbricos IoT que integran redes 4G\/5G y tecnolog\u00edas de red privada virtual (VPN). Con funcionalidad de segmentaci\u00f3n de red multi-DNN, satisfacen los requisitos diferenciados de las aplicaciones del sector proporcionando garant\u00edas de SLA (Service Level Agreement) a nivel de red y aislamiento de seguridad de extremo a extremo (E2E). El dispositivo es compatible con VXLAN (Virtual Extensible LAN) para permitir la conexi\u00f3n en red de conmutaci\u00f3n de capa 2, lo que ofrece una soluci\u00f3n eficaz para los centros de datos.<\/p>\n<h2>Caracter\u00edsticas del producto<\/h2>\n<p>Compatible con redes 5G NR\/RedCap<br \/>\nAdmite tarjeta TF<br \/>\nAdmite montaje en sobremesa o en carril DIN<br \/>\nAdmite doble fuente de alimentaci\u00f3n redundante<br \/>\nAdmite el bloqueo de banda del m\u00f3dulo 5G y el bloqueo del modo de red<br \/>\nCompatible con GPS\/BeiDou (opcional)<br \/>\nAdmite LAN 5G (opcional)<br \/>\nAdmite el modo puente, que permite la asignaci\u00f3n directa de IP desde la marcaci\u00f3n 5G a los dispositivos conectados (opcional).<br \/>\nAdmite la conmutaci\u00f3n por error entre conexiones por cable e inal\u00e1mbricas<br \/>\nAdmite protocolos de enrutamiento din\u00e1mico (OSPF, RIP)<br \/>\nAdmite enrutamiento basado en pol\u00edticas para dividir el tr\u00e1fico<br \/>\nAdmite la consulta y notificaci\u00f3n de informaci\u00f3n sobre el estado del dispositivo<br \/>\nAdmite la configuraci\u00f3n de VLAN, incluidas varias VLAN con modos etiquetados y no etiquetados.<br \/>\nSoporta el sistema Linux para el desarrollo secundario, con directrices completas de desarrollo proporcionadas<br \/>\nCompatible con SNMP y StarCloud Platform (plataforma de gesti\u00f3n de dispositivos)<br \/>\nSoporta m\u00faltiples protocolos VPN: PPTP, L2TP, IPsec, OpenVPN, GRE, GRETAP, VXLAN, etc.<\/p>","protected":false},"excerpt":{"rendered":"<h3>[tp_attributes num_attributes=\"6\"]<\/h3>\n<h3>Product Description Download<\/h3>\n[showpdf url=\"\/wp-content\/uploads\/2024\/09\/Technical-Specification-for-SR830-E-Embedded-5G-Router-V2.2.pdf\" name=\" Technical Specification for SR830-E Embedded 5G Router V2.2\" collapse=\"false\"]\n<p>&nbsp;<\/p>\n","protected":false},"featured_media":1479,"comment_status":"open","ping_status":"closed","template":"","meta":{"themepark_post_bcolor":"#f5f5f5","themepark_post_width":"1022px","themepark_post_img":"","themepark_post_img_po":"left","themepark_post_img_re":false,"themepark_post_img_cover":false,"themepark_post_img_fixed":false,"themepark_post_hide_title":false,"themepark_post_main_b":"","themepark_post_main_p":100,"themepark_paddingblock":false},"product_cat":[41,57],"product_tag":[],"class_list":{"0":"post-933","1":"product","2":"type-product","3":"status-publish","4":"has-post-thumbnail","6":"product_cat-industrial-5g-routers","7":"product_cat-cellular-routers","9":"first","10":"instock","11":"shipping-taxable","12":"product-type-simple"},"yoast_head":"<!-- This site is optimized with the Yoast SEO plugin v23.7 - https:\/\/yoast.com\/wordpress\/plugins\/seo\/ -->\n<title>SR830 MINI LTE\/5G Industrial Router - KEY-IOT<\/title>\n<meta name=\"robots\" content=\"index, follow, max-snippet:-1, max-image-preview:large, max-video-preview:-1\" \/>\n<link rel=\"canonical\" href=\"https:\/\/www.key-iot.com\/es\/producto\/sr830-mini-lte-5g-router-hibrido\/\" \/>\n<meta property=\"og:locale\" content=\"es_ES\" \/>\n<meta property=\"og:type\" content=\"article\" \/>\n<meta property=\"og:title\" content=\"SR830 MINI LTE\/5G Industrial Router - KEY-IOT\" \/>\n<meta property=\"og:description\" content=\"Product Description Download   &nbsp;\" \/>\n<meta property=\"og:url\" content=\"https:\/\/www.key-iot.com\/es\/producto\/sr830-mini-lte-5g-router-hibrido\/\" \/>\n<meta property=\"og:site_name\" content=\"KEY-IOT\" \/>\n<meta property=\"article:modified_time\" content=\"2025-06-16T01:02:54+00:00\" \/>\n<meta property=\"og:image\" content=\"https:\/\/www.key-iot.com\/wp-content\/uploads\/2024\/09\/\u5934\u56fe-15.jpg\" \/>\n\t<meta property=\"og:image:width\" content=\"414\" \/>\n\t<meta property=\"og:image:height\" content=\"414\" \/>\n\t<meta property=\"og:image:type\" content=\"image\/jpeg\" \/>\n<meta name=\"twitter:card\" content=\"summary_large_image\" \/>\n<meta name=\"twitter:label1\" content=\"Est. reading time\" \/>\n\t<meta name=\"twitter:data1\" content=\"2 minutos\" \/>\n<script type=\"application\/ld+json\" class=\"yoast-schema-graph\">{\"@context\":\"https:\/\/schema.org\",\"@graph\":[{\"@type\":\"WebPage\",\"@id\":\"https:\/\/www.key-iot.com\/product\/sr830-mini-lte-5g-hybrid-router\/\",\"url\":\"https:\/\/www.key-iot.com\/product\/sr830-mini-lte-5g-hybrid-router\/\",\"name\":\"SR830 MINI LTE\/5G Industrial Router - KEY-IOT\",\"isPartOf\":{\"@id\":\"https:\/\/www.key-iot.com\/#website\"},\"primaryImageOfPage\":{\"@id\":\"https:\/\/www.key-iot.com\/product\/sr830-mini-lte-5g-hybrid-router\/#primaryimage\"},\"image\":{\"@id\":\"https:\/\/www.key-iot.com\/product\/sr830-mini-lte-5g-hybrid-router\/#primaryimage\"},\"thumbnailUrl\":\"https:\/\/www.key-iot.com\/wp-content\/uploads\/2024\/09\/\u5934\u56fe-15.jpg\",\"datePublished\":\"2024-09-02T09:59:26+00:00\",\"dateModified\":\"2025-06-16T01:02:54+00:00\",\"breadcrumb\":{\"@id\":\"https:\/\/www.key-iot.com\/product\/sr830-mini-lte-5g-hybrid-router\/#breadcrumb\"},\"inLanguage\":\"es-PE\",\"potentialAction\":[{\"@type\":\"ReadAction\",\"target\":[\"https:\/\/www.key-iot.com\/product\/sr830-mini-lte-5g-hybrid-router\/\"]}]},{\"@type\":\"ImageObject\",\"inLanguage\":\"es-PE\",\"@id\":\"https:\/\/www.key-iot.com\/product\/sr830-mini-lte-5g-hybrid-router\/#primaryimage\",\"url\":\"https:\/\/www.key-iot.com\/wp-content\/uploads\/2024\/09\/\u5934\u56fe-15.jpg\",\"contentUrl\":\"https:\/\/www.key-iot.com\/wp-content\/uploads\/2024\/09\/\u5934\u56fe-15.jpg\",\"width\":414,\"height\":414,\"caption\":\"SR830 MINI LTE router 5G\"},{\"@type\":\"BreadcrumbList\",\"@id\":\"https:\/\/www.key-iot.com\/product\/sr830-mini-lte-5g-hybrid-router\/#breadcrumb\",\"itemListElement\":[{\"@type\":\"ListItem\",\"position\":1,\"name\":\"Home\",\"item\":\"https:\/\/www.key-iot.com\/\"},{\"@type\":\"ListItem\",\"position\":2,\"name\":\"shop\",\"item\":\"https:\/\/www.key-iot.com\/shop\/\"},{\"@type\":\"ListItem\",\"position\":3,\"name\":\"SR830 MINI LTE\/5G Industrial Router\"}]},{\"@type\":\"WebSite\",\"@id\":\"https:\/\/www.key-iot.com\/#website\",\"url\":\"https:\/\/www.key-iot.com\/\",\"name\":\"KEY-IOT\",\"description\":\"Industrial Cellular Routers\/ IoT Gateway\",\"potentialAction\":[{\"@type\":\"SearchAction\",\"target\":{\"@type\":\"EntryPoint\",\"urlTemplate\":\"https:\/\/www.key-iot.com\/?s={search_term_string}\"},\"query-input\":{\"@type\":\"PropertyValueSpecification\",\"valueRequired\":true,\"valueName\":\"search_term_string\"}}],\"inLanguage\":\"es-PE\"}]}<\/script>\n<!-- \/ Yoast SEO plugin. -->","yoast_head_json":{"title":"Router industrial SR830 MINI LTE\/5G - KEY-IOT","robots":{"index":"index","follow":"follow","max-snippet":"max-snippet:-1","max-image-preview":"max-image-preview:large","max-video-preview":"max-video-preview:-1"},"canonical":"https:\/\/www.key-iot.com\/es\/producto\/sr830-mini-lte-5g-router-hibrido\/","og_locale":"es_ES","og_type":"article","og_title":"SR830 MINI LTE\/5G Industrial Router - KEY-IOT","og_description":"Product Description Download   &nbsp;","og_url":"https:\/\/www.key-iot.com\/es\/producto\/sr830-mini-lte-5g-router-hibrido\/","og_site_name":"KEY-IOT","article_modified_time":"2025-06-16T01:02:54+00:00","og_image":[{"width":414,"height":414,"url":"https:\/\/www.key-iot.com\/wp-content\/uploads\/2024\/09\/\u5934\u56fe-15.jpg","type":"image\/jpeg"}],"twitter_card":"summary_large_image","twitter_misc":{"Est. reading time":"2 minutos"},"schema":{"@context":"https:\/\/schema.org","@graph":[{"@type":"WebPage","@id":"https:\/\/www.key-iot.com\/product\/sr830-mini-lte-5g-hybrid-router\/","url":"https:\/\/www.key-iot.com\/product\/sr830-mini-lte-5g-hybrid-router\/","name":"Router industrial SR830 MINI LTE\/5G - KEY-IOT","isPartOf":{"@id":"https:\/\/www.key-iot.com\/#website"},"primaryImageOfPage":{"@id":"https:\/\/www.key-iot.com\/product\/sr830-mini-lte-5g-hybrid-router\/#primaryimage"},"image":{"@id":"https:\/\/www.key-iot.com\/product\/sr830-mini-lte-5g-hybrid-router\/#primaryimage"},"thumbnailUrl":"https:\/\/www.key-iot.com\/wp-content\/uploads\/2024\/09\/\u5934\u56fe-15.jpg","datePublished":"2024-09-02T09:59:26+00:00","dateModified":"2025-06-16T01:02:54+00:00","breadcrumb":{"@id":"https:\/\/www.key-iot.com\/product\/sr830-mini-lte-5g-hybrid-router\/#breadcrumb"},"inLanguage":"es-PE","potentialAction":[{"@type":"ReadAction","target":["https:\/\/www.key-iot.com\/product\/sr830-mini-lte-5g-hybrid-router\/"]}]},{"@type":"ImageObject","inLanguage":"es-PE","@id":"https:\/\/www.key-iot.com\/product\/sr830-mini-lte-5g-hybrid-router\/#primaryimage","url":"https:\/\/www.key-iot.com\/wp-content\/uploads\/2024\/09\/\u5934\u56fe-15.jpg","contentUrl":"https:\/\/www.key-iot.com\/wp-content\/uploads\/2024\/09\/\u5934\u56fe-15.jpg","width":414,"height":414,"caption":"SR830 MINI LTE router 5G"},{"@type":"BreadcrumbList","@id":"https:\/\/www.key-iot.com\/product\/sr830-mini-lte-5g-hybrid-router\/#breadcrumb","itemListElement":[{"@type":"ListItem","position":1,"name":"Home","item":"https:\/\/www.key-iot.com\/"},{"@type":"ListItem","position":2,"name":"shop","item":"https:\/\/www.key-iot.com\/shop\/"},{"@type":"ListItem","position":3,"name":"SR830 MINI LTE\/5G Industrial Router"}]},{"@type":"WebSite","@id":"https:\/\/www.key-iot.com\/#website","url":"https:\/\/www.key-iot.com\/","name":"KEY-IOT","description":"Routers celulares industriales\/ Pasarela IoT","potentialAction":[{"@type":"SearchAction","target":{"@type":"EntryPoint","urlTemplate":"https:\/\/www.key-iot.com\/?s={search_term_string}"},"query-input":{"@type":"PropertyValueSpecification","valueRequired":true,"valueName":"search_term_string"}}],"inLanguage":"es-PE"}]}},"_links":{"self":[{"href":"https:\/\/www.key-iot.com\/es\/wp-json\/wp\/v2\/product\/933","targetHints":{"allow":["GET"]}}],"collection":[{"href":"https:\/\/www.key-iot.com\/es\/wp-json\/wp\/v2\/product"}],"about":[{"href":"https:\/\/www.key-iot.com\/es\/wp-json\/wp\/v2\/types\/product"}],"replies":[{"embeddable":true,"href":"https:\/\/www.key-iot.com\/es\/wp-json\/wp\/v2\/comments?post=933"}],"wp:featuredmedia":[{"embeddable":true,"href":"https:\/\/www.key-iot.com\/es\/wp-json\/wp\/v2\/media\/1479"}],"wp:attachment":[{"href":"https:\/\/www.key-iot.com\/es\/wp-json\/wp\/v2\/media?parent=933"}],"wp:term":[{"taxonomy":"product_cat","embeddable":true,"href":"https:\/\/www.key-iot.com\/es\/wp-json\/wp\/v2\/product_cat?post=933"},{"taxonomy":"product_tag","embeddable":true,"href":"https:\/\/www.key-iot.com\/es\/wp-json\/wp\/v2\/product_tag?post=933"}],"curies":[{"name":"wp","href":"https:\/\/api.w.org\/{rel}","templated":true}]}}