{"id":905,"date":"2024-09-02T14:26:49","date_gmt":"2024-09-02T06:26:49","guid":{"rendered":"https:\/\/www.key-iot.com\/?post_type=product&#038;p=905"},"modified":"2025-06-16T09:03:40","modified_gmt":"2025-06-16T01:03:40","slug":"sr800-01-industrial-5g-lte-fiber-optic-router","status":"publish","type":"product","link":"https:\/\/www.key-iot.com\/es\/producto\/sr800-01-enrutador-industrial-de-fibra-optica-5g-lte\/","title":{"rendered":"SR800-01 Router industrial 5G con fibra \u00f3ptica"},"content":{"rendered":"<h2><img decoding=\"async\" class=\"size-full wp-image-3527 aligncenter\" src=\"https:\/\/www.key-iot.com\/wp-content\/uploads\/2024\/09\/1733301383834947.png\" alt=\"\" width=\"600\" height=\"600\" srcset=\"https:\/\/www.key-iot.com\/wp-content\/uploads\/2024\/09\/1733301383834947.png 600w, https:\/\/www.key-iot.com\/wp-content\/uploads\/2024\/09\/1733301383834947-300x300.png 300w, https:\/\/www.key-iot.com\/wp-content\/uploads\/2024\/09\/1733301383834947-150x150.png 150w, https:\/\/www.key-iot.com\/wp-content\/uploads\/2024\/09\/1733301383834947-100x100.png 100w\" sizes=\"(max-width: 600px) 100vw, 600px\" \/><\/h2>\n<p>&nbsp;<\/p>\n<h2>Productos<\/h2>\n<p>StarRouter 800 <a href=\"https:\/\/www.key-iot.com\/es\/iotproducto\/industrial-5g-routers\/\"><strong>router industrial 5g<\/strong><\/a> son routers inal\u00e1mbricos IoT que integran redes 4G\/5G, fibra \u00f3ptica y tecnolog\u00edas de red privada virtual (VPN). Equipado con tecnolog\u00edas de red inal\u00e1mbrica de \u00e1rea extensa (WWAN) 4G\/5G de doble red de respaldo, fibra y red inal\u00e1mbrica de \u00e1rea local (WLAN) Wi-Fi, este dispositivo proporciona acceso ininterrumpido a m\u00faltiples conexiones de red. Con completas funciones de seguridad y capacidades de servicio inal\u00e1mbrico, ofrece canales de transmisi\u00f3n de datos estables y de alta velocidad para los usuarios.<\/p>\n<h2>Caracter\u00edsticas del producto<\/h2>\n<p>Compatible con redes 5G NR\/RedCap<br \/>\nAdmite 2 puertos SFP<br \/>\nAdmite el protocolo STP para formar redes en anillo<br \/>\nAdmite el bloqueo de banda del m\u00f3dulo 5G y el bloqueo del modo de red<br \/>\nCompatible con GPS\/BeiDou (opcional)<br \/>\nCompatible con WLAN\uff08Opcional\uff09<br \/>\nAdmite LAN 5G (opcional)<br \/>\nAdmite el modo puente, lo que permite la asignaci\u00f3n directa de IP desde la marcaci\u00f3n 5G a los dispositivos conectados (opcional).<br \/>\nAdmite protocolos de enrutamiento din\u00e1mico (OSPF, RIP)<br \/>\nAdmite enrutamiento basado en pol\u00edticas para dividir el tr\u00e1fico<br \/>\nAdmite la consulta y notificaci\u00f3n de informaci\u00f3n sobre el estado del dispositivo<br \/>\nAdmite la configuraci\u00f3n de VLAN, incluidas varias VLAN con modos etiquetados y no etiquetados.<br \/>\nSoporta el sistema Linux para el desarrollo secundario, con directrices completas de desarrollo proporcionadas<br \/>\nCompatible con SNMP y StarCloud Platform (plataforma de gesti\u00f3n de dispositivos)<br \/>\nSoporta m\u00faltiples protocolos VPN: PPTP, L2TP, IPsec, OpenVPN, GRE, GRETAP, VXLAN, etc.<\/p>","protected":false},"excerpt":{"rendered":"<h3>[tp_attributes num_attributes=\"6\"]<\/h3>\n<h3>Product Description Download<\/h3>\n[showpdf url=\"\/wp-content\/uploads\/2024\/09\/Technical-Specification-for-SR800-01-Optical-5G-Router-V3.0.pdf\" name=\"Technical Specification for SR800-01 (Optical 5G Router) V3.0\" collapse=\"false\"]\n<p>&nbsp;<\/p>\n","protected":false},"featured_media":1446,"comment_status":"open","ping_status":"closed","template":"","meta":{"themepark_post_bcolor":"#f5f5f5","themepark_post_width":"1022px","themepark_post_img":"","themepark_post_img_po":"left","themepark_post_img_re":false,"themepark_post_img_cover":false,"themepark_post_img_fixed":false,"themepark_post_hide_title":false,"themepark_post_main_b":"","themepark_post_main_p":100,"themepark_paddingblock":false},"product_cat":[41,57],"product_tag":[],"class_list":{"0":"post-905","1":"product","2":"type-product","3":"status-publish","4":"has-post-thumbnail","6":"product_cat-industrial-5g-routers","7":"product_cat-cellular-routers","9":"first","10":"instock","11":"shipping-taxable","12":"product-type-simple"},"yoast_head":"<!-- This site is optimized with the Yoast SEO plugin v23.7 - https:\/\/yoast.com\/wordpress\/plugins\/seo\/ -->\n<title>SR800-01 Industrial 5G Router with Optical Fiber - KEY-IOT<\/title>\n<meta name=\"robots\" content=\"index, follow, max-snippet:-1, max-image-preview:large, max-video-preview:-1\" \/>\n<link rel=\"canonical\" href=\"https:\/\/www.key-iot.com\/es\/producto\/sr800-01-enrutador-industrial-de-fibra-optica-5g-lte\/\" \/>\n<meta property=\"og:locale\" content=\"es_ES\" \/>\n<meta property=\"og:type\" content=\"article\" \/>\n<meta property=\"og:title\" content=\"SR800-01 Industrial 5G Router with Optical Fiber - KEY-IOT\" \/>\n<meta property=\"og:description\" content=\"Product Description Download   &nbsp;\" \/>\n<meta property=\"og:url\" content=\"https:\/\/www.key-iot.com\/es\/producto\/sr800-01-enrutador-industrial-de-fibra-optica-5g-lte\/\" \/>\n<meta property=\"og:site_name\" content=\"KEY-IOT\" \/>\n<meta property=\"article:modified_time\" content=\"2025-06-16T01:03:40+00:00\" \/>\n<meta property=\"og:image\" content=\"https:\/\/www.key-iot.com\/wp-content\/uploads\/2024\/09\/\u5934\u56fe-7.jpg\" \/>\n\t<meta property=\"og:image:width\" content=\"414\" \/>\n\t<meta property=\"og:image:height\" content=\"414\" \/>\n\t<meta property=\"og:image:type\" content=\"image\/jpeg\" \/>\n<meta name=\"twitter:card\" content=\"summary_large_image\" \/>\n<meta name=\"twitter:label1\" content=\"Est. reading time\" \/>\n\t<meta name=\"twitter:data1\" content=\"2 minutos\" \/>\n<script type=\"application\/ld+json\" class=\"yoast-schema-graph\">{\"@context\":\"https:\/\/schema.org\",\"@graph\":[{\"@type\":\"WebPage\",\"@id\":\"https:\/\/www.key-iot.com\/product\/sr800-01-industrial-5g-lte-fiber-optic-router\/\",\"url\":\"https:\/\/www.key-iot.com\/product\/sr800-01-industrial-5g-lte-fiber-optic-router\/\",\"name\":\"SR800-01 Industrial 5G Router with Optical Fiber - KEY-IOT\",\"isPartOf\":{\"@id\":\"https:\/\/www.key-iot.com\/#website\"},\"primaryImageOfPage\":{\"@id\":\"https:\/\/www.key-iot.com\/product\/sr800-01-industrial-5g-lte-fiber-optic-router\/#primaryimage\"},\"image\":{\"@id\":\"https:\/\/www.key-iot.com\/product\/sr800-01-industrial-5g-lte-fiber-optic-router\/#primaryimage\"},\"thumbnailUrl\":\"https:\/\/www.key-iot.com\/wp-content\/uploads\/2024\/09\/\u5934\u56fe-7.jpg\",\"datePublished\":\"2024-09-02T06:26:49+00:00\",\"dateModified\":\"2025-06-16T01:03:40+00:00\",\"breadcrumb\":{\"@id\":\"https:\/\/www.key-iot.com\/product\/sr800-01-industrial-5g-lte-fiber-optic-router\/#breadcrumb\"},\"inLanguage\":\"es-PE\",\"potentialAction\":[{\"@type\":\"ReadAction\",\"target\":[\"https:\/\/www.key-iot.com\/product\/sr800-01-industrial-5g-lte-fiber-optic-router\/\"]}]},{\"@type\":\"ImageObject\",\"inLanguage\":\"es-PE\",\"@id\":\"https:\/\/www.key-iot.com\/product\/sr800-01-industrial-5g-lte-fiber-optic-router\/#primaryimage\",\"url\":\"https:\/\/www.key-iot.com\/wp-content\/uploads\/2024\/09\/\u5934\u56fe-7.jpg\",\"contentUrl\":\"https:\/\/www.key-iot.com\/wp-content\/uploads\/2024\/09\/\u5934\u56fe-7.jpg\",\"width\":414,\"height\":414,\"caption\":\"SR800-01 Industrial 5G Router with Optical Fiber\"},{\"@type\":\"BreadcrumbList\",\"@id\":\"https:\/\/www.key-iot.com\/product\/sr800-01-industrial-5g-lte-fiber-optic-router\/#breadcrumb\",\"itemListElement\":[{\"@type\":\"ListItem\",\"position\":1,\"name\":\"Home\",\"item\":\"https:\/\/www.key-iot.com\/\"},{\"@type\":\"ListItem\",\"position\":2,\"name\":\"shop\",\"item\":\"https:\/\/www.key-iot.com\/shop\/\"},{\"@type\":\"ListItem\",\"position\":3,\"name\":\"SR800-01 Industrial 5G Router with Optical Fiber\"}]},{\"@type\":\"WebSite\",\"@id\":\"https:\/\/www.key-iot.com\/#website\",\"url\":\"https:\/\/www.key-iot.com\/\",\"name\":\"KEY-IOT\",\"description\":\"Industrial Cellular Routers\/ IoT Gateway\",\"potentialAction\":[{\"@type\":\"SearchAction\",\"target\":{\"@type\":\"EntryPoint\",\"urlTemplate\":\"https:\/\/www.key-iot.com\/?s={search_term_string}\"},\"query-input\":{\"@type\":\"PropertyValueSpecification\",\"valueRequired\":true,\"valueName\":\"search_term_string\"}}],\"inLanguage\":\"es-PE\"}]}<\/script>\n<!-- \/ Yoast SEO plugin. -->","yoast_head_json":{"title":"SR800-01 Router industrial 5G con fibra \u00f3ptica - KEY-IOT","robots":{"index":"index","follow":"follow","max-snippet":"max-snippet:-1","max-image-preview":"max-image-preview:large","max-video-preview":"max-video-preview:-1"},"canonical":"https:\/\/www.key-iot.com\/es\/producto\/sr800-01-enrutador-industrial-de-fibra-optica-5g-lte\/","og_locale":"es_ES","og_type":"article","og_title":"SR800-01 Industrial 5G Router with Optical Fiber - KEY-IOT","og_description":"Product Description Download   &nbsp;","og_url":"https:\/\/www.key-iot.com\/es\/producto\/sr800-01-enrutador-industrial-de-fibra-optica-5g-lte\/","og_site_name":"KEY-IOT","article_modified_time":"2025-06-16T01:03:40+00:00","og_image":[{"width":414,"height":414,"url":"https:\/\/www.key-iot.com\/wp-content\/uploads\/2024\/09\/\u5934\u56fe-7.jpg","type":"image\/jpeg"}],"twitter_card":"summary_large_image","twitter_misc":{"Est. reading time":"2 minutos"},"schema":{"@context":"https:\/\/schema.org","@graph":[{"@type":"WebPage","@id":"https:\/\/www.key-iot.com\/product\/sr800-01-industrial-5g-lte-fiber-optic-router\/","url":"https:\/\/www.key-iot.com\/product\/sr800-01-industrial-5g-lte-fiber-optic-router\/","name":"SR800-01 Router industrial 5G con fibra \u00f3ptica - KEY-IOT","isPartOf":{"@id":"https:\/\/www.key-iot.com\/#website"},"primaryImageOfPage":{"@id":"https:\/\/www.key-iot.com\/product\/sr800-01-industrial-5g-lte-fiber-optic-router\/#primaryimage"},"image":{"@id":"https:\/\/www.key-iot.com\/product\/sr800-01-industrial-5g-lte-fiber-optic-router\/#primaryimage"},"thumbnailUrl":"https:\/\/www.key-iot.com\/wp-content\/uploads\/2024\/09\/\u5934\u56fe-7.jpg","datePublished":"2024-09-02T06:26:49+00:00","dateModified":"2025-06-16T01:03:40+00:00","breadcrumb":{"@id":"https:\/\/www.key-iot.com\/product\/sr800-01-industrial-5g-lte-fiber-optic-router\/#breadcrumb"},"inLanguage":"es-PE","potentialAction":[{"@type":"ReadAction","target":["https:\/\/www.key-iot.com\/product\/sr800-01-industrial-5g-lte-fiber-optic-router\/"]}]},{"@type":"ImageObject","inLanguage":"es-PE","@id":"https:\/\/www.key-iot.com\/product\/sr800-01-industrial-5g-lte-fiber-optic-router\/#primaryimage","url":"https:\/\/www.key-iot.com\/wp-content\/uploads\/2024\/09\/\u5934\u56fe-7.jpg","contentUrl":"https:\/\/www.key-iot.com\/wp-content\/uploads\/2024\/09\/\u5934\u56fe-7.jpg","width":414,"height":414,"caption":"SR800-01 Industrial 5G Router with Optical Fiber"},{"@type":"BreadcrumbList","@id":"https:\/\/www.key-iot.com\/product\/sr800-01-industrial-5g-lte-fiber-optic-router\/#breadcrumb","itemListElement":[{"@type":"ListItem","position":1,"name":"Home","item":"https:\/\/www.key-iot.com\/"},{"@type":"ListItem","position":2,"name":"shop","item":"https:\/\/www.key-iot.com\/shop\/"},{"@type":"ListItem","position":3,"name":"SR800-01 Industrial 5G Router with Optical Fiber"}]},{"@type":"WebSite","@id":"https:\/\/www.key-iot.com\/#website","url":"https:\/\/www.key-iot.com\/","name":"KEY-IOT","description":"Routers celulares industriales\/ Pasarela IoT","potentialAction":[{"@type":"SearchAction","target":{"@type":"EntryPoint","urlTemplate":"https:\/\/www.key-iot.com\/?s={search_term_string}"},"query-input":{"@type":"PropertyValueSpecification","valueRequired":true,"valueName":"search_term_string"}}],"inLanguage":"es-PE"}]}},"_links":{"self":[{"href":"https:\/\/www.key-iot.com\/es\/wp-json\/wp\/v2\/product\/905","targetHints":{"allow":["GET"]}}],"collection":[{"href":"https:\/\/www.key-iot.com\/es\/wp-json\/wp\/v2\/product"}],"about":[{"href":"https:\/\/www.key-iot.com\/es\/wp-json\/wp\/v2\/types\/product"}],"replies":[{"embeddable":true,"href":"https:\/\/www.key-iot.com\/es\/wp-json\/wp\/v2\/comments?post=905"}],"wp:featuredmedia":[{"embeddable":true,"href":"https:\/\/www.key-iot.com\/es\/wp-json\/wp\/v2\/media\/1446"}],"wp:attachment":[{"href":"https:\/\/www.key-iot.com\/es\/wp-json\/wp\/v2\/media?parent=905"}],"wp:term":[{"taxonomy":"product_cat","embeddable":true,"href":"https:\/\/www.key-iot.com\/es\/wp-json\/wp\/v2\/product_cat?post=905"},{"taxonomy":"product_tag","embeddable":true,"href":"https:\/\/www.key-iot.com\/es\/wp-json\/wp\/v2\/product_tag?post=905"}],"curies":[{"name":"wp","href":"https:\/\/api.w.org\/{rel}","templated":true}]}}