{"id":852,"date":"2024-09-02T09:30:36","date_gmt":"2024-09-02T01:30:36","guid":{"rendered":"https:\/\/www.key-iot.com\/?post_type=product&#038;p=852"},"modified":"2025-06-16T09:08:07","modified_gmt":"2025-06-16T01:08:07","slug":"sr510-dual-port-iot-m2m-router","status":"publish","type":"product","link":"https:\/\/www.key-iot.com\/es\/producto\/sr510-router-iot-m2m-de-doble-puerto\/","title":{"rendered":"Router 5G de 2 puertos SR510"},"content":{"rendered":"<p><img decoding=\"async\" class=\"wp-image-855 size-full aligncenter\" title=\"Router industrial 5G SR510\" src=\"https:\/\/www.key-iot.com\/wp-content\/uploads\/2024\/09\/20240618070607642.png\" alt=\"Router industrial 5G SR510\" width=\"600\" height=\"600\" srcset=\"https:\/\/www.key-iot.com\/wp-content\/uploads\/2024\/09\/20240618070607642.png 600w, https:\/\/www.key-iot.com\/wp-content\/uploads\/2024\/09\/20240618070607642-300x300.png 300w, https:\/\/www.key-iot.com\/wp-content\/uploads\/2024\/09\/20240618070607642-150x150.png 150w, https:\/\/www.key-iot.com\/wp-content\/uploads\/2024\/09\/20240618070607642-100x100.png 100w\" sizes=\"(max-width: 600px) 100vw, 600px\" \/><\/p>\n<h2>Productos<\/h2>\n<p>StarRouter 510 <a href=\"https:\/\/www.key-iot.com\/es\/iotproducto\/industrial-5g-routers\/\"><strong>router industrial 5g\u00a0<\/strong><\/a> es una serie de routers inal\u00e1mbricos IoT que integran tecnolog\u00edas de red 4G\/5G y de red privada virtual (VPN). Equipado con funciones como la red inal\u00e1mbrica de \u00e1rea extensa (WWAN) 4G\/5G de doble red de respaldo, este dispositivo garantiza el acceso ininterrumpido a m\u00faltiples conexiones de red. Con completas funciones de seguridad y capacidades de servicio inal\u00e1mbrico, proporciona a los usuarios canales de transmisi\u00f3n de datos estables y de alta velocidad.<\/p>\n<h2>Caracter\u00edsticas del producto<\/h2>\n<p>Compatible con redes de alta velocidad 5G NR y redes Redcap<br \/>\nAdmite cifrado nacional (opcional)<br \/>\nAdmite dos tarjetas SIM con funci\u00f3n de copia de seguridad mutua\uff08failover\uff09<br \/>\nCompatible con GPS\/BeiDou (opcional)<br \/>\nAdmite WLAN (opcional)<br \/>\nAdmite la conmutaci\u00f3n por error entre conexiones por cable e inal\u00e1mbricas<br \/>\nAdmite los protocolos de enrutamiento din\u00e1mico OSPF y RIP<br \/>\nAdmite enrutamiento basado en pol\u00edticas para dividir el tr\u00e1fico<br \/>\nAdmite la consulta y notificaci\u00f3n de informaci\u00f3n sobre el estado del dispositivo<br \/>\nAdmite la configuraci\u00f3n de VLAN, incluidas varias VLAN con modos etiquetados y no etiquetados.<br \/>\nSoporta el sistema Linux para el desarrollo secundario, con directrices completas de desarrollo proporcionadas<br \/>\nCompatible con SNMP y StarCloud Platform (plataforma de gesti\u00f3n de dispositivos)<br \/>\nSoporta m\u00faltiples funciones VPN: PPTP, L2TP, IPSEC, OpenVPN, GRE, GRETAP, VXLAN\uff0cetc.<\/p>\n<p>&nbsp;<\/p>","protected":false},"excerpt":{"rendered":"[tp_attributes num_attributes=\"6\"]\n<h3>Product Description Download<\/h3>\n[showpdf url=\"\/wp-content\/uploads\/2024\/09\/Technical-Specification-for-SR510-Power-Industry-5G-Router-V2.2.pdf\" name=\" Technical Specification for SR510 Power Industry 5G Router V2.2\" collapse=\"false\" login=\"false\"]\n<p>&nbsp;<\/p>\n<p>&nbsp;<\/p>\n","protected":false},"featured_media":1437,"comment_status":"open","ping_status":"closed","template":"","meta":{"themepark_post_bcolor":"#f5f5f5","themepark_post_width":"1022px","themepark_post_img":"","themepark_post_img_po":"left","themepark_post_img_re":false,"themepark_post_img_cover":false,"themepark_post_img_fixed":false,"themepark_post_hide_title":false,"themepark_post_main_b":"","themepark_post_main_p":100,"themepark_paddingblock":false},"product_cat":[41,57],"product_tag":[],"class_list":{"0":"post-852","1":"product","2":"type-product","3":"status-publish","4":"has-post-thumbnail","6":"product_cat-industrial-5g-routers","7":"product_cat-cellular-routers","9":"first","10":"instock","11":"shipping-taxable","12":"product-type-simple"},"yoast_head":"<!-- This site is optimized with the Yoast SEO plugin v23.7 - https:\/\/yoast.com\/wordpress\/plugins\/seo\/ -->\n<title>SR510 2 Port 5G Router - KEY-IOT<\/title>\n<meta name=\"robots\" content=\"index, follow, max-snippet:-1, max-image-preview:large, max-video-preview:-1\" \/>\n<link rel=\"canonical\" href=\"https:\/\/www.key-iot.com\/es\/producto\/sr510-router-iot-m2m-de-doble-puerto\/\" \/>\n<meta property=\"og:locale\" content=\"es_ES\" \/>\n<meta property=\"og:type\" content=\"article\" \/>\n<meta property=\"og:title\" content=\"SR510 2 Port 5G Router - KEY-IOT\" \/>\n<meta property=\"og:description\" content=\"Product Description Download   &nbsp;  &nbsp;\" \/>\n<meta property=\"og:url\" content=\"https:\/\/www.key-iot.com\/es\/producto\/sr510-router-iot-m2m-de-doble-puerto\/\" \/>\n<meta property=\"og:site_name\" content=\"KEY-IOT\" \/>\n<meta property=\"article:modified_time\" content=\"2025-06-16T01:08:07+00:00\" \/>\n<meta property=\"og:image\" content=\"https:\/\/www.key-iot.com\/wp-content\/uploads\/2024\/09\/2-2.jpg\" \/>\n\t<meta property=\"og:image:width\" content=\"414\" \/>\n\t<meta property=\"og:image:height\" content=\"414\" \/>\n\t<meta property=\"og:image:type\" content=\"image\/jpeg\" \/>\n<meta name=\"twitter:card\" content=\"summary_large_image\" \/>\n<meta name=\"twitter:label1\" content=\"Est. reading time\" \/>\n\t<meta name=\"twitter:data1\" content=\"2 minutos\" \/>\n<script type=\"application\/ld+json\" class=\"yoast-schema-graph\">{\"@context\":\"https:\/\/schema.org\",\"@graph\":[{\"@type\":\"WebPage\",\"@id\":\"https:\/\/www.key-iot.com\/product\/sr510-dual-port-iot-m2m-router\/\",\"url\":\"https:\/\/www.key-iot.com\/product\/sr510-dual-port-iot-m2m-router\/\",\"name\":\"SR510 2 Port 5G Router - KEY-IOT\",\"isPartOf\":{\"@id\":\"https:\/\/www.key-iot.com\/#website\"},\"primaryImageOfPage\":{\"@id\":\"https:\/\/www.key-iot.com\/product\/sr510-dual-port-iot-m2m-router\/#primaryimage\"},\"image\":{\"@id\":\"https:\/\/www.key-iot.com\/product\/sr510-dual-port-iot-m2m-router\/#primaryimage\"},\"thumbnailUrl\":\"https:\/\/www.key-iot.com\/wp-content\/uploads\/2024\/09\/2-2.jpg\",\"datePublished\":\"2024-09-02T01:30:36+00:00\",\"dateModified\":\"2025-06-16T01:08:07+00:00\",\"breadcrumb\":{\"@id\":\"https:\/\/www.key-iot.com\/product\/sr510-dual-port-iot-m2m-router\/#breadcrumb\"},\"inLanguage\":\"es-PE\",\"potentialAction\":[{\"@type\":\"ReadAction\",\"target\":[\"https:\/\/www.key-iot.com\/product\/sr510-dual-port-iot-m2m-router\/\"]}]},{\"@type\":\"ImageObject\",\"inLanguage\":\"es-PE\",\"@id\":\"https:\/\/www.key-iot.com\/product\/sr510-dual-port-iot-m2m-router\/#primaryimage\",\"url\":\"https:\/\/www.key-iot.com\/wp-content\/uploads\/2024\/09\/2-2.jpg\",\"contentUrl\":\"https:\/\/www.key-iot.com\/wp-content\/uploads\/2024\/09\/2-2.jpg\",\"width\":414,\"height\":414,\"caption\":\"SR510 2 Port 5G Router\"},{\"@type\":\"BreadcrumbList\",\"@id\":\"https:\/\/www.key-iot.com\/product\/sr510-dual-port-iot-m2m-router\/#breadcrumb\",\"itemListElement\":[{\"@type\":\"ListItem\",\"position\":1,\"name\":\"Home\",\"item\":\"https:\/\/www.key-iot.com\/\"},{\"@type\":\"ListItem\",\"position\":2,\"name\":\"shop\",\"item\":\"https:\/\/www.key-iot.com\/shop\/\"},{\"@type\":\"ListItem\",\"position\":3,\"name\":\"SR510 2 Port 5G Router\"}]},{\"@type\":\"WebSite\",\"@id\":\"https:\/\/www.key-iot.com\/#website\",\"url\":\"https:\/\/www.key-iot.com\/\",\"name\":\"KEY-IOT\",\"description\":\"Industrial Cellular Routers\/ IoT Gateway\",\"potentialAction\":[{\"@type\":\"SearchAction\",\"target\":{\"@type\":\"EntryPoint\",\"urlTemplate\":\"https:\/\/www.key-iot.com\/?s={search_term_string}\"},\"query-input\":{\"@type\":\"PropertyValueSpecification\",\"valueRequired\":true,\"valueName\":\"search_term_string\"}}],\"inLanguage\":\"es-PE\"}]}<\/script>\n<!-- \/ Yoast SEO plugin. -->","yoast_head_json":{"title":"Router 5G de 2 puertos SR510 - KEY-IOT","robots":{"index":"index","follow":"follow","max-snippet":"max-snippet:-1","max-image-preview":"max-image-preview:large","max-video-preview":"max-video-preview:-1"},"canonical":"https:\/\/www.key-iot.com\/es\/producto\/sr510-router-iot-m2m-de-doble-puerto\/","og_locale":"es_ES","og_type":"article","og_title":"SR510 2 Port 5G Router - KEY-IOT","og_description":"Product Description Download   &nbsp;  &nbsp;","og_url":"https:\/\/www.key-iot.com\/es\/producto\/sr510-router-iot-m2m-de-doble-puerto\/","og_site_name":"KEY-IOT","article_modified_time":"2025-06-16T01:08:07+00:00","og_image":[{"width":414,"height":414,"url":"https:\/\/www.key-iot.com\/wp-content\/uploads\/2024\/09\/2-2.jpg","type":"image\/jpeg"}],"twitter_card":"summary_large_image","twitter_misc":{"Est. reading time":"2 minutos"},"schema":{"@context":"https:\/\/schema.org","@graph":[{"@type":"WebPage","@id":"https:\/\/www.key-iot.com\/product\/sr510-dual-port-iot-m2m-router\/","url":"https:\/\/www.key-iot.com\/product\/sr510-dual-port-iot-m2m-router\/","name":"Router 5G de 2 puertos SR510 - KEY-IOT","isPartOf":{"@id":"https:\/\/www.key-iot.com\/#website"},"primaryImageOfPage":{"@id":"https:\/\/www.key-iot.com\/product\/sr510-dual-port-iot-m2m-router\/#primaryimage"},"image":{"@id":"https:\/\/www.key-iot.com\/product\/sr510-dual-port-iot-m2m-router\/#primaryimage"},"thumbnailUrl":"https:\/\/www.key-iot.com\/wp-content\/uploads\/2024\/09\/2-2.jpg","datePublished":"2024-09-02T01:30:36+00:00","dateModified":"2025-06-16T01:08:07+00:00","breadcrumb":{"@id":"https:\/\/www.key-iot.com\/product\/sr510-dual-port-iot-m2m-router\/#breadcrumb"},"inLanguage":"es-PE","potentialAction":[{"@type":"ReadAction","target":["https:\/\/www.key-iot.com\/product\/sr510-dual-port-iot-m2m-router\/"]}]},{"@type":"ImageObject","inLanguage":"es-PE","@id":"https:\/\/www.key-iot.com\/product\/sr510-dual-port-iot-m2m-router\/#primaryimage","url":"https:\/\/www.key-iot.com\/wp-content\/uploads\/2024\/09\/2-2.jpg","contentUrl":"https:\/\/www.key-iot.com\/wp-content\/uploads\/2024\/09\/2-2.jpg","width":414,"height":414,"caption":"SR510 2 Port 5G Router"},{"@type":"BreadcrumbList","@id":"https:\/\/www.key-iot.com\/product\/sr510-dual-port-iot-m2m-router\/#breadcrumb","itemListElement":[{"@type":"ListItem","position":1,"name":"Home","item":"https:\/\/www.key-iot.com\/"},{"@type":"ListItem","position":2,"name":"shop","item":"https:\/\/www.key-iot.com\/shop\/"},{"@type":"ListItem","position":3,"name":"SR510 2 Port 5G Router"}]},{"@type":"WebSite","@id":"https:\/\/www.key-iot.com\/#website","url":"https:\/\/www.key-iot.com\/","name":"KEY-IOT","description":"Routers celulares industriales\/ Pasarela IoT","potentialAction":[{"@type":"SearchAction","target":{"@type":"EntryPoint","urlTemplate":"https:\/\/www.key-iot.com\/?s={search_term_string}"},"query-input":{"@type":"PropertyValueSpecification","valueRequired":true,"valueName":"search_term_string"}}],"inLanguage":"es-PE"}]}},"_links":{"self":[{"href":"https:\/\/www.key-iot.com\/es\/wp-json\/wp\/v2\/product\/852","targetHints":{"allow":["GET"]}}],"collection":[{"href":"https:\/\/www.key-iot.com\/es\/wp-json\/wp\/v2\/product"}],"about":[{"href":"https:\/\/www.key-iot.com\/es\/wp-json\/wp\/v2\/types\/product"}],"replies":[{"embeddable":true,"href":"https:\/\/www.key-iot.com\/es\/wp-json\/wp\/v2\/comments?post=852"}],"wp:featuredmedia":[{"embeddable":true,"href":"https:\/\/www.key-iot.com\/es\/wp-json\/wp\/v2\/media\/1437"}],"wp:attachment":[{"href":"https:\/\/www.key-iot.com\/es\/wp-json\/wp\/v2\/media?parent=852"}],"wp:term":[{"taxonomy":"product_cat","embeddable":true,"href":"https:\/\/www.key-iot.com\/es\/wp-json\/wp\/v2\/product_cat?post=852"},{"taxonomy":"product_tag","embeddable":true,"href":"https:\/\/www.key-iot.com\/es\/wp-json\/wp\/v2\/product_tag?post=852"}],"curies":[{"name":"wp","href":"https:\/\/api.w.org\/{rel}","templated":true}]}}