{"id":841,"date":"2024-09-01T14:55:19","date_gmt":"2024-09-01T06:55:19","guid":{"rendered":"https:\/\/www.key-iot.com\/?post_type=product&#038;p=841"},"modified":"2025-06-16T08:57:04","modified_gmt":"2025-06-16T00:57:04","slug":"sr520-2-lan-sim-4g-router","status":"publish","type":"product","link":"https:\/\/www.key-iot.com\/es\/producto\/sr520-2-lan-sim-4g-router\/","title":{"rendered":"Router 4G SR520 2 Sim"},"content":{"rendered":"<p>&nbsp;<\/p>\n<p>&nbsp;<\/p>\n<p><img decoding=\"async\" class=\"wp-image-844 size-full aligncenter\" title=\"Router 4G SR520 2 Sim\" src=\"https:\/\/www.key-iot.com\/wp-content\/uploads\/2024\/09\/1723197649392557.png\" alt=\"Router 4G SR520 2 Sim\" width=\"600\" height=\"600\" srcset=\"https:\/\/www.key-iot.com\/wp-content\/uploads\/2024\/09\/1723197649392557.png 600w, https:\/\/www.key-iot.com\/wp-content\/uploads\/2024\/09\/1723197649392557-300x300.png 300w, https:\/\/www.key-iot.com\/wp-content\/uploads\/2024\/09\/1723197649392557-150x150.png 150w, https:\/\/www.key-iot.com\/wp-content\/uploads\/2024\/09\/1723197649392557-100x100.png 100w\" sizes=\"(max-width: 600px) 100vw, 600px\" \/><\/p>\n<h2>Productos<\/h2>\n<p>StarRouter 520 <a href=\"https:\/\/www.key-iot.com\/es\/iotproducto\/industrial-4g-routers\/\"><strong>router 4g industrial<\/strong><\/a> es una red 4G, una red privada virtual y otras tecnolog\u00edas en uno de los productos enrutadores inal\u00e1mbricos del Internet de las Cosas. El dispositivo se basa en la red de \u00e1rea amplia inal\u00e1mbrica 4G y la red de \u00e1rea local inal\u00e1mbrica Wi-Fi y otras tecnolog\u00edas para proporcionar acceso ininterrumpido a una variedad de redes, con sus funciones integrales de seguridad y servicios inal\u00e1mbricos, para proporcionar a los usuarios canales de transmisi\u00f3n de datos de alta velocidad y estables.<\/p>\n<h2>Caracter\u00edsticas del producto<\/h2>\n<p>Compatibilidad con WLAN (opcional)<br \/>\nAdmite dos puertos Ethernet<br \/>\nCarril gu\u00eda de soporte e instalaci\u00f3n de sobremesa<br \/>\nAdmite doble red de operador (doble tarjeta SIM) y es compatible con tarjetas ESIM.<br \/>\nAdmite copia de seguridad mutua por cable e inal\u00e1mbrica<br \/>\nAdmite la implantaci\u00f3n eficaz de redes de dispositivos a gran escala<br \/>\nDise\u00f1o totalmente industrial, sin miedo al desaf\u00edo de las condiciones duras<br \/>\nAdmite red de alta velocidad 4G LTE CAT4, red privada de alimentaci\u00f3n opcional de 1,8 GHz<br \/>\nCompatible con el sistema Linux OpenWrt, que facilita el desarrollo secundario y proporciona una completa gu\u00eda de desarrollo secundario.<br \/>\nSoporta m\u00faltiples funciones VPN. PPTP, L2TP, IPSEC, OPENVPN, GRE, GRETAP, Vxlan, etc.<br \/>\nSoporta SNMP y la plataforma KEY-IOT Device Manager \"Cloud Device Management\", para lograr una eficiente gesti\u00f3n remota centralizada de la red.<\/p>","protected":false},"excerpt":{"rendered":"<h3>[tp_attributes num_attributes=\"6\"]<\/h3>\n<h3>Product Description Download<\/h3>\n[showpdf url=\"\/wp-content\/uploads\/2024\/09\/Technical-Specification-for-SR520-Dual-Ethernet-Port-and-Dual-SIM-4G-Router-V1.0.pdf\" name=\"Technical Specification for SR520 Dual Ethernet Port and Dual SIM 4G Router V1.0\" collapse=\"false\" ]\n<p>&nbsp;<\/p>\n","protected":false},"featured_media":1416,"comment_status":"open","ping_status":"closed","template":"","meta":{"themepark_post_bcolor":"#f5f5f5","themepark_post_width":"1022px","themepark_post_img":"","themepark_post_img_po":"left","themepark_post_img_re":false,"themepark_post_img_cover":false,"themepark_post_img_fixed":false,"themepark_post_hide_title":false,"themepark_post_main_b":"","themepark_post_main_p":100,"themepark_paddingblock":false},"product_cat":[40,57],"product_tag":[],"class_list":{"0":"post-841","1":"product","2":"type-product","3":"status-publish","4":"has-post-thumbnail","6":"product_cat-industrial-4g-routers","7":"product_cat-cellular-routers","9":"first","10":"instock","11":"shipping-taxable","12":"product-type-simple"},"yoast_head":"<!-- This site is optimized with the Yoast SEO plugin v23.7 - https:\/\/yoast.com\/wordpress\/plugins\/seo\/ -->\n<title>SR520 2 Sim 4G Router - KEY-IOT<\/title>\n<meta name=\"robots\" content=\"index, follow, max-snippet:-1, max-image-preview:large, max-video-preview:-1\" \/>\n<link rel=\"canonical\" href=\"https:\/\/www.key-iot.com\/es\/producto\/sr520-2-lan-sim-4g-router\/\" \/>\n<meta property=\"og:locale\" content=\"es_ES\" \/>\n<meta property=\"og:type\" content=\"article\" \/>\n<meta property=\"og:title\" content=\"SR520 2 Sim 4G Router - KEY-IOT\" \/>\n<meta property=\"og:description\" content=\"Product Description Download   &nbsp;\" \/>\n<meta property=\"og:url\" content=\"https:\/\/www.key-iot.com\/es\/producto\/sr520-2-lan-sim-4g-router\/\" \/>\n<meta property=\"og:site_name\" content=\"KEY-IOT\" \/>\n<meta property=\"article:modified_time\" content=\"2025-06-16T00:57:04+00:00\" \/>\n<meta property=\"og:image\" content=\"https:\/\/www.key-iot.com\/wp-content\/uploads\/2024\/09\/\u5934\u56fe-1.jpg\" \/>\n\t<meta property=\"og:image:width\" content=\"414\" \/>\n\t<meta property=\"og:image:height\" content=\"414\" \/>\n\t<meta property=\"og:image:type\" content=\"image\/jpeg\" \/>\n<meta name=\"twitter:card\" content=\"summary_large_image\" \/>\n<meta name=\"twitter:label1\" content=\"Est. reading time\" \/>\n\t<meta name=\"twitter:data1\" content=\"2 minutos\" \/>\n<script type=\"application\/ld+json\" class=\"yoast-schema-graph\">{\"@context\":\"https:\/\/schema.org\",\"@graph\":[{\"@type\":\"WebPage\",\"@id\":\"https:\/\/www.key-iot.com\/product\/sr520-2-lan-sim-4g-router\/\",\"url\":\"https:\/\/www.key-iot.com\/product\/sr520-2-lan-sim-4g-router\/\",\"name\":\"SR520 2 Sim 4G Router - KEY-IOT\",\"isPartOf\":{\"@id\":\"https:\/\/www.key-iot.com\/#website\"},\"primaryImageOfPage\":{\"@id\":\"https:\/\/www.key-iot.com\/product\/sr520-2-lan-sim-4g-router\/#primaryimage\"},\"image\":{\"@id\":\"https:\/\/www.key-iot.com\/product\/sr520-2-lan-sim-4g-router\/#primaryimage\"},\"thumbnailUrl\":\"https:\/\/www.key-iot.com\/wp-content\/uploads\/2024\/09\/\u5934\u56fe-1.jpg\",\"datePublished\":\"2024-09-01T06:55:19+00:00\",\"dateModified\":\"2025-06-16T00:57:04+00:00\",\"breadcrumb\":{\"@id\":\"https:\/\/www.key-iot.com\/product\/sr520-2-lan-sim-4g-router\/#breadcrumb\"},\"inLanguage\":\"es-PE\",\"potentialAction\":[{\"@type\":\"ReadAction\",\"target\":[\"https:\/\/www.key-iot.com\/product\/sr520-2-lan-sim-4g-router\/\"]}]},{\"@type\":\"ImageObject\",\"inLanguage\":\"es-PE\",\"@id\":\"https:\/\/www.key-iot.com\/product\/sr520-2-lan-sim-4g-router\/#primaryimage\",\"url\":\"https:\/\/www.key-iot.com\/wp-content\/uploads\/2024\/09\/\u5934\u56fe-1.jpg\",\"contentUrl\":\"https:\/\/www.key-iot.com\/wp-content\/uploads\/2024\/09\/\u5934\u56fe-1.jpg\",\"width\":414,\"height\":414,\"caption\":\"SR520 2 Sim 4G Router\"},{\"@type\":\"BreadcrumbList\",\"@id\":\"https:\/\/www.key-iot.com\/product\/sr520-2-lan-sim-4g-router\/#breadcrumb\",\"itemListElement\":[{\"@type\":\"ListItem\",\"position\":1,\"name\":\"Home\",\"item\":\"https:\/\/www.key-iot.com\/\"},{\"@type\":\"ListItem\",\"position\":2,\"name\":\"shop\",\"item\":\"https:\/\/www.key-iot.com\/shop\/\"},{\"@type\":\"ListItem\",\"position\":3,\"name\":\"SR520 2 Sim 4G Router\"}]},{\"@type\":\"WebSite\",\"@id\":\"https:\/\/www.key-iot.com\/#website\",\"url\":\"https:\/\/www.key-iot.com\/\",\"name\":\"KEY-IOT\",\"description\":\"Industrial Cellular Routers\/ IoT Gateway\",\"potentialAction\":[{\"@type\":\"SearchAction\",\"target\":{\"@type\":\"EntryPoint\",\"urlTemplate\":\"https:\/\/www.key-iot.com\/?s={search_term_string}\"},\"query-input\":{\"@type\":\"PropertyValueSpecification\",\"valueRequired\":true,\"valueName\":\"search_term_string\"}}],\"inLanguage\":\"es-PE\"}]}<\/script>\n<!-- \/ Yoast SEO plugin. -->","yoast_head_json":{"title":"Router 4G SR520 2 Sim - KEY-IOT","robots":{"index":"index","follow":"follow","max-snippet":"max-snippet:-1","max-image-preview":"max-image-preview:large","max-video-preview":"max-video-preview:-1"},"canonical":"https:\/\/www.key-iot.com\/es\/producto\/sr520-2-lan-sim-4g-router\/","og_locale":"es_ES","og_type":"article","og_title":"SR520 2 Sim 4G Router - KEY-IOT","og_description":"Product Description Download   &nbsp;","og_url":"https:\/\/www.key-iot.com\/es\/producto\/sr520-2-lan-sim-4g-router\/","og_site_name":"KEY-IOT","article_modified_time":"2025-06-16T00:57:04+00:00","og_image":[{"width":414,"height":414,"url":"https:\/\/www.key-iot.com\/wp-content\/uploads\/2024\/09\/\u5934\u56fe-1.jpg","type":"image\/jpeg"}],"twitter_card":"summary_large_image","twitter_misc":{"Est. reading time":"2 minutos"},"schema":{"@context":"https:\/\/schema.org","@graph":[{"@type":"WebPage","@id":"https:\/\/www.key-iot.com\/product\/sr520-2-lan-sim-4g-router\/","url":"https:\/\/www.key-iot.com\/product\/sr520-2-lan-sim-4g-router\/","name":"Router 4G SR520 2 Sim - KEY-IOT","isPartOf":{"@id":"https:\/\/www.key-iot.com\/#website"},"primaryImageOfPage":{"@id":"https:\/\/www.key-iot.com\/product\/sr520-2-lan-sim-4g-router\/#primaryimage"},"image":{"@id":"https:\/\/www.key-iot.com\/product\/sr520-2-lan-sim-4g-router\/#primaryimage"},"thumbnailUrl":"https:\/\/www.key-iot.com\/wp-content\/uploads\/2024\/09\/\u5934\u56fe-1.jpg","datePublished":"2024-09-01T06:55:19+00:00","dateModified":"2025-06-16T00:57:04+00:00","breadcrumb":{"@id":"https:\/\/www.key-iot.com\/product\/sr520-2-lan-sim-4g-router\/#breadcrumb"},"inLanguage":"es-PE","potentialAction":[{"@type":"ReadAction","target":["https:\/\/www.key-iot.com\/product\/sr520-2-lan-sim-4g-router\/"]}]},{"@type":"ImageObject","inLanguage":"es-PE","@id":"https:\/\/www.key-iot.com\/product\/sr520-2-lan-sim-4g-router\/#primaryimage","url":"https:\/\/www.key-iot.com\/wp-content\/uploads\/2024\/09\/\u5934\u56fe-1.jpg","contentUrl":"https:\/\/www.key-iot.com\/wp-content\/uploads\/2024\/09\/\u5934\u56fe-1.jpg","width":414,"height":414,"caption":"SR520 2 Sim 4G Router"},{"@type":"BreadcrumbList","@id":"https:\/\/www.key-iot.com\/product\/sr520-2-lan-sim-4g-router\/#breadcrumb","itemListElement":[{"@type":"ListItem","position":1,"name":"Home","item":"https:\/\/www.key-iot.com\/"},{"@type":"ListItem","position":2,"name":"shop","item":"https:\/\/www.key-iot.com\/shop\/"},{"@type":"ListItem","position":3,"name":"SR520 2 Sim 4G Router"}]},{"@type":"WebSite","@id":"https:\/\/www.key-iot.com\/#website","url":"https:\/\/www.key-iot.com\/","name":"KEY-IOT","description":"Routers celulares industriales\/ Pasarela IoT","potentialAction":[{"@type":"SearchAction","target":{"@type":"EntryPoint","urlTemplate":"https:\/\/www.key-iot.com\/?s={search_term_string}"},"query-input":{"@type":"PropertyValueSpecification","valueRequired":true,"valueName":"search_term_string"}}],"inLanguage":"es-PE"}]}},"_links":{"self":[{"href":"https:\/\/www.key-iot.com\/es\/wp-json\/wp\/v2\/product\/841","targetHints":{"allow":["GET"]}}],"collection":[{"href":"https:\/\/www.key-iot.com\/es\/wp-json\/wp\/v2\/product"}],"about":[{"href":"https:\/\/www.key-iot.com\/es\/wp-json\/wp\/v2\/types\/product"}],"replies":[{"embeddable":true,"href":"https:\/\/www.key-iot.com\/es\/wp-json\/wp\/v2\/comments?post=841"}],"wp:featuredmedia":[{"embeddable":true,"href":"https:\/\/www.key-iot.com\/es\/wp-json\/wp\/v2\/media\/1416"}],"wp:attachment":[{"href":"https:\/\/www.key-iot.com\/es\/wp-json\/wp\/v2\/media?parent=841"}],"wp:term":[{"taxonomy":"product_cat","embeddable":true,"href":"https:\/\/www.key-iot.com\/es\/wp-json\/wp\/v2\/product_cat?post=841"},{"taxonomy":"product_tag","embeddable":true,"href":"https:\/\/www.key-iot.com\/es\/wp-json\/wp\/v2\/product_tag?post=841"}],"curies":[{"name":"wp","href":"https:\/\/api.w.org\/{rel}","templated":true}]}}