{"id":831,"date":"2024-09-01T13:20:46","date_gmt":"2024-09-01T05:20:46","guid":{"rendered":"https:\/\/www.key-iot.com\/?post_type=product&#038;p=831"},"modified":"2025-06-16T08:57:50","modified_gmt":"2025-06-16T00:57:50","slug":"sr700-d-dual-sim-lte-router","status":"publish","type":"product","link":"https:\/\/www.key-iot.com\/es\/producto\/sr700-d-dual-sim-lte-router\/","title":{"rendered":"SR700-D\uff08Router 4G Dual SIM,Dos m\u00f3dulos integrados\uff09"},"content":{"rendered":"<p>&nbsp;<\/p>\n<p><img decoding=\"async\" class=\"wp-image-820 size-full aligncenter\" src=\"https:\/\/www.key-iot.com\/wp-content\/uploads\/2024\/08\/1720086980391212.png\" alt=\"Router SR700 Dual SIM 4G\" width=\"600\" height=\"600\" srcset=\"https:\/\/www.key-iot.com\/wp-content\/uploads\/2024\/08\/1720086980391212.png 600w, https:\/\/www.key-iot.com\/wp-content\/uploads\/2024\/08\/1720086980391212-300x300.png 300w, https:\/\/www.key-iot.com\/wp-content\/uploads\/2024\/08\/1720086980391212-150x150.png 150w, https:\/\/www.key-iot.com\/wp-content\/uploads\/2024\/08\/1720086980391212-100x100.png 100w\" sizes=\"(max-width: 600px) 100vw, 600px\" \/><\/p>\n<h2>Productos<\/h2>\n<p>StarRouter 700-D <a href=\"https:\/\/www.key-iot.com\/es\/iotproducto\/industrial-4g-routers\/\"><strong>router 4g industrial<\/strong><\/a>\u00a0son routers inal\u00e1mbricos IoT que integran las tecnolog\u00edas de red 4G\/5G y de red privada virtual (VPN). Equipado con tecnolog\u00edas de red inal\u00e1mbrica de \u00e1rea extensa (WWAN) 4G\/5G y red inal\u00e1mbrica de \u00e1rea local (WLAN) Wi-Fi, este dispositivo proporciona acceso ininterrumpido a m\u00faltiples conexiones de red. Con amplias funciones de seguridad y capacidades de servicio inal\u00e1mbrico, ofrece canales de transmisi\u00f3n de datos estables y de alta velocidad para los usuarios.<\/p>\n<h2>Caracter\u00edsticas del producto<\/h2>\n<p>Compatible con redes 4G duales<br \/>\nAdmite montaje en carril DIN y sobremesa<br \/>\nCompatible con GPS\/BeiDou (opcional)<br \/>\nAdmite WLAN (opcional)<br \/>\nAdmite conmutaci\u00f3n por error entre conexiones por cable e inal\u00e1mbricas duales<br \/>\nAdmite protocolos de enrutamiento din\u00e1mico (OSPF, RIP)<br \/>\nAdmite enrutamiento basado en pol\u00edticas para dividir el tr\u00e1fico<br \/>\nAdmite la consulta y notificaci\u00f3n de informaci\u00f3n sobre el estado del dispositivo<br \/>\nAdmite la configuraci\u00f3n de VLAN, incluidas varias VLAN con modos etiquetados y no etiquetados.<br \/>\nSoporta el sistema Linux para el desarrollo secundario, con directrices completas de desarrollo proporcionadas<br \/>\nCompatible con SNMP y StarCloud Platform (plataforma de gesti\u00f3n de dispositivos)<br \/>\nSoporta m\u00faltiples protocolos VPN: PPTP, L2TP, IPsec, OpenVPN, GRE, GRETAP, VXLAN, etc.<\/p>\n<p>&nbsp;<\/p>","protected":false},"excerpt":{"rendered":"<p>&nbsp;<\/p>\n<h3>[tp_attributes num_attributes=\"6\"]<\/h3>\n<h3>Product Description Download<\/h3>\n[showpdf url=\"\/wp-content\/uploads\/2024\/09\/Technical-Specification-for-SR700-D-Dual-Module-Dual-SIM-4G-Router-V3.0.pdf\" name=\" Technical Specification for SR700-D (Dual Module Dual SIM 4G Router) V3.0\" collapse=\"false\" ]\n<p>&nbsp;<\/p>\n<p>&nbsp;<\/p>\n","protected":false},"featured_media":1429,"comment_status":"open","ping_status":"closed","template":"","meta":{"themepark_post_bcolor":"#f5f5f5","themepark_post_width":"1022px","themepark_post_img":"","themepark_post_img_po":"left","themepark_post_img_re":false,"themepark_post_img_cover":false,"themepark_post_img_fixed":false,"themepark_post_hide_title":false,"themepark_post_main_b":"","themepark_post_main_p":100,"themepark_paddingblock":false},"product_cat":[40,57],"product_tag":[],"class_list":{"0":"post-831","1":"product","2":"type-product","3":"status-publish","4":"has-post-thumbnail","6":"product_cat-industrial-4g-routers","7":"product_cat-cellular-routers","9":"first","10":"instock","11":"shipping-taxable","12":"product-type-simple"},"yoast_head":"<!-- This site is optimized with the Yoast SEO plugin v23.7 - https:\/\/yoast.com\/wordpress\/plugins\/seo\/ -->\n<title>SR700-D\uff08Dual SIM 4G Router,Two Module Embeded\uff09 - KEY-IOT<\/title>\n<meta name=\"robots\" content=\"index, follow, max-snippet:-1, max-image-preview:large, max-video-preview:-1\" \/>\n<link rel=\"canonical\" href=\"https:\/\/www.key-iot.com\/es\/producto\/sr700-d-dual-sim-lte-router\/\" \/>\n<meta property=\"og:locale\" content=\"es_ES\" \/>\n<meta property=\"og:type\" content=\"article\" \/>\n<meta property=\"og:title\" content=\"SR700-D\uff08Dual SIM 4G Router,Two Module Embeded\uff09 - KEY-IOT\" \/>\n<meta property=\"og:description\" content=\"&nbsp;  Product Description Download   &nbsp;  &nbsp;\" \/>\n<meta property=\"og:url\" content=\"https:\/\/www.key-iot.com\/es\/producto\/sr700-d-dual-sim-lte-router\/\" \/>\n<meta property=\"og:site_name\" content=\"KEY-IOT\" \/>\n<meta property=\"article:modified_time\" content=\"2025-06-16T00:57:50+00:00\" \/>\n<meta property=\"og:image\" content=\"https:\/\/www.key-iot.com\/wp-content\/uploads\/2024\/09\/\u5934\u56fe-2.jpg\" \/>\n\t<meta property=\"og:image:width\" content=\"414\" \/>\n\t<meta property=\"og:image:height\" content=\"414\" \/>\n\t<meta property=\"og:image:type\" content=\"image\/jpeg\" \/>\n<meta name=\"twitter:card\" content=\"summary_large_image\" \/>\n<meta name=\"twitter:label1\" content=\"Est. reading time\" \/>\n\t<meta name=\"twitter:data1\" content=\"2 minutos\" \/>\n<script type=\"application\/ld+json\" class=\"yoast-schema-graph\">{\"@context\":\"https:\/\/schema.org\",\"@graph\":[{\"@type\":\"WebPage\",\"@id\":\"https:\/\/www.key-iot.com\/product\/sr700-d-dual-sim-lte-router\/\",\"url\":\"https:\/\/www.key-iot.com\/product\/sr700-d-dual-sim-lte-router\/\",\"name\":\"SR700-D\uff08Dual SIM 4G Router,Two Module Embeded\uff09 - KEY-IOT\",\"isPartOf\":{\"@id\":\"https:\/\/www.key-iot.com\/#website\"},\"primaryImageOfPage\":{\"@id\":\"https:\/\/www.key-iot.com\/product\/sr700-d-dual-sim-lte-router\/#primaryimage\"},\"image\":{\"@id\":\"https:\/\/www.key-iot.com\/product\/sr700-d-dual-sim-lte-router\/#primaryimage\"},\"thumbnailUrl\":\"https:\/\/www.key-iot.com\/wp-content\/uploads\/2024\/09\/\u5934\u56fe-2.jpg\",\"datePublished\":\"2024-09-01T05:20:46+00:00\",\"dateModified\":\"2025-06-16T00:57:50+00:00\",\"breadcrumb\":{\"@id\":\"https:\/\/www.key-iot.com\/product\/sr700-d-dual-sim-lte-router\/#breadcrumb\"},\"inLanguage\":\"es-PE\",\"potentialAction\":[{\"@type\":\"ReadAction\",\"target\":[\"https:\/\/www.key-iot.com\/product\/sr700-d-dual-sim-lte-router\/\"]}]},{\"@type\":\"ImageObject\",\"inLanguage\":\"es-PE\",\"@id\":\"https:\/\/www.key-iot.com\/product\/sr700-d-dual-sim-lte-router\/#primaryimage\",\"url\":\"https:\/\/www.key-iot.com\/wp-content\/uploads\/2024\/09\/\u5934\u56fe-2.jpg\",\"contentUrl\":\"https:\/\/www.key-iot.com\/wp-content\/uploads\/2024\/09\/\u5934\u56fe-2.jpg\",\"width\":414,\"height\":414,\"caption\":\"SR700-D\uff08Dual SIM 4G Router,Two Module Embeded\uff09\"},{\"@type\":\"BreadcrumbList\",\"@id\":\"https:\/\/www.key-iot.com\/product\/sr700-d-dual-sim-lte-router\/#breadcrumb\",\"itemListElement\":[{\"@type\":\"ListItem\",\"position\":1,\"name\":\"Home\",\"item\":\"https:\/\/www.key-iot.com\/\"},{\"@type\":\"ListItem\",\"position\":2,\"name\":\"shop\",\"item\":\"https:\/\/www.key-iot.com\/shop\/\"},{\"@type\":\"ListItem\",\"position\":3,\"name\":\"SR700-D\uff08Dual SIM 4G Router,Two Module Embeded\uff09\"}]},{\"@type\":\"WebSite\",\"@id\":\"https:\/\/www.key-iot.com\/#website\",\"url\":\"https:\/\/www.key-iot.com\/\",\"name\":\"KEY-IOT\",\"description\":\"Industrial Cellular Routers\/ IoT Gateway\",\"potentialAction\":[{\"@type\":\"SearchAction\",\"target\":{\"@type\":\"EntryPoint\",\"urlTemplate\":\"https:\/\/www.key-iot.com\/?s={search_term_string}\"},\"query-input\":{\"@type\":\"PropertyValueSpecification\",\"valueRequired\":true,\"valueName\":\"search_term_string\"}}],\"inLanguage\":\"es-PE\"}]}<\/script>\n<!-- \/ Yoast SEO plugin. -->","yoast_head_json":{"title":"SR700-D\uff08Router 4G Dual SIM,Dos m\u00f3dulos integrados\uff09 - KEY-IOT","robots":{"index":"index","follow":"follow","max-snippet":"max-snippet:-1","max-image-preview":"max-image-preview:large","max-video-preview":"max-video-preview:-1"},"canonical":"https:\/\/www.key-iot.com\/es\/producto\/sr700-d-dual-sim-lte-router\/","og_locale":"es_ES","og_type":"article","og_title":"SR700-D\uff08Dual SIM 4G Router,Two Module Embeded\uff09 - KEY-IOT","og_description":"&nbsp;  Product Description Download   &nbsp;  &nbsp;","og_url":"https:\/\/www.key-iot.com\/es\/producto\/sr700-d-dual-sim-lte-router\/","og_site_name":"KEY-IOT","article_modified_time":"2025-06-16T00:57:50+00:00","og_image":[{"width":414,"height":414,"url":"https:\/\/www.key-iot.com\/wp-content\/uploads\/2024\/09\/\u5934\u56fe-2.jpg","type":"image\/jpeg"}],"twitter_card":"summary_large_image","twitter_misc":{"Est. reading time":"2 minutos"},"schema":{"@context":"https:\/\/schema.org","@graph":[{"@type":"WebPage","@id":"https:\/\/www.key-iot.com\/product\/sr700-d-dual-sim-lte-router\/","url":"https:\/\/www.key-iot.com\/product\/sr700-d-dual-sim-lte-router\/","name":"SR700-D\uff08Router 4G Dual SIM,Dos m\u00f3dulos integrados\uff09 - KEY-IOT","isPartOf":{"@id":"https:\/\/www.key-iot.com\/#website"},"primaryImageOfPage":{"@id":"https:\/\/www.key-iot.com\/product\/sr700-d-dual-sim-lte-router\/#primaryimage"},"image":{"@id":"https:\/\/www.key-iot.com\/product\/sr700-d-dual-sim-lte-router\/#primaryimage"},"thumbnailUrl":"https:\/\/www.key-iot.com\/wp-content\/uploads\/2024\/09\/\u5934\u56fe-2.jpg","datePublished":"2024-09-01T05:20:46+00:00","dateModified":"2025-06-16T00:57:50+00:00","breadcrumb":{"@id":"https:\/\/www.key-iot.com\/product\/sr700-d-dual-sim-lte-router\/#breadcrumb"},"inLanguage":"es-PE","potentialAction":[{"@type":"ReadAction","target":["https:\/\/www.key-iot.com\/product\/sr700-d-dual-sim-lte-router\/"]}]},{"@type":"ImageObject","inLanguage":"es-PE","@id":"https:\/\/www.key-iot.com\/product\/sr700-d-dual-sim-lte-router\/#primaryimage","url":"https:\/\/www.key-iot.com\/wp-content\/uploads\/2024\/09\/\u5934\u56fe-2.jpg","contentUrl":"https:\/\/www.key-iot.com\/wp-content\/uploads\/2024\/09\/\u5934\u56fe-2.jpg","width":414,"height":414,"caption":"SR700-D\uff08Dual SIM 4G Router,Two Module Embeded\uff09"},{"@type":"BreadcrumbList","@id":"https:\/\/www.key-iot.com\/product\/sr700-d-dual-sim-lte-router\/#breadcrumb","itemListElement":[{"@type":"ListItem","position":1,"name":"Home","item":"https:\/\/www.key-iot.com\/"},{"@type":"ListItem","position":2,"name":"shop","item":"https:\/\/www.key-iot.com\/shop\/"},{"@type":"ListItem","position":3,"name":"SR700-D\uff08Dual SIM 4G Router,Two Module Embeded\uff09"}]},{"@type":"WebSite","@id":"https:\/\/www.key-iot.com\/#website","url":"https:\/\/www.key-iot.com\/","name":"KEY-IOT","description":"Routers celulares industriales\/ Pasarela IoT","potentialAction":[{"@type":"SearchAction","target":{"@type":"EntryPoint","urlTemplate":"https:\/\/www.key-iot.com\/?s={search_term_string}"},"query-input":{"@type":"PropertyValueSpecification","valueRequired":true,"valueName":"search_term_string"}}],"inLanguage":"es-PE"}]}},"_links":{"self":[{"href":"https:\/\/www.key-iot.com\/es\/wp-json\/wp\/v2\/product\/831","targetHints":{"allow":["GET"]}}],"collection":[{"href":"https:\/\/www.key-iot.com\/es\/wp-json\/wp\/v2\/product"}],"about":[{"href":"https:\/\/www.key-iot.com\/es\/wp-json\/wp\/v2\/types\/product"}],"replies":[{"embeddable":true,"href":"https:\/\/www.key-iot.com\/es\/wp-json\/wp\/v2\/comments?post=831"}],"wp:featuredmedia":[{"embeddable":true,"href":"https:\/\/www.key-iot.com\/es\/wp-json\/wp\/v2\/media\/1429"}],"wp:attachment":[{"href":"https:\/\/www.key-iot.com\/es\/wp-json\/wp\/v2\/media?parent=831"}],"wp:term":[{"taxonomy":"product_cat","embeddable":true,"href":"https:\/\/www.key-iot.com\/es\/wp-json\/wp\/v2\/product_cat?post=831"},{"taxonomy":"product_tag","embeddable":true,"href":"https:\/\/www.key-iot.com\/es\/wp-json\/wp\/v2\/product_tag?post=831"}],"curies":[{"name":"wp","href":"https:\/\/api.w.org\/{rel}","templated":true}]}}