{"id":800,"date":"2024-08-31T14:50:53","date_gmt":"2024-08-31T06:50:53","guid":{"rendered":"https:\/\/www.key-iot.com\/?post_type=product&#038;p=800"},"modified":"2026-01-07T10:10:34","modified_gmt":"2026-01-07T02:10:34","slug":"quad-port-lte-router-sr600","status":"publish","type":"product","link":"https:\/\/www.key-iot.com\/es\/producto\/router-lte-de-cuatro-puertos-sr600\/","title":{"rendered":"Router industrial SR600 (varios puertos de red)"},"content":{"rendered":"<h2><img decoding=\"async\" class=\"wp-image-3469 aligncenter\" src=\"https:\/\/www.key-iot.com\/wp-content\/uploads\/2024\/08\/\u5fae\u4fe1\u56fe\u7247_20250422201234.png\" alt=\"\" width=\"604\" height=\"553\" srcset=\"https:\/\/www.key-iot.com\/wp-content\/uploads\/2024\/08\/\u5fae\u4fe1\u56fe\u7247_20250422201234.png 478w, https:\/\/www.key-iot.com\/wp-content\/uploads\/2024\/08\/\u5fae\u4fe1\u56fe\u7247_20250422201234-300x275.png 300w\" sizes=\"(max-width: 604px) 100vw, 604px\" \/><\/h2>\n<h2><\/h2>\n<h2>Productos<\/h2>\n<p>StarRouter 600 <a href=\"https:\/\/www.key-iot.com\/es\/iotproducto\/industrial-4g-routers\/\"><strong>router 4g industrial<\/strong><\/a> es una serie de routers inal\u00e1mbricos IoT que integran tecnolog\u00edas de red 4G y de red privada virtual (VPN). Equipado con tecnolog\u00edas de red inal\u00e1mbrica de \u00e1rea extensa (WWAN) 4G y red inal\u00e1mbrica de \u00e1rea local (WLAN) Wi-Fi, este dispositivo proporciona acceso ininterrumpido a m\u00faltiples conexiones de red. Con amplias funciones de seguridad y capacidades de servicio inal\u00e1mbrico, ofrece canales de transmisi\u00f3n de datos estables y de alta velocidad para los usuarios.<\/p>\n<h2>Caracter\u00edsticas del producto<\/h2>\n<p>Compatible con redes 4G LTE, con red privada opcional de 1,8 GHz de potencia espec\u00edfica<br \/>\nAdmite tarjetas SIM\/eSIM<br \/>\nCompatible con GPS\/BeiDou (opcional)<br \/>\nAdmite WLAN (opcional)<br \/>\nAdmite la conmutaci\u00f3n por error entre conexiones por cable e inal\u00e1mbricas<br \/>\nAdmite protocolos de enrutamiento din\u00e1mico (OSPF, RIP)<br \/>\nAdmite enrutamiento basado en pol\u00edticas para dividir el tr\u00e1fico<br \/>\nAdmite la consulta y notificaci\u00f3n de informaci\u00f3n sobre el estado del dispositivo<br \/>\nAdmite la configuraci\u00f3n de VLAN, incluidas varias VLAN con modos etiquetados y no etiquetados.<br \/>\nSoporta el sistema Linux para el desarrollo secundario, con directrices completas de desarrollo proporcionadas<br \/>\nCompatible con SNMP y StarCloud Platform (plataforma de gesti\u00f3n de dispositivos)<br \/>\nSoporta m\u00faltiples protocolos VPN: PPTP, L2TP, IPsec, OpenVPN, GRE, GRETAP, VXLAN, etc.<\/p>","protected":false},"excerpt":{"rendered":"<h3><\/h3>\n<h3>[tp_attributes num_attributes=\"6\"]<\/h3>\n<h3>Product Description Download<\/h3>\n[showpdf url=\"\/wp-content\/uploads\/2024\/08\/Technical-Specification-for-SR600-Multi-port-4G-Router-V3.0.pdf\" name=\"Technical Specification for SR600 Multi-port 4G Router V3.0\" collapse=\"false\"]\n<p>&nbsp;<\/p>\n<p>&nbsp;<\/p>\n","protected":false},"featured_media":1421,"comment_status":"open","ping_status":"closed","template":"","meta":{"themepark_post_bcolor":"#f5f5f5","themepark_post_width":"1022px","themepark_post_img":"","themepark_post_img_po":"left","themepark_post_img_re":false,"themepark_post_img_cover":false,"themepark_post_img_fixed":false,"themepark_post_hide_title":false,"themepark_post_main_b":"","themepark_post_main_p":100,"themepark_paddingblock":false},"product_cat":[40,57],"product_tag":[],"class_list":{"0":"post-800","1":"product","2":"type-product","3":"status-publish","4":"has-post-thumbnail","6":"product_cat-industrial-4g-routers","7":"product_cat-cellular-routers","9":"first","10":"instock","11":"shipping-taxable","12":"product-type-simple"},"yoast_head":"<!-- This site is optimized with the Yoast SEO plugin v23.7 - https:\/\/yoast.com\/wordpress\/plugins\/seo\/ -->\n<title>SR600 Industrial Router (Multiple Network Ports) - KEY-IOT<\/title>\n<meta name=\"robots\" content=\"index, follow, max-snippet:-1, max-image-preview:large, max-video-preview:-1\" \/>\n<link rel=\"canonical\" href=\"https:\/\/www.key-iot.com\/es\/producto\/router-lte-de-cuatro-puertos-sr600\/\" \/>\n<meta property=\"og:locale\" content=\"es_ES\" \/>\n<meta property=\"og:type\" content=\"article\" \/>\n<meta property=\"og:title\" content=\"SR600 Industrial Router (Multiple Network Ports) - KEY-IOT\" \/>\n<meta property=\"og:description\" content=\"Product Description Download   &nbsp;  &nbsp;\" \/>\n<meta property=\"og:url\" content=\"https:\/\/www.key-iot.com\/es\/producto\/router-lte-de-cuatro-puertos-sr600\/\" \/>\n<meta property=\"og:site_name\" content=\"KEY-IOT\" \/>\n<meta property=\"article:modified_time\" content=\"2026-01-07T02:10:34+00:00\" \/>\n<meta property=\"og:image\" content=\"https:\/\/www.key-iot.com\/wp-content\/uploads\/2024\/08\/\u5934\u56fe-1.jpg\" \/>\n\t<meta property=\"og:image:width\" content=\"414\" \/>\n\t<meta property=\"og:image:height\" content=\"414\" \/>\n\t<meta property=\"og:image:type\" content=\"image\/jpeg\" \/>\n<meta name=\"twitter:card\" content=\"summary_large_image\" \/>\n<meta name=\"twitter:label1\" content=\"Est. reading time\" \/>\n\t<meta name=\"twitter:data1\" content=\"2 minutos\" \/>\n<script type=\"application\/ld+json\" class=\"yoast-schema-graph\">{\"@context\":\"https:\/\/schema.org\",\"@graph\":[{\"@type\":\"WebPage\",\"@id\":\"https:\/\/www.key-iot.com\/product\/quad-port-lte-router-sr600\/\",\"url\":\"https:\/\/www.key-iot.com\/product\/quad-port-lte-router-sr600\/\",\"name\":\"SR600 Industrial Router (Multiple Network Ports) - KEY-IOT\",\"isPartOf\":{\"@id\":\"https:\/\/www.key-iot.com\/#website\"},\"primaryImageOfPage\":{\"@id\":\"https:\/\/www.key-iot.com\/product\/quad-port-lte-router-sr600\/#primaryimage\"},\"image\":{\"@id\":\"https:\/\/www.key-iot.com\/product\/quad-port-lte-router-sr600\/#primaryimage\"},\"thumbnailUrl\":\"https:\/\/www.key-iot.com\/wp-content\/uploads\/2024\/08\/\u5934\u56fe-1.jpg\",\"datePublished\":\"2024-08-31T06:50:53+00:00\",\"dateModified\":\"2026-01-07T02:10:34+00:00\",\"breadcrumb\":{\"@id\":\"https:\/\/www.key-iot.com\/product\/quad-port-lte-router-sr600\/#breadcrumb\"},\"inLanguage\":\"es-PE\",\"potentialAction\":[{\"@type\":\"ReadAction\",\"target\":[\"https:\/\/www.key-iot.com\/product\/quad-port-lte-router-sr600\/\"]}]},{\"@type\":\"ImageObject\",\"inLanguage\":\"es-PE\",\"@id\":\"https:\/\/www.key-iot.com\/product\/quad-port-lte-router-sr600\/#primaryimage\",\"url\":\"https:\/\/www.key-iot.com\/wp-content\/uploads\/2024\/08\/\u5934\u56fe-1.jpg\",\"contentUrl\":\"https:\/\/www.key-iot.com\/wp-content\/uploads\/2024\/08\/\u5934\u56fe-1.jpg\",\"width\":414,\"height\":414,\"caption\":\"SR600 4 Port 4G Router\"},{\"@type\":\"BreadcrumbList\",\"@id\":\"https:\/\/www.key-iot.com\/product\/quad-port-lte-router-sr600\/#breadcrumb\",\"itemListElement\":[{\"@type\":\"ListItem\",\"position\":1,\"name\":\"Home\",\"item\":\"https:\/\/www.key-iot.com\/\"},{\"@type\":\"ListItem\",\"position\":2,\"name\":\"shop\",\"item\":\"https:\/\/www.key-iot.com\/shop\/\"},{\"@type\":\"ListItem\",\"position\":3,\"name\":\"SR600 Industrial Router (Multiple Network Ports)\"}]},{\"@type\":\"WebSite\",\"@id\":\"https:\/\/www.key-iot.com\/#website\",\"url\":\"https:\/\/www.key-iot.com\/\",\"name\":\"KEY-IOT\",\"description\":\"Industrial Cellular Routers\/ IoT Gateway\",\"potentialAction\":[{\"@type\":\"SearchAction\",\"target\":{\"@type\":\"EntryPoint\",\"urlTemplate\":\"https:\/\/www.key-iot.com\/?s={search_term_string}\"},\"query-input\":{\"@type\":\"PropertyValueSpecification\",\"valueRequired\":true,\"valueName\":\"search_term_string\"}}],\"inLanguage\":\"es-PE\"}]}<\/script>\n<!-- \/ Yoast SEO plugin. -->","yoast_head_json":{"title":"Router industrial SR600 (varios puertos de red) - KEY-IOT","robots":{"index":"index","follow":"follow","max-snippet":"max-snippet:-1","max-image-preview":"max-image-preview:large","max-video-preview":"max-video-preview:-1"},"canonical":"https:\/\/www.key-iot.com\/es\/producto\/router-lte-de-cuatro-puertos-sr600\/","og_locale":"es_ES","og_type":"article","og_title":"SR600 Industrial Router (Multiple Network Ports) - KEY-IOT","og_description":"Product Description Download   &nbsp;  &nbsp;","og_url":"https:\/\/www.key-iot.com\/es\/producto\/router-lte-de-cuatro-puertos-sr600\/","og_site_name":"KEY-IOT","article_modified_time":"2026-01-07T02:10:34+00:00","og_image":[{"width":414,"height":414,"url":"https:\/\/www.key-iot.com\/wp-content\/uploads\/2024\/08\/\u5934\u56fe-1.jpg","type":"image\/jpeg"}],"twitter_card":"summary_large_image","twitter_misc":{"Est. reading time":"2 minutos"},"schema":{"@context":"https:\/\/schema.org","@graph":[{"@type":"WebPage","@id":"https:\/\/www.key-iot.com\/product\/quad-port-lte-router-sr600\/","url":"https:\/\/www.key-iot.com\/product\/quad-port-lte-router-sr600\/","name":"Router industrial SR600 (varios puertos de red) - KEY-IOT","isPartOf":{"@id":"https:\/\/www.key-iot.com\/#website"},"primaryImageOfPage":{"@id":"https:\/\/www.key-iot.com\/product\/quad-port-lte-router-sr600\/#primaryimage"},"image":{"@id":"https:\/\/www.key-iot.com\/product\/quad-port-lte-router-sr600\/#primaryimage"},"thumbnailUrl":"https:\/\/www.key-iot.com\/wp-content\/uploads\/2024\/08\/\u5934\u56fe-1.jpg","datePublished":"2024-08-31T06:50:53+00:00","dateModified":"2026-01-07T02:10:34+00:00","breadcrumb":{"@id":"https:\/\/www.key-iot.com\/product\/quad-port-lte-router-sr600\/#breadcrumb"},"inLanguage":"es-PE","potentialAction":[{"@type":"ReadAction","target":["https:\/\/www.key-iot.com\/product\/quad-port-lte-router-sr600\/"]}]},{"@type":"ImageObject","inLanguage":"es-PE","@id":"https:\/\/www.key-iot.com\/product\/quad-port-lte-router-sr600\/#primaryimage","url":"https:\/\/www.key-iot.com\/wp-content\/uploads\/2024\/08\/\u5934\u56fe-1.jpg","contentUrl":"https:\/\/www.key-iot.com\/wp-content\/uploads\/2024\/08\/\u5934\u56fe-1.jpg","width":414,"height":414,"caption":"SR600 4 Port 4G Router"},{"@type":"BreadcrumbList","@id":"https:\/\/www.key-iot.com\/product\/quad-port-lte-router-sr600\/#breadcrumb","itemListElement":[{"@type":"ListItem","position":1,"name":"Home","item":"https:\/\/www.key-iot.com\/"},{"@type":"ListItem","position":2,"name":"shop","item":"https:\/\/www.key-iot.com\/shop\/"},{"@type":"ListItem","position":3,"name":"SR600 Industrial Router (Multiple Network Ports)"}]},{"@type":"WebSite","@id":"https:\/\/www.key-iot.com\/#website","url":"https:\/\/www.key-iot.com\/","name":"KEY-IOT","description":"Routers celulares industriales\/ Pasarela IoT","potentialAction":[{"@type":"SearchAction","target":{"@type":"EntryPoint","urlTemplate":"https:\/\/www.key-iot.com\/?s={search_term_string}"},"query-input":{"@type":"PropertyValueSpecification","valueRequired":true,"valueName":"search_term_string"}}],"inLanguage":"es-PE"}]}},"_links":{"self":[{"href":"https:\/\/www.key-iot.com\/es\/wp-json\/wp\/v2\/product\/800","targetHints":{"allow":["GET"]}}],"collection":[{"href":"https:\/\/www.key-iot.com\/es\/wp-json\/wp\/v2\/product"}],"about":[{"href":"https:\/\/www.key-iot.com\/es\/wp-json\/wp\/v2\/types\/product"}],"replies":[{"embeddable":true,"href":"https:\/\/www.key-iot.com\/es\/wp-json\/wp\/v2\/comments?post=800"}],"wp:featuredmedia":[{"embeddable":true,"href":"https:\/\/www.key-iot.com\/es\/wp-json\/wp\/v2\/media\/1421"}],"wp:attachment":[{"href":"https:\/\/www.key-iot.com\/es\/wp-json\/wp\/v2\/media?parent=800"}],"wp:term":[{"taxonomy":"product_cat","embeddable":true,"href":"https:\/\/www.key-iot.com\/es\/wp-json\/wp\/v2\/product_cat?post=800"},{"taxonomy":"product_tag","embeddable":true,"href":"https:\/\/www.key-iot.com\/es\/wp-json\/wp\/v2\/product_tag?post=800"}],"curies":[{"name":"wp","href":"https:\/\/api.w.org\/{rel}","templated":true}]}}