{"id":5280,"date":"2025-07-11T10:38:47","date_gmt":"2025-07-11T02:38:47","guid":{"rendered":"https:\/\/www.key-iot.com\/?post_type=product&#038;p=5280"},"modified":"2025-10-23T17:34:56","modified_gmt":"2025-10-23T09:34:56","slug":"sv910-5g-vehicle-gateway","status":"publish","type":"product","link":"https:\/\/www.key-iot.com\/es\/producto\/pasarela-para-vehiculos-sv910-5g\/","title":{"rendered":"Pasarela para veh\u00edculos SV910 5G"},"content":{"rendered":"<h2><strong>Caracter\u00edsticas del producto<\/strong><\/h2>\n<p>Admite configuraciones de modo dual con m\u00f3dulos opcionales duales 5G o 5G+4G\/Redcap.<\/p>\n<p>Admite tres puertos 1000\/100 BASE-T1, tres puertos 100 BASE-T1 y dos puertos 1000\/100 BASE-TX<\/p>\n<p>Admite tarjetas SIM\/eSIM<\/p>\n<p>Admite dos canales DO (salidas de rel\u00e9) y dos canales DI (una entrada de contacto seco y una entrada de contacto h\u00famedo)<\/p>\n<p>Admite la supervisi\u00f3n de la tensi\u00f3n de entrada con funciones de informe y alarma<\/p>\n<p>Admite modo de bajo consumo, con activaci\u00f3n remota y local (opcional)<\/p>\n<p>Compatible con V2X\uff08Opcional\uff09<\/p>\n<p>Es compatible con la tecnolog\u00eda TSN (Time-Sensitive Networking) y el protocolo IEEE 802.1AS (gPTP), con una precisi\u00f3n de sincronizaci\u00f3n de nanosegundos.<\/p>\n<p>Soporta IEEE 1588v2 PTP (Precision Time Protocol) basado en hardware, con precisi\u00f3n de sincronizaci\u00f3n a nivel de nanosegundos.<\/p>\n<h2><strong>Topolog\u00eda del producto<\/strong><\/h2>\n<p><img decoding=\"async\" class=\"alignnone size-large wp-image-5290\" src=\"https:\/\/www.key-iot.com\/wp-content\/uploads\/2025\/07\/11111-1024x552.jpg\" alt=\"\" width=\"1024\" height=\"552\" srcset=\"https:\/\/www.key-iot.com\/wp-content\/uploads\/2025\/07\/11111-1024x552.jpg 1024w, https:\/\/www.key-iot.com\/wp-content\/uploads\/2025\/07\/11111-300x162.jpg 300w, https:\/\/www.key-iot.com\/wp-content\/uploads\/2025\/07\/11111-768x414.jpg 768w, https:\/\/www.key-iot.com\/wp-content\/uploads\/2025\/07\/11111-1536x828.jpg 1536w, https:\/\/www.key-iot.com\/wp-content\/uploads\/2025\/07\/11111-18x10.jpg 18w, https:\/\/www.key-iot.com\/wp-content\/uploads\/2025\/07\/11111-600x323.jpg 600w, https:\/\/www.key-iot.com\/wp-content\/uploads\/2025\/07\/11111.jpg 1804w\" sizes=\"(max-width: 1024px) 100vw, 1024px\" \/><\/p>","protected":false},"excerpt":{"rendered":"<h3>[tp_attributes num_attributes=\"6\"]<\/h3>\n<h3>Product Description Download<\/h3>\n[showpdf url=\"https:\/\/www.key-iot.com\/wp-content\/uploads\/2025\/07\/Technical-Specifications-for-SV910-%E2%80%93-5G-Vehicle-Gateway-V1.3.pdf\" name=\"Technical Specifications for SV910 \u2013 5G Vehicle Gateway V1.3\" collapse=\"false\" ]\n<p>&nbsp;<\/p>\n<p>&nbsp;<\/p>\n","protected":false},"featured_media":5281,"comment_status":"open","ping_status":"closed","template":"","meta":{"themepark_post_bcolor":"#f5f5f5","themepark_post_width":"1022px","themepark_post_img":"","themepark_post_img_po":"left","themepark_post_img_re":false,"themepark_post_img_cover":false,"themepark_post_img_fixed":false,"themepark_post_hide_title":false,"themepark_post_main_b":"","themepark_post_main_p":100,"themepark_paddingblock":false},"product_cat":[82],"product_tag":[],"class_list":{"0":"post-5280","1":"product","2":"type-product","3":"status-publish","4":"has-post-thumbnail","6":"product_cat-vehicle-gateway","8":"first","9":"instock","10":"shipping-taxable","11":"product-type-simple"},"yoast_head":"<!-- This site is optimized with the Yoast SEO plugin v23.7 - https:\/\/yoast.com\/wordpress\/plugins\/seo\/ -->\n<title>SV910 5G Vehicle Gateway - KEY-IOT<\/title>\n<meta name=\"description\" content=\"SV910 is a high-performance dual 5G vehicle Ethernet gateway featuring rich interfaces. It is equipped with 6 vehicle Ethernet ports, 2 M12 standard Ethernet interfaces, 2 CAN interfaces (expandable to 3), 2 DI and 2 DO ports.\" \/>\n<meta name=\"robots\" content=\"index, follow, max-snippet:-1, max-image-preview:large, max-video-preview:-1\" \/>\n<link rel=\"canonical\" href=\"https:\/\/www.key-iot.com\/es\/producto\/pasarela-para-vehiculos-sv910-5g\/\" \/>\n<meta property=\"og:locale\" content=\"es_ES\" \/>\n<meta property=\"og:type\" content=\"article\" \/>\n<meta property=\"og:title\" content=\"SV910 5G Vehicle Gateway - KEY-IOT\" \/>\n<meta property=\"og:description\" content=\"SV910 is a high-performance dual 5G vehicle Ethernet gateway featuring rich interfaces. It is equipped with 6 vehicle Ethernet ports, 2 M12 standard Ethernet interfaces, 2 CAN interfaces (expandable to 3), 2 DI and 2 DO ports.\" \/>\n<meta property=\"og:url\" content=\"https:\/\/www.key-iot.com\/es\/producto\/pasarela-para-vehiculos-sv910-5g\/\" \/>\n<meta property=\"og:site_name\" content=\"KEY-IOT\" \/>\n<meta property=\"article:modified_time\" content=\"2025-10-23T09:34:56+00:00\" \/>\n<meta property=\"og:image\" content=\"https:\/\/www.key-iot.com\/wp-content\/uploads\/2025\/07\/\u5fae\u4fe1\u56fe\u7247_20250711095257.jpg\" \/>\n\t<meta property=\"og:image:width\" content=\"414\" \/>\n\t<meta property=\"og:image:height\" content=\"414\" \/>\n\t<meta property=\"og:image:type\" content=\"image\/jpeg\" \/>\n<meta name=\"twitter:card\" content=\"summary_large_image\" \/>\n<meta name=\"twitter:label1\" content=\"Est. reading time\" \/>\n\t<meta name=\"twitter:data1\" content=\"1 minuto\" \/>\n<script type=\"application\/ld+json\" class=\"yoast-schema-graph\">{\"@context\":\"https:\/\/schema.org\",\"@graph\":[{\"@type\":\"WebPage\",\"@id\":\"https:\/\/www.key-iot.com\/product\/sv910-5g-vehicle-gateway\/\",\"url\":\"https:\/\/www.key-iot.com\/product\/sv910-5g-vehicle-gateway\/\",\"name\":\"SV910 5G Vehicle Gateway - KEY-IOT\",\"isPartOf\":{\"@id\":\"https:\/\/www.key-iot.com\/#website\"},\"primaryImageOfPage\":{\"@id\":\"https:\/\/www.key-iot.com\/product\/sv910-5g-vehicle-gateway\/#primaryimage\"},\"image\":{\"@id\":\"https:\/\/www.key-iot.com\/product\/sv910-5g-vehicle-gateway\/#primaryimage\"},\"thumbnailUrl\":\"https:\/\/www.key-iot.com\/wp-content\/uploads\/2025\/07\/\u5fae\u4fe1\u56fe\u7247_20250711095257.jpg\",\"datePublished\":\"2025-07-11T02:38:47+00:00\",\"dateModified\":\"2025-10-23T09:34:56+00:00\",\"description\":\"SV910 is a high-performance dual 5G vehicle Ethernet gateway featuring rich interfaces. It is equipped with 6 vehicle Ethernet ports, 2 M12 standard Ethernet interfaces, 2 CAN interfaces (expandable to 3), 2 DI and 2 DO ports.\",\"breadcrumb\":{\"@id\":\"https:\/\/www.key-iot.com\/product\/sv910-5g-vehicle-gateway\/#breadcrumb\"},\"inLanguage\":\"es-PE\",\"potentialAction\":[{\"@type\":\"ReadAction\",\"target\":[\"https:\/\/www.key-iot.com\/product\/sv910-5g-vehicle-gateway\/\"]}]},{\"@type\":\"ImageObject\",\"inLanguage\":\"es-PE\",\"@id\":\"https:\/\/www.key-iot.com\/product\/sv910-5g-vehicle-gateway\/#primaryimage\",\"url\":\"https:\/\/www.key-iot.com\/wp-content\/uploads\/2025\/07\/\u5fae\u4fe1\u56fe\u7247_20250711095257.jpg\",\"contentUrl\":\"https:\/\/www.key-iot.com\/wp-content\/uploads\/2025\/07\/\u5fae\u4fe1\u56fe\u7247_20250711095257.jpg\",\"width\":414,\"height\":414},{\"@type\":\"BreadcrumbList\",\"@id\":\"https:\/\/www.key-iot.com\/product\/sv910-5g-vehicle-gateway\/#breadcrumb\",\"itemListElement\":[{\"@type\":\"ListItem\",\"position\":1,\"name\":\"Home\",\"item\":\"https:\/\/www.key-iot.com\/\"},{\"@type\":\"ListItem\",\"position\":2,\"name\":\"shop\",\"item\":\"https:\/\/www.key-iot.com\/shop\/\"},{\"@type\":\"ListItem\",\"position\":3,\"name\":\"SV910 5G Vehicle Gateway\"}]},{\"@type\":\"WebSite\",\"@id\":\"https:\/\/www.key-iot.com\/#website\",\"url\":\"https:\/\/www.key-iot.com\/\",\"name\":\"KEY-IOT\",\"description\":\"Industrial Cellular Routers\/ IoT Gateway\",\"potentialAction\":[{\"@type\":\"SearchAction\",\"target\":{\"@type\":\"EntryPoint\",\"urlTemplate\":\"https:\/\/www.key-iot.com\/?s={search_term_string}\"},\"query-input\":{\"@type\":\"PropertyValueSpecification\",\"valueRequired\":true,\"valueName\":\"search_term_string\"}}],\"inLanguage\":\"es-PE\"}]}<\/script>\n<!-- \/ Yoast SEO plugin. -->","yoast_head_json":{"title":"Pasarela para veh\u00edculos SV910 5G - KEY-IOT","description":"SV910 es una pasarela Ethernet para veh\u00edculos 5G dual de alto rendimiento que cuenta con numerosas interfaces. Est\u00e1 equipada con 6 puertos Ethernet para veh\u00edculos, 2 interfaces Ethernet est\u00e1ndar M12, 2 interfaces CAN (ampliables a 3), 2 puertos DI y 2 puertos DO.","robots":{"index":"index","follow":"follow","max-snippet":"max-snippet:-1","max-image-preview":"max-image-preview:large","max-video-preview":"max-video-preview:-1"},"canonical":"https:\/\/www.key-iot.com\/es\/producto\/pasarela-para-vehiculos-sv910-5g\/","og_locale":"es_ES","og_type":"article","og_title":"SV910 5G Vehicle Gateway - KEY-IOT","og_description":"SV910 is a high-performance dual 5G vehicle Ethernet gateway featuring rich interfaces. It is equipped with 6 vehicle Ethernet ports, 2 M12 standard Ethernet interfaces, 2 CAN interfaces (expandable to 3), 2 DI and 2 DO ports.","og_url":"https:\/\/www.key-iot.com\/es\/producto\/pasarela-para-vehiculos-sv910-5g\/","og_site_name":"KEY-IOT","article_modified_time":"2025-10-23T09:34:56+00:00","og_image":[{"width":414,"height":414,"url":"https:\/\/www.key-iot.com\/wp-content\/uploads\/2025\/07\/\u5fae\u4fe1\u56fe\u7247_20250711095257.jpg","type":"image\/jpeg"}],"twitter_card":"summary_large_image","twitter_misc":{"Est. reading time":"1 minuto"},"schema":{"@context":"https:\/\/schema.org","@graph":[{"@type":"WebPage","@id":"https:\/\/www.key-iot.com\/product\/sv910-5g-vehicle-gateway\/","url":"https:\/\/www.key-iot.com\/product\/sv910-5g-vehicle-gateway\/","name":"Pasarela para veh\u00edculos SV910 5G - KEY-IOT","isPartOf":{"@id":"https:\/\/www.key-iot.com\/#website"},"primaryImageOfPage":{"@id":"https:\/\/www.key-iot.com\/product\/sv910-5g-vehicle-gateway\/#primaryimage"},"image":{"@id":"https:\/\/www.key-iot.com\/product\/sv910-5g-vehicle-gateway\/#primaryimage"},"thumbnailUrl":"https:\/\/www.key-iot.com\/wp-content\/uploads\/2025\/07\/\u5fae\u4fe1\u56fe\u7247_20250711095257.jpg","datePublished":"2025-07-11T02:38:47+00:00","dateModified":"2025-10-23T09:34:56+00:00","description":"SV910 es una pasarela Ethernet para veh\u00edculos 5G dual de alto rendimiento que cuenta con numerosas interfaces. Est\u00e1 equipada con 6 puertos Ethernet para veh\u00edculos, 2 interfaces Ethernet est\u00e1ndar M12, 2 interfaces CAN (ampliables a 3), 2 puertos DI y 2 puertos DO.","breadcrumb":{"@id":"https:\/\/www.key-iot.com\/product\/sv910-5g-vehicle-gateway\/#breadcrumb"},"inLanguage":"es-PE","potentialAction":[{"@type":"ReadAction","target":["https:\/\/www.key-iot.com\/product\/sv910-5g-vehicle-gateway\/"]}]},{"@type":"ImageObject","inLanguage":"es-PE","@id":"https:\/\/www.key-iot.com\/product\/sv910-5g-vehicle-gateway\/#primaryimage","url":"https:\/\/www.key-iot.com\/wp-content\/uploads\/2025\/07\/\u5fae\u4fe1\u56fe\u7247_20250711095257.jpg","contentUrl":"https:\/\/www.key-iot.com\/wp-content\/uploads\/2025\/07\/\u5fae\u4fe1\u56fe\u7247_20250711095257.jpg","width":414,"height":414},{"@type":"BreadcrumbList","@id":"https:\/\/www.key-iot.com\/product\/sv910-5g-vehicle-gateway\/#breadcrumb","itemListElement":[{"@type":"ListItem","position":1,"name":"Home","item":"https:\/\/www.key-iot.com\/"},{"@type":"ListItem","position":2,"name":"shop","item":"https:\/\/www.key-iot.com\/shop\/"},{"@type":"ListItem","position":3,"name":"SV910 5G Vehicle Gateway"}]},{"@type":"WebSite","@id":"https:\/\/www.key-iot.com\/#website","url":"https:\/\/www.key-iot.com\/","name":"KEY-IOT","description":"Routers celulares industriales\/ Pasarela IoT","potentialAction":[{"@type":"SearchAction","target":{"@type":"EntryPoint","urlTemplate":"https:\/\/www.key-iot.com\/?s={search_term_string}"},"query-input":{"@type":"PropertyValueSpecification","valueRequired":true,"valueName":"search_term_string"}}],"inLanguage":"es-PE"}]}},"_links":{"self":[{"href":"https:\/\/www.key-iot.com\/es\/wp-json\/wp\/v2\/product\/5280","targetHints":{"allow":["GET"]}}],"collection":[{"href":"https:\/\/www.key-iot.com\/es\/wp-json\/wp\/v2\/product"}],"about":[{"href":"https:\/\/www.key-iot.com\/es\/wp-json\/wp\/v2\/types\/product"}],"replies":[{"embeddable":true,"href":"https:\/\/www.key-iot.com\/es\/wp-json\/wp\/v2\/comments?post=5280"}],"wp:featuredmedia":[{"embeddable":true,"href":"https:\/\/www.key-iot.com\/es\/wp-json\/wp\/v2\/media\/5281"}],"wp:attachment":[{"href":"https:\/\/www.key-iot.com\/es\/wp-json\/wp\/v2\/media?parent=5280"}],"wp:term":[{"taxonomy":"product_cat","embeddable":true,"href":"https:\/\/www.key-iot.com\/es\/wp-json\/wp\/v2\/product_cat?post=5280"},{"taxonomy":"product_tag","embeddable":true,"href":"https:\/\/www.key-iot.com\/es\/wp-json\/wp\/v2\/product_tag?post=5280"}],"curies":[{"name":"wp","href":"https:\/\/api.w.org\/{rel}","templated":true}]}}