{"id":3573,"date":"2025-04-30T03:48:01","date_gmt":"2025-04-30T07:48:01","guid":{"rendered":"https:\/\/www.key-iot.com\/?post_type=product&#038;p=3573"},"modified":"2025-06-16T09:02:19","modified_gmt":"2025-06-16T01:02:19","slug":"sr830-e-embedded-5g-router","status":"publish","type":"product","link":"https:\/\/www.key-iot.com\/es\/producto\/sr830-e-router-5g-integrado\/","title":{"rendered":"Router 5G integrado SR830-E"},"content":{"rendered":"<h2><\/h2>\n<h2><img decoding=\"async\" class=\"size-full wp-image-3575 aligncenter\" src=\"https:\/\/www.key-iot.com\/wp-content\/uploads\/2025\/04\/1716343715148491.png\" alt=\"\" width=\"600\" height=\"600\" srcset=\"https:\/\/www.key-iot.com\/wp-content\/uploads\/2025\/04\/1716343715148491.png 600w, https:\/\/www.key-iot.com\/wp-content\/uploads\/2025\/04\/1716343715148491-300x300.png 300w, https:\/\/www.key-iot.com\/wp-content\/uploads\/2025\/04\/1716343715148491-150x150.png 150w, https:\/\/www.key-iot.com\/wp-content\/uploads\/2025\/04\/1716343715148491-100x100.png 100w\" sizes=\"(max-width: 600px) 100vw, 600px\" \/><\/h2>\n<h2><\/h2>\n<h2>Productos<\/h2>\n<p>StarRouter 830-E <a href=\"https:\/\/www.key-iot.com\/es\/iotproducto\/industrial-5g-routers\/\"><strong>router industrial 5g\u00a0<\/strong><\/a> son routers inal\u00e1mbricos IoT que integran redes 4G\/5G y tecnolog\u00edas de red privada virtual (VPN). Con funcionalidad de segmentaci\u00f3n de red multi-DNN, satisfacen los requisitos diferenciados de las aplicaciones del sector proporcionando garant\u00edas de SLA (Service Level Agreement) a nivel de red y aislamiento de seguridad de extremo a extremo (E2E). El dispositivo es compatible con VXLAN (Virtual Extensible LAN) para permitir la conexi\u00f3n en red de conmutaci\u00f3n de capa 2, lo que ofrece una soluci\u00f3n eficaz para los centros de datos.<\/p>\n<h2>Caracter\u00edsticas del producto<\/h2>\n<p>Compatible con redes 5G NR\/RedCap<br \/>\nAdmite el bloqueo de banda del m\u00f3dulo 5G y el bloqueo del modo de red<br \/>\nCompatible con GPS\/Beidou\uff08Opcional\uff09<br \/>\nAdmite LAN 5G (opcional)<br \/>\nAdmite el modo puente, que permite la asignaci\u00f3n directa de IP desde la marcaci\u00f3n 5G a los dispositivos conectados (opcional).<br \/>\nAdmite la conmutaci\u00f3n por error entre conexiones por cable e inal\u00e1mbricas<br \/>\nAdmite protocolos de enrutamiento din\u00e1mico (OSPF, RIP)<br \/>\nAdmite enrutamiento basado en pol\u00edticas para dividir el tr\u00e1fico<br \/>\nAdmite la consulta y notificaci\u00f3n de informaci\u00f3n sobre el estado del dispositivo<br \/>\nAdmite la configuraci\u00f3n de VLAN, incluidas varias VLAN con modos etiquetados y no etiquetados.<br \/>\nSoporta el sistema Linux para el desarrollo secundario, con directrices completas de desarrollo proporcionadas<br \/>\nCompatible con SNMP y StarCloud Platform (plataforma de gesti\u00f3n de dispositivos)<br \/>\nSoporta m\u00faltiples protocolos VPN: PPTP, L2TP, IPsec, OpenVPN, GRE, GRETAP, VXLAN, etc.<\/p>","protected":false},"excerpt":{"rendered":"<h3>[tp_attributes num_attributes=\"6\"]<\/h3>\n<h3>Product Description Download<\/h3>\n[showpdf url=\"\/wp-content\/uploads\/2025\/04\/Technical-Specification-for-SR830-E-Embedded-5G-Router-V2.2.pdf\" name=\"Technical Specification for SR830-E Embedded 5G Router V2.2\" collapse=\"false\" ]\n<p>&nbsp;<\/p>\n<p>&nbsp;<\/p>\n","protected":false},"featured_media":3579,"comment_status":"open","ping_status":"closed","template":"","meta":{"themepark_post_bcolor":"#f5f5f5","themepark_post_width":"1022px","themepark_post_img":"","themepark_post_img_po":"left","themepark_post_img_re":false,"themepark_post_img_cover":false,"themepark_post_img_fixed":false,"themepark_post_hide_title":false,"themepark_post_main_b":"","themepark_post_main_p":100,"themepark_paddingblock":false},"product_cat":[41],"product_tag":[],"class_list":{"0":"post-3573","1":"product","2":"type-product","3":"status-publish","4":"has-post-thumbnail","6":"product_cat-industrial-5g-routers","8":"first","9":"instock","10":"shipping-taxable","11":"product-type-simple"},"yoast_head":"<!-- This site is optimized with the Yoast SEO plugin v23.7 - https:\/\/yoast.com\/wordpress\/plugins\/seo\/ -->\n<title>SR830-E Embedded 5G Router - KEY-IOT<\/title>\n<meta name=\"robots\" content=\"index, follow, max-snippet:-1, max-image-preview:large, max-video-preview:-1\" \/>\n<link rel=\"canonical\" href=\"https:\/\/www.key-iot.com\/es\/producto\/sr830-e-router-5g-integrado\/\" \/>\n<meta property=\"og:locale\" content=\"es_ES\" \/>\n<meta property=\"og:type\" content=\"article\" \/>\n<meta property=\"og:title\" content=\"SR830-E Embedded 5G Router - KEY-IOT\" \/>\n<meta property=\"og:description\" content=\"Product Description Download   &nbsp;  &nbsp;\" \/>\n<meta property=\"og:url\" content=\"https:\/\/www.key-iot.com\/es\/producto\/sr830-e-router-5g-integrado\/\" \/>\n<meta property=\"og:site_name\" content=\"KEY-IOT\" \/>\n<meta property=\"article:modified_time\" content=\"2025-06-16T01:02:19+00:00\" \/>\n<meta property=\"og:image\" content=\"https:\/\/www.key-iot.com\/wp-content\/uploads\/2025\/04\/830E.jpg\" \/>\n\t<meta property=\"og:image:width\" content=\"414\" \/>\n\t<meta property=\"og:image:height\" content=\"414\" \/>\n\t<meta property=\"og:image:type\" content=\"image\/jpeg\" \/>\n<meta name=\"twitter:card\" content=\"summary_large_image\" \/>\n<meta name=\"twitter:label1\" content=\"Est. reading time\" \/>\n\t<meta name=\"twitter:data1\" content=\"2 minutos\" \/>\n<script type=\"application\/ld+json\" class=\"yoast-schema-graph\">{\"@context\":\"https:\/\/schema.org\",\"@graph\":[{\"@type\":\"WebPage\",\"@id\":\"https:\/\/www.key-iot.com\/product\/sr830-e-embedded-5g-router\/\",\"url\":\"https:\/\/www.key-iot.com\/product\/sr830-e-embedded-5g-router\/\",\"name\":\"SR830-E Embedded 5G Router - KEY-IOT\",\"isPartOf\":{\"@id\":\"https:\/\/www.key-iot.com\/#website\"},\"primaryImageOfPage\":{\"@id\":\"https:\/\/www.key-iot.com\/product\/sr830-e-embedded-5g-router\/#primaryimage\"},\"image\":{\"@id\":\"https:\/\/www.key-iot.com\/product\/sr830-e-embedded-5g-router\/#primaryimage\"},\"thumbnailUrl\":\"https:\/\/www.key-iot.com\/wp-content\/uploads\/2025\/04\/830E.jpg\",\"datePublished\":\"2025-04-30T07:48:01+00:00\",\"dateModified\":\"2025-06-16T01:02:19+00:00\",\"breadcrumb\":{\"@id\":\"https:\/\/www.key-iot.com\/product\/sr830-e-embedded-5g-router\/#breadcrumb\"},\"inLanguage\":\"es-PE\",\"potentialAction\":[{\"@type\":\"ReadAction\",\"target\":[\"https:\/\/www.key-iot.com\/product\/sr830-e-embedded-5g-router\/\"]}]},{\"@type\":\"ImageObject\",\"inLanguage\":\"es-PE\",\"@id\":\"https:\/\/www.key-iot.com\/product\/sr830-e-embedded-5g-router\/#primaryimage\",\"url\":\"https:\/\/www.key-iot.com\/wp-content\/uploads\/2025\/04\/830E.jpg\",\"contentUrl\":\"https:\/\/www.key-iot.com\/wp-content\/uploads\/2025\/04\/830E.jpg\",\"width\":414,\"height\":414},{\"@type\":\"BreadcrumbList\",\"@id\":\"https:\/\/www.key-iot.com\/product\/sr830-e-embedded-5g-router\/#breadcrumb\",\"itemListElement\":[{\"@type\":\"ListItem\",\"position\":1,\"name\":\"Home\",\"item\":\"https:\/\/www.key-iot.com\/\"},{\"@type\":\"ListItem\",\"position\":2,\"name\":\"shop\",\"item\":\"https:\/\/www.key-iot.com\/shop\/\"},{\"@type\":\"ListItem\",\"position\":3,\"name\":\"SR830-E Embedded 5G Router\"}]},{\"@type\":\"WebSite\",\"@id\":\"https:\/\/www.key-iot.com\/#website\",\"url\":\"https:\/\/www.key-iot.com\/\",\"name\":\"KEY-IOT\",\"description\":\"Industrial Cellular Routers\/ IoT Gateway\",\"potentialAction\":[{\"@type\":\"SearchAction\",\"target\":{\"@type\":\"EntryPoint\",\"urlTemplate\":\"https:\/\/www.key-iot.com\/?s={search_term_string}\"},\"query-input\":{\"@type\":\"PropertyValueSpecification\",\"valueRequired\":true,\"valueName\":\"search_term_string\"}}],\"inLanguage\":\"es-PE\"}]}<\/script>\n<!-- \/ Yoast SEO plugin. -->","yoast_head_json":{"title":"Router 5G integrado SR830-E - KEY-IOT","robots":{"index":"index","follow":"follow","max-snippet":"max-snippet:-1","max-image-preview":"max-image-preview:large","max-video-preview":"max-video-preview:-1"},"canonical":"https:\/\/www.key-iot.com\/es\/producto\/sr830-e-router-5g-integrado\/","og_locale":"es_ES","og_type":"article","og_title":"SR830-E Embedded 5G Router - KEY-IOT","og_description":"Product Description Download   &nbsp;  &nbsp;","og_url":"https:\/\/www.key-iot.com\/es\/producto\/sr830-e-router-5g-integrado\/","og_site_name":"KEY-IOT","article_modified_time":"2025-06-16T01:02:19+00:00","og_image":[{"width":414,"height":414,"url":"https:\/\/www.key-iot.com\/wp-content\/uploads\/2025\/04\/830E.jpg","type":"image\/jpeg"}],"twitter_card":"summary_large_image","twitter_misc":{"Est. reading time":"2 minutos"},"schema":{"@context":"https:\/\/schema.org","@graph":[{"@type":"WebPage","@id":"https:\/\/www.key-iot.com\/product\/sr830-e-embedded-5g-router\/","url":"https:\/\/www.key-iot.com\/product\/sr830-e-embedded-5g-router\/","name":"Router 5G integrado SR830-E - KEY-IOT","isPartOf":{"@id":"https:\/\/www.key-iot.com\/#website"},"primaryImageOfPage":{"@id":"https:\/\/www.key-iot.com\/product\/sr830-e-embedded-5g-router\/#primaryimage"},"image":{"@id":"https:\/\/www.key-iot.com\/product\/sr830-e-embedded-5g-router\/#primaryimage"},"thumbnailUrl":"https:\/\/www.key-iot.com\/wp-content\/uploads\/2025\/04\/830E.jpg","datePublished":"2025-04-30T07:48:01+00:00","dateModified":"2025-06-16T01:02:19+00:00","breadcrumb":{"@id":"https:\/\/www.key-iot.com\/product\/sr830-e-embedded-5g-router\/#breadcrumb"},"inLanguage":"es-PE","potentialAction":[{"@type":"ReadAction","target":["https:\/\/www.key-iot.com\/product\/sr830-e-embedded-5g-router\/"]}]},{"@type":"ImageObject","inLanguage":"es-PE","@id":"https:\/\/www.key-iot.com\/product\/sr830-e-embedded-5g-router\/#primaryimage","url":"https:\/\/www.key-iot.com\/wp-content\/uploads\/2025\/04\/830E.jpg","contentUrl":"https:\/\/www.key-iot.com\/wp-content\/uploads\/2025\/04\/830E.jpg","width":414,"height":414},{"@type":"BreadcrumbList","@id":"https:\/\/www.key-iot.com\/product\/sr830-e-embedded-5g-router\/#breadcrumb","itemListElement":[{"@type":"ListItem","position":1,"name":"Home","item":"https:\/\/www.key-iot.com\/"},{"@type":"ListItem","position":2,"name":"shop","item":"https:\/\/www.key-iot.com\/shop\/"},{"@type":"ListItem","position":3,"name":"SR830-E Embedded 5G Router"}]},{"@type":"WebSite","@id":"https:\/\/www.key-iot.com\/#website","url":"https:\/\/www.key-iot.com\/","name":"KEY-IOT","description":"Routers celulares industriales\/ Pasarela IoT","potentialAction":[{"@type":"SearchAction","target":{"@type":"EntryPoint","urlTemplate":"https:\/\/www.key-iot.com\/?s={search_term_string}"},"query-input":{"@type":"PropertyValueSpecification","valueRequired":true,"valueName":"search_term_string"}}],"inLanguage":"es-PE"}]}},"_links":{"self":[{"href":"https:\/\/www.key-iot.com\/es\/wp-json\/wp\/v2\/product\/3573","targetHints":{"allow":["GET"]}}],"collection":[{"href":"https:\/\/www.key-iot.com\/es\/wp-json\/wp\/v2\/product"}],"about":[{"href":"https:\/\/www.key-iot.com\/es\/wp-json\/wp\/v2\/types\/product"}],"replies":[{"embeddable":true,"href":"https:\/\/www.key-iot.com\/es\/wp-json\/wp\/v2\/comments?post=3573"}],"wp:featuredmedia":[{"embeddable":true,"href":"https:\/\/www.key-iot.com\/es\/wp-json\/wp\/v2\/media\/3579"}],"wp:attachment":[{"href":"https:\/\/www.key-iot.com\/es\/wp-json\/wp\/v2\/media?parent=3573"}],"wp:term":[{"taxonomy":"product_cat","embeddable":true,"href":"https:\/\/www.key-iot.com\/es\/wp-json\/wp\/v2\/product_cat?post=3573"},{"taxonomy":"product_tag","embeddable":true,"href":"https:\/\/www.key-iot.com\/es\/wp-json\/wp\/v2\/product_tag?post=3573"}],"curies":[{"name":"wp","href":"https:\/\/api.w.org\/{rel}","templated":true}]}}