{"id":1109,"date":"2024-09-04T15:02:23","date_gmt":"2024-09-04T07:02:23","guid":{"rendered":"https:\/\/www.key-iot.com\/?post_type=product&#038;p=1109"},"modified":"2025-04-29T21:26:29","modified_gmt":"2025-04-30T01:26:29","slug":"sg800-4g-edge-computing-gateway","status":"publish","type":"product","link":"https:\/\/www.key-iot.com\/es\/producto\/sg800-4g-edge-computing-gateway\/","title":{"rendered":"Pasarela SG800 4G Edge Computing"},"content":{"rendered":"<h2 style=\"color: #20c997;\"><\/h2>\n<p><img decoding=\"async\" class=\"wp-image-1116 size-full aligncenter\" title=\"Pasarela Edge Computing\" src=\"https:\/\/www.key-iot.com\/wp-content\/uploads\/2024\/09\/1720090925819334-1.png\" alt=\"Pasarela Edge Computing\" width=\"600\" height=\"600\" srcset=\"https:\/\/www.key-iot.com\/wp-content\/uploads\/2024\/09\/1720090925819334-1.png 600w, https:\/\/www.key-iot.com\/wp-content\/uploads\/2024\/09\/1720090925819334-1-300x300.png 300w, https:\/\/www.key-iot.com\/wp-content\/uploads\/2024\/09\/1720090925819334-1-150x150.png 150w, https:\/\/www.key-iot.com\/wp-content\/uploads\/2024\/09\/1720090925819334-1-100x100.png 100w\" sizes=\"(max-width: 600px) 100vw, 600px\" \/><\/p>\n<p>&nbsp;<\/p>\n<div class=\"mceTemp\"><\/div>\n<p>&nbsp;<\/p>\n<h2>Productos<\/h2>\n<p>Los productos de la serie SG800 son pasarelas de comunicaci\u00f3n inal\u00e1mbrica de calidad industrial para el control de la energ\u00eda por parte del usuario, un componente importante de la gesti\u00f3n energ\u00e9tica. Pueden recoger datos energ\u00e9ticos de estaciones de carga, as\u00ed como de f\u00e1bricas, edificios de oficinas y centros comerciales. Mediante el an\u00e1lisis de los datos de la plataforma, permiten alcanzar los objetivos de gesti\u00f3n operativa y conservaci\u00f3n de la energ\u00eda.<\/p>\n<h2>Caracter\u00edsticas del producto<\/h2>\n<p>Admite WLAN (opcional)<br \/>\nCompatible con redes 4G y por cable<br \/>\nCompatible con la red de alta velocidad 4G LTE CAT4<br \/>\nAdmite instalaci\u00f3n en carril DIN y sobremesa<br \/>\nCompleta eficazmente las implantaciones de redes de dispositivos a gran escala<br \/>\nAdmite m\u00faltiples interfaces de hardware para satisfacer distintos requisitos<br \/>\nDise\u00f1o industrial, capaz de soportar condiciones dif\u00edciles<br \/>\nSoporta varias funciones VPN: PPTP, L2TP, IPSEC, OPENVPN, GRE, GERTAP, Vxlan, etc.<br \/>\nAdmite SNMP y la plataforma Star Device Manager (Star Cloud) para una gesti\u00f3n de red centralizada y remota eficaz<br \/>\nSoporta el sistema Linux OpenWrt 19.07 y el sistema Ubuntu 16.04, facilitando el desarrollo secundario del usuario con completas gu\u00edas de desarrollo secundario.<\/p>\n<p>&nbsp;<\/p>\n<p>&nbsp;<\/p>\n<p>&nbsp;<\/p>","protected":false},"excerpt":{"rendered":"<h3>[tp_attributes num_attributes=\"6\"]<\/h3>\n<h3>Product Description Download<\/h3>\n[showpdf url=\"\/wp-content\/uploads\/2024\/09\/Technical-Specification-for-SG800-4G-Edge-Computing-Gateway-V2.2-1.pdf\" name=\"Technical Specification for SG800 4G Edge Computing Gateway V2.2\" collapse=\"false\" ]\n<p>&nbsp;<\/p>\n<p>&nbsp;<\/p>\n<p>&nbsp;<\/p>\n<p>&nbsp;<\/p>\n<p>&nbsp;<\/p>\n<p>&nbsp;<\/p>\n<p>&nbsp;<\/p>\n","protected":false},"featured_media":1517,"comment_status":"open","ping_status":"closed","template":"","meta":{"themepark_post_bcolor":"#f5f5f5","themepark_post_width":"1022px","themepark_post_img":"","themepark_post_img_po":"left","themepark_post_img_re":false,"themepark_post_img_cover":false,"themepark_post_img_fixed":false,"themepark_post_hide_title":false,"themepark_post_main_b":"","themepark_post_main_p":100,"themepark_paddingblock":false},"product_cat":[44],"product_tag":[],"class_list":{"0":"post-1109","1":"product","2":"type-product","3":"status-publish","4":"has-post-thumbnail","6":"product_cat-industrial-iot-gateway","8":"first","9":"instock","10":"shipping-taxable","11":"product-type-simple"},"yoast_head":"<!-- This site is optimized with the Yoast SEO plugin v23.7 - https:\/\/yoast.com\/wordpress\/plugins\/seo\/ -->\n<title>SG800 4G Edge Computing Gateway - KEY-IOT<\/title>\n<meta name=\"robots\" content=\"index, follow, max-snippet:-1, max-image-preview:large, max-video-preview:-1\" \/>\n<link rel=\"canonical\" href=\"https:\/\/www.key-iot.com\/es\/producto\/sg800-4g-edge-computing-gateway\/\" \/>\n<meta property=\"og:locale\" content=\"es_ES\" \/>\n<meta property=\"og:type\" content=\"article\" \/>\n<meta property=\"og:title\" content=\"SG800 4G Edge Computing Gateway - KEY-IOT\" \/>\n<meta property=\"og:description\" content=\"Product Description Download   &nbsp;  &nbsp;  &nbsp;  &nbsp;  &nbsp;  &nbsp;  &nbsp;\" \/>\n<meta property=\"og:url\" content=\"https:\/\/www.key-iot.com\/es\/producto\/sg800-4g-edge-computing-gateway\/\" \/>\n<meta property=\"og:site_name\" content=\"KEY-IOT\" \/>\n<meta property=\"article:modified_time\" content=\"2025-04-30T01:26:29+00:00\" \/>\n<meta property=\"og:image\" content=\"https:\/\/www.key-iot.com\/wp-content\/uploads\/2024\/09\/\u5934\u56fe-22.jpg\" \/>\n\t<meta property=\"og:image:width\" content=\"414\" \/>\n\t<meta property=\"og:image:height\" content=\"414\" \/>\n\t<meta property=\"og:image:type\" content=\"image\/jpeg\" \/>\n<meta name=\"twitter:card\" content=\"summary_large_image\" \/>\n<meta name=\"twitter:label1\" content=\"Est. reading time\" \/>\n\t<meta name=\"twitter:data1\" content=\"2 minutos\" \/>\n<script type=\"application\/ld+json\" class=\"yoast-schema-graph\">{\"@context\":\"https:\/\/schema.org\",\"@graph\":[{\"@type\":\"WebPage\",\"@id\":\"https:\/\/www.key-iot.com\/product\/sg800-4g-edge-computing-gateway\/\",\"url\":\"https:\/\/www.key-iot.com\/product\/sg800-4g-edge-computing-gateway\/\",\"name\":\"SG800 4G Edge Computing Gateway - KEY-IOT\",\"isPartOf\":{\"@id\":\"https:\/\/www.key-iot.com\/#website\"},\"primaryImageOfPage\":{\"@id\":\"https:\/\/www.key-iot.com\/product\/sg800-4g-edge-computing-gateway\/#primaryimage\"},\"image\":{\"@id\":\"https:\/\/www.key-iot.com\/product\/sg800-4g-edge-computing-gateway\/#primaryimage\"},\"thumbnailUrl\":\"https:\/\/www.key-iot.com\/wp-content\/uploads\/2024\/09\/\u5934\u56fe-22.jpg\",\"datePublished\":\"2024-09-04T07:02:23+00:00\",\"dateModified\":\"2025-04-30T01:26:29+00:00\",\"breadcrumb\":{\"@id\":\"https:\/\/www.key-iot.com\/product\/sg800-4g-edge-computing-gateway\/#breadcrumb\"},\"inLanguage\":\"es-PE\",\"potentialAction\":[{\"@type\":\"ReadAction\",\"target\":[\"https:\/\/www.key-iot.com\/product\/sg800-4g-edge-computing-gateway\/\"]}]},{\"@type\":\"ImageObject\",\"inLanguage\":\"es-PE\",\"@id\":\"https:\/\/www.key-iot.com\/product\/sg800-4g-edge-computing-gateway\/#primaryimage\",\"url\":\"https:\/\/www.key-iot.com\/wp-content\/uploads\/2024\/09\/\u5934\u56fe-22.jpg\",\"contentUrl\":\"https:\/\/www.key-iot.com\/wp-content\/uploads\/2024\/09\/\u5934\u56fe-22.jpg\",\"width\":414,\"height\":414,\"caption\":\"SG800 4G Edge Computing Gateway\"},{\"@type\":\"BreadcrumbList\",\"@id\":\"https:\/\/www.key-iot.com\/product\/sg800-4g-edge-computing-gateway\/#breadcrumb\",\"itemListElement\":[{\"@type\":\"ListItem\",\"position\":1,\"name\":\"Home\",\"item\":\"https:\/\/www.key-iot.com\/\"},{\"@type\":\"ListItem\",\"position\":2,\"name\":\"shop\",\"item\":\"https:\/\/www.key-iot.com\/shop\/\"},{\"@type\":\"ListItem\",\"position\":3,\"name\":\"SG800 4G Edge Computing Gateway\"}]},{\"@type\":\"WebSite\",\"@id\":\"https:\/\/www.key-iot.com\/#website\",\"url\":\"https:\/\/www.key-iot.com\/\",\"name\":\"KEY-IOT\",\"description\":\"Industrial Cellular Routers\/ IoT Gateway\",\"potentialAction\":[{\"@type\":\"SearchAction\",\"target\":{\"@type\":\"EntryPoint\",\"urlTemplate\":\"https:\/\/www.key-iot.com\/?s={search_term_string}\"},\"query-input\":{\"@type\":\"PropertyValueSpecification\",\"valueRequired\":true,\"valueName\":\"search_term_string\"}}],\"inLanguage\":\"es-PE\"}]}<\/script>\n<!-- \/ Yoast SEO plugin. -->","yoast_head_json":{"title":"Pasarela SG800 4G Edge Computing - KEY-IOT","robots":{"index":"index","follow":"follow","max-snippet":"max-snippet:-1","max-image-preview":"max-image-preview:large","max-video-preview":"max-video-preview:-1"},"canonical":"https:\/\/www.key-iot.com\/es\/producto\/sg800-4g-edge-computing-gateway\/","og_locale":"es_ES","og_type":"article","og_title":"SG800 4G Edge Computing Gateway - KEY-IOT","og_description":"Product Description Download   &nbsp;  &nbsp;  &nbsp;  &nbsp;  &nbsp;  &nbsp;  &nbsp;","og_url":"https:\/\/www.key-iot.com\/es\/producto\/sg800-4g-edge-computing-gateway\/","og_site_name":"KEY-IOT","article_modified_time":"2025-04-30T01:26:29+00:00","og_image":[{"width":414,"height":414,"url":"https:\/\/www.key-iot.com\/wp-content\/uploads\/2024\/09\/\u5934\u56fe-22.jpg","type":"image\/jpeg"}],"twitter_card":"summary_large_image","twitter_misc":{"Est. reading time":"2 minutos"},"schema":{"@context":"https:\/\/schema.org","@graph":[{"@type":"WebPage","@id":"https:\/\/www.key-iot.com\/product\/sg800-4g-edge-computing-gateway\/","url":"https:\/\/www.key-iot.com\/product\/sg800-4g-edge-computing-gateway\/","name":"Pasarela SG800 4G Edge Computing - KEY-IOT","isPartOf":{"@id":"https:\/\/www.key-iot.com\/#website"},"primaryImageOfPage":{"@id":"https:\/\/www.key-iot.com\/product\/sg800-4g-edge-computing-gateway\/#primaryimage"},"image":{"@id":"https:\/\/www.key-iot.com\/product\/sg800-4g-edge-computing-gateway\/#primaryimage"},"thumbnailUrl":"https:\/\/www.key-iot.com\/wp-content\/uploads\/2024\/09\/\u5934\u56fe-22.jpg","datePublished":"2024-09-04T07:02:23+00:00","dateModified":"2025-04-30T01:26:29+00:00","breadcrumb":{"@id":"https:\/\/www.key-iot.com\/product\/sg800-4g-edge-computing-gateway\/#breadcrumb"},"inLanguage":"es-PE","potentialAction":[{"@type":"ReadAction","target":["https:\/\/www.key-iot.com\/product\/sg800-4g-edge-computing-gateway\/"]}]},{"@type":"ImageObject","inLanguage":"es-PE","@id":"https:\/\/www.key-iot.com\/product\/sg800-4g-edge-computing-gateway\/#primaryimage","url":"https:\/\/www.key-iot.com\/wp-content\/uploads\/2024\/09\/\u5934\u56fe-22.jpg","contentUrl":"https:\/\/www.key-iot.com\/wp-content\/uploads\/2024\/09\/\u5934\u56fe-22.jpg","width":414,"height":414,"caption":"SG800 4G Edge Computing Gateway"},{"@type":"BreadcrumbList","@id":"https:\/\/www.key-iot.com\/product\/sg800-4g-edge-computing-gateway\/#breadcrumb","itemListElement":[{"@type":"ListItem","position":1,"name":"Home","item":"https:\/\/www.key-iot.com\/"},{"@type":"ListItem","position":2,"name":"shop","item":"https:\/\/www.key-iot.com\/shop\/"},{"@type":"ListItem","position":3,"name":"SG800 4G Edge Computing Gateway"}]},{"@type":"WebSite","@id":"https:\/\/www.key-iot.com\/#website","url":"https:\/\/www.key-iot.com\/","name":"KEY-IOT","description":"Routers celulares industriales\/ Pasarela IoT","potentialAction":[{"@type":"SearchAction","target":{"@type":"EntryPoint","urlTemplate":"https:\/\/www.key-iot.com\/?s={search_term_string}"},"query-input":{"@type":"PropertyValueSpecification","valueRequired":true,"valueName":"search_term_string"}}],"inLanguage":"es-PE"}]}},"_links":{"self":[{"href":"https:\/\/www.key-iot.com\/es\/wp-json\/wp\/v2\/product\/1109","targetHints":{"allow":["GET"]}}],"collection":[{"href":"https:\/\/www.key-iot.com\/es\/wp-json\/wp\/v2\/product"}],"about":[{"href":"https:\/\/www.key-iot.com\/es\/wp-json\/wp\/v2\/types\/product"}],"replies":[{"embeddable":true,"href":"https:\/\/www.key-iot.com\/es\/wp-json\/wp\/v2\/comments?post=1109"}],"wp:featuredmedia":[{"embeddable":true,"href":"https:\/\/www.key-iot.com\/es\/wp-json\/wp\/v2\/media\/1517"}],"wp:attachment":[{"href":"https:\/\/www.key-iot.com\/es\/wp-json\/wp\/v2\/media?parent=1109"}],"wp:term":[{"taxonomy":"product_cat","embeddable":true,"href":"https:\/\/www.key-iot.com\/es\/wp-json\/wp\/v2\/product_cat?post=1109"},{"taxonomy":"product_tag","embeddable":true,"href":"https:\/\/www.key-iot.com\/es\/wp-json\/wp\/v2\/product_tag?post=1109"}],"curies":[{"name":"wp","href":"https:\/\/api.w.org\/{rel}","templated":true}]}}