{"id":1083,"date":"2024-09-04T11:16:56","date_gmt":"2024-09-04T03:16:56","guid":{"rendered":"https:\/\/www.key-iot.com\/?post_type=product&#038;p=1083"},"modified":"2024-09-11T15:09:55","modified_gmt":"2024-09-11T07:09:55","slug":"sg610-smart-pole-gateway","status":"publish","type":"product","link":"https:\/\/www.key-iot.com\/es\/producto\/sg610-smart-pole-gateway\/","title":{"rendered":"Pasarela de poste inteligente SG610"},"content":{"rendered":"<h2 style=\"color: #20c997;\">Presentamos el SG610: la soluci\u00f3n definitiva de pasarela para postes inteligentes<\/h2>\n<p>&nbsp;<\/p>\n<div id=\"attachment_1085\" style=\"width: 610px\" class=\"wp-caption aligncenter\"><img decoding=\"async\" aria-describedby=\"caption-attachment-1085\" class=\"wp-image-1085 size-full\" title=\"Pasarela de poste inteligente SG610\" src=\"https:\/\/www.key-iot.com\/wp-content\/uploads\/2024\/09\/1720091419698130.png\" alt=\"Pasarela de poste inteligente SG610\" width=\"600\" height=\"600\" srcset=\"https:\/\/www.key-iot.com\/wp-content\/uploads\/2024\/09\/1720091419698130.png 600w, https:\/\/www.key-iot.com\/wp-content\/uploads\/2024\/09\/1720091419698130-300x300.png 300w, https:\/\/www.key-iot.com\/wp-content\/uploads\/2024\/09\/1720091419698130-150x150.png 150w, https:\/\/www.key-iot.com\/wp-content\/uploads\/2024\/09\/1720091419698130-100x100.png 100w\" sizes=\"(max-width: 600px) 100vw, 600px\" \/><p id=\"caption-attachment-1085\" class=\"wp-caption-text\">Pasarela de poste inteligente SG610<\/p><\/div>\n<p>Este dispositivo de vanguardia est\u00e1 dise\u00f1ado para revolucionar la infraestructura de las ciudades inteligentes, ofreciendo una conectividad y funcionalidad sin precedentes para los entornos urbanos modernos. Como componente clave del ecosistema Smart Pole Gateway, el SG610 representa la pr\u00f3xima generaci\u00f3n de hardware urbano inteligente.<\/p>\n<h2 style=\"color: #20c997;\">Smart Pole Gateway: Un nuevo paradigma de conectividad urbana<\/h2>\n<p>El SG610 Smart Pole Gateway no es s\u00f3lo un dispositivo; es una soluci\u00f3n integral para iniciativas de ciudades inteligentes. Al integrar m\u00faltiples funciones en una \u00fanica y potente unidad, este Smart Pole Gateway simplifica la infraestructura urbana al tiempo que ampl\u00eda sus capacidades. El SG610 act\u00faa como cerebro de las instalaciones de postes inteligentes, gestionando una amplia gama de servicios y aplicaciones cruciales para las operaciones de las ciudades modernas.<\/p>\n<h2 style=\"color: #20c997;\">Conectividad mejorada: El coraz\u00f3n del Smart Pole Gateway<\/h2>\n<div id=\"attachment_1090\" style=\"width: 1034px\" class=\"wp-caption aligncenter\"><img decoding=\"async\" aria-describedby=\"caption-attachment-1090\" class=\"wp-image-1090 size-large\" title=\"Pasarela de poste inteligente SG610\" src=\"https:\/\/www.key-iot.com\/wp-content\/uploads\/2024\/09\/20240615102015107-1024x556.png\" alt=\"Pasarela de postes de alumbrado p\u00fablico 4G\" width=\"1024\" height=\"556\" srcset=\"https:\/\/www.key-iot.com\/wp-content\/uploads\/2024\/09\/20240615102015107-1024x556.png 1024w, https:\/\/www.key-iot.com\/wp-content\/uploads\/2024\/09\/20240615102015107-300x163.png 300w, https:\/\/www.key-iot.com\/wp-content\/uploads\/2024\/09\/20240615102015107-768x417.png 768w, https:\/\/www.key-iot.com\/wp-content\/uploads\/2024\/09\/20240615102015107-600x326.png 600w, https:\/\/www.key-iot.com\/wp-content\/uploads\/2024\/09\/20240615102015107.png 1247w\" sizes=\"(max-width: 1024px) 100vw, 1024px\" \/><p id=\"caption-attachment-1090\" class=\"wp-caption-text\">Pasarela de postes de alumbrado p\u00fablico 4G<\/p><\/div>\n<p>&nbsp;<\/p>\n<p>En esencia, el SG610Smart Pole Gateway est\u00e1 dise\u00f1ado para proporcionar una conectividad sin fisuras a trav\u00e9s de varios protocolos y redes:<br \/>\n4G LTE: Conectividad celular de alta velocidad para una transmisi\u00f3n de datos fiable.<br \/>\nWi-Fi: Funciones de red inal\u00e1mbrica local (IEEE 802.11b\/g\/n)<br \/>\nEthernet: 8 puertos LAN (10M\/100M\/1000M MDI\/MDIX adaptable)<br \/>\nFibra \u00f3ptica: 2 ranuras SFP Gigabit para conectividad de alta velocidad y larga distancia<br \/>\nSerie: 2 puertos RS485 para comunicaci\u00f3n con dispositivos industriales<br \/>\nEsta vers\u00e1til suite de conectividad garantiza que el Smart Pole Gateway pueda integrarse con una amplia gama de sistemas y dispositivos urbanos, desde sensores de tr\u00e1fico hasta monitores medioambientales.<\/p>\n<h2 style=\"color: #20c997;\">Opciones de interfaz ampliadas: Una ventaja de la pasarela Smart Pole<\/h2>\n<p>La pasarela para postes inteligentes SG610 se distingue de sus predecesoras de la serie SG600 por ofrecer dos interfaces de salida adicionales. Estas opciones ampliadas proporcionan una mayor flexibilidad a la hora de alimentar y conectar diversos dispositivos para ciudades inteligentes:<br \/>\n3 salidas AC220V con control y medici\u00f3n independientes<br \/>\n4 salidas DC12V con control independiente (m\u00e1x. 70W en total)<br \/>\n1 salida DC24V con control independiente (m\u00e1x. 40W)<br \/>\n2 interfaces de salida de rel\u00e9<br \/>\nEstas interfaces adicionales hacen del SG610 Smart Pole Gateway una opci\u00f3n ideal para implantaciones complejas en ciudades inteligentes que requieren m\u00faltiples opciones de alimentaci\u00f3n y capacidades de control.<\/p>\n<div id=\"attachment_1087\" style=\"width: 610px\" class=\"wp-caption aligncenter\"><img decoding=\"async\" aria-describedby=\"caption-attachment-1087\" class=\"wp-image-1087 size-full\" title=\"Pasarela de poste inteligente SG610\" src=\"https:\/\/www.key-iot.com\/wp-content\/uploads\/2024\/09\/1720091420369597.png\" alt=\"Pasarela de poste inteligente SG610\" width=\"600\" height=\"600\" srcset=\"https:\/\/www.key-iot.com\/wp-content\/uploads\/2024\/09\/1720091420369597.png 600w, https:\/\/www.key-iot.com\/wp-content\/uploads\/2024\/09\/1720091420369597-300x300.png 300w, https:\/\/www.key-iot.com\/wp-content\/uploads\/2024\/09\/1720091420369597-150x150.png 150w, https:\/\/www.key-iot.com\/wp-content\/uploads\/2024\/09\/1720091420369597-100x100.png 100w\" sizes=\"(max-width: 600px) 100vw, 600px\" \/><p id=\"caption-attachment-1087\" class=\"wp-caption-text\">Pasarela de poste inteligente SG610<\/p><\/div>\n<p>&nbsp;<\/p>\n<h2 style=\"color: #20c997;\">Hardware robusto: dise\u00f1ado para garantizar la fiabilidad de la pasarela de postes inteligentes<\/h2>\n<p>El SG610 Smart Pole Gateway est\u00e1 dise\u00f1ado para resistir los retos de la instalaci\u00f3n en exteriores y ofrecer un rendimiento excepcional:<br \/>\nMemoria: 512 MB<br \/>\nAlmacenamiento: 4 GB EMMC Flash<br \/>\nTemperatura de funcionamiento: -35\u00b0C a +75\u00b0C<br \/>\nNivel de protecci\u00f3n: IP30<br \/>\nChasis totalmente met\u00e1lico para mayor durabilidad<br \/>\nDimensiones compactas: 295 x 120 x 70 mm<br \/>\nEste robusto dise\u00f1o garantiza que la pasarela Smart Pole Gateway pueda funcionar de forma fiable en diversos entornos urbanos, desde los bulliciosos centros de las ciudades hasta las periferias m\u00e1s remotas.<\/p>\n<h2 style=\"color: #20c997;\">Funciones de software avanzadas: Inteligencia de la pasarela Smart Pole<\/h2>\n<p>La pasarela SG610 Smart Pole Gateway se ejecuta en un sistema operativo basado en Linux, lo que proporciona una plataforma segura y flexible para aplicaciones de ciudades inteligentes. Entre las principales caracter\u00edsticas del software se incluyen:<br \/>\nCompatibilidad con varios protocolos VPN (PPTP, L2TP, IPSEC, OPENVPN, GRE, GRETAP, Vxlan)<br \/>\nCompatibilidad con SNMP y Star Device Manager para una gesti\u00f3n remota eficaz<br \/>\nCortafuegos y funciones de seguridad para protegerse de las ciberamenazas<br \/>\nGesti\u00f3n de la calidad del servicio para optimizar el ancho de banda<br \/>\nCapacidad de gesti\u00f3n y control del tr\u00e1fico<br \/>\nEstas funciones de software garantizan que el Smart Pole Gateway pueda adaptarse a las necesidades cambiantes de la infraestructura de las ciudades inteligentes.<\/p>\n<h2 style=\"color: #20c997;\">Aplicaciones vers\u00e1tiles: El Smart Pole Gateway en acci\u00f3n<\/h2>\n<p>La pasarela SG610 para postes inteligentes est\u00e1 dise\u00f1ada para soportar una amplia gama de casos de uso en ciudades inteligentes:<br \/>\nControl inteligente de la iluminaci\u00f3n<br \/>\nAlumbrado adaptable a las condiciones ambientales<br \/>\nControl y optimizaci\u00f3n del consumo de energ\u00eda<br \/>\nVigilancia medioambiental<br \/>\nControl de la calidad del aire y del nivel de ruido<br \/>\nRecogida de datos meteorol\u00f3gicos para previsiones hiperlocales<br \/>\nGesti\u00f3n del tr\u00e1fico<br \/>\nSeguimiento y an\u00e1lisis del flujo de tr\u00e1fico en tiempo real<br \/>\nControl adaptativo de se\u00f1ales de tr\u00e1fico<br \/>\nSeguridad p\u00fablica<br \/>\nVideovigilancia con an\u00e1lisis basados en inteligencia artificial<br \/>\nIntegraci\u00f3n de sistemas de llamada de emergencia<br \/>\nCarteler\u00eda digital y pantallas informativas<br \/>\nInformaci\u00f3n din\u00e1mica sobre orientaci\u00f3n y transporte p\u00fablico<br \/>\nAlertas de emergencia y anuncios de servicio p\u00fablico<br \/>\nInfraestructura de recarga de veh\u00edculos el\u00e9ctricos<br \/>\nGesti\u00f3n inteligente de estaciones de recarga<br \/>\nEquilibrio de cargas y procesamiento de pagos<br \/>\nGesti\u00f3n de residuos<br \/>\nControl inteligente del nivel de llenado de los contenedores<br \/>\nPlanificaci\u00f3n optimizada de las rutas de recogida de residuos<br \/>\nWi-Fi p\u00fablico y descarga celular<br \/>\nAcceso a Internet de alta velocidad para los ciudadanos<br \/>\nTraspaso continuo entre redes Wi-Fi y m\u00f3viles<\/p>\n<div id=\"attachment_1086\" style=\"width: 610px\" class=\"wp-caption aligncenter\"><img decoding=\"async\" aria-describedby=\"caption-attachment-1086\" class=\"wp-image-1086 size-full\" title=\"Pasarela de poste inteligente SG610\" src=\"https:\/\/www.key-iot.com\/wp-content\/uploads\/2024\/09\/1720091420108779.png\" alt=\"Pasarela de poste inteligente SG610\" width=\"600\" height=\"600\" srcset=\"https:\/\/www.key-iot.com\/wp-content\/uploads\/2024\/09\/1720091420108779.png 600w, https:\/\/www.key-iot.com\/wp-content\/uploads\/2024\/09\/1720091420108779-300x300.png 300w, https:\/\/www.key-iot.com\/wp-content\/uploads\/2024\/09\/1720091420108779-150x150.png 150w, https:\/\/www.key-iot.com\/wp-content\/uploads\/2024\/09\/1720091420108779-100x100.png 100w\" sizes=\"(max-width: 600px) 100vw, 600px\" \/><p id=\"caption-attachment-1086\" class=\"wp-caption-text\">Pasarela de poste inteligente SG610<\/p><\/div>\n<p>&nbsp;<\/p>\n<h2 style=\"color: #20c997;\">Pasarela de postes inteligentes: A prueba de futuro y escalable<\/h2>\n<p>La pasarela para postes inteligentes SG610 se ha dise\u00f1ado pensando en la escalabilidad y la ampliaci\u00f3n futura. Su arquitectura modular permite actualizaciones sencillas y la incorporaci\u00f3n de nuevas funciones a medida que evolucionan las tecnolog\u00edas de las ciudades inteligentes. Esto garantiza que las inversiones en infraestructura de Smart Pole Gateway sigan siendo valiosas y relevantes en los a\u00f1os venideros.<\/p>\n<h2 style=\"color: #20c997;\">Gesti\u00f3n integral: Centro de Control Smart Pole Gateway<\/h2>\n<p>Para complementar el hardware SG610, se proporciona una potente plataforma de gesti\u00f3n basada en la nube. Esta interfaz intuitiva permite a los administradores de la ciudad:<br \/>\nSupervisar la salud y el estado de todos los dispositivos Smart Pole Gateway desplegados.<br \/>\nConfigurar y actualizar dispositivos a distancia<br \/>\nAnalizar datos de sensores y sistemas conectados<br \/>\nGeneraci\u00f3n de informes sobre indicadores clave de rendimiento<br \/>\nConfigurar alertas y notificaciones autom\u00e1ticas<br \/>\nLa arquitectura abierta de la plataforma tambi\u00e9n permite la integraci\u00f3n con los sistemas de gesti\u00f3n existentes en la ciudad, lo que garantiza un flujo de datos sin fisuras entre los distintos departamentos y partes interesadas.<\/p>\n<div id=\"attachment_1094\" style=\"width: 1034px\" class=\"wp-caption alignnone\"><img decoding=\"async\" aria-describedby=\"caption-attachment-1094\" class=\"wp-image-1094 size-large\" title=\"Pasarela Smart Pole\" src=\"https:\/\/www.key-iot.com\/wp-content\/uploads\/2024\/09\/20240615101145571-1024x556.png\" alt=\"Pasarela Smart Pole\" width=\"1024\" height=\"556\" srcset=\"https:\/\/www.key-iot.com\/wp-content\/uploads\/2024\/09\/20240615101145571-1024x556.png 1024w, https:\/\/www.key-iot.com\/wp-content\/uploads\/2024\/09\/20240615101145571-300x163.png 300w, https:\/\/www.key-iot.com\/wp-content\/uploads\/2024\/09\/20240615101145571-768x417.png 768w, https:\/\/www.key-iot.com\/wp-content\/uploads\/2024\/09\/20240615101145571-600x326.png 600w, https:\/\/www.key-iot.com\/wp-content\/uploads\/2024\/09\/20240615101145571.png 1247w\" sizes=\"(max-width: 1024px) 100vw, 1024px\" \/><p id=\"caption-attachment-1094\" class=\"wp-caption-text\">Pasarela Smart Pole<\/p><\/div>\n<p>&nbsp;<\/p>\n<h2 style=\"color: #20c997;\">Eficiencia energ\u00e9tica: Una prioridad de la pasarela de postes inteligentes<\/h2>\n<p>La pasarela para postes inteligentes SG610 se ha dise\u00f1ado pensando en la eficiencia energ\u00e9tica, para ayudar a las ciudades a reducir su huella de carbono y sus costes operativos:<br \/>\nFunciones avanzadas de gesti\u00f3n de la alimentaci\u00f3n para un consumo energ\u00e9tico \u00f3ptimo<br \/>\nApoyo a la integraci\u00f3n de fuentes de energ\u00eda renovables<br \/>\nMedici\u00f3n inteligente para un seguimiento preciso del consumo de energ\u00eda<\/p>\n<h2 style=\"color: #20c997;\">Seguridad robusta: Protecci\u00f3n de la red de pasarelas de postes inteligentes<\/h2>\n<p>La seguridad es primordial en las implantaciones de ciudades inteligentes, y la pasarela SG610 Smart Pole Gateway incorpora m\u00faltiples capas de protecci\u00f3n:<br \/>\nCortafuegos con supervisi\u00f3n de paquetes de estado completo (SPI)<br \/>\nDefensa contra ataques de denegaci\u00f3n de servicio (DoS)<br \/>\nListas de control de acceso (ACL) y filtrado de contenidos URL<br \/>\nCompatible con IPsec VPN\/L2TP\/PPTP\/GRE\/OPEN VPN<br \/>\nGesti\u00f3n de certificados de CA<\/p>\n<h2 style=\"color: #20c997;\">F\u00e1cil instalaci\u00f3n y mantenimiento: Simplicidad de la pasarela Smart Pole<\/h2>\n<p>La pasarela para postes inteligentes SG610 est\u00e1 dise\u00f1ada para un despliegue r\u00e1pido y sencillo, minimizando las molestias en entornos urbanos:<br \/>\nM\u00faltiples opciones de instalaci\u00f3n: sobremesa, carril o montaje en pared<br \/>\nInstalaci\u00f3n Plug and Play con configuraci\u00f3n autom\u00e1tica de la red<br \/>\nFunciones de diagn\u00f3stico y autorreparaci\u00f3n integradas<br \/>\nOpciones de gesti\u00f3n y configuraci\u00f3n remotas<\/p>\n<h2 style=\"color: #20c997;\">Conformidad y certificaciones: Normas de la pasarela Smart Pole<\/h2>\n<p>La pasarela para postes inteligentes SG610 cumple o supera todas las normas y certificaciones pertinentes del sector:<br \/>\nCumple la CCC<br \/>\nCumple la directiva RoHS<br \/>\nMTBF \u2265 100.000 horas<\/p>\n<h2 style=\"color: #20c997;\">Conclusiones: Ciudades inteligentes con la pasarela SG610 para postes inteligentes<\/h2>\n<p>La pasarela SG610 Smart Pole Gateway representa un importante salto adelante en la tecnolog\u00eda de ciudades inteligentes. Al combinar funciones de hardware avanzadas, opciones de conectividad vers\u00e1tiles y una potente plataforma de software, proporciona a los ayuntamientos las herramientas que necesitan para crear entornos urbanos m\u00e1s eficientes, sostenibles y habitables.<\/p>","protected":false},"excerpt":{"rendered":"<h3>[tp_attributes num_attributes=\"6\"]<\/h3>\n<h3>Product Description Download<\/h3>\n[showpdf url=\"\/wp-content\/uploads\/2024\/09\/20240615100959210.pdf\" name=\"Technical Specification SG610 4G Street Light Pole Gateway\" collapse=\"false\" ]\n<p>&nbsp;<\/p>\n<p>&nbsp;<\/p>\n<p>&nbsp;<\/p>\n<p>&nbsp;<\/p>\n","protected":false},"featured_media":1502,"comment_status":"open","ping_status":"closed","template":"","meta":{"themepark_post_bcolor":"#f5f5f5","themepark_post_width":"1022px","themepark_post_img":"","themepark_post_img_po":"left","themepark_post_img_re":false,"themepark_post_img_cover":false,"themepark_post_img_fixed":false,"themepark_post_hide_title":false,"themepark_post_main_b":"","themepark_post_main_p":100,"themepark_paddingblock":false},"product_cat":[44],"product_tag":[],"class_list":{"0":"post-1083","1":"product","2":"type-product","3":"status-publish","4":"has-post-thumbnail","6":"product_cat-industrial-iot-gateway","8":"first","9":"instock","10":"shipping-taxable","11":"product-type-simple"},"yoast_head":"<!-- This site is optimized with the Yoast SEO plugin v23.7 - https:\/\/yoast.com\/wordpress\/plugins\/seo\/ -->\n<title>SG610 Smart Pole Gateway - KEY-IOT<\/title>\n<meta name=\"robots\" content=\"index, follow, max-snippet:-1, max-image-preview:large, max-video-preview:-1\" \/>\n<link rel=\"canonical\" href=\"https:\/\/www.key-iot.com\/es\/producto\/sg610-smart-pole-gateway\/\" \/>\n<meta property=\"og:locale\" content=\"es_ES\" \/>\n<meta property=\"og:type\" content=\"article\" \/>\n<meta property=\"og:title\" content=\"SG610 Smart Pole Gateway - KEY-IOT\" \/>\n<meta property=\"og:description\" content=\"Product Description Download   &nbsp;  &nbsp;  &nbsp;  &nbsp;\" \/>\n<meta property=\"og:url\" content=\"https:\/\/www.key-iot.com\/es\/producto\/sg610-smart-pole-gateway\/\" \/>\n<meta property=\"og:site_name\" content=\"KEY-IOT\" \/>\n<meta property=\"article:modified_time\" content=\"2024-09-11T07:09:55+00:00\" \/>\n<meta property=\"og:image\" content=\"https:\/\/www.key-iot.com\/wp-content\/uploads\/2024\/09\/\u5934\u56fe-20.jpg\" \/>\n\t<meta property=\"og:image:width\" content=\"414\" \/>\n\t<meta property=\"og:image:height\" content=\"414\" \/>\n\t<meta property=\"og:image:type\" content=\"image\/jpeg\" \/>\n<meta name=\"twitter:card\" content=\"summary_large_image\" \/>\n<meta name=\"twitter:label1\" content=\"Est. reading time\" \/>\n\t<meta name=\"twitter:data1\" content=\"5 minutos\" \/>\n<script type=\"application\/ld+json\" class=\"yoast-schema-graph\">{\"@context\":\"https:\/\/schema.org\",\"@graph\":[{\"@type\":\"WebPage\",\"@id\":\"https:\/\/www.key-iot.com\/product\/sg610-smart-pole-gateway\/\",\"url\":\"https:\/\/www.key-iot.com\/product\/sg610-smart-pole-gateway\/\",\"name\":\"SG610 Smart Pole Gateway - KEY-IOT\",\"isPartOf\":{\"@id\":\"https:\/\/www.key-iot.com\/#website\"},\"primaryImageOfPage\":{\"@id\":\"https:\/\/www.key-iot.com\/product\/sg610-smart-pole-gateway\/#primaryimage\"},\"image\":{\"@id\":\"https:\/\/www.key-iot.com\/product\/sg610-smart-pole-gateway\/#primaryimage\"},\"thumbnailUrl\":\"https:\/\/www.key-iot.com\/wp-content\/uploads\/2024\/09\/\u5934\u56fe-20.jpg\",\"datePublished\":\"2024-09-04T03:16:56+00:00\",\"dateModified\":\"2024-09-11T07:09:55+00:00\",\"breadcrumb\":{\"@id\":\"https:\/\/www.key-iot.com\/product\/sg610-smart-pole-gateway\/#breadcrumb\"},\"inLanguage\":\"es-PE\",\"potentialAction\":[{\"@type\":\"ReadAction\",\"target\":[\"https:\/\/www.key-iot.com\/product\/sg610-smart-pole-gateway\/\"]}]},{\"@type\":\"ImageObject\",\"inLanguage\":\"es-PE\",\"@id\":\"https:\/\/www.key-iot.com\/product\/sg610-smart-pole-gateway\/#primaryimage\",\"url\":\"https:\/\/www.key-iot.com\/wp-content\/uploads\/2024\/09\/\u5934\u56fe-20.jpg\",\"contentUrl\":\"https:\/\/www.key-iot.com\/wp-content\/uploads\/2024\/09\/\u5934\u56fe-20.jpg\",\"width\":414,\"height\":414,\"caption\":\"SG610 Smart Pole Gateway\"},{\"@type\":\"BreadcrumbList\",\"@id\":\"https:\/\/www.key-iot.com\/product\/sg610-smart-pole-gateway\/#breadcrumb\",\"itemListElement\":[{\"@type\":\"ListItem\",\"position\":1,\"name\":\"Home\",\"item\":\"https:\/\/www.key-iot.com\/\"},{\"@type\":\"ListItem\",\"position\":2,\"name\":\"shop\",\"item\":\"https:\/\/www.key-iot.com\/shop\/\"},{\"@type\":\"ListItem\",\"position\":3,\"name\":\"SG610 Smart Pole Gateway\"}]},{\"@type\":\"WebSite\",\"@id\":\"https:\/\/www.key-iot.com\/#website\",\"url\":\"https:\/\/www.key-iot.com\/\",\"name\":\"KEY-IOT\",\"description\":\"Industrial Cellular Routers\/ IoT Gateway\",\"potentialAction\":[{\"@type\":\"SearchAction\",\"target\":{\"@type\":\"EntryPoint\",\"urlTemplate\":\"https:\/\/www.key-iot.com\/?s={search_term_string}\"},\"query-input\":{\"@type\":\"PropertyValueSpecification\",\"valueRequired\":true,\"valueName\":\"search_term_string\"}}],\"inLanguage\":\"es-PE\"}]}<\/script>\n<!-- \/ Yoast SEO plugin. -->","yoast_head_json":{"title":"Pasarela para Postes Inteligentes SG610 - KEY-IOT","robots":{"index":"index","follow":"follow","max-snippet":"max-snippet:-1","max-image-preview":"max-image-preview:large","max-video-preview":"max-video-preview:-1"},"canonical":"https:\/\/www.key-iot.com\/es\/producto\/sg610-smart-pole-gateway\/","og_locale":"es_ES","og_type":"article","og_title":"SG610 Smart Pole Gateway - KEY-IOT","og_description":"Product Description Download   &nbsp;  &nbsp;  &nbsp;  &nbsp;","og_url":"https:\/\/www.key-iot.com\/es\/producto\/sg610-smart-pole-gateway\/","og_site_name":"KEY-IOT","article_modified_time":"2024-09-11T07:09:55+00:00","og_image":[{"width":414,"height":414,"url":"https:\/\/www.key-iot.com\/wp-content\/uploads\/2024\/09\/\u5934\u56fe-20.jpg","type":"image\/jpeg"}],"twitter_card":"summary_large_image","twitter_misc":{"Est. reading time":"5 minutos"},"schema":{"@context":"https:\/\/schema.org","@graph":[{"@type":"WebPage","@id":"https:\/\/www.key-iot.com\/product\/sg610-smart-pole-gateway\/","url":"https:\/\/www.key-iot.com\/product\/sg610-smart-pole-gateway\/","name":"Pasarela para Postes Inteligentes SG610 - KEY-IOT","isPartOf":{"@id":"https:\/\/www.key-iot.com\/#website"},"primaryImageOfPage":{"@id":"https:\/\/www.key-iot.com\/product\/sg610-smart-pole-gateway\/#primaryimage"},"image":{"@id":"https:\/\/www.key-iot.com\/product\/sg610-smart-pole-gateway\/#primaryimage"},"thumbnailUrl":"https:\/\/www.key-iot.com\/wp-content\/uploads\/2024\/09\/\u5934\u56fe-20.jpg","datePublished":"2024-09-04T03:16:56+00:00","dateModified":"2024-09-11T07:09:55+00:00","breadcrumb":{"@id":"https:\/\/www.key-iot.com\/product\/sg610-smart-pole-gateway\/#breadcrumb"},"inLanguage":"es-PE","potentialAction":[{"@type":"ReadAction","target":["https:\/\/www.key-iot.com\/product\/sg610-smart-pole-gateway\/"]}]},{"@type":"ImageObject","inLanguage":"es-PE","@id":"https:\/\/www.key-iot.com\/product\/sg610-smart-pole-gateway\/#primaryimage","url":"https:\/\/www.key-iot.com\/wp-content\/uploads\/2024\/09\/\u5934\u56fe-20.jpg","contentUrl":"https:\/\/www.key-iot.com\/wp-content\/uploads\/2024\/09\/\u5934\u56fe-20.jpg","width":414,"height":414,"caption":"SG610 Smart Pole Gateway"},{"@type":"BreadcrumbList","@id":"https:\/\/www.key-iot.com\/product\/sg610-smart-pole-gateway\/#breadcrumb","itemListElement":[{"@type":"ListItem","position":1,"name":"Home","item":"https:\/\/www.key-iot.com\/"},{"@type":"ListItem","position":2,"name":"shop","item":"https:\/\/www.key-iot.com\/shop\/"},{"@type":"ListItem","position":3,"name":"SG610 Smart Pole Gateway"}]},{"@type":"WebSite","@id":"https:\/\/www.key-iot.com\/#website","url":"https:\/\/www.key-iot.com\/","name":"KEY-IOT","description":"Routers celulares industriales\/ Pasarela IoT","potentialAction":[{"@type":"SearchAction","target":{"@type":"EntryPoint","urlTemplate":"https:\/\/www.key-iot.com\/?s={search_term_string}"},"query-input":{"@type":"PropertyValueSpecification","valueRequired":true,"valueName":"search_term_string"}}],"inLanguage":"es-PE"}]}},"_links":{"self":[{"href":"https:\/\/www.key-iot.com\/es\/wp-json\/wp\/v2\/product\/1083","targetHints":{"allow":["GET"]}}],"collection":[{"href":"https:\/\/www.key-iot.com\/es\/wp-json\/wp\/v2\/product"}],"about":[{"href":"https:\/\/www.key-iot.com\/es\/wp-json\/wp\/v2\/types\/product"}],"replies":[{"embeddable":true,"href":"https:\/\/www.key-iot.com\/es\/wp-json\/wp\/v2\/comments?post=1083"}],"wp:featuredmedia":[{"embeddable":true,"href":"https:\/\/www.key-iot.com\/es\/wp-json\/wp\/v2\/media\/1502"}],"wp:attachment":[{"href":"https:\/\/www.key-iot.com\/es\/wp-json\/wp\/v2\/media?parent=1083"}],"wp:term":[{"taxonomy":"product_cat","embeddable":true,"href":"https:\/\/www.key-iot.com\/es\/wp-json\/wp\/v2\/product_cat?post=1083"},{"taxonomy":"product_tag","embeddable":true,"href":"https:\/\/www.key-iot.com\/es\/wp-json\/wp\/v2\/product_tag?post=1083"}],"curies":[{"name":"wp","href":"https:\/\/api.w.org\/{rel}","templated":true}]}}