{"id":1063,"date":"2024-09-04T10:21:19","date_gmt":"2024-09-04T02:21:19","guid":{"rendered":"https:\/\/www.key-iot.com\/?post_type=product&#038;p=1063"},"modified":"2024-09-12T17:02:13","modified_gmt":"2024-09-12T09:02:13","slug":"sg600-4g-smart-pole-gateway","status":"publish","type":"product","link":"https:\/\/www.key-iot.com\/es\/producto\/sg600-4g-smart-pole-gateway\/","title":{"rendered":"Pasarela SG600 4G para postes inteligentes"},"content":{"rendered":"<div id=\"attachment_1064\" style=\"width: 505px\" class=\"wp-caption aligncenter\"><img decoding=\"async\" aria-describedby=\"caption-attachment-1064\" class=\"wp-image-1064\" title=\"pasarela de postes inteligentes\" src=\"https:\/\/www.key-iot.com\/wp-content\/uploads\/2024\/09\/20240615074806981.png\" alt=\"pasarela de postes inteligentes\" width=\"495\" height=\"495\" srcset=\"https:\/\/www.key-iot.com\/wp-content\/uploads\/2024\/09\/20240615074806981.png 600w, https:\/\/www.key-iot.com\/wp-content\/uploads\/2024\/09\/20240615074806981-300x300.png 300w, https:\/\/www.key-iot.com\/wp-content\/uploads\/2024\/09\/20240615074806981-150x150.png 150w, https:\/\/www.key-iot.com\/wp-content\/uploads\/2024\/09\/20240615074806981-100x100.png 100w\" sizes=\"(max-width: 495px) 100vw, 495px\" \/><p id=\"caption-attachment-1064\" class=\"wp-caption-text\">pasarela de postes inteligentes<\/p><\/div>\n<h2 style=\"color: #20c997;\">Caracter\u00edsticas principales<\/h2>\n<p>8 puertos Ethernet para una conectividad perfecta<br \/>\nTopolog\u00eda de red en anillo mano a mano<br \/>\nInterfaz de salida de rel\u00e9 doble STP2<br \/>\nConectividad en la nube para gesti\u00f3n remota<br \/>\nDise\u00f1o industrial para entornos dif\u00edciles<br \/>\nAsistencia completa para VPN<br \/>\nSistema Linux para desarrollo personalizado<\/p>\n<h2 style=\"color: #20c997;\">Opciones de conectividad sin precedentes<\/h2>\n<p>El SR600 cuenta con una impresionante gama de opciones de conectividad:<br \/>\n8 puertos Ethernet: Admite MDI\/MDIX adaptable a 10\/100 Mbps<br \/>\nM\u00f3dulo 4G LTE: De calidad industrial, compatible con redes de siete modos<br \/>\nWi-Fi (opcional): 2.4G 802.11b\/g\/n con velocidades de hasta 150Mbps<br \/>\n1 Puerto WAN: Para la conexi\u00f3n primaria a Internet<br \/>\n1 ranura para tarjeta SIM: Tipo caj\u00f3n, compatible con tarjetas SIM\/UIM de 1,8 V\/3 V.<br \/>\n2 puertos de antena: Para conectividad 3G\/4G (interfaz SMA hembra)<br \/>\n1 puerto de antena Wi-Fi: 2,4G (interfaz SMA macho)<br \/>\n1 puerto de consola: conector de 5 patillas y 3,5 mm de paso (1 RS232\/1 RS485)<\/p>\n<div id=\"attachment_1072\" style=\"width: 1034px\" class=\"wp-caption aligncenter\"><img decoding=\"async\" aria-describedby=\"caption-attachment-1072\" class=\"wp-image-1072 size-large\" title=\"Pasarela SG600 4G para postes inteligentes\" src=\"https:\/\/www.key-iot.com\/wp-content\/uploads\/2024\/09\/20240615075508288-1024x556.png\" alt=\"Pasarela SG600 4G para postes inteligentes\" width=\"1024\" height=\"556\" srcset=\"https:\/\/www.key-iot.com\/wp-content\/uploads\/2024\/09\/20240615075508288-1024x556.png 1024w, https:\/\/www.key-iot.com\/wp-content\/uploads\/2024\/09\/20240615075508288-300x163.png 300w, https:\/\/www.key-iot.com\/wp-content\/uploads\/2024\/09\/20240615075508288-768x417.png 768w, https:\/\/www.key-iot.com\/wp-content\/uploads\/2024\/09\/20240615075508288-600x326.png 600w, https:\/\/www.key-iot.com\/wp-content\/uploads\/2024\/09\/20240615075508288.png 1247w\" sizes=\"(max-width: 1024px) 100vw, 1024px\" \/><p id=\"caption-attachment-1072\" class=\"wp-caption-text\">Pasarela SG600 4G para postes inteligentes<\/p><\/div>\n<p>&nbsp;<\/p>\n<h2 style=\"color: #20c997;\">Funciones de red avanzadas<\/h2>\n<p>Red en anillo \"mano a mano\": Garantiza la resistencia de la red y la tolerancia a fallos<br \/>\nSalida de rel\u00e9 doble STP2: Para aplicaciones de control industrial<br \/>\nConectividad en la nube: Perfecta integraci\u00f3n con la plataforma StarLink STAR DEVICE MANAGER<br \/>\nSoporte VPN: PPTP, L2TP, IPsec, OpenVPN, GRE, GRETAP, Vxlan<br \/>\nGesti\u00f3n de la calidad de servicio: Limitaci\u00f3n del ancho de banda y de la velocidad IP<br \/>\nSoporte SNMP: v1\/v2\/v3 con funcionalidad TRAP<\/p>\n<h2 style=\"color: #20c997;\">Funciones de seguridad robustas<\/h2>\n<p>Cortafuegos: Inspecci\u00f3n de paquetes de estado completo (SPI)<br \/>\nProtecci\u00f3n DDoS: Previene ataques de denegaci\u00f3n de servicio<br \/>\nListas de control de acceso (ACL): Para un control granular de la red<br \/>\nFiltrado de URL de contenido: Restringe el acceso a sitios web espec\u00edficos<br \/>\nVPN IPsec: acceso remoto seguro y conexiones de sitio a sitio<br \/>\nAutenticaci\u00f3n WPA\/WPA2: Para la seguridad Wi-Fi (funci\u00f3n opcional)<\/p>\n<p>&nbsp;<\/p>\n<div id=\"attachment_1068\" style=\"width: 563px\" class=\"wp-caption aligncenter\"><img decoding=\"async\" aria-describedby=\"caption-attachment-1068\" class=\"wp-image-1068\" title=\"Pasarela SG600 4G para postes inteligentes\" src=\"https:\/\/www.key-iot.com\/wp-content\/uploads\/2024\/09\/1720091282318509.png\" alt=\"Pasarela SG600 4G para postes inteligentes\" width=\"553\" height=\"553\" srcset=\"https:\/\/www.key-iot.com\/wp-content\/uploads\/2024\/09\/1720091282318509.png 600w, https:\/\/www.key-iot.com\/wp-content\/uploads\/2024\/09\/1720091282318509-300x300.png 300w, https:\/\/www.key-iot.com\/wp-content\/uploads\/2024\/09\/1720091282318509-150x150.png 150w, https:\/\/www.key-iot.com\/wp-content\/uploads\/2024\/09\/1720091282318509-100x100.png 100w\" sizes=\"(max-width: 553px) 100vw, 553px\" \/><p id=\"caption-attachment-1068\" class=\"wp-caption-text\">Pasarela SG600 4G para postes inteligentes<\/p><\/div>\n<p>&nbsp;<\/p>\n<h2 style=\"color: #20c997;\">Fiabilidad industrial<\/h2>\n<p>Temperatura de funcionamiento: -35\u00b0C a +75\u00b0C (-31\u00b0F a +167\u00b0F)<br \/>\nGrado de protecci\u00f3n IP30: Carcasa resistente al polvo<br \/>\nEntrada de alimentaci\u00f3n: Amplio rango DC 5-36V (ampliable a 5-60V)<br \/>\nCaracter\u00edsticas de seguridad: Protecci\u00f3n contra polaridad inversa, sobretensi\u00f3n y sobrecorriente<br \/>\nMTBF: \u2265100.000 horas para una fiabilidad a largo plazo.<\/p>\n<h2 style=\"color: #20c997;\">F\u00e1cil gesti\u00f3n y personalizaci\u00f3n<\/h2>\n<p>Configuraci\u00f3n basada en web: Interfaz f\u00e1cil de usar para la configuraci\u00f3n del dispositivo<br \/>\nActualizaciones FOTA: Actualizaciones de firmware por aire<br \/>\nSistema Linux: Facilita el desarrollo personalizado<br \/>\nSDK completo: Para aplicaciones e integraciones a medida<\/p>\n<h2 style=\"color: #20c997;\">Especificaciones t\u00e9cnicas<\/h2>\n<p>Memoria: 128 MB<br \/>\nAlmacenamiento Flash: 16 MB (ampliable a 32 MB)<br \/>\nDimensiones: 150 x 90 x 28 mm (sin antenas)<br \/>\nPeso: 0,35 kg (neto, sin accesorios)<br \/>\nCertificaciones: CCC, conforme a RoHS<\/p>\n<h2 style=\"color: #20c997;\">Protocolos admitidos<\/h2>\n<p>Acceso a la red: APN VPDN<br \/>\nAutenticaci\u00f3n: CHAP\/PAP<br \/>\nLAN: ARP, Ethernet<br \/>\nWAN: IP est\u00e1tica, DHCP, PPPoE, PPP<br \/>\nAplicaciones IP: Ping, Trace, DHCP Server\/Relay\/Client, DNS relay, DDNS, Telnet<br \/>\nEnrutamiento: Soporte de enrutamiento est\u00e1tico y din\u00e1mico<\/p>\n<h2 style=\"color: #20c997;\">Caso pr\u00e1ctico: Automatizaci\u00f3n de f\u00e1bricas inteligentes<\/h2>\n<div id=\"attachment_1073\" style=\"width: 1034px\" class=\"wp-caption aligncenter\"><img decoding=\"async\" aria-describedby=\"caption-attachment-1073\" class=\"wp-image-1073 size-large\" title=\"Pasarela SG600 4G para postes inteligentes\" src=\"https:\/\/www.key-iot.com\/wp-content\/uploads\/2024\/09\/20240615075417697-1024x556.png\" alt=\"Pasarela SG600 4G para postes inteligentes\" width=\"1024\" height=\"556\" srcset=\"https:\/\/www.key-iot.com\/wp-content\/uploads\/2024\/09\/20240615075417697-1024x556.png 1024w, https:\/\/www.key-iot.com\/wp-content\/uploads\/2024\/09\/20240615075417697-300x163.png 300w, https:\/\/www.key-iot.com\/wp-content\/uploads\/2024\/09\/20240615075417697-768x417.png 768w, https:\/\/www.key-iot.com\/wp-content\/uploads\/2024\/09\/20240615075417697-600x326.png 600w, https:\/\/www.key-iot.com\/wp-content\/uploads\/2024\/09\/20240615075417697.png 1247w\" sizes=\"(max-width: 1024px) 100vw, 1024px\" \/><p id=\"caption-attachment-1073\" class=\"wp-caption-text\">Pasarela SG600 4G para postes inteligentes<\/p><\/div>\n<p>&nbsp;<\/p>\n<p>Imagine una gran planta de fabricaci\u00f3n que aplica los principios de la Industria 4.0. El router SR600 multipuerto 4G act\u00faa como eje central para conectar varias m\u00e1quinas industriales, sensores y sistemas de control. Sus 8 puertos Ethernet permiten conexiones directas a varios PLC, HMI y ordenadores industriales, mientras que la conectividad 4G garantiza la transmisi\u00f3n de datos en tiempo real a plataformas de an\u00e1lisis basadas en la nube.<br \/>\nLa topolog\u00eda de red en anillo mano a mano crea una infraestructura de red resistente, minimizando el tiempo de inactividad en caso de fallo de los cables. La interfaz de salida de rel\u00e9 doble STP2 permite al SR600 controlar directamente equipos industriales en funci\u00f3n de condiciones predefinidas o comandos remotos.<br \/>\nGracias a su s\u00f3lida compatibilidad con VPN, los responsables de f\u00e1brica pueden acceder a los datos de producci\u00f3n y supervisarlos de forma segura desde cualquier lugar del mundo. La funci\u00f3n de conectividad en la nube facilita una integraci\u00f3n perfecta con el ecosistema IoT existente de la empresa, lo que permite el mantenimiento predictivo, el control de calidad y la optimizaci\u00f3n de la eficacia general de los equipos (OEE).<br \/>\nEl dise\u00f1o de calidad industrial del SR600 garantiza un funcionamiento fiable incluso en entornos industriales dif\u00edciles con temperaturas extremas, polvo e interferencias electromagn\u00e9ticas. Esto lo convierte en la opci\u00f3n ideal para la implantaci\u00f3n a largo plazo en escenarios de fabricaci\u00f3n inteligente, impulsando la eficiencia y la innovaci\u00f3n en los procesos industriales.<\/p>\n<h2 style=\"color: #20c997;\">Conclusi\u00f3n<\/h2>\n<p>El router 4G multipuerto SR600 es una pasarela IoT industrial vers\u00e1til y potente que combina opciones de conectividad avanzadas con s\u00f3lidas funciones de seguridad. Su dise\u00f1o de calidad industrial, su amplia compatibilidad con protocolos y sus capacidades de personalizaci\u00f3n lo convierten en la opci\u00f3n ideal para empresas que buscan implementar soluciones IoT de vanguardia en entornos dif\u00edciles. Tanto si est\u00e1 automatizando una f\u00e1brica inteligente, gestionando activos remotos o creando una red industrial resistente, la SR600 proporciona el rendimiento, la fiabilidad y la flexibilidad que necesita para triunfar en la era digital.<\/p>","protected":false},"excerpt":{"rendered":"<h3>[tp_attributes num_attributes=\"6\"]<\/h3>\n<h3>Product Description Download<\/h3>\n[showpdf url=\"\/wp-content\/uploads\/2024\/09\/20240615074732778.pdf\" name=\" Technical Specification SG600 4G Street Light Pole Gateway\" collapse=\"false\" ]\n<p>&nbsp;<\/p>\n<p>&nbsp;<\/p>\n","protected":false},"featured_media":1498,"comment_status":"open","ping_status":"closed","template":"","meta":{"themepark_post_bcolor":"#f5f5f5","themepark_post_width":"1022px","themepark_post_img":"","themepark_post_img_po":"left","themepark_post_img_re":false,"themepark_post_img_cover":false,"themepark_post_img_fixed":false,"themepark_post_hide_title":false,"themepark_post_main_b":"","themepark_post_main_p":100,"themepark_paddingblock":false},"product_cat":[44],"product_tag":[],"class_list":{"0":"post-1063","1":"product","2":"type-product","3":"status-publish","4":"has-post-thumbnail","6":"product_cat-industrial-iot-gateway","8":"first","9":"instock","10":"shipping-taxable","11":"product-type-simple"},"yoast_head":"<!-- This site is optimized with the Yoast SEO plugin v23.7 - https:\/\/yoast.com\/wordpress\/plugins\/seo\/ -->\n<title>SG600 4G Smart Pole Gateway - KEY-IOT<\/title>\n<meta name=\"robots\" content=\"index, follow, max-snippet:-1, max-image-preview:large, max-video-preview:-1\" \/>\n<link rel=\"canonical\" href=\"https:\/\/www.key-iot.com\/es\/producto\/sg600-4g-smart-pole-gateway\/\" \/>\n<meta property=\"og:locale\" content=\"es_ES\" \/>\n<meta property=\"og:type\" content=\"article\" \/>\n<meta property=\"og:title\" content=\"SG600 4G Smart Pole Gateway - KEY-IOT\" \/>\n<meta property=\"og:description\" content=\"Product Description Download   &nbsp;  &nbsp;\" \/>\n<meta property=\"og:url\" content=\"https:\/\/www.key-iot.com\/es\/producto\/sg600-4g-smart-pole-gateway\/\" \/>\n<meta property=\"og:site_name\" content=\"KEY-IOT\" \/>\n<meta property=\"article:modified_time\" content=\"2024-09-12T09:02:13+00:00\" \/>\n<meta property=\"og:image\" content=\"https:\/\/www.key-iot.com\/wp-content\/uploads\/2024\/09\/\u5934\u56fe-19.jpg\" \/>\n\t<meta property=\"og:image:width\" content=\"414\" \/>\n\t<meta property=\"og:image:height\" content=\"414\" \/>\n\t<meta property=\"og:image:type\" content=\"image\/jpeg\" \/>\n<meta name=\"twitter:card\" content=\"summary_large_image\" \/>\n<meta name=\"twitter:label1\" content=\"Est. reading time\" \/>\n\t<meta name=\"twitter:data1\" content=\"3 minutos\" \/>\n<script type=\"application\/ld+json\" class=\"yoast-schema-graph\">{\"@context\":\"https:\/\/schema.org\",\"@graph\":[{\"@type\":\"WebPage\",\"@id\":\"https:\/\/www.key-iot.com\/product\/sg600-4g-smart-pole-gateway\/\",\"url\":\"https:\/\/www.key-iot.com\/product\/sg600-4g-smart-pole-gateway\/\",\"name\":\"SG600 4G Smart Pole Gateway - KEY-IOT\",\"isPartOf\":{\"@id\":\"https:\/\/www.key-iot.com\/#website\"},\"primaryImageOfPage\":{\"@id\":\"https:\/\/www.key-iot.com\/product\/sg600-4g-smart-pole-gateway\/#primaryimage\"},\"image\":{\"@id\":\"https:\/\/www.key-iot.com\/product\/sg600-4g-smart-pole-gateway\/#primaryimage\"},\"thumbnailUrl\":\"https:\/\/www.key-iot.com\/wp-content\/uploads\/2024\/09\/\u5934\u56fe-19.jpg\",\"datePublished\":\"2024-09-04T02:21:19+00:00\",\"dateModified\":\"2024-09-12T09:02:13+00:00\",\"breadcrumb\":{\"@id\":\"https:\/\/www.key-iot.com\/product\/sg600-4g-smart-pole-gateway\/#breadcrumb\"},\"inLanguage\":\"es-PE\",\"potentialAction\":[{\"@type\":\"ReadAction\",\"target\":[\"https:\/\/www.key-iot.com\/product\/sg600-4g-smart-pole-gateway\/\"]}]},{\"@type\":\"ImageObject\",\"inLanguage\":\"es-PE\",\"@id\":\"https:\/\/www.key-iot.com\/product\/sg600-4g-smart-pole-gateway\/#primaryimage\",\"url\":\"https:\/\/www.key-iot.com\/wp-content\/uploads\/2024\/09\/\u5934\u56fe-19.jpg\",\"contentUrl\":\"https:\/\/www.key-iot.com\/wp-content\/uploads\/2024\/09\/\u5934\u56fe-19.jpg\",\"width\":414,\"height\":414,\"caption\":\"SG600 4G Smart Pole Gateway\"},{\"@type\":\"BreadcrumbList\",\"@id\":\"https:\/\/www.key-iot.com\/product\/sg600-4g-smart-pole-gateway\/#breadcrumb\",\"itemListElement\":[{\"@type\":\"ListItem\",\"position\":1,\"name\":\"Home\",\"item\":\"https:\/\/www.key-iot.com\/\"},{\"@type\":\"ListItem\",\"position\":2,\"name\":\"shop\",\"item\":\"https:\/\/www.key-iot.com\/shop\/\"},{\"@type\":\"ListItem\",\"position\":3,\"name\":\"SG600 4G Smart Pole Gateway\"}]},{\"@type\":\"WebSite\",\"@id\":\"https:\/\/www.key-iot.com\/#website\",\"url\":\"https:\/\/www.key-iot.com\/\",\"name\":\"KEY-IOT\",\"description\":\"Industrial Cellular Routers\/ IoT Gateway\",\"potentialAction\":[{\"@type\":\"SearchAction\",\"target\":{\"@type\":\"EntryPoint\",\"urlTemplate\":\"https:\/\/www.key-iot.com\/?s={search_term_string}\"},\"query-input\":{\"@type\":\"PropertyValueSpecification\",\"valueRequired\":true,\"valueName\":\"search_term_string\"}}],\"inLanguage\":\"es-PE\"}]}<\/script>\n<!-- \/ Yoast SEO plugin. -->","yoast_head_json":{"title":"Pasarela para Postes Inteligentes SG600 4G - KEY-IOT","robots":{"index":"index","follow":"follow","max-snippet":"max-snippet:-1","max-image-preview":"max-image-preview:large","max-video-preview":"max-video-preview:-1"},"canonical":"https:\/\/www.key-iot.com\/es\/producto\/sg600-4g-smart-pole-gateway\/","og_locale":"es_ES","og_type":"article","og_title":"SG600 4G Smart Pole Gateway - KEY-IOT","og_description":"Product Description Download   &nbsp;  &nbsp;","og_url":"https:\/\/www.key-iot.com\/es\/producto\/sg600-4g-smart-pole-gateway\/","og_site_name":"KEY-IOT","article_modified_time":"2024-09-12T09:02:13+00:00","og_image":[{"width":414,"height":414,"url":"https:\/\/www.key-iot.com\/wp-content\/uploads\/2024\/09\/\u5934\u56fe-19.jpg","type":"image\/jpeg"}],"twitter_card":"summary_large_image","twitter_misc":{"Est. reading time":"3 minutos"},"schema":{"@context":"https:\/\/schema.org","@graph":[{"@type":"WebPage","@id":"https:\/\/www.key-iot.com\/product\/sg600-4g-smart-pole-gateway\/","url":"https:\/\/www.key-iot.com\/product\/sg600-4g-smart-pole-gateway\/","name":"Pasarela para Postes Inteligentes SG600 4G - KEY-IOT","isPartOf":{"@id":"https:\/\/www.key-iot.com\/#website"},"primaryImageOfPage":{"@id":"https:\/\/www.key-iot.com\/product\/sg600-4g-smart-pole-gateway\/#primaryimage"},"image":{"@id":"https:\/\/www.key-iot.com\/product\/sg600-4g-smart-pole-gateway\/#primaryimage"},"thumbnailUrl":"https:\/\/www.key-iot.com\/wp-content\/uploads\/2024\/09\/\u5934\u56fe-19.jpg","datePublished":"2024-09-04T02:21:19+00:00","dateModified":"2024-09-12T09:02:13+00:00","breadcrumb":{"@id":"https:\/\/www.key-iot.com\/product\/sg600-4g-smart-pole-gateway\/#breadcrumb"},"inLanguage":"es-PE","potentialAction":[{"@type":"ReadAction","target":["https:\/\/www.key-iot.com\/product\/sg600-4g-smart-pole-gateway\/"]}]},{"@type":"ImageObject","inLanguage":"es-PE","@id":"https:\/\/www.key-iot.com\/product\/sg600-4g-smart-pole-gateway\/#primaryimage","url":"https:\/\/www.key-iot.com\/wp-content\/uploads\/2024\/09\/\u5934\u56fe-19.jpg","contentUrl":"https:\/\/www.key-iot.com\/wp-content\/uploads\/2024\/09\/\u5934\u56fe-19.jpg","width":414,"height":414,"caption":"SG600 4G Smart Pole Gateway"},{"@type":"BreadcrumbList","@id":"https:\/\/www.key-iot.com\/product\/sg600-4g-smart-pole-gateway\/#breadcrumb","itemListElement":[{"@type":"ListItem","position":1,"name":"Home","item":"https:\/\/www.key-iot.com\/"},{"@type":"ListItem","position":2,"name":"shop","item":"https:\/\/www.key-iot.com\/shop\/"},{"@type":"ListItem","position":3,"name":"SG600 4G Smart Pole Gateway"}]},{"@type":"WebSite","@id":"https:\/\/www.key-iot.com\/#website","url":"https:\/\/www.key-iot.com\/","name":"KEY-IOT","description":"Routers celulares industriales\/ Pasarela IoT","potentialAction":[{"@type":"SearchAction","target":{"@type":"EntryPoint","urlTemplate":"https:\/\/www.key-iot.com\/?s={search_term_string}"},"query-input":{"@type":"PropertyValueSpecification","valueRequired":true,"valueName":"search_term_string"}}],"inLanguage":"es-PE"}]}},"_links":{"self":[{"href":"https:\/\/www.key-iot.com\/es\/wp-json\/wp\/v2\/product\/1063","targetHints":{"allow":["GET"]}}],"collection":[{"href":"https:\/\/www.key-iot.com\/es\/wp-json\/wp\/v2\/product"}],"about":[{"href":"https:\/\/www.key-iot.com\/es\/wp-json\/wp\/v2\/types\/product"}],"replies":[{"embeddable":true,"href":"https:\/\/www.key-iot.com\/es\/wp-json\/wp\/v2\/comments?post=1063"}],"wp:featuredmedia":[{"embeddable":true,"href":"https:\/\/www.key-iot.com\/es\/wp-json\/wp\/v2\/media\/1498"}],"wp:attachment":[{"href":"https:\/\/www.key-iot.com\/es\/wp-json\/wp\/v2\/media?parent=1063"}],"wp:term":[{"taxonomy":"product_cat","embeddable":true,"href":"https:\/\/www.key-iot.com\/es\/wp-json\/wp\/v2\/product_cat?post=1063"},{"taxonomy":"product_tag","embeddable":true,"href":"https:\/\/www.key-iot.com\/es\/wp-json\/wp\/v2\/product_tag?post=1063"}],"curies":[{"name":"wp","href":"https:\/\/api.w.org\/{rel}","templated":true}]}}