{"id":1048,"date":"2024-09-03T18:08:09","date_gmt":"2024-09-03T10:08:09","guid":{"rendered":"https:\/\/www.key-iot.com\/?post_type=product&#038;p=1048"},"modified":"2025-04-29T20:51:03","modified_gmt":"2025-04-30T00:51:03","slug":"sg500-energy-consumption-4g-gateway","status":"publish","type":"product","link":"https:\/\/www.key-iot.com\/es\/producto\/sg500-consumo-energetico-pasarela-4g\/","title":{"rendered":"Pasarela IOT industrial de consumo energ\u00e9tico SG500"},"content":{"rendered":"<p><img decoding=\"async\" class=\"wp-image-1059 aligncenter\" title=\"Pasarela IOT industrial de consumo energ\u00e9tico SG500\" src=\"https:\/\/www.key-iot.com\/wp-content\/uploads\/2024\/09\/20240615071319218.png\" alt=\"Pasarela IOT industrial de consumo energ\u00e9tico SG500\" width=\"476\" height=\"476\" srcset=\"https:\/\/www.key-iot.com\/wp-content\/uploads\/2024\/09\/20240615071319218.png 600w, https:\/\/www.key-iot.com\/wp-content\/uploads\/2024\/09\/20240615071319218-300x300.png 300w, https:\/\/www.key-iot.com\/wp-content\/uploads\/2024\/09\/20240615071319218-150x150.png 150w, https:\/\/www.key-iot.com\/wp-content\/uploads\/2024\/09\/20240615071319218-100x100.png 100w\" sizes=\"(max-width: 476px) 100vw, 476px\" \/><\/p>\n<p>&nbsp;<\/p>\n<h2><strong>Productos<\/strong><\/h2>\n<p>El SG500 es una pasarela de comunicaci\u00f3n integrada sin ventilador dedicada a la recopilaci\u00f3n de datos en sistemas de monitorizaci\u00f3n energ\u00e9tica de edificios. Cumple los requisitos de medici\u00f3n del consumo de energ\u00eda y recopilaci\u00f3n de datos de subelementos en organismos gubernamentales nacionales, grandes edificios p\u00fablicos, empresas industriales, etc., para diversas formas de energ\u00eda como agua, electricidad, gas, petr\u00f3leo, refrigeraci\u00f3n y calefacci\u00f3n. Junto con herramientas de software de configuraci\u00f3n de datos sencillas y f\u00e1ciles de usar, puede configurar r\u00e1pidamente la recopilaci\u00f3n de datos necesaria y cargar los par\u00e1metros del centro de datos. Gracias a la funcionalidad avanzada de gesti\u00f3n de mantenimiento remoto, se puede conseguir un mantenimiento eficaz y c\u00f3modo de las pasarelas de recopilaci\u00f3n de datos.<\/p>\n<p>&nbsp;<\/p>\n<p><img decoding=\"async\" class=\"wp-image-1056 size-large aligncenter\" title=\"Pasarela IOT industrial de consumo energ\u00e9tico SG500\" src=\"https:\/\/www.key-iot.com\/wp-content\/uploads\/2024\/09\/20240615072553569-1024x556.png\" alt=\"Pasarela IOT industrial de consumo energ\u00e9tico SG500\" width=\"1024\" height=\"556\" srcset=\"https:\/\/www.key-iot.com\/wp-content\/uploads\/2024\/09\/20240615072553569-1024x556.png 1024w, https:\/\/www.key-iot.com\/wp-content\/uploads\/2024\/09\/20240615072553569-300x163.png 300w, https:\/\/www.key-iot.com\/wp-content\/uploads\/2024\/09\/20240615072553569-768x417.png 768w, https:\/\/www.key-iot.com\/wp-content\/uploads\/2024\/09\/20240615072553569-600x326.png 600w, https:\/\/www.key-iot.com\/wp-content\/uploads\/2024\/09\/20240615072553569.png 1083w\" sizes=\"(max-width: 1024px) 100vw, 1024px\" \/><\/p>\n<h2><strong>Caracter\u00edsticas del producto<\/strong><\/h2>\n<p>Compatible con la red 4G<\/p>\n<p>Admite instalaci\u00f3n en carril y sobremesa<\/p>\n<p>Admite copia de seguridad mutua por cable e inal\u00e1mbrica<\/p>\n<p>Permite completar con eficacia la implantaci\u00f3n de redes de dispositivos a gran escala<\/p>\n<p>Admite funciones de alimentaci\u00f3n en espera y alarma de fallo de alimentaci\u00f3n (opcional)<\/p>\n<p>Dise\u00f1o totalmente industrial, capaz de afrontar retos en condiciones adversas<\/p>\n<p>Admite varias funciones VPN, como PPTP, L2TP, IPSEC, OPENVPN, GRE, GRETAP, Vxlan, etc.<\/p>\n<p>Compatible con SNMP y la plataforma StarCloud STAR DEVICE MANAGER para una gesti\u00f3n centralizada y remota de la red.<\/p>\n<p>Soporta el sistema Linux OpenWrt, facilitando el desarrollo secundario del usuario y proporcionando completas gu\u00edas de desarrollo secundario.<\/p>\n<p>4 interfaces serie RS485 independientes y aisladas, tambi\u00e9n reutilizables como RS232, 1 RS232 (CONSOLA), 2 interfaces Ethernet RJ-45<\/p>\n<div class=\"mceTemp\"><\/div>\n<p>&nbsp;<\/p>","protected":false},"excerpt":{"rendered":"<h3>[tp_attributes num_attributes=\"6\"]<\/h3>\n<h3>Product Description Download<\/h3>\n[showpdf url=\"\/wp-content\/uploads\/2024\/09\/Technical-Specification-for-SG500-4G-Industrial-Energy-Consumption-Gateway-V2.1.pdf\" name=\" SG500 4G Industrial Energy Consumption Gateway\" collapse=\"false\" ]\n<p>&nbsp;<\/p>\n<p>&nbsp;<\/p>\n","protected":false},"featured_media":1497,"comment_status":"open","ping_status":"closed","template":"","meta":{"themepark_post_bcolor":"#f5f5f5","themepark_post_width":"1022px","themepark_post_img":"","themepark_post_img_po":"left","themepark_post_img_re":false,"themepark_post_img_cover":false,"themepark_post_img_fixed":false,"themepark_post_hide_title":false,"themepark_post_main_b":"","themepark_post_main_p":100,"themepark_paddingblock":false},"product_cat":[44],"product_tag":[],"class_list":{"0":"post-1048","1":"product","2":"type-product","3":"status-publish","4":"has-post-thumbnail","6":"product_cat-industrial-iot-gateway","8":"first","9":"instock","10":"shipping-taxable","11":"product-type-simple"},"yoast_head":"<!-- This site is optimized with the Yoast SEO plugin v23.7 - https:\/\/yoast.com\/wordpress\/plugins\/seo\/ -->\n<title>SG500 Energy Consumption Industrial IOT Gateway - KEY-IOT<\/title>\n<meta name=\"robots\" content=\"index, follow, max-snippet:-1, max-image-preview:large, max-video-preview:-1\" \/>\n<link rel=\"canonical\" href=\"https:\/\/www.key-iot.com\/es\/producto\/sg500-consumo-energetico-pasarela-4g\/\" \/>\n<meta property=\"og:locale\" content=\"es_ES\" \/>\n<meta property=\"og:type\" content=\"article\" \/>\n<meta property=\"og:title\" content=\"SG500 Energy Consumption Industrial IOT Gateway - KEY-IOT\" \/>\n<meta property=\"og:description\" content=\"Product Description Download   &nbsp;  &nbsp;\" \/>\n<meta property=\"og:url\" content=\"https:\/\/www.key-iot.com\/es\/producto\/sg500-consumo-energetico-pasarela-4g\/\" \/>\n<meta property=\"og:site_name\" content=\"KEY-IOT\" \/>\n<meta property=\"article:modified_time\" content=\"2025-04-30T00:51:03+00:00\" \/>\n<meta property=\"og:image\" content=\"https:\/\/www.key-iot.com\/wp-content\/uploads\/2024\/09\/\u5934\u56fe-18.jpg\" \/>\n\t<meta property=\"og:image:width\" content=\"414\" \/>\n\t<meta property=\"og:image:height\" content=\"414\" \/>\n\t<meta property=\"og:image:type\" content=\"image\/jpeg\" \/>\n<meta name=\"twitter:card\" content=\"summary_large_image\" \/>\n<meta name=\"twitter:label1\" content=\"Est. reading time\" \/>\n\t<meta name=\"twitter:data1\" content=\"2 minutos\" \/>\n<script type=\"application\/ld+json\" class=\"yoast-schema-graph\">{\"@context\":\"https:\/\/schema.org\",\"@graph\":[{\"@type\":\"WebPage\",\"@id\":\"https:\/\/www.key-iot.com\/product\/sg500-energy-consumption-4g-gateway\/\",\"url\":\"https:\/\/www.key-iot.com\/product\/sg500-energy-consumption-4g-gateway\/\",\"name\":\"SG500 Energy Consumption Industrial IOT Gateway - KEY-IOT\",\"isPartOf\":{\"@id\":\"https:\/\/www.key-iot.com\/#website\"},\"primaryImageOfPage\":{\"@id\":\"https:\/\/www.key-iot.com\/product\/sg500-energy-consumption-4g-gateway\/#primaryimage\"},\"image\":{\"@id\":\"https:\/\/www.key-iot.com\/product\/sg500-energy-consumption-4g-gateway\/#primaryimage\"},\"thumbnailUrl\":\"https:\/\/www.key-iot.com\/wp-content\/uploads\/2024\/09\/\u5934\u56fe-18.jpg\",\"datePublished\":\"2024-09-03T10:08:09+00:00\",\"dateModified\":\"2025-04-30T00:51:03+00:00\",\"breadcrumb\":{\"@id\":\"https:\/\/www.key-iot.com\/product\/sg500-energy-consumption-4g-gateway\/#breadcrumb\"},\"inLanguage\":\"es-PE\",\"potentialAction\":[{\"@type\":\"ReadAction\",\"target\":[\"https:\/\/www.key-iot.com\/product\/sg500-energy-consumption-4g-gateway\/\"]}]},{\"@type\":\"ImageObject\",\"inLanguage\":\"es-PE\",\"@id\":\"https:\/\/www.key-iot.com\/product\/sg500-energy-consumption-4g-gateway\/#primaryimage\",\"url\":\"https:\/\/www.key-iot.com\/wp-content\/uploads\/2024\/09\/\u5934\u56fe-18.jpg\",\"contentUrl\":\"https:\/\/www.key-iot.com\/wp-content\/uploads\/2024\/09\/\u5934\u56fe-18.jpg\",\"width\":414,\"height\":414,\"caption\":\"SG500 Energy Consumption Industrial IOT Gateway\"},{\"@type\":\"BreadcrumbList\",\"@id\":\"https:\/\/www.key-iot.com\/product\/sg500-energy-consumption-4g-gateway\/#breadcrumb\",\"itemListElement\":[{\"@type\":\"ListItem\",\"position\":1,\"name\":\"Home\",\"item\":\"https:\/\/www.key-iot.com\/\"},{\"@type\":\"ListItem\",\"position\":2,\"name\":\"shop\",\"item\":\"https:\/\/www.key-iot.com\/shop\/\"},{\"@type\":\"ListItem\",\"position\":3,\"name\":\"SG500 Energy Consumption Industrial IOT Gateway\"}]},{\"@type\":\"WebSite\",\"@id\":\"https:\/\/www.key-iot.com\/#website\",\"url\":\"https:\/\/www.key-iot.com\/\",\"name\":\"KEY-IOT\",\"description\":\"Industrial Cellular Routers\/ IoT Gateway\",\"potentialAction\":[{\"@type\":\"SearchAction\",\"target\":{\"@type\":\"EntryPoint\",\"urlTemplate\":\"https:\/\/www.key-iot.com\/?s={search_term_string}\"},\"query-input\":{\"@type\":\"PropertyValueSpecification\",\"valueRequired\":true,\"valueName\":\"search_term_string\"}}],\"inLanguage\":\"es-PE\"}]}<\/script>\n<!-- \/ Yoast SEO plugin. -->","yoast_head_json":{"title":"SG500 Consumo Energ\u00e9tico Industrial IOT Pasarela - KEY-IOT","robots":{"index":"index","follow":"follow","max-snippet":"max-snippet:-1","max-image-preview":"max-image-preview:large","max-video-preview":"max-video-preview:-1"},"canonical":"https:\/\/www.key-iot.com\/es\/producto\/sg500-consumo-energetico-pasarela-4g\/","og_locale":"es_ES","og_type":"article","og_title":"SG500 Energy Consumption Industrial IOT Gateway - KEY-IOT","og_description":"Product Description Download   &nbsp;  &nbsp;","og_url":"https:\/\/www.key-iot.com\/es\/producto\/sg500-consumo-energetico-pasarela-4g\/","og_site_name":"KEY-IOT","article_modified_time":"2025-04-30T00:51:03+00:00","og_image":[{"width":414,"height":414,"url":"https:\/\/www.key-iot.com\/wp-content\/uploads\/2024\/09\/\u5934\u56fe-18.jpg","type":"image\/jpeg"}],"twitter_card":"summary_large_image","twitter_misc":{"Est. reading time":"2 minutos"},"schema":{"@context":"https:\/\/schema.org","@graph":[{"@type":"WebPage","@id":"https:\/\/www.key-iot.com\/product\/sg500-energy-consumption-4g-gateway\/","url":"https:\/\/www.key-iot.com\/product\/sg500-energy-consumption-4g-gateway\/","name":"SG500 Consumo Energ\u00e9tico Industrial IOT Pasarela - KEY-IOT","isPartOf":{"@id":"https:\/\/www.key-iot.com\/#website"},"primaryImageOfPage":{"@id":"https:\/\/www.key-iot.com\/product\/sg500-energy-consumption-4g-gateway\/#primaryimage"},"image":{"@id":"https:\/\/www.key-iot.com\/product\/sg500-energy-consumption-4g-gateway\/#primaryimage"},"thumbnailUrl":"https:\/\/www.key-iot.com\/wp-content\/uploads\/2024\/09\/\u5934\u56fe-18.jpg","datePublished":"2024-09-03T10:08:09+00:00","dateModified":"2025-04-30T00:51:03+00:00","breadcrumb":{"@id":"https:\/\/www.key-iot.com\/product\/sg500-energy-consumption-4g-gateway\/#breadcrumb"},"inLanguage":"es-PE","potentialAction":[{"@type":"ReadAction","target":["https:\/\/www.key-iot.com\/product\/sg500-energy-consumption-4g-gateway\/"]}]},{"@type":"ImageObject","inLanguage":"es-PE","@id":"https:\/\/www.key-iot.com\/product\/sg500-energy-consumption-4g-gateway\/#primaryimage","url":"https:\/\/www.key-iot.com\/wp-content\/uploads\/2024\/09\/\u5934\u56fe-18.jpg","contentUrl":"https:\/\/www.key-iot.com\/wp-content\/uploads\/2024\/09\/\u5934\u56fe-18.jpg","width":414,"height":414,"caption":"SG500 Energy Consumption Industrial IOT Gateway"},{"@type":"BreadcrumbList","@id":"https:\/\/www.key-iot.com\/product\/sg500-energy-consumption-4g-gateway\/#breadcrumb","itemListElement":[{"@type":"ListItem","position":1,"name":"Home","item":"https:\/\/www.key-iot.com\/"},{"@type":"ListItem","position":2,"name":"shop","item":"https:\/\/www.key-iot.com\/shop\/"},{"@type":"ListItem","position":3,"name":"SG500 Energy Consumption Industrial IOT Gateway"}]},{"@type":"WebSite","@id":"https:\/\/www.key-iot.com\/#website","url":"https:\/\/www.key-iot.com\/","name":"KEY-IOT","description":"Routers celulares industriales\/ Pasarela IoT","potentialAction":[{"@type":"SearchAction","target":{"@type":"EntryPoint","urlTemplate":"https:\/\/www.key-iot.com\/?s={search_term_string}"},"query-input":{"@type":"PropertyValueSpecification","valueRequired":true,"valueName":"search_term_string"}}],"inLanguage":"es-PE"}]}},"_links":{"self":[{"href":"https:\/\/www.key-iot.com\/es\/wp-json\/wp\/v2\/product\/1048","targetHints":{"allow":["GET"]}}],"collection":[{"href":"https:\/\/www.key-iot.com\/es\/wp-json\/wp\/v2\/product"}],"about":[{"href":"https:\/\/www.key-iot.com\/es\/wp-json\/wp\/v2\/types\/product"}],"replies":[{"embeddable":true,"href":"https:\/\/www.key-iot.com\/es\/wp-json\/wp\/v2\/comments?post=1048"}],"wp:featuredmedia":[{"embeddable":true,"href":"https:\/\/www.key-iot.com\/es\/wp-json\/wp\/v2\/media\/1497"}],"wp:attachment":[{"href":"https:\/\/www.key-iot.com\/es\/wp-json\/wp\/v2\/media?parent=1048"}],"wp:term":[{"taxonomy":"product_cat","embeddable":true,"href":"https:\/\/www.key-iot.com\/es\/wp-json\/wp\/v2\/product_cat?post=1048"},{"taxonomy":"product_tag","embeddable":true,"href":"https:\/\/www.key-iot.com\/es\/wp-json\/wp\/v2\/product_tag?post=1048"}],"curies":[{"name":"wp","href":"https:\/\/api.w.org\/{rel}","templated":true}]}}