{"id":1034,"date":"2024-09-03T16:49:59","date_gmt":"2024-09-03T08:49:59","guid":{"rendered":"https:\/\/www.key-iot.com\/?post_type=product&#038;p=1034"},"modified":"2025-10-23T17:40:30","modified_gmt":"2025-10-23T09:40:30","slug":"sv900-unmanned-vehicle-5g-gateway","status":"publish","type":"product","link":"https:\/\/www.key-iot.com\/es\/producto\/sv900-vehiculo-no-tripulado-pasarela-5g\/","title":{"rendered":"Pasarela 5G para veh\u00edculos SV900"},"content":{"rendered":"<p><img decoding=\"async\" class=\"wp-image-2763 size-full aligncenter\" title=\"veh\u00edculo gateway sv900\" src=\"https:\/\/www.key-iot.com\/wp-content\/uploads\/2024\/09\/vehicle-gateway-sv900.png\" alt=\"veh\u00edculo gateway sv900\" width=\"600\" height=\"600\" srcset=\"https:\/\/www.key-iot.com\/wp-content\/uploads\/2024\/09\/vehicle-gateway-sv900.png 600w, https:\/\/www.key-iot.com\/wp-content\/uploads\/2024\/09\/vehicle-gateway-sv900-300x300.png 300w, https:\/\/www.key-iot.com\/wp-content\/uploads\/2024\/09\/vehicle-gateway-sv900-150x150.png 150w, https:\/\/www.key-iot.com\/wp-content\/uploads\/2024\/09\/vehicle-gateway-sv900-100x100.png 100w\" sizes=\"(max-width: 600px) 100vw, 600px\" \/><\/p>\n<h1><strong>Productos<\/strong><\/h1>\n<p>Los productos de la serie StarRouter 900 (SV900) son routers inal\u00e1mbricos IoT que integran tecnolog\u00edas de red 4G\/5G y de red privada virtual (VPN). Equipado con tecnolog\u00edas de red inal\u00e1mbrica de \u00e1rea extensa (WWAN) 4G\/5G y red inal\u00e1mbrica de \u00e1rea local (WLAN) Wi-Fi, este dispositivo proporciona acceso ininterrumpido a m\u00faltiples conexiones de red. Con amplias funciones de seguridad y capacidades de servicio inal\u00e1mbrico, ofrece canales de transmisi\u00f3n de datos estables y de alta velocidad para los usuarios.<\/p>\n<h2><strong>Producto <\/strong><strong>F<\/strong><strong>eatures<\/strong><\/h2>\n<p>Admite configuraciones de modo dual con m\u00f3dulos opcionales duales 5G o 5G+4G\/Redcap.<\/p>\n<p>Admite tarjetas SIM\/eSIM<\/p>\n<p>Dispone de conectores M12 de calidad automovil\u00edstica para un rendimiento seguro y fiable<\/p>\n<p>Compatible con GPS\/BeiDou (opcional)<\/p>\n<p>Admite WIFI6 (opcional)<\/p>\n<p>Soporta el sistema Linux para el desarrollo secundario, con directrices completas de desarrollo proporcionadas<\/p>\n<h2>Diagrama topol\u00f3gico<\/h2>\n<p><img decoding=\"async\" class=\"size-large wp-image-3586 aligncenter\" src=\"https:\/\/www.key-iot.com\/wp-content\/uploads\/2024\/09\/\u5fae\u4fe1\u56fe\u7247_20250430161801-1024x440.png\" alt=\"\" width=\"1024\" height=\"440\" srcset=\"\" sizes=\"(max-width: 1024px) 100vw, 1024px\" data-srcset=\"\" \/><\/p>\n<p>&nbsp;<\/p>\n<p>&nbsp;<\/p>\n<p><iframe title=\"Reproductor de v\u00eddeo YouTube\" src=\"https:\/\/www.youtube.com\/embed\/DrPOG7MnVZw?si=sYQwL5qYPK-oywpu\" width=\"560\" height=\"315\" frameborder=\"0\" allowfullscreen=\"allowfullscreen\"><\/iframe><\/p>","protected":false},"excerpt":{"rendered":"<p>&nbsp;<\/p>\n<h3>[tp_attributes num_attributes=\"6\"]<\/h3>\n<h3>Product Description Download<\/h3>\n[showpdf url=\"https:\/\/www.key-iot.com\/wp-content\/uploads\/2024\/09\/Technical-Specification-for-SV900-%E2%80%93-5G-Vehicle-Gateway%EF%BC%88V3.1%EF%BC%89.pdf\" name=\"Technical Specification for SV900 \u2013 5G Vehicle Gateway\uff08V3.1\uff09\" collapse=\"false\" ]\n<p>&nbsp;<\/p>\n<p>&nbsp;<\/p>\n","protected":false},"featured_media":1490,"comment_status":"open","ping_status":"closed","template":"","meta":{"themepark_post_bcolor":"#f5f5f5","themepark_post_width":"1022px","themepark_post_img":"","themepark_post_img_po":"left","themepark_post_img_re":false,"themepark_post_img_cover":false,"themepark_post_img_fixed":false,"themepark_post_hide_title":false,"themepark_post_main_b":"","themepark_post_main_p":100,"themepark_paddingblock":false},"product_cat":[82],"product_tag":[],"class_list":{"0":"post-1034","1":"product","2":"type-product","3":"status-publish","4":"has-post-thumbnail","6":"product_cat-vehicle-gateway","8":"first","9":"instock","10":"shipping-taxable","11":"product-type-simple"},"yoast_head":"<!-- This site is optimized with the Yoast SEO plugin v23.7 - https:\/\/yoast.com\/wordpress\/plugins\/seo\/ -->\n<title>5G Vehicle Gateway SV900 - KEY-IOT<\/title>\n<meta name=\"description\" content=\"The SV900 5G Vehicle Gateway represents the next evolution in intelligent fleet connectivity and management solutions. Building upon traditional Vehicle Gateway capabilities, this advanced platform integrates cutting-edge 5G technology for unprecedented performance. Modern fleet operations demand reliable connectivity solutions that can handle increasing data requirements across diverse environments.\u00a0\" \/>\n<meta name=\"robots\" content=\"index, follow, max-snippet:-1, max-image-preview:large, max-video-preview:-1\" \/>\n<link rel=\"canonical\" href=\"https:\/\/www.key-iot.com\/es\/producto\/sv900-vehiculo-no-tripulado-pasarela-5g\/\" \/>\n<meta property=\"og:locale\" content=\"es_ES\" \/>\n<meta property=\"og:type\" content=\"article\" \/>\n<meta property=\"og:title\" content=\"5G Vehicle Gateway SV900 - KEY-IOT\" \/>\n<meta property=\"og:description\" content=\"The SV900 5G Vehicle Gateway represents the next evolution in intelligent fleet connectivity and management solutions. Building upon traditional Vehicle Gateway capabilities, this advanced platform integrates cutting-edge 5G technology for unprecedented performance. Modern fleet operations demand reliable connectivity solutions that can handle increasing data requirements across diverse environments.\u00a0\" \/>\n<meta property=\"og:url\" content=\"https:\/\/www.key-iot.com\/es\/producto\/sv900-vehiculo-no-tripulado-pasarela-5g\/\" \/>\n<meta property=\"og:site_name\" content=\"KEY-IOT\" \/>\n<meta property=\"article:modified_time\" content=\"2025-10-23T09:40:30+00:00\" \/>\n<meta property=\"og:image\" content=\"https:\/\/www.key-iot.com\/wp-content\/uploads\/2024\/09\/\u5934\u56fe-17.jpg\" \/>\n\t<meta property=\"og:image:width\" content=\"414\" \/>\n\t<meta property=\"og:image:height\" content=\"414\" \/>\n\t<meta property=\"og:image:type\" content=\"image\/jpeg\" \/>\n<meta name=\"twitter:card\" content=\"summary_large_image\" \/>\n<meta name=\"twitter:label1\" content=\"Est. reading time\" \/>\n\t<meta name=\"twitter:data1\" content=\"2 minutos\" \/>\n<script type=\"application\/ld+json\" class=\"yoast-schema-graph\">{\"@context\":\"https:\/\/schema.org\",\"@graph\":[{\"@type\":\"WebPage\",\"@id\":\"https:\/\/www.key-iot.com\/product\/sv900-unmanned-vehicle-5g-gateway\/\",\"url\":\"https:\/\/www.key-iot.com\/product\/sv900-unmanned-vehicle-5g-gateway\/\",\"name\":\"5G Vehicle Gateway SV900 - KEY-IOT\",\"isPartOf\":{\"@id\":\"https:\/\/www.key-iot.com\/#website\"},\"primaryImageOfPage\":{\"@id\":\"https:\/\/www.key-iot.com\/product\/sv900-unmanned-vehicle-5g-gateway\/#primaryimage\"},\"image\":{\"@id\":\"https:\/\/www.key-iot.com\/product\/sv900-unmanned-vehicle-5g-gateway\/#primaryimage\"},\"thumbnailUrl\":\"https:\/\/www.key-iot.com\/wp-content\/uploads\/2024\/09\/\u5934\u56fe-17.jpg\",\"datePublished\":\"2024-09-03T08:49:59+00:00\",\"dateModified\":\"2025-10-23T09:40:30+00:00\",\"description\":\"The SV900 5G Vehicle Gateway represents the next evolution in intelligent fleet connectivity and management solutions. Building upon traditional Vehicle Gateway capabilities, this advanced platform integrates cutting-edge 5G technology for unprecedented performance. Modern fleet operations demand reliable connectivity solutions that can handle increasing data requirements across diverse environments.\u00a0\",\"breadcrumb\":{\"@id\":\"https:\/\/www.key-iot.com\/product\/sv900-unmanned-vehicle-5g-gateway\/#breadcrumb\"},\"inLanguage\":\"es-PE\",\"potentialAction\":[{\"@type\":\"ReadAction\",\"target\":[\"https:\/\/www.key-iot.com\/product\/sv900-unmanned-vehicle-5g-gateway\/\"]}]},{\"@type\":\"ImageObject\",\"inLanguage\":\"es-PE\",\"@id\":\"https:\/\/www.key-iot.com\/product\/sv900-unmanned-vehicle-5g-gateway\/#primaryimage\",\"url\":\"https:\/\/www.key-iot.com\/wp-content\/uploads\/2024\/09\/\u5934\u56fe-17.jpg\",\"contentUrl\":\"https:\/\/www.key-iot.com\/wp-content\/uploads\/2024\/09\/\u5934\u56fe-17.jpg\",\"width\":414,\"height\":414,\"caption\":\"SV900 Unmanned Vehicle 5G Gateway\"},{\"@type\":\"BreadcrumbList\",\"@id\":\"https:\/\/www.key-iot.com\/product\/sv900-unmanned-vehicle-5g-gateway\/#breadcrumb\",\"itemListElement\":[{\"@type\":\"ListItem\",\"position\":1,\"name\":\"Home\",\"item\":\"https:\/\/www.key-iot.com\/\"},{\"@type\":\"ListItem\",\"position\":2,\"name\":\"shop\",\"item\":\"https:\/\/www.key-iot.com\/shop\/\"},{\"@type\":\"ListItem\",\"position\":3,\"name\":\"5G Vehicle Gateway SV900\"}]},{\"@type\":\"WebSite\",\"@id\":\"https:\/\/www.key-iot.com\/#website\",\"url\":\"https:\/\/www.key-iot.com\/\",\"name\":\"KEY-IOT\",\"description\":\"Industrial Cellular Routers\/ IoT Gateway\",\"potentialAction\":[{\"@type\":\"SearchAction\",\"target\":{\"@type\":\"EntryPoint\",\"urlTemplate\":\"https:\/\/www.key-iot.com\/?s={search_term_string}\"},\"query-input\":{\"@type\":\"PropertyValueSpecification\",\"valueRequired\":true,\"valueName\":\"search_term_string\"}}],\"inLanguage\":\"es-PE\"}]}<\/script>\n<!-- \/ Yoast SEO plugin. -->","yoast_head_json":{"title":"Pasarela 5G para veh\u00edculos SV900 - KEY-IOT","description":"La pasarela de veh\u00edculos SV900 5G representa la pr\u00f3xima evoluci\u00f3n en soluciones inteligentes de conectividad y gesti\u00f3n de flotas. Partiendo de las capacidades tradicionales de la pasarela para veh\u00edculos, esta plataforma avanzada integra tecnolog\u00eda 5G de vanguardia para ofrecer un rendimiento sin precedentes. Las operaciones de flota modernas exigen soluciones de conectividad fiables que puedan gestionar las crecientes necesidades de datos en diversos entornos.\u00a0","robots":{"index":"index","follow":"follow","max-snippet":"max-snippet:-1","max-image-preview":"max-image-preview:large","max-video-preview":"max-video-preview:-1"},"canonical":"https:\/\/www.key-iot.com\/es\/producto\/sv900-vehiculo-no-tripulado-pasarela-5g\/","og_locale":"es_ES","og_type":"article","og_title":"5G Vehicle Gateway SV900 - KEY-IOT","og_description":"The SV900 5G Vehicle Gateway represents the next evolution in intelligent fleet connectivity and management solutions. Building upon traditional Vehicle Gateway capabilities, this advanced platform integrates cutting-edge 5G technology for unprecedented performance. Modern fleet operations demand reliable connectivity solutions that can handle increasing data requirements across diverse environments.\u00a0","og_url":"https:\/\/www.key-iot.com\/es\/producto\/sv900-vehiculo-no-tripulado-pasarela-5g\/","og_site_name":"KEY-IOT","article_modified_time":"2025-10-23T09:40:30+00:00","og_image":[{"width":414,"height":414,"url":"https:\/\/www.key-iot.com\/wp-content\/uploads\/2024\/09\/\u5934\u56fe-17.jpg","type":"image\/jpeg"}],"twitter_card":"summary_large_image","twitter_misc":{"Est. reading time":"2 minutos"},"schema":{"@context":"https:\/\/schema.org","@graph":[{"@type":"WebPage","@id":"https:\/\/www.key-iot.com\/product\/sv900-unmanned-vehicle-5g-gateway\/","url":"https:\/\/www.key-iot.com\/product\/sv900-unmanned-vehicle-5g-gateway\/","name":"Pasarela 5G para veh\u00edculos SV900 - KEY-IOT","isPartOf":{"@id":"https:\/\/www.key-iot.com\/#website"},"primaryImageOfPage":{"@id":"https:\/\/www.key-iot.com\/product\/sv900-unmanned-vehicle-5g-gateway\/#primaryimage"},"image":{"@id":"https:\/\/www.key-iot.com\/product\/sv900-unmanned-vehicle-5g-gateway\/#primaryimage"},"thumbnailUrl":"https:\/\/www.key-iot.com\/wp-content\/uploads\/2024\/09\/\u5934\u56fe-17.jpg","datePublished":"2024-09-03T08:49:59+00:00","dateModified":"2025-10-23T09:40:30+00:00","description":"La pasarela de veh\u00edculos SV900 5G representa la pr\u00f3xima evoluci\u00f3n en soluciones inteligentes de conectividad y gesti\u00f3n de flotas. Partiendo de las capacidades tradicionales de la pasarela para veh\u00edculos, esta plataforma avanzada integra tecnolog\u00eda 5G de vanguardia para ofrecer un rendimiento sin precedentes. Las operaciones de flota modernas exigen soluciones de conectividad fiables que puedan gestionar las crecientes necesidades de datos en diversos entornos.\u00a0","breadcrumb":{"@id":"https:\/\/www.key-iot.com\/product\/sv900-unmanned-vehicle-5g-gateway\/#breadcrumb"},"inLanguage":"es-PE","potentialAction":[{"@type":"ReadAction","target":["https:\/\/www.key-iot.com\/product\/sv900-unmanned-vehicle-5g-gateway\/"]}]},{"@type":"ImageObject","inLanguage":"es-PE","@id":"https:\/\/www.key-iot.com\/product\/sv900-unmanned-vehicle-5g-gateway\/#primaryimage","url":"https:\/\/www.key-iot.com\/wp-content\/uploads\/2024\/09\/\u5934\u56fe-17.jpg","contentUrl":"https:\/\/www.key-iot.com\/wp-content\/uploads\/2024\/09\/\u5934\u56fe-17.jpg","width":414,"height":414,"caption":"SV900 Unmanned Vehicle 5G Gateway"},{"@type":"BreadcrumbList","@id":"https:\/\/www.key-iot.com\/product\/sv900-unmanned-vehicle-5g-gateway\/#breadcrumb","itemListElement":[{"@type":"ListItem","position":1,"name":"Home","item":"https:\/\/www.key-iot.com\/"},{"@type":"ListItem","position":2,"name":"shop","item":"https:\/\/www.key-iot.com\/shop\/"},{"@type":"ListItem","position":3,"name":"5G Vehicle Gateway SV900"}]},{"@type":"WebSite","@id":"https:\/\/www.key-iot.com\/#website","url":"https:\/\/www.key-iot.com\/","name":"KEY-IOT","description":"Routers celulares industriales\/ Pasarela IoT","potentialAction":[{"@type":"SearchAction","target":{"@type":"EntryPoint","urlTemplate":"https:\/\/www.key-iot.com\/?s={search_term_string}"},"query-input":{"@type":"PropertyValueSpecification","valueRequired":true,"valueName":"search_term_string"}}],"inLanguage":"es-PE"}]}},"_links":{"self":[{"href":"https:\/\/www.key-iot.com\/es\/wp-json\/wp\/v2\/product\/1034","targetHints":{"allow":["GET"]}}],"collection":[{"href":"https:\/\/www.key-iot.com\/es\/wp-json\/wp\/v2\/product"}],"about":[{"href":"https:\/\/www.key-iot.com\/es\/wp-json\/wp\/v2\/types\/product"}],"replies":[{"embeddable":true,"href":"https:\/\/www.key-iot.com\/es\/wp-json\/wp\/v2\/comments?post=1034"}],"wp:featuredmedia":[{"embeddable":true,"href":"https:\/\/www.key-iot.com\/es\/wp-json\/wp\/v2\/media\/1490"}],"wp:attachment":[{"href":"https:\/\/www.key-iot.com\/es\/wp-json\/wp\/v2\/media?parent=1034"}],"wp:term":[{"taxonomy":"product_cat","embeddable":true,"href":"https:\/\/www.key-iot.com\/es\/wp-json\/wp\/v2\/product_cat?post=1034"},{"taxonomy":"product_tag","embeddable":true,"href":"https:\/\/www.key-iot.com\/es\/wp-json\/wp\/v2\/product_tag?post=1034"}],"curies":[{"name":"wp","href":"https:\/\/api.w.org\/{rel}","templated":true}]}}