{"id":441,"date":"2024-06-26T14:33:05","date_gmt":"2024-06-26T06:33:05","guid":{"rendered":"http:\/\/themetest6.local\/?page_id=441"},"modified":"2025-12-02T19:08:51","modified_gmt":"2025-12-02T11:08:51","slug":"about-us","status":"publish","type":"page","link":"https:\/\/www.key-iot.com\/es\/acerca-de-nosotros\/","title":{"rendered":"Qui\u00e9nes somos"},"content":{"rendered":"<section class=\"wp-block-themepark-block-themepark-area block_layout thempark-block undefined bom100 top100\" id=\"\" style=\"padding-bottom:152px;padding-top:171px;height:500px;box-sizing: border-box;width: 100%;\" data-swiper-parallax=\"-700\"><div class=\"block_layout_in\" style=\"\"><div class=\"wp-block-column block_layout_in is-layout-flow wp-block-column-is-layout-flow\"><\/div><\/div><div class=\"layout_badh\"><div class=\"shizhezhao\" style=\"opacity:0.36;background-color:#ffffff;\"><\/div><div class=\"PcOnly themepark-block_layout_ba lazyload swiper-lazy  jttj\" style=\"background-repeat:no-repeat;background-size:cover;background-position:right top;\" data-background=\"https:\/\/www.key-iot.com\/wp-content\/uploads\/2024\/09\/\u5173\u4e8e\u6211\u4eec.jpg\"><\/div><\/div><\/section><section class=\"wp-block-themepark-block-themepark-area block_layout thempark-block undefined\" id=\"\" style=\"background-color:#ffffff;\" data-swiper-parallax=\"-700\"><div class=\"block_layout_in\" style=\"\"><div class=\"wp-block-column block_layout_in has-monte-white-background-color has-background is-layout-flow wp-block-column-is-layout-flow\" id=\"homemd1\"><h2 class=\"wp-block-heading has-text-align-center has-monte-white-background-color has-text-color has-background has-link-color has-bonkers-font-size wp-elements-0ed9748fb134da0a7975ced780843e9e\" style=\"color:#2bb39b\"><strong>VISI\u00d3N GENERAL<\/strong><\/h2>\n\n<div class=\"wp-block-themepark-block-themepark-wright content-super-p\" style=\"font-size:16px;line-height:28px;padding:10px 10px;\"><div class=\"wp-block-column is-layout-flow wp-block-column-is-layout-flow\"><p>&nbsp;<\/p>\n\n<p>&nbsp;<\/p><\/div><\/div>\n\n<div class=\"wp-block-columns is-layout-flex wp-container-core-columns-is-layout-9d6595d7 wp-block-columns-is-layout-flex\"><div class=\"wp-block-column is-layout-flow wp-block-column-is-layout-flow\" style=\"flex-basis:35%\"><div class=\"wp-block-themepark-block-themepark-xian theme_fang_out  top10 bom10\" style=\"text-align:left;padding-top:1px;padding-bottom:15px;\"><div class=\"fangbox\" style=\"width:85px;\"><\/div><\/div>\n\n<p>&nbsp;<\/p>\n\n<p>&nbsp;<\/p>\n\n<p>&nbsp;<\/p>\n\n<p class=\"has-text-color has-link-color wp-elements-ec247f444b01638363d3dfe11dd7d799 translation-block\" style=\"color:#939393\"><strong>Xiamen Key-lOT Technology Co.,LTD<\/strong> es una filial de Fuzhou Chuangshi Xunlian Information Technology Co., Ltd. La empresa matriz cuenta con una l\u00ednea de productos integrada de producci\u00f3n, I+D y pruebas, con m\u00e1s de 5000 m\u00b2 de instalaciones de I+D y producci\u00f3n en Fuzhou y m\u00e1s de 3000 m\u00b2 de espacio de producci\u00f3n en Xiamen. <strong>Key-lOT <\/strong>ofrece servicios de ODM a empresas como Huawei, Huasan, Alibaba, Beacon Communication, Haikang y Dahua Shenxin.<\/p>\n\n<p class=\"has-text-color has-link-color wp-elements-9398d8fdbf5f63f4ae9c11b1584106ea\" style=\"color:#939393\">&nbsp;<\/p>\n\n<div class=\"wp-block-themepark-block-themepark-wright content-super-p\" style=\"font-size:16px;line-height:28px;padding:10px 0px;\"><div class=\"wp-block-column is-layout-flow wp-block-column-is-layout-flow\"><p class=\"has-text-color has-link-color wp-elements-35c3e1c41f874e798713aa5da8f0e8b2\" style=\"color:#939393\">Aprovechando la experiencia en I+D y la capacidad de producci\u00f3n de la empresa matriz, Key-lOT ofrece a los clientes productos de comunicaci\u00f3n inal\u00e1mbrica industrial y soluciones integrales de IoT. Los productos y tecnolog\u00edas de la empresa son l\u00edderes en la industria.<\/p><\/div><\/div>\n\n<p>&nbsp;<\/p>\n\n<p>&nbsp;<\/p>\n\n<p>&nbsp;<\/p><\/div>\n\n<div class=\"wp-block-column is-layout-flow wp-block-column-is-layout-flow\"><section class=\"wp-block-themepark-block-themepark-imgtext thempark-block themepark_imgtext moveupd  undefined top10 parallax\" style=\"padding-bottom:15px;padding-top:30px;\"><div class=\"themepark_imgtext_img PcOnly\" style=\"width:90%;\" data-swiper-parallax=\"-1800\"><img class=\"lazyload  swiper-lazy swiper-move-lazy\" style=\"\" data-src=\"https:\/\/www.key-iot.com\/wp-content\/uploads\/2024\/09\/\u77e2\u91cf\u667a\u80fd\u5bf9\u8c61-\u62f7\u8d1d-59.png\" alt=\"mapa\"\/><\/div><div class=\"themepark_imgtext_text\" style=\"width:7%;text-align:center;padding-right:132px;\" data-swiper-parallax=\"-1600\"><div class=\"wp-block-column is-layout-flow wp-block-column-is-layout-flow\"><\/div><\/div><div class=\"themepark_imgtext_ba\" style=\"opacity:1;\"><\/div><\/section>\n\n<section class=\"wp-block-themepark-block-themepark-icon thempark-block themepark_icon_list_out undefined  gundong\" id=\"nomo3\" style=\"\"><div class=\"themepark_icon_list_in fullicon\" style=\"\"><div class=\"themepark_icon_lists iconl3 iconls3\" style=\"text-align:left;\"><a class=\"themepark_icon_box\"><div class=\"themepark_icon_box_i\"><div class=\"themepark_icon_box_i_out\"><\/div><\/div><div class=\"themepark_icon_box_d\" style=\"font-size:18px;color:#616161;\"><b style=\"font-size:40px;color:#2bb49c;\">30+<\/b><span>CIUDADES CUBIERTAS<\/span><span><\/span><\/div><\/a><a class=\"themepark_icon_box\"><div class=\"themepark_icon_box_i\"><div class=\"themepark_icon_box_i_out\"><\/div><\/div><div class=\"themepark_icon_box_d\" style=\"font-size:18px;color:#616161;\"><b style=\"font-size:40px;color:#2bb49c;\">1000+<\/b><span> PROYECTO<\/span><\/div><\/a><a class=\"themepark_icon_box\"><div class=\"themepark_icon_box_i\"><div class=\"themepark_icon_box_i_out\"><\/div><\/div><div class=\"themepark_icon_box_d\" style=\"font-size:18px;color:#616161;\"><b style=\"font-size:40px;color:#2bb49c;\">24h<\/b><span>MANTENIMIENTO<\/span><\/div><\/a><\/div><\/div><\/section><\/div><\/div>\n\n<p>&nbsp;<\/p><\/div><\/div><div class=\"layout_badh\"><\/div><\/section><section class=\"wp-block-themepark-block-themepark-area block_layout thempark-block undefined bom30 top30\" id=\"\" style=\"background-color:#ffffff;padding-bottom:100px;padding-top:25px;\" data-swiper-parallax=\"-700\"><div class=\"block_layout_in\" style=\"\"><div class=\"post_in_list_head modle_title3\"><h3><span style=\"color:#2fbba1;\" class=\"main-title has-large-font-size\">RECUERDOS DE LA EMPRESA<\/span><\/h3><div class=\"title_boout\"><div class=\"title_bo\" style=\"\"><\/div><\/div><\/div><div class=\"wp-block-column block_layout_in is-layout-flow wp-block-column-is-layout-flow\" style=\"flex-basis:1400px\"><section class=\"wp-block-themepark-block-themepark-history themepark-history-shuxiang\"><div class=\"themepark-history_up\" style=\"border-right: 2px solid#2dbda3;\"><div class=\"history_box\"><div class=\"imgbox\"><img decoding=\"async\" class=\"show\" src=\"https:\/\/www.key-iot.com\/wp-content\/uploads\/2024\/09\/1.png\"\/><\/div><b class=\"hi_title\" style=\"font-size:24px;color:#616161;\">2019<\/b><div class=\"hi_text\" style=\"font-size:14px;color:#939393;\"><div class=\"ov\" style=\"height:100px;\"><span> Creaci\u00f3n de la empresa Key-lOT<\/span><\/div><div class=\"his_xian\" style=\"background:#2dbda3;\"><\/div><div class=\"his_quan\" style=\"background:#2dbda3;\"><div class=\"his_quan_in\" style=\"border: 1px solid #2dbda3;\"><\/div><\/div><\/div><\/div><div class=\"history_box\"><div class=\"imgbox\"><img decoding=\"async\" class=\"show\" src=\"https:\/\/www.key-iot.com\/wp-content\/uploads\/2024\/09\/cpmh-231951f30w.png\"\/><\/div><b class=\"hi_title\" style=\"font-size:24px;color:#616161;\">2020<\/b><div class=\"hi_text\" style=\"font-size:14px;color:#939393;\"><div class=\"ov\" style=\"height:100px;\"><span>Primer pedido de un mill\u00f3n para trasladar la oficina<\/span><\/div><div class=\"his_xian\" style=\"background:#2dbda3;\"><\/div><div class=\"his_quan\" style=\"background:#2dbda3;\"><div class=\"his_quan_in\" style=\"border: 1px solid #2dbda3;\"><\/div><\/div><\/div><\/div><div class=\"history_box\"><div class=\"imgbox\"><img decoding=\"async\" class=\"show\" src=\"https:\/\/www.key-iot.com\/wp-content\/uploads\/2024\/09\/\u672a\u6807\u9898-1.png\"\/><\/div><b class=\"hi_title\" style=\"font-size:24px;color:#616161;\">2021<\/b><div class=\"hi_text\" style=\"font-size:14px;color:#939393;\"><div class=\"ov\" style=\"height:100px;\"><span>Obtenci\u00f3n de la certificaci\u00f3n municipal de empresa de alta tecnolog\u00eda Obtenci\u00f3n de la certificaci\u00f3n nacional de empresa de alta tecnolog\u00eda Empresa de software<\/span><\/div><div class=\"his_xian\" style=\"background:#2dbda3;\"><\/div><div class=\"his_quan\" style=\"background:#2dbda3;\"><div class=\"his_quan_in\" style=\"border: 1px solid #2dbda3;\"><\/div><\/div><\/div><\/div><div class=\"history_box\"><div class=\"imgbox\"><img decoding=\"async\" class=\"show\" src=\"https:\/\/www.key-iot.com\/wp-content\/uploads\/2024\/09\/11.jpg\"\/><\/div><b class=\"hi_title\" style=\"font-size:24px;color:#616161;\">2022<\/b><div class=\"hi_text\" style=\"font-size:14px;color:#939393;\"><div class=\"ov\" style=\"height:100px;\"><span>La primera oficina de reubicaci\u00f3n de pedidos de 5 millones aprob\u00f3 la certificaci\u00f3n t\u00e9cnica IS09001 de Huawei<\/span><\/div><div class=\"his_xian\" style=\"background:#2dbda3;\"><\/div><div class=\"his_quan\" style=\"background:#2dbda3;\"><div class=\"his_quan_in\" style=\"border: 1px solid #2dbda3;\"><\/div><\/div><\/div><\/div><div class=\"history_box\"><div class=\"imgbox\"><img decoding=\"async\" class=\"show\" src=\"https:\/\/www.key-iot.com\/wp-content\/uploads\/2024\/09\/jxtt159466.png\"\/><\/div><b class=\"hi_title\" style=\"font-size:24px;color:#616161;\">2023<\/b><div class=\"hi_text\" style=\"font-size:14px;color:#939393;\"><div class=\"ov\" style=\"height:100px;\"><span>Una empresa innovadora especializada, especial, nueva y certificada crea una divisi\u00f3n de transporte<\/span><\/div><div class=\"his_xian\" style=\"background:#2dbda3;\"><\/div><div class=\"his_quan\" style=\"background:#2dbda3;\"><div class=\"his_quan_in\" style=\"border: 1px solid #2dbda3;\"><\/div><\/div><\/div><\/div><div class=\"history_box\"><div class=\"imgbox\"><img decoding=\"async\" class=\"show\" src=\"https:\/\/www.key-iot.com\/wp-content\/uploads\/2024\/09\/\u529e\u516c\u5ba4\u573a\u666f\u6444\u5f71\u56fe.png\"\/><\/div><b class=\"hi_title\" style=\"font-size:24px;color:#616161;\">2024<\/b><div class=\"hi_text\" style=\"font-size:14px;color:#939393;\"><div class=\"ov\" style=\"height:100px;\"><span>Traslado de la oficina 1200\u33a1 y creaci\u00f3n del departamento de conservaci\u00f3n del agua.<\/span><\/div><div class=\"his_xian\" style=\"background:#2dbda3;\"><\/div><div class=\"his_quan\" style=\"background:#2dbda3;\"><div class=\"his_quan_in\" style=\"border: 1px solid #2dbda3;\"><\/div><\/div><\/div><\/div><div class=\"history_box\"><b class=\"hi_title\" style=\"font-size:24px;color:#616161;\">2025<\/b><div class=\"hi_text\" style=\"font-size:14px;color:#939393;\"><div class=\"ov\" style=\"height:100px;\"><span>Estamos trabajando duro y esperamos tener la oportunidad de cooperar con usted para crear brillantez juntos.<\/span><\/div><div class=\"his_xian\" style=\"background:#2dbda3;\"><\/div><div class=\"his_quan\" style=\"background:#2dbda3;\"><div class=\"his_quan_in\" style=\"border: 1px solid #2dbda3;\"><\/div><\/div><\/div><\/div><div class=\"wp_clear\"><\/div><\/div><div class=\"wp_clear\"><\/div><\/section><\/div><\/div><div class=\"layout_badh\"><\/div><\/section><section class=\"wp-block-themepark-block-themepark-area block_layout thempark-block undefined bom15 top15 dierge\" id=\"\" style=\"padding-bottom:65px;padding-top:76px;\" data-swiper-parallax=\"-700\"><div class=\"block_layout_in\" style=\"\"><div class=\"wp-block-column block_layout_in is-layout-flow wp-block-column-is-layout-flow\" id=\"homemd3\"><h2 class=\"wp-block-heading has-text-align-center has-text-color has-link-color has-large-font-size wp-elements-1156c55f1afec54dcec3c2f8a2fc3c89\" style=\"color:#2bb39b\">PREMIOS<\/h2>\n\n<div class=\"wp-block-themepark-block-themepark-wright content-super-p\" style=\"font-size:16px;line-height:30px;padding:10px 0px;\"><div class=\"wp-block-column is-layout-flow wp-block-column-is-layout-flow\"><p class=\"has-text-color has-link-color has-small-font-size wp-elements-41ff7592d232a971d559ffc7a066a2b4\" style=\"color:#939393\">Siguiendo el principio de \"la calidad es lo primero\", hemos establecido un completo sistema de gesti\u00f3n de la calidad. Todas las etapas, desde la adquisici\u00f3n de materias primas y el procesamiento de la producci\u00f3n hasta las pruebas de los productos, se controlan estrictamente para garantizar que cada equipo cumpla las normas internacionales y los requisitos de los clientes. Hemos superado la certificaci\u00f3n del sistema de gesti\u00f3n de calidad ISO9001, y nuestros productos han obtenido las certificaciones CE, FCC, RoHS y varias otras certificaciones internacionales.<\/p><\/div><\/div>\n\n<section class=\"wp-block-themepark-block-themepark-listul thempark-block list_ul_box_out  Effect0 undefined\" style=\"padding-bottom:40px;padding-top:40px;undefined\" swlist=\"6\" progresseffect=\"0\" autoplays=\"3\" line=\"1\" loops=\"yes\"><div class=\"swiper-container showslidebox_out  listpadings\"><div class=\"swiper-wrapper\"><div class=\"swiper-slide listul_box\" style=\"\"><a class=\"listul_box_img swipebox\" style=\"\" href=\"https:\/\/www.key-iot.com\/wp-content\/uploads\/2024\/09\/\u5fae\u4fe1\u56fe\u7247_20240903154811-scaled.jpg\"><div style=\"\" class=\"listulpic\"><img decoding=\"async\" class=\"swiper-lazy swiper-move-lazy lazyload\" data-src=\"https:\/\/www.key-iot.com\/wp-content\/uploads\/2024\/09\/\u5fae\u4fe1\u56fe\u7247_20240903154811-212x300.jpg\" src=\"https:\/\/www.key-iot.com\/wp-content\/themes\/smartenterprise-shop\/images\/loading3.png\" alt=\"\" width=\"1810\" height=\"2560\"\/><\/div><\/a><\/div><div class=\"swiper-slide listul_box\" style=\"\"><a class=\"listul_box_img swipebox\" style=\"\" href=\"https:\/\/www.key-iot.com\/wp-content\/uploads\/2024\/09\/\u5fae\u4fe1\u56fe\u7247_20240903154820-scaled.jpg\"><div style=\"\" class=\"listulpic\"><img decoding=\"async\" class=\"swiper-lazy swiper-move-lazy lazyload\" data-src=\"https:\/\/www.key-iot.com\/wp-content\/uploads\/2024\/09\/\u5fae\u4fe1\u56fe\u7247_20240903154820-212x300.jpg\" src=\"https:\/\/www.key-iot.com\/wp-content\/themes\/smartenterprise-shop\/images\/loading3.png\" alt=\"\" width=\"1810\" height=\"2560\"\/><\/div><\/a><\/div><div class=\"swiper-slide listul_box\" style=\"\"><a class=\"listul_box_img swipebox\" style=\"\" href=\"https:\/\/www.key-iot.com\/wp-content\/uploads\/2024\/09\/\u5fae\u4fe1\u56fe\u7247_20240903154823-scaled.jpg\"><div style=\"\" class=\"listulpic\"><img decoding=\"async\" class=\"swiper-lazy swiper-move-lazy lazyload\" data-src=\"https:\/\/www.key-iot.com\/wp-content\/uploads\/2024\/09\/\u5fae\u4fe1\u56fe\u7247_20240903154823-212x300.jpg\" src=\"https:\/\/www.key-iot.com\/wp-content\/themes\/smartenterprise-shop\/images\/loading3.png\" alt=\"\" width=\"1810\" height=\"2560\"\/><\/div><\/a><\/div><div class=\"swiper-slide listul_box\" style=\"\"><a class=\"listul_box_img swipebox\" style=\"\" href=\"https:\/\/www.key-iot.com\/wp-content\/uploads\/2024\/09\/\u5fae\u4fe1\u56fe\u7247_20240903154833.png\"><div style=\"\" class=\"listulpic\"><img decoding=\"async\" class=\"swiper-lazy swiper-move-lazy lazyload\" data-src=\"https:\/\/www.key-iot.com\/wp-content\/uploads\/2024\/09\/\u5fae\u4fe1\u56fe\u7247_20240903154833-212x300.png\" src=\"https:\/\/www.key-iot.com\/wp-content\/themes\/smartenterprise-shop\/images\/loading3.png\" alt=\"\" width=\"826\" height=\"1169\"\/><\/div><\/a><\/div><div class=\"swiper-slide listul_box\" style=\"\"><a class=\"listul_box_img swipebox\" style=\"\" href=\"https:\/\/www.key-iot.com\/wp-content\/uploads\/2024\/09\/\u5fae\u4fe1\u56fe\u7247_20240903154856.png\"><div style=\"\" class=\"listulpic\"><img decoding=\"async\" class=\"swiper-lazy swiper-move-lazy lazyload\" data-src=\"https:\/\/www.key-iot.com\/wp-content\/uploads\/2024\/09\/\u5fae\u4fe1\u56fe\u7247_20240903154856-212x300.png\" src=\"https:\/\/www.key-iot.com\/wp-content\/themes\/smartenterprise-shop\/images\/loading3.png\" alt=\"\" width=\"826\" height=\"1169\"\/><\/div><\/a><\/div><\/div><div class=\"pagination\"><\/div><span class=\"swiper-next\" style=\"\"><i class=\"fas fa-angle-right\"><\/i><\/span><span class=\"swiper-prev\" style=\"\"><i class=\"fas fa-angle-left\"><\/i><\/span><\/div><\/section><\/div><\/div><div class=\"layout_badh\"><\/div><\/section>","protected":false},"excerpt":{"rendered":"","protected":false},"author":1,"featured_media":0,"parent":0,"menu_order":0,"comment_status":"closed","ping_status":"closed","template":"","meta":{"themepark_post_bcolor":"#f5f5f5","themepark_post_width":"100% dong","themepark_post_img":"","themepark_post_img_po":"left","themepark_post_img_re":false,"themepark_post_img_cover":false,"themepark_post_img_fixed":false,"themepark_post_hide_title":true,"themepark_post_main_b":"","themepark_post_main_p":100,"themepark_paddingblock":true,"footnotes":""},"class_list":["post-441","page","type-page","status-publish","hentry"],"yoast_head":"<!-- This site is optimized with the Yoast SEO plugin v23.7 - https:\/\/yoast.com\/wordpress\/plugins\/seo\/ -->\n<title>About Us - KEY-IOT<\/title>\n<meta name=\"robots\" content=\"index, follow, max-snippet:-1, max-image-preview:large, max-video-preview:-1\" \/>\n<link rel=\"canonical\" href=\"https:\/\/www.key-iot.com\/es\/acerca-de-nosotros\/\" \/>\n<meta property=\"og:locale\" content=\"es_ES\" \/>\n<meta property=\"og:type\" content=\"article\" \/>\n<meta property=\"og:title\" content=\"About Us - KEY-IOT\" \/>\n<meta property=\"og:url\" content=\"https:\/\/www.key-iot.com\/es\/acerca-de-nosotros\/\" \/>\n<meta property=\"og:site_name\" content=\"KEY-IOT\" \/>\n<meta property=\"article:modified_time\" content=\"2025-12-02T11:08:51+00:00\" \/>\n<meta property=\"og:image\" content=\"https:\/\/www.key-iot.com\/wp-content\/uploads\/2024\/09\/1.png\" \/>\n<meta name=\"twitter:card\" content=\"summary_large_image\" \/>\n<meta name=\"twitter:label1\" content=\"Est. reading time\" \/>\n\t<meta name=\"twitter:data1\" content=\"4 minutos\" \/>\n<script type=\"application\/ld+json\" class=\"yoast-schema-graph\">{\"@context\":\"https:\/\/schema.org\",\"@graph\":[{\"@type\":\"WebPage\",\"@id\":\"https:\/\/www.key-iot.com\/about-us\/\",\"url\":\"https:\/\/www.key-iot.com\/about-us\/\",\"name\":\"About Us - KEY-IOT\",\"isPartOf\":{\"@id\":\"https:\/\/www.key-iot.com\/#website\"},\"primaryImageOfPage\":{\"@id\":\"https:\/\/www.key-iot.com\/about-us\/#primaryimage\"},\"image\":{\"@id\":\"https:\/\/www.key-iot.com\/about-us\/#primaryimage\"},\"thumbnailUrl\":\"https:\/\/www.key-iot.com\/wp-content\/uploads\/2024\/09\/1.png\",\"datePublished\":\"2024-06-26T06:33:05+00:00\",\"dateModified\":\"2025-12-02T11:08:51+00:00\",\"breadcrumb\":{\"@id\":\"https:\/\/www.key-iot.com\/about-us\/#breadcrumb\"},\"inLanguage\":\"es-PE\",\"potentialAction\":[{\"@type\":\"ReadAction\",\"target\":[\"https:\/\/www.key-iot.com\/about-us\/\"]}]},{\"@type\":\"ImageObject\",\"inLanguage\":\"es-PE\",\"@id\":\"https:\/\/www.key-iot.com\/about-us\/#primaryimage\",\"url\":\"https:\/\/www.key-iot.com\/wp-content\/uploads\/2024\/09\/1.png\",\"contentUrl\":\"https:\/\/www.key-iot.com\/wp-content\/uploads\/2024\/09\/1.png\"},{\"@type\":\"BreadcrumbList\",\"@id\":\"https:\/\/www.key-iot.com\/about-us\/#breadcrumb\",\"itemListElement\":[{\"@type\":\"ListItem\",\"position\":1,\"name\":\"Home\",\"item\":\"https:\/\/www.key-iot.com\/\"},{\"@type\":\"ListItem\",\"position\":2,\"name\":\"About Us\"}]},{\"@type\":\"WebSite\",\"@id\":\"https:\/\/www.key-iot.com\/#website\",\"url\":\"https:\/\/www.key-iot.com\/\",\"name\":\"KEY-IOT\",\"description\":\"Industrial Cellular Routers\/ IoT Gateway\",\"potentialAction\":[{\"@type\":\"SearchAction\",\"target\":{\"@type\":\"EntryPoint\",\"urlTemplate\":\"https:\/\/www.key-iot.com\/?s={search_term_string}\"},\"query-input\":{\"@type\":\"PropertyValueSpecification\",\"valueRequired\":true,\"valueName\":\"search_term_string\"}}],\"inLanguage\":\"es-PE\"}]}<\/script>\n<!-- \/ Yoast SEO plugin. -->","yoast_head_json":{"title":"Sobre nosotros - KEY-IOT","robots":{"index":"index","follow":"follow","max-snippet":"max-snippet:-1","max-image-preview":"max-image-preview:large","max-video-preview":"max-video-preview:-1"},"canonical":"https:\/\/www.key-iot.com\/es\/acerca-de-nosotros\/","og_locale":"es_ES","og_type":"article","og_title":"About Us - KEY-IOT","og_url":"https:\/\/www.key-iot.com\/es\/acerca-de-nosotros\/","og_site_name":"KEY-IOT","article_modified_time":"2025-12-02T11:08:51+00:00","og_image":[{"url":"https:\/\/www.key-iot.com\/wp-content\/uploads\/2024\/09\/1.png"}],"twitter_card":"summary_large_image","twitter_misc":{"Est. reading time":"4 minutos"},"schema":{"@context":"https:\/\/schema.org","@graph":[{"@type":"WebPage","@id":"https:\/\/www.key-iot.com\/about-us\/","url":"https:\/\/www.key-iot.com\/about-us\/","name":"Sobre nosotros - KEY-IOT","isPartOf":{"@id":"https:\/\/www.key-iot.com\/#website"},"primaryImageOfPage":{"@id":"https:\/\/www.key-iot.com\/about-us\/#primaryimage"},"image":{"@id":"https:\/\/www.key-iot.com\/about-us\/#primaryimage"},"thumbnailUrl":"https:\/\/www.key-iot.com\/wp-content\/uploads\/2024\/09\/1.png","datePublished":"2024-06-26T06:33:05+00:00","dateModified":"2025-12-02T11:08:51+00:00","breadcrumb":{"@id":"https:\/\/www.key-iot.com\/about-us\/#breadcrumb"},"inLanguage":"es-PE","potentialAction":[{"@type":"ReadAction","target":["https:\/\/www.key-iot.com\/about-us\/"]}]},{"@type":"ImageObject","inLanguage":"es-PE","@id":"https:\/\/www.key-iot.com\/about-us\/#primaryimage","url":"https:\/\/www.key-iot.com\/wp-content\/uploads\/2024\/09\/1.png","contentUrl":"https:\/\/www.key-iot.com\/wp-content\/uploads\/2024\/09\/1.png"},{"@type":"BreadcrumbList","@id":"https:\/\/www.key-iot.com\/about-us\/#breadcrumb","itemListElement":[{"@type":"ListItem","position":1,"name":"Home","item":"https:\/\/www.key-iot.com\/"},{"@type":"ListItem","position":2,"name":"About Us"}]},{"@type":"WebSite","@id":"https:\/\/www.key-iot.com\/#website","url":"https:\/\/www.key-iot.com\/","name":"KEY-IOT","description":"Routers celulares industriales\/ Pasarela IoT","potentialAction":[{"@type":"SearchAction","target":{"@type":"EntryPoint","urlTemplate":"https:\/\/www.key-iot.com\/?s={search_term_string}"},"query-input":{"@type":"PropertyValueSpecification","valueRequired":true,"valueName":"search_term_string"}}],"inLanguage":"es-PE"}]}},"_links":{"self":[{"href":"https:\/\/www.key-iot.com\/es\/wp-json\/wp\/v2\/pages\/441","targetHints":{"allow":["GET"]}}],"collection":[{"href":"https:\/\/www.key-iot.com\/es\/wp-json\/wp\/v2\/pages"}],"about":[{"href":"https:\/\/www.key-iot.com\/es\/wp-json\/wp\/v2\/types\/page"}],"author":[{"embeddable":true,"href":"https:\/\/www.key-iot.com\/es\/wp-json\/wp\/v2\/users\/1"}],"replies":[{"embeddable":true,"href":"https:\/\/www.key-iot.com\/es\/wp-json\/wp\/v2\/comments?post=441"}],"version-history":[{"count":58,"href":"https:\/\/www.key-iot.com\/es\/wp-json\/wp\/v2\/pages\/441\/revisions"}],"predecessor-version":[{"id":5918,"href":"https:\/\/www.key-iot.com\/es\/wp-json\/wp\/v2\/pages\/441\/revisions\/5918"}],"wp:attachment":[{"href":"https:\/\/www.key-iot.com\/es\/wp-json\/wp\/v2\/media?parent=441"}],"curies":[{"name":"wp","href":"https:\/\/api.w.org\/{rel}","templated":true}]}}