{"id":933,"date":"2024-09-02T17:59:26","date_gmt":"2024-09-02T09:59:26","guid":{"rendered":"https:\/\/www.key-iot.com\/?post_type=product&#038;p=933"},"modified":"2025-06-16T09:02:54","modified_gmt":"2025-06-16T01:02:54","slug":"sr830-mini-lte-5g-hybrid-router","status":"publish","type":"product","link":"https:\/\/www.key-iot.com\/de\/produkt\/sr830-mini-lte-5g-hybrid-router\/","title":{"rendered":"SR830 MINI LTE\/5G Industrie-Router"},"content":{"rendered":"<p>&nbsp;<\/p>\n<p><img decoding=\"async\" class=\"aligncenter\" title=\" SR830 MINI LTE\/5G Industrie-Router\" src=\"https:\/\/www.key-iot.com\/wp-content\/uploads\/2024\/09\/20240613071246838.png\" alt=\" SR830 MINI LTE\/5G Industrie-Router\" width=\"600\" height=\"600\" \/><\/p>\n<h2>Produkt\u00fcbersicht<\/h2>\n<p><a href=\"https:\/\/www.key-iot.com\/de\/iotprodukt\/industrial-5g-routers\/\"><strong>\u00a0<\/strong><\/a>\u00a0 StarRouter 830 <a href=\"https:\/\/www.key-iot.com\/de\/iotprodukt\/industrial-5g-routers\/\"><strong>industrieller 5g-Router\u00a0<\/strong><\/a> Serie sind IoT-Wireless-Router, die 4G\/5G-Netzwerke und Virtual Private Network (VPN)-Technologien integrieren. Mit Multi-DNN-Netzwerk-Slicing-Funktionalit\u00e4t erf\u00fcllen sie die differenzierten Anforderungen von Industrieanwendungen, indem sie SLA-Garantien (Service Level Agreement) auf Netzwerkebene und End-to-End-Sicherheitsisolierung (E2E) bieten. Das Ger\u00e4t unterst\u00fctzt VXLAN (Virtual Extensible LAN), um Layer-2-Switching-Netzwerke zu erm\u00f6glichen und bietet damit eine effektive L\u00f6sung f\u00fcr Rechenzentren.<\/p>\n<h2>Produktmerkmale<\/h2>\n<p>Unterst\u00fctzt 5G NR\/RedCap Netzwerke<br \/>\nUnterst\u00fctzt TF-Karte<br \/>\nUnterst\u00fctzt Desktop- oder DIN-Schienen-Montage<br \/>\nUnterst\u00fctzt die Redundanz von zwei Stromversorgungen<br \/>\nUnterst\u00fctzt 5G-Modulbandsperre und Netzmodussperre<br \/>\nUnterst\u00fctzt GPS\/BeiDou (optional)<br \/>\nUnterst\u00fctzt 5G LAN (optional)<br \/>\nUnterst\u00fctzt den Bridge-Modus, der eine direkte IP-Zuweisung von der 5G-Einwahl zu den angeschlossenen Ger\u00e4ten erm\u00f6glicht (optional)<br \/>\nUnterst\u00fctzt Failover zwischen kabelgebundenen und drahtlosen Verbindungen<br \/>\nUnterst\u00fctzt dynamische Routing-Protokolle (OSPF, RIP)<br \/>\nUnterst\u00fctzt richtlinienbasiertes Routing f\u00fcr die Aufteilung des Datenverkehrs<br \/>\nUnterst\u00fctzt die Abfrage und Meldung von Ger\u00e4testatusinformationen<br \/>\nUnterst\u00fctzt VLAN-Konfiguration, einschlie\u00dflich mehrerer VLANs mit Tagged- und Untagged-Modus<br \/>\nUnterst\u00fctzt Linux-System f\u00fcr sekund\u00e4re Entwicklung, mit umfassenden Entwicklungsrichtlinien<br \/>\nUnterst\u00fctzt SNMP und StarCloud Platform (Ger\u00e4teverwaltungsplattform)<br \/>\nUnterst\u00fctzt mehrere VPN-Protokolle: PPTP, L2TP, IPsec, OpenVPN, GRE, GRETAP, VXLAN, usw.<\/p>","protected":false},"excerpt":{"rendered":"<h3>[tp_attributes num_attributes=\"6\"]<\/h3>\n<h3>Product Description Download<\/h3>\n[showpdf url=\"\/wp-content\/uploads\/2024\/09\/Technical-Specification-for-SR830-E-Embedded-5G-Router-V2.2.pdf\" name=\" Technical Specification for SR830-E Embedded 5G Router V2.2\" collapse=\"false\"]\n<p>&nbsp;<\/p>\n","protected":false},"featured_media":1479,"comment_status":"open","ping_status":"closed","template":"","meta":{"themepark_post_bcolor":"#f5f5f5","themepark_post_width":"1022px","themepark_post_img":"","themepark_post_img_po":"left","themepark_post_img_re":false,"themepark_post_img_cover":false,"themepark_post_img_fixed":false,"themepark_post_hide_title":false,"themepark_post_main_b":"","themepark_post_main_p":100,"themepark_paddingblock":false},"product_cat":[41,57],"product_tag":[],"class_list":{"0":"post-933","1":"product","2":"type-product","3":"status-publish","4":"has-post-thumbnail","6":"product_cat-industrial-5g-routers","7":"product_cat-cellular-routers","9":"first","10":"instock","11":"shipping-taxable","12":"product-type-simple"},"yoast_head":"<!-- This site is optimized with the Yoast SEO plugin v23.7 - https:\/\/yoast.com\/wordpress\/plugins\/seo\/ -->\n<title>SR830 MINI LTE\/5G Industrial Router - KEY-IOT<\/title>\n<meta name=\"robots\" content=\"index, follow, max-snippet:-1, max-image-preview:large, max-video-preview:-1\" \/>\n<link rel=\"canonical\" href=\"https:\/\/www.key-iot.com\/de\/produkt\/sr830-mini-lte-5g-hybrid-router\/\" \/>\n<meta property=\"og:locale\" content=\"de_DE\" \/>\n<meta property=\"og:type\" content=\"article\" \/>\n<meta property=\"og:title\" content=\"SR830 MINI LTE\/5G Industrial Router - KEY-IOT\" \/>\n<meta property=\"og:description\" content=\"Product Description Download   &nbsp;\" \/>\n<meta property=\"og:url\" content=\"https:\/\/www.key-iot.com\/de\/produkt\/sr830-mini-lte-5g-hybrid-router\/\" \/>\n<meta property=\"og:site_name\" content=\"KEY-IOT\" \/>\n<meta property=\"article:modified_time\" content=\"2025-06-16T01:02:54+00:00\" \/>\n<meta property=\"og:image\" content=\"https:\/\/www.key-iot.com\/wp-content\/uploads\/2024\/09\/\u5934\u56fe-15.jpg\" \/>\n\t<meta property=\"og:image:width\" content=\"414\" \/>\n\t<meta property=\"og:image:height\" content=\"414\" \/>\n\t<meta property=\"og:image:type\" content=\"image\/jpeg\" \/>\n<meta name=\"twitter:card\" content=\"summary_large_image\" \/>\n<meta name=\"twitter:label1\" content=\"Gesch\u00e4tzte Lesezeit\" \/>\n\t<meta name=\"twitter:data1\" content=\"2\u00a0Minuten\" \/>\n<script type=\"application\/ld+json\" class=\"yoast-schema-graph\">{\"@context\":\"https:\/\/schema.org\",\"@graph\":[{\"@type\":\"WebPage\",\"@id\":\"https:\/\/www.key-iot.com\/product\/sr830-mini-lte-5g-hybrid-router\/\",\"url\":\"https:\/\/www.key-iot.com\/product\/sr830-mini-lte-5g-hybrid-router\/\",\"name\":\"SR830 MINI LTE\/5G Industrial Router - KEY-IOT\",\"isPartOf\":{\"@id\":\"https:\/\/www.key-iot.com\/#website\"},\"primaryImageOfPage\":{\"@id\":\"https:\/\/www.key-iot.com\/product\/sr830-mini-lte-5g-hybrid-router\/#primaryimage\"},\"image\":{\"@id\":\"https:\/\/www.key-iot.com\/product\/sr830-mini-lte-5g-hybrid-router\/#primaryimage\"},\"thumbnailUrl\":\"https:\/\/www.key-iot.com\/wp-content\/uploads\/2024\/09\/\u5934\u56fe-15.jpg\",\"datePublished\":\"2024-09-02T09:59:26+00:00\",\"dateModified\":\"2025-06-16T01:02:54+00:00\",\"breadcrumb\":{\"@id\":\"https:\/\/www.key-iot.com\/product\/sr830-mini-lte-5g-hybrid-router\/#breadcrumb\"},\"inLanguage\":\"de\",\"potentialAction\":[{\"@type\":\"ReadAction\",\"target\":[\"https:\/\/www.key-iot.com\/product\/sr830-mini-lte-5g-hybrid-router\/\"]}]},{\"@type\":\"ImageObject\",\"inLanguage\":\"de\",\"@id\":\"https:\/\/www.key-iot.com\/product\/sr830-mini-lte-5g-hybrid-router\/#primaryimage\",\"url\":\"https:\/\/www.key-iot.com\/wp-content\/uploads\/2024\/09\/\u5934\u56fe-15.jpg\",\"contentUrl\":\"https:\/\/www.key-iot.com\/wp-content\/uploads\/2024\/09\/\u5934\u56fe-15.jpg\",\"width\":414,\"height\":414,\"caption\":\"SR830 MINI LTE router 5G\"},{\"@type\":\"BreadcrumbList\",\"@id\":\"https:\/\/www.key-iot.com\/product\/sr830-mini-lte-5g-hybrid-router\/#breadcrumb\",\"itemListElement\":[{\"@type\":\"ListItem\",\"position\":1,\"name\":\"Home\",\"item\":\"https:\/\/www.key-iot.com\/\"},{\"@type\":\"ListItem\",\"position\":2,\"name\":\"shop\",\"item\":\"https:\/\/www.key-iot.com\/shop\/\"},{\"@type\":\"ListItem\",\"position\":3,\"name\":\"SR830 MINI LTE\/5G Industrial Router\"}]},{\"@type\":\"WebSite\",\"@id\":\"https:\/\/www.key-iot.com\/#website\",\"url\":\"https:\/\/www.key-iot.com\/\",\"name\":\"KEY-IOT\",\"description\":\"Industrial Cellular Routers\/ IoT Gateway\",\"potentialAction\":[{\"@type\":\"SearchAction\",\"target\":{\"@type\":\"EntryPoint\",\"urlTemplate\":\"https:\/\/www.key-iot.com\/?s={search_term_string}\"},\"query-input\":{\"@type\":\"PropertyValueSpecification\",\"valueRequired\":true,\"valueName\":\"search_term_string\"}}],\"inLanguage\":\"de\"}]}<\/script>\n<!-- \/ Yoast SEO plugin. -->","yoast_head_json":{"title":"SR830 MINI LTE\/5G Industrie-Router - KEY-IOT","robots":{"index":"index","follow":"follow","max-snippet":"max-snippet:-1","max-image-preview":"max-image-preview:large","max-video-preview":"max-video-preview:-1"},"canonical":"https:\/\/www.key-iot.com\/de\/produkt\/sr830-mini-lte-5g-hybrid-router\/","og_locale":"de_DE","og_type":"article","og_title":"SR830 MINI LTE\/5G Industrial Router - KEY-IOT","og_description":"Product Description Download   &nbsp;","og_url":"https:\/\/www.key-iot.com\/de\/produkt\/sr830-mini-lte-5g-hybrid-router\/","og_site_name":"KEY-IOT","article_modified_time":"2025-06-16T01:02:54+00:00","og_image":[{"width":414,"height":414,"url":"https:\/\/www.key-iot.com\/wp-content\/uploads\/2024\/09\/\u5934\u56fe-15.jpg","type":"image\/jpeg"}],"twitter_card":"summary_large_image","twitter_misc":{"Gesch\u00e4tzte Lesezeit":"2\u00a0Minuten"},"schema":{"@context":"https:\/\/schema.org","@graph":[{"@type":"WebPage","@id":"https:\/\/www.key-iot.com\/product\/sr830-mini-lte-5g-hybrid-router\/","url":"https:\/\/www.key-iot.com\/product\/sr830-mini-lte-5g-hybrid-router\/","name":"SR830 MINI LTE\/5G Industrie-Router - KEY-IOT","isPartOf":{"@id":"https:\/\/www.key-iot.com\/#website"},"primaryImageOfPage":{"@id":"https:\/\/www.key-iot.com\/product\/sr830-mini-lte-5g-hybrid-router\/#primaryimage"},"image":{"@id":"https:\/\/www.key-iot.com\/product\/sr830-mini-lte-5g-hybrid-router\/#primaryimage"},"thumbnailUrl":"https:\/\/www.key-iot.com\/wp-content\/uploads\/2024\/09\/\u5934\u56fe-15.jpg","datePublished":"2024-09-02T09:59:26+00:00","dateModified":"2025-06-16T01:02:54+00:00","breadcrumb":{"@id":"https:\/\/www.key-iot.com\/product\/sr830-mini-lte-5g-hybrid-router\/#breadcrumb"},"inLanguage":"de","potentialAction":[{"@type":"ReadAction","target":["https:\/\/www.key-iot.com\/product\/sr830-mini-lte-5g-hybrid-router\/"]}]},{"@type":"ImageObject","inLanguage":"de","@id":"https:\/\/www.key-iot.com\/product\/sr830-mini-lte-5g-hybrid-router\/#primaryimage","url":"https:\/\/www.key-iot.com\/wp-content\/uploads\/2024\/09\/\u5934\u56fe-15.jpg","contentUrl":"https:\/\/www.key-iot.com\/wp-content\/uploads\/2024\/09\/\u5934\u56fe-15.jpg","width":414,"height":414,"caption":"SR830 MINI LTE router 5G"},{"@type":"BreadcrumbList","@id":"https:\/\/www.key-iot.com\/product\/sr830-mini-lte-5g-hybrid-router\/#breadcrumb","itemListElement":[{"@type":"ListItem","position":1,"name":"Home","item":"https:\/\/www.key-iot.com\/"},{"@type":"ListItem","position":2,"name":"shop","item":"https:\/\/www.key-iot.com\/shop\/"},{"@type":"ListItem","position":3,"name":"SR830 MINI LTE\/5G Industrial Router"}]},{"@type":"WebSite","@id":"https:\/\/www.key-iot.com\/#website","url":"https:\/\/www.key-iot.com\/","name":"KEY-IOT","description":"Industrielle Mobilfunk-Router\/ IoT-Gateway","potentialAction":[{"@type":"SearchAction","target":{"@type":"EntryPoint","urlTemplate":"https:\/\/www.key-iot.com\/?s={search_term_string}"},"query-input":{"@type":"PropertyValueSpecification","valueRequired":true,"valueName":"search_term_string"}}],"inLanguage":"de"}]}},"_links":{"self":[{"href":"https:\/\/www.key-iot.com\/de\/wp-json\/wp\/v2\/product\/933","targetHints":{"allow":["GET"]}}],"collection":[{"href":"https:\/\/www.key-iot.com\/de\/wp-json\/wp\/v2\/product"}],"about":[{"href":"https:\/\/www.key-iot.com\/de\/wp-json\/wp\/v2\/types\/product"}],"replies":[{"embeddable":true,"href":"https:\/\/www.key-iot.com\/de\/wp-json\/wp\/v2\/comments?post=933"}],"wp:featuredmedia":[{"embeddable":true,"href":"https:\/\/www.key-iot.com\/de\/wp-json\/wp\/v2\/media\/1479"}],"wp:attachment":[{"href":"https:\/\/www.key-iot.com\/de\/wp-json\/wp\/v2\/media?parent=933"}],"wp:term":[{"taxonomy":"product_cat","embeddable":true,"href":"https:\/\/www.key-iot.com\/de\/wp-json\/wp\/v2\/product_cat?post=933"},{"taxonomy":"product_tag","embeddable":true,"href":"https:\/\/www.key-iot.com\/de\/wp-json\/wp\/v2\/product_tag?post=933"}],"curies":[{"name":"wp","href":"https:\/\/api.w.org\/{rel}","templated":true}]}}