{"id":920,"date":"2024-09-02T16:36:46","date_gmt":"2024-09-02T08:36:46","guid":{"rendered":"https:\/\/www.key-iot.com\/?post_type=product&#038;p=920"},"modified":"2025-06-16T09:11:19","modified_gmt":"2025-06-16T01:11:19","slug":"sr810-waterproof-outdoor-5g-cpe","status":"publish","type":"product","link":"https:\/\/www.key-iot.com\/de\/produkt\/sr810-waterproof-outdoor-5g-cpe\/","title":{"rendered":"SR810 Wasserdichtes 5G CPE"},"content":{"rendered":"<p><img decoding=\"async\" class=\"wp-image-929 aligncenter\" title=\"Wasserdichter 5G CPE-Router\" src=\"https:\/\/www.key-iot.com\/wp-content\/uploads\/2024\/09\/1638948599.jpg\" alt=\"wasserdichter 5G-CPE-Router\" width=\"615\" height=\"384\" srcset=\"https:\/\/www.key-iot.com\/wp-content\/uploads\/2024\/09\/1638948599.jpg 800w, https:\/\/www.key-iot.com\/wp-content\/uploads\/2024\/09\/1638948599-300x188.jpg 300w, https:\/\/www.key-iot.com\/wp-content\/uploads\/2024\/09\/1638948599-768x480.jpg 768w, https:\/\/www.key-iot.com\/wp-content\/uploads\/2024\/09\/1638948599-600x375.jpg 600w\" sizes=\"(max-width: 615px) 100vw, 615px\" \/><\/p>\n<p>&nbsp;<\/p>\n<h2>Produkt\u00fcbersicht<\/h2>\n<p>StarRouter 810 <a href=\"https:\/\/www.key-iot.com\/de\/iotprodukt\/cpe-routers\/\"><strong>5G CPE-Router<\/strong><\/a> Serie sind IoT-Wireless-Router, die 4G\/5G-Netzwerke und Virtual Private Network (VPN)-Technologien integrieren. Ausgestattet mit 4G\/5G Wireless Wide-Area Network (WWAN) Dual-Network-Backup und anderen Technologien, bietet dieses Ger\u00e4t ununterbrochenen Zugang zu mehreren Netzwerkverbindungen. Mit umfassenden Sicherheitsfunktionen und drahtlosen Service-F\u00e4higkeiten bietet es Hochgeschwindigkeits- und stabile Daten\u00fcbertragungskan\u00e4le f\u00fcr Benutzer.<\/p>\n<h2>Produktmerkmale<\/h2>\n<p>Unterst\u00fctzt 5G NR\/RedCap Netzwerke<br \/>\nUnterst\u00fctzt die Schutzart IP66<br \/>\nUnterst\u00fctzt WLAN\uff0cUnterst\u00fctzt WIFI6<br \/>\nUnterst\u00fctzt 5G-Modulbandsperre und Netzmodussperre<br \/>\nUnterst\u00fctzt GPS\/BeiDou (optional)<br \/>\nUnterst\u00fctzt 5G LAN (optional)<br \/>\nUnterst\u00fctzt den Bridge-Modus, der eine direkte IP-Zuweisung von der 5G-Einwahl zu den angeschlossenen Ger\u00e4ten erm\u00f6glicht (optional)<br \/>\nUnterst\u00fctzt Failover zwischen kabelgebundenen und drahtlosen Verbindungen<br \/>\nUnterst\u00fctzt dynamische Routing-Protokolle (OSPF, RIP)<br \/>\nUnterst\u00fctzt richtlinienbasiertes Routing f\u00fcr die Aufteilung des Datenverkehrs<br \/>\nUnterst\u00fctzt die Abfrage und Meldung von Ger\u00e4testatusinformationen<br \/>\nUnterst\u00fctzt VLAN-Konfiguration, einschlie\u00dflich mehrerer VLANs mit Tagged- und Untagged-Modus<br \/>\nUnterst\u00fctzt Linux-System f\u00fcr sekund\u00e4re Entwicklung, mit umfassenden Entwicklungsrichtlinien<br \/>\nUnterst\u00fctzt SNMP und StarCloud Platform (Ger\u00e4teverwaltungsplattform)<br \/>\nUnterst\u00fctzt mehrere VPN-Protokolle: PPTP, L2TP, IPsec, OpenVPN, GRE, GRETAP, VXLAN, usw.<\/p>","protected":false},"excerpt":{"rendered":"<h3>[tp_attributes num_attributes=\"6\"]<\/h3>\n<h3>Product Description Download<\/h3>\n[showpdf url=\"\/wp-content\/uploads\/2024\/09\/Technical-Specification-for-SR810-Waterproof-5G-CPE-V2.3.pdf\" name=\"Technical Specification for SR810 (Waterproof 5G CPE) V2.3\" collapse=\"false\" login=\"false\"]\n<p>&nbsp;<\/p>\n<p>&nbsp;<\/p>\n","protected":false},"featured_media":1485,"comment_status":"open","ping_status":"closed","template":"","meta":{"themepark_post_bcolor":"#f5f5f5","themepark_post_width":"1022px","themepark_post_img":"","themepark_post_img_po":"left","themepark_post_img_re":false,"themepark_post_img_cover":false,"themepark_post_img_fixed":false,"themepark_post_hide_title":false,"themepark_post_main_b":"","themepark_post_main_p":100,"themepark_paddingblock":false},"product_cat":[42,57],"product_tag":[],"class_list":{"0":"post-920","1":"product","2":"type-product","3":"status-publish","4":"has-post-thumbnail","6":"product_cat-cpe-routers","7":"product_cat-cellular-routers","9":"first","10":"instock","11":"shipping-taxable","12":"product-type-simple"},"yoast_head":"<!-- This site is optimized with the Yoast SEO plugin v23.7 - https:\/\/yoast.com\/wordpress\/plugins\/seo\/ -->\n<title>SR810 Waterproof 5G CPE - KEY-IOT<\/title>\n<meta name=\"robots\" content=\"index, follow, max-snippet:-1, max-image-preview:large, max-video-preview:-1\" \/>\n<link rel=\"canonical\" href=\"https:\/\/www.key-iot.com\/de\/produkt\/sr810-waterproof-outdoor-5g-cpe\/\" \/>\n<meta property=\"og:locale\" content=\"de_DE\" \/>\n<meta property=\"og:type\" content=\"article\" \/>\n<meta property=\"og:title\" content=\"SR810 Waterproof 5G CPE - KEY-IOT\" \/>\n<meta property=\"og:description\" content=\"Product Description Download   &nbsp;  &nbsp;\" \/>\n<meta property=\"og:url\" content=\"https:\/\/www.key-iot.com\/de\/produkt\/sr810-waterproof-outdoor-5g-cpe\/\" \/>\n<meta property=\"og:site_name\" content=\"KEY-IOT\" \/>\n<meta property=\"article:modified_time\" content=\"2025-06-16T01:11:19+00:00\" \/>\n<meta property=\"og:image\" content=\"https:\/\/www.key-iot.com\/wp-content\/uploads\/2024\/09\/\u5934\u56fe-16.jpg\" \/>\n\t<meta property=\"og:image:width\" content=\"414\" \/>\n\t<meta property=\"og:image:height\" content=\"414\" \/>\n\t<meta property=\"og:image:type\" content=\"image\/jpeg\" \/>\n<meta name=\"twitter:card\" content=\"summary_large_image\" \/>\n<meta name=\"twitter:label1\" content=\"Gesch\u00e4tzte Lesezeit\" \/>\n\t<meta name=\"twitter:data1\" content=\"2\u00a0Minuten\" \/>\n<script type=\"application\/ld+json\" class=\"yoast-schema-graph\">{\"@context\":\"https:\/\/schema.org\",\"@graph\":[{\"@type\":\"WebPage\",\"@id\":\"https:\/\/www.key-iot.com\/product\/sr810-waterproof-outdoor-5g-cpe\/\",\"url\":\"https:\/\/www.key-iot.com\/product\/sr810-waterproof-outdoor-5g-cpe\/\",\"name\":\"SR810 Waterproof 5G CPE - KEY-IOT\",\"isPartOf\":{\"@id\":\"https:\/\/www.key-iot.com\/#website\"},\"primaryImageOfPage\":{\"@id\":\"https:\/\/www.key-iot.com\/product\/sr810-waterproof-outdoor-5g-cpe\/#primaryimage\"},\"image\":{\"@id\":\"https:\/\/www.key-iot.com\/product\/sr810-waterproof-outdoor-5g-cpe\/#primaryimage\"},\"thumbnailUrl\":\"https:\/\/www.key-iot.com\/wp-content\/uploads\/2024\/09\/\u5934\u56fe-16.jpg\",\"datePublished\":\"2024-09-02T08:36:46+00:00\",\"dateModified\":\"2025-06-16T01:11:19+00:00\",\"breadcrumb\":{\"@id\":\"https:\/\/www.key-iot.com\/product\/sr810-waterproof-outdoor-5g-cpe\/#breadcrumb\"},\"inLanguage\":\"de\",\"potentialAction\":[{\"@type\":\"ReadAction\",\"target\":[\"https:\/\/www.key-iot.com\/product\/sr810-waterproof-outdoor-5g-cpe\/\"]}]},{\"@type\":\"ImageObject\",\"inLanguage\":\"de\",\"@id\":\"https:\/\/www.key-iot.com\/product\/sr810-waterproof-outdoor-5g-cpe\/#primaryimage\",\"url\":\"https:\/\/www.key-iot.com\/wp-content\/uploads\/2024\/09\/\u5934\u56fe-16.jpg\",\"contentUrl\":\"https:\/\/www.key-iot.com\/wp-content\/uploads\/2024\/09\/\u5934\u56fe-16.jpg\",\"width\":414,\"height\":414,\"caption\":\"SR810 Waterproof 5G CPE\"},{\"@type\":\"BreadcrumbList\",\"@id\":\"https:\/\/www.key-iot.com\/product\/sr810-waterproof-outdoor-5g-cpe\/#breadcrumb\",\"itemListElement\":[{\"@type\":\"ListItem\",\"position\":1,\"name\":\"Home\",\"item\":\"https:\/\/www.key-iot.com\/\"},{\"@type\":\"ListItem\",\"position\":2,\"name\":\"shop\",\"item\":\"https:\/\/www.key-iot.com\/shop\/\"},{\"@type\":\"ListItem\",\"position\":3,\"name\":\"SR810 Waterproof 5G CPE\"}]},{\"@type\":\"WebSite\",\"@id\":\"https:\/\/www.key-iot.com\/#website\",\"url\":\"https:\/\/www.key-iot.com\/\",\"name\":\"KEY-IOT\",\"description\":\"Industrial Cellular Routers\/ IoT Gateway\",\"potentialAction\":[{\"@type\":\"SearchAction\",\"target\":{\"@type\":\"EntryPoint\",\"urlTemplate\":\"https:\/\/www.key-iot.com\/?s={search_term_string}\"},\"query-input\":{\"@type\":\"PropertyValueSpecification\",\"valueRequired\":true,\"valueName\":\"search_term_string\"}}],\"inLanguage\":\"de\"}]}<\/script>\n<!-- \/ Yoast SEO plugin. -->","yoast_head_json":{"title":"SR810 Wasserdichtes 5G CPE - KEY-IOT","robots":{"index":"index","follow":"follow","max-snippet":"max-snippet:-1","max-image-preview":"max-image-preview:large","max-video-preview":"max-video-preview:-1"},"canonical":"https:\/\/www.key-iot.com\/de\/produkt\/sr810-waterproof-outdoor-5g-cpe\/","og_locale":"de_DE","og_type":"article","og_title":"SR810 Waterproof 5G CPE - KEY-IOT","og_description":"Product Description Download   &nbsp;  &nbsp;","og_url":"https:\/\/www.key-iot.com\/de\/produkt\/sr810-waterproof-outdoor-5g-cpe\/","og_site_name":"KEY-IOT","article_modified_time":"2025-06-16T01:11:19+00:00","og_image":[{"width":414,"height":414,"url":"https:\/\/www.key-iot.com\/wp-content\/uploads\/2024\/09\/\u5934\u56fe-16.jpg","type":"image\/jpeg"}],"twitter_card":"summary_large_image","twitter_misc":{"Gesch\u00e4tzte Lesezeit":"2\u00a0Minuten"},"schema":{"@context":"https:\/\/schema.org","@graph":[{"@type":"WebPage","@id":"https:\/\/www.key-iot.com\/product\/sr810-waterproof-outdoor-5g-cpe\/","url":"https:\/\/www.key-iot.com\/product\/sr810-waterproof-outdoor-5g-cpe\/","name":"SR810 Wasserdichtes 5G CPE - KEY-IOT","isPartOf":{"@id":"https:\/\/www.key-iot.com\/#website"},"primaryImageOfPage":{"@id":"https:\/\/www.key-iot.com\/product\/sr810-waterproof-outdoor-5g-cpe\/#primaryimage"},"image":{"@id":"https:\/\/www.key-iot.com\/product\/sr810-waterproof-outdoor-5g-cpe\/#primaryimage"},"thumbnailUrl":"https:\/\/www.key-iot.com\/wp-content\/uploads\/2024\/09\/\u5934\u56fe-16.jpg","datePublished":"2024-09-02T08:36:46+00:00","dateModified":"2025-06-16T01:11:19+00:00","breadcrumb":{"@id":"https:\/\/www.key-iot.com\/product\/sr810-waterproof-outdoor-5g-cpe\/#breadcrumb"},"inLanguage":"de","potentialAction":[{"@type":"ReadAction","target":["https:\/\/www.key-iot.com\/product\/sr810-waterproof-outdoor-5g-cpe\/"]}]},{"@type":"ImageObject","inLanguage":"de","@id":"https:\/\/www.key-iot.com\/product\/sr810-waterproof-outdoor-5g-cpe\/#primaryimage","url":"https:\/\/www.key-iot.com\/wp-content\/uploads\/2024\/09\/\u5934\u56fe-16.jpg","contentUrl":"https:\/\/www.key-iot.com\/wp-content\/uploads\/2024\/09\/\u5934\u56fe-16.jpg","width":414,"height":414,"caption":"SR810 Waterproof 5G CPE"},{"@type":"BreadcrumbList","@id":"https:\/\/www.key-iot.com\/product\/sr810-waterproof-outdoor-5g-cpe\/#breadcrumb","itemListElement":[{"@type":"ListItem","position":1,"name":"Home","item":"https:\/\/www.key-iot.com\/"},{"@type":"ListItem","position":2,"name":"shop","item":"https:\/\/www.key-iot.com\/shop\/"},{"@type":"ListItem","position":3,"name":"SR810 Waterproof 5G CPE"}]},{"@type":"WebSite","@id":"https:\/\/www.key-iot.com\/#website","url":"https:\/\/www.key-iot.com\/","name":"KEY-IOT","description":"Industrielle Mobilfunk-Router\/ IoT-Gateway","potentialAction":[{"@type":"SearchAction","target":{"@type":"EntryPoint","urlTemplate":"https:\/\/www.key-iot.com\/?s={search_term_string}"},"query-input":{"@type":"PropertyValueSpecification","valueRequired":true,"valueName":"search_term_string"}}],"inLanguage":"de"}]}},"_links":{"self":[{"href":"https:\/\/www.key-iot.com\/de\/wp-json\/wp\/v2\/product\/920","targetHints":{"allow":["GET"]}}],"collection":[{"href":"https:\/\/www.key-iot.com\/de\/wp-json\/wp\/v2\/product"}],"about":[{"href":"https:\/\/www.key-iot.com\/de\/wp-json\/wp\/v2\/types\/product"}],"replies":[{"embeddable":true,"href":"https:\/\/www.key-iot.com\/de\/wp-json\/wp\/v2\/comments?post=920"}],"wp:featuredmedia":[{"embeddable":true,"href":"https:\/\/www.key-iot.com\/de\/wp-json\/wp\/v2\/media\/1485"}],"wp:attachment":[{"href":"https:\/\/www.key-iot.com\/de\/wp-json\/wp\/v2\/media?parent=920"}],"wp:term":[{"taxonomy":"product_cat","embeddable":true,"href":"https:\/\/www.key-iot.com\/de\/wp-json\/wp\/v2\/product_cat?post=920"},{"taxonomy":"product_tag","embeddable":true,"href":"https:\/\/www.key-iot.com\/de\/wp-json\/wp\/v2\/product_tag?post=920"}],"curies":[{"name":"wp","href":"https:\/\/api.w.org\/{rel}","templated":true}]}}