{"id":841,"date":"2024-09-01T14:55:19","date_gmt":"2024-09-01T06:55:19","guid":{"rendered":"https:\/\/www.key-iot.com\/?post_type=product&#038;p=841"},"modified":"2025-06-16T08:57:04","modified_gmt":"2025-06-16T00:57:04","slug":"sr520-2-lan-sim-4g-router","status":"publish","type":"product","link":"https:\/\/www.key-iot.com\/de\/produkt\/sr520-2-lan-sim-4g-router\/","title":{"rendered":"SR520 2 Sim 4G Router"},"content":{"rendered":"<p>&nbsp;<\/p>\n<p>&nbsp;<\/p>\n<p><img decoding=\"async\" class=\"wp-image-844 size-full aligncenter\" title=\"SR520 2 Sim 4G Router\" src=\"https:\/\/www.key-iot.com\/wp-content\/uploads\/2024\/09\/1723197649392557.png\" alt=\"SR520 2 Sim 4G Router\" width=\"600\" height=\"600\" srcset=\"https:\/\/www.key-iot.com\/wp-content\/uploads\/2024\/09\/1723197649392557.png 600w, https:\/\/www.key-iot.com\/wp-content\/uploads\/2024\/09\/1723197649392557-300x300.png 300w, https:\/\/www.key-iot.com\/wp-content\/uploads\/2024\/09\/1723197649392557-150x150.png 150w, https:\/\/www.key-iot.com\/wp-content\/uploads\/2024\/09\/1723197649392557-100x100.png 100w\" sizes=\"(max-width: 600px) 100vw, 600px\" \/><\/p>\n<h2>Produkt\u00fcbersicht<\/h2>\n<p>StarRouter 520 <a href=\"https:\/\/www.key-iot.com\/de\/iotprodukt\/industrial-4g-routers\/\"><strong>industrieller 4g-Router<\/strong><\/a> ist ein 4G-Netzwerk, ein virtuelles privates Netzwerk und andere Technologien in einem der drahtlosen Internet-of-Things-Router-Produkte. Das Ger\u00e4t st\u00fctzt sich auf 4G-Wireless-Wide-Area-Network und Wi-Fi-Wireless-Local-Area-Network und andere Technologien, um ununterbrochenen Zugang zu einer Vielzahl von Netzwerken zu bieten, mit seinen umfassenden Sicherheits- und Wireless-Service-Funktionen, um den Benutzern Hochgeschwindigkeits- und stabile Daten\u00fcbertragungskan\u00e4le zu bieten.<\/p>\n<h2>Produktmerkmale<\/h2>\n<p>WLAN-Unterst\u00fctzung (optional)<br \/>\nUnterst\u00fctzt zwei Ethernet-Anschl\u00fcsse<br \/>\nHalterung f\u00fcr F\u00fchrungsschiene und Tischplatte<br \/>\nUnterst\u00fctzt Dual-Carrier-Netz-Backup (Dual-SIM-Karten) und ist kompatibel mit ESIM-Karten<br \/>\nUnterst\u00fctzt kabelgebundene und kabellose gegenseitige Sicherung<br \/>\nUnterst\u00fctzt den effizienten Einsatz von gro\u00dfen Ger\u00e4tenetzwerken<br \/>\nVollkommen industrielles Design, das sich nicht vor der Herausforderung rauer Bedingungen scheut<br \/>\nUnterst\u00fctzt 4G LTE CAT4 Hochgeschwindigkeitsnetzwerk, optionales 1,8GHz Privatnetzwerk<br \/>\nUnterst\u00fctzt das Linux-System OpenWrt, das die Sekund\u00e4rentwicklung erleichtert und einen vollst\u00e4ndigen Leitfaden f\u00fcr die Sekund\u00e4rentwicklung enth\u00e4lt<br \/>\nUnterst\u00fctzt mehrere VPN-Funktionen. PPTP, L2TP, IPSEC, OPENVPN, GRE, GRETAP, Vxlan, etc.<br \/>\nUnterst\u00fctzung von SNMP und KEY-IOT Device Manager \"Cloud Device Management\"-Plattform, um ein effizientes zentralisiertes Remote-Netzwerkmanagement zu erreichen<\/p>","protected":false},"excerpt":{"rendered":"<h3>[tp_attributes num_attributes=\"6\"]<\/h3>\n<h3>Product Description Download<\/h3>\n[showpdf url=\"\/wp-content\/uploads\/2024\/09\/Technical-Specification-for-SR520-Dual-Ethernet-Port-and-Dual-SIM-4G-Router-V1.0.pdf\" name=\"Technical Specification for SR520 Dual Ethernet Port and Dual SIM 4G Router V1.0\" collapse=\"false\" ]\n<p>&nbsp;<\/p>\n","protected":false},"featured_media":1416,"comment_status":"open","ping_status":"closed","template":"","meta":{"themepark_post_bcolor":"#f5f5f5","themepark_post_width":"1022px","themepark_post_img":"","themepark_post_img_po":"left","themepark_post_img_re":false,"themepark_post_img_cover":false,"themepark_post_img_fixed":false,"themepark_post_hide_title":false,"themepark_post_main_b":"","themepark_post_main_p":100,"themepark_paddingblock":false},"product_cat":[40,57],"product_tag":[],"class_list":{"0":"post-841","1":"product","2":"type-product","3":"status-publish","4":"has-post-thumbnail","6":"product_cat-industrial-4g-routers","7":"product_cat-cellular-routers","9":"first","10":"instock","11":"shipping-taxable","12":"product-type-simple"},"yoast_head":"<!-- This site is optimized with the Yoast SEO plugin v23.7 - https:\/\/yoast.com\/wordpress\/plugins\/seo\/ -->\n<title>SR520 2 Sim 4G Router - KEY-IOT<\/title>\n<meta name=\"robots\" content=\"index, follow, max-snippet:-1, max-image-preview:large, max-video-preview:-1\" \/>\n<link rel=\"canonical\" href=\"https:\/\/www.key-iot.com\/de\/produkt\/sr520-2-lan-sim-4g-router\/\" \/>\n<meta property=\"og:locale\" content=\"de_DE\" \/>\n<meta property=\"og:type\" content=\"article\" \/>\n<meta property=\"og:title\" content=\"SR520 2 Sim 4G Router - KEY-IOT\" \/>\n<meta property=\"og:description\" content=\"Product Description Download   &nbsp;\" \/>\n<meta property=\"og:url\" content=\"https:\/\/www.key-iot.com\/de\/produkt\/sr520-2-lan-sim-4g-router\/\" \/>\n<meta property=\"og:site_name\" content=\"KEY-IOT\" \/>\n<meta property=\"article:modified_time\" content=\"2025-06-16T00:57:04+00:00\" \/>\n<meta property=\"og:image\" content=\"https:\/\/www.key-iot.com\/wp-content\/uploads\/2024\/09\/\u5934\u56fe-1.jpg\" \/>\n\t<meta property=\"og:image:width\" content=\"414\" \/>\n\t<meta property=\"og:image:height\" content=\"414\" \/>\n\t<meta property=\"og:image:type\" content=\"image\/jpeg\" \/>\n<meta name=\"twitter:card\" content=\"summary_large_image\" \/>\n<meta name=\"twitter:label1\" content=\"Gesch\u00e4tzte Lesezeit\" \/>\n\t<meta name=\"twitter:data1\" content=\"2\u00a0Minuten\" \/>\n<script type=\"application\/ld+json\" class=\"yoast-schema-graph\">{\"@context\":\"https:\/\/schema.org\",\"@graph\":[{\"@type\":\"WebPage\",\"@id\":\"https:\/\/www.key-iot.com\/product\/sr520-2-lan-sim-4g-router\/\",\"url\":\"https:\/\/www.key-iot.com\/product\/sr520-2-lan-sim-4g-router\/\",\"name\":\"SR520 2 Sim 4G Router - KEY-IOT\",\"isPartOf\":{\"@id\":\"https:\/\/www.key-iot.com\/#website\"},\"primaryImageOfPage\":{\"@id\":\"https:\/\/www.key-iot.com\/product\/sr520-2-lan-sim-4g-router\/#primaryimage\"},\"image\":{\"@id\":\"https:\/\/www.key-iot.com\/product\/sr520-2-lan-sim-4g-router\/#primaryimage\"},\"thumbnailUrl\":\"https:\/\/www.key-iot.com\/wp-content\/uploads\/2024\/09\/\u5934\u56fe-1.jpg\",\"datePublished\":\"2024-09-01T06:55:19+00:00\",\"dateModified\":\"2025-06-16T00:57:04+00:00\",\"breadcrumb\":{\"@id\":\"https:\/\/www.key-iot.com\/product\/sr520-2-lan-sim-4g-router\/#breadcrumb\"},\"inLanguage\":\"de\",\"potentialAction\":[{\"@type\":\"ReadAction\",\"target\":[\"https:\/\/www.key-iot.com\/product\/sr520-2-lan-sim-4g-router\/\"]}]},{\"@type\":\"ImageObject\",\"inLanguage\":\"de\",\"@id\":\"https:\/\/www.key-iot.com\/product\/sr520-2-lan-sim-4g-router\/#primaryimage\",\"url\":\"https:\/\/www.key-iot.com\/wp-content\/uploads\/2024\/09\/\u5934\u56fe-1.jpg\",\"contentUrl\":\"https:\/\/www.key-iot.com\/wp-content\/uploads\/2024\/09\/\u5934\u56fe-1.jpg\",\"width\":414,\"height\":414,\"caption\":\"SR520 2 Sim 4G Router\"},{\"@type\":\"BreadcrumbList\",\"@id\":\"https:\/\/www.key-iot.com\/product\/sr520-2-lan-sim-4g-router\/#breadcrumb\",\"itemListElement\":[{\"@type\":\"ListItem\",\"position\":1,\"name\":\"Home\",\"item\":\"https:\/\/www.key-iot.com\/\"},{\"@type\":\"ListItem\",\"position\":2,\"name\":\"shop\",\"item\":\"https:\/\/www.key-iot.com\/shop\/\"},{\"@type\":\"ListItem\",\"position\":3,\"name\":\"SR520 2 Sim 4G Router\"}]},{\"@type\":\"WebSite\",\"@id\":\"https:\/\/www.key-iot.com\/#website\",\"url\":\"https:\/\/www.key-iot.com\/\",\"name\":\"KEY-IOT\",\"description\":\"Industrial Cellular Routers\/ IoT Gateway\",\"potentialAction\":[{\"@type\":\"SearchAction\",\"target\":{\"@type\":\"EntryPoint\",\"urlTemplate\":\"https:\/\/www.key-iot.com\/?s={search_term_string}\"},\"query-input\":{\"@type\":\"PropertyValueSpecification\",\"valueRequired\":true,\"valueName\":\"search_term_string\"}}],\"inLanguage\":\"de\"}]}<\/script>\n<!-- \/ Yoast SEO plugin. -->","yoast_head_json":{"title":"SR520 2 Sim 4G Router - KEY-IOT","robots":{"index":"index","follow":"follow","max-snippet":"max-snippet:-1","max-image-preview":"max-image-preview:large","max-video-preview":"max-video-preview:-1"},"canonical":"https:\/\/www.key-iot.com\/de\/produkt\/sr520-2-lan-sim-4g-router\/","og_locale":"de_DE","og_type":"article","og_title":"SR520 2 Sim 4G Router - KEY-IOT","og_description":"Product Description Download   &nbsp;","og_url":"https:\/\/www.key-iot.com\/de\/produkt\/sr520-2-lan-sim-4g-router\/","og_site_name":"KEY-IOT","article_modified_time":"2025-06-16T00:57:04+00:00","og_image":[{"width":414,"height":414,"url":"https:\/\/www.key-iot.com\/wp-content\/uploads\/2024\/09\/\u5934\u56fe-1.jpg","type":"image\/jpeg"}],"twitter_card":"summary_large_image","twitter_misc":{"Gesch\u00e4tzte Lesezeit":"2\u00a0Minuten"},"schema":{"@context":"https:\/\/schema.org","@graph":[{"@type":"WebPage","@id":"https:\/\/www.key-iot.com\/product\/sr520-2-lan-sim-4g-router\/","url":"https:\/\/www.key-iot.com\/product\/sr520-2-lan-sim-4g-router\/","name":"SR520 2 Sim 4G Router - KEY-IOT","isPartOf":{"@id":"https:\/\/www.key-iot.com\/#website"},"primaryImageOfPage":{"@id":"https:\/\/www.key-iot.com\/product\/sr520-2-lan-sim-4g-router\/#primaryimage"},"image":{"@id":"https:\/\/www.key-iot.com\/product\/sr520-2-lan-sim-4g-router\/#primaryimage"},"thumbnailUrl":"https:\/\/www.key-iot.com\/wp-content\/uploads\/2024\/09\/\u5934\u56fe-1.jpg","datePublished":"2024-09-01T06:55:19+00:00","dateModified":"2025-06-16T00:57:04+00:00","breadcrumb":{"@id":"https:\/\/www.key-iot.com\/product\/sr520-2-lan-sim-4g-router\/#breadcrumb"},"inLanguage":"de","potentialAction":[{"@type":"ReadAction","target":["https:\/\/www.key-iot.com\/product\/sr520-2-lan-sim-4g-router\/"]}]},{"@type":"ImageObject","inLanguage":"de","@id":"https:\/\/www.key-iot.com\/product\/sr520-2-lan-sim-4g-router\/#primaryimage","url":"https:\/\/www.key-iot.com\/wp-content\/uploads\/2024\/09\/\u5934\u56fe-1.jpg","contentUrl":"https:\/\/www.key-iot.com\/wp-content\/uploads\/2024\/09\/\u5934\u56fe-1.jpg","width":414,"height":414,"caption":"SR520 2 Sim 4G Router"},{"@type":"BreadcrumbList","@id":"https:\/\/www.key-iot.com\/product\/sr520-2-lan-sim-4g-router\/#breadcrumb","itemListElement":[{"@type":"ListItem","position":1,"name":"Home","item":"https:\/\/www.key-iot.com\/"},{"@type":"ListItem","position":2,"name":"shop","item":"https:\/\/www.key-iot.com\/shop\/"},{"@type":"ListItem","position":3,"name":"SR520 2 Sim 4G Router"}]},{"@type":"WebSite","@id":"https:\/\/www.key-iot.com\/#website","url":"https:\/\/www.key-iot.com\/","name":"KEY-IOT","description":"Industrielle Mobilfunk-Router\/ IoT-Gateway","potentialAction":[{"@type":"SearchAction","target":{"@type":"EntryPoint","urlTemplate":"https:\/\/www.key-iot.com\/?s={search_term_string}"},"query-input":{"@type":"PropertyValueSpecification","valueRequired":true,"valueName":"search_term_string"}}],"inLanguage":"de"}]}},"_links":{"self":[{"href":"https:\/\/www.key-iot.com\/de\/wp-json\/wp\/v2\/product\/841","targetHints":{"allow":["GET"]}}],"collection":[{"href":"https:\/\/www.key-iot.com\/de\/wp-json\/wp\/v2\/product"}],"about":[{"href":"https:\/\/www.key-iot.com\/de\/wp-json\/wp\/v2\/types\/product"}],"replies":[{"embeddable":true,"href":"https:\/\/www.key-iot.com\/de\/wp-json\/wp\/v2\/comments?post=841"}],"wp:featuredmedia":[{"embeddable":true,"href":"https:\/\/www.key-iot.com\/de\/wp-json\/wp\/v2\/media\/1416"}],"wp:attachment":[{"href":"https:\/\/www.key-iot.com\/de\/wp-json\/wp\/v2\/media?parent=841"}],"wp:term":[{"taxonomy":"product_cat","embeddable":true,"href":"https:\/\/www.key-iot.com\/de\/wp-json\/wp\/v2\/product_cat?post=841"},{"taxonomy":"product_tag","embeddable":true,"href":"https:\/\/www.key-iot.com\/de\/wp-json\/wp\/v2\/product_tag?post=841"}],"curies":[{"name":"wp","href":"https:\/\/api.w.org\/{rel}","templated":true}]}}