{"id":817,"date":"2024-08-31T20:39:42","date_gmt":"2024-08-31T12:39:42","guid":{"rendered":"https:\/\/www.key-iot.com\/?post_type=product&#038;p=817"},"modified":"2025-06-16T08:59:06","modified_gmt":"2025-06-16T00:59:06","slug":"sr700-dual-sim-lte-router","status":"publish","type":"product","link":"https:\/\/www.key-iot.com\/de\/produkt\/sr700-dual-sim-lte-router\/","title":{"rendered":"SR700 Dual SIM 4G Router"},"content":{"rendered":"<p><strong><img decoding=\"async\" class=\"wp-image-818 aligncenter\" title=\"SR700 Dual SIM 4G Router\" src=\"https:\/\/www.key-iot.com\/wp-content\/uploads\/2024\/08\/1720083718108869.png\" alt=\"SR700 Dual SIM 4G Router\" width=\"559\" height=\"559\" srcset=\"https:\/\/www.key-iot.com\/wp-content\/uploads\/2024\/08\/1720083718108869.png 600w, https:\/\/www.key-iot.com\/wp-content\/uploads\/2024\/08\/1720083718108869-300x300.png 300w, https:\/\/www.key-iot.com\/wp-content\/uploads\/2024\/08\/1720083718108869-150x150.png 150w, https:\/\/www.key-iot.com\/wp-content\/uploads\/2024\/08\/1720083718108869-100x100.png 100w\" sizes=\"(max-width: 559px) 100vw, 559px\" \/><\/strong><\/p>\n<p>&nbsp;<\/p>\n<h2>Produkt\u00fcbersicht<\/h2>\n<p>StarRouter 700 <a href=\"https:\/\/www.key-iot.com\/de\/iotprodukt\/industrial-4g-routers\/\"><strong>industrieller 4g-Router <\/strong><\/a>Serie sind IoT-Wireless-Router, die 4G\/5G-Netzwerk- und Virtual Private Network (VPN)-Technologien integrieren. Ausgestattet mit 4G\/5G Wireless Wide-Area Network (WWAN)- und Wi-Fi Wireless Local-Area Network (WLAN)-Technologien bietet dieses Ger\u00e4t ununterbrochenen Zugang zu mehreren Netzwerkverbindungen. Mit umfassenden Sicherheitsfunktionen und drahtlosen Servicef\u00e4higkeiten bietet es den Benutzern schnelle und stabile Daten\u00fcbertragungskan\u00e4le.<\/p>\n<h2>Produktmerkmale<\/h2>\n<p>Unterst\u00fctzt 4G LTE-Netzwerke mit einem optionalen leistungsspezifischen 1,8-GHz-Privatnetzwerk<br \/>\nUnterst\u00fctzt zwei SIM-Karten mit gegenseitiger Backup-Funktionalit\u00e4t\uff08failover\uff09<br \/>\nUnterst\u00fctzt DIN-Schienen- und Tischmontage<br \/>\nUnterst\u00fctzt GPS\/BeiDou (optional)<br \/>\nUnterst\u00fctzt WLAN (optional)<br \/>\nUnterst\u00fctzt Failover zwischen kabelgebundenen und drahtlosen Verbindungen<br \/>\nUnterst\u00fctzt dynamische Routing-Protokolle (OSPF, RIP)<br \/>\nUnterst\u00fctzt richtlinienbasiertes Routing f\u00fcr die Aufteilung des Datenverkehrs<br \/>\nUnterst\u00fctzt die Abfrage und Meldung von Ger\u00e4testatusinformationen<br \/>\nUnterst\u00fctzt VLAN-Konfiguration, einschlie\u00dflich mehrerer VLANs mit Tagged- und Untagged-Modus<br \/>\nUnterst\u00fctzt Linux-System f\u00fcr sekund\u00e4re Entwicklung, mit umfassenden Entwicklungsrichtlinien<br \/>\nUnterst\u00fctzt SNMP und StarCloud Platform (Ger\u00e4teverwaltungsplattform)<br \/>\nUnterst\u00fctzt mehrere VPN-Protokolle: PPTP, L2TP, IPsec, OpenVPN, GRE, GRETAP, VXLAN, usw.<\/p>","protected":false},"excerpt":{"rendered":"<h3><\/h3>\n<h3>[tp_attributes num_attributes=\"6\"]<\/h3>\n<h3>Product Description Download<\/h3>\n[showpdf url=\"\/wp-content\/uploads\/2024\/08\/Technical-Specification-for-SR700-Single-Module-V3.0-1.pdf\" name=\" Technical Specification for SR700 Single Module V3.0\" collapse=\"false\" ]\n<p>&nbsp;<\/p>\n","protected":false},"featured_media":1425,"comment_status":"open","ping_status":"closed","template":"","meta":{"themepark_post_bcolor":"#f5f5f5","themepark_post_width":"1022px","themepark_post_img":"","themepark_post_img_po":"left","themepark_post_img_re":false,"themepark_post_img_cover":false,"themepark_post_img_fixed":false,"themepark_post_hide_title":false,"themepark_post_main_b":"","themepark_post_main_p":100,"themepark_paddingblock":false},"product_cat":[40,57],"product_tag":[],"class_list":{"0":"post-817","1":"product","2":"type-product","3":"status-publish","4":"has-post-thumbnail","6":"product_cat-industrial-4g-routers","7":"product_cat-cellular-routers","9":"first","10":"instock","11":"shipping-taxable","12":"product-type-simple"},"yoast_head":"<!-- This site is optimized with the Yoast SEO plugin v23.7 - https:\/\/yoast.com\/wordpress\/plugins\/seo\/ -->\n<title>SR700 Dual SIM 4G Router - KEY-IOT<\/title>\n<meta name=\"robots\" content=\"index, follow, max-snippet:-1, max-image-preview:large, max-video-preview:-1\" \/>\n<link rel=\"canonical\" href=\"https:\/\/www.key-iot.com\/de\/produkt\/sr700-dual-sim-lte-router\/\" \/>\n<meta property=\"og:locale\" content=\"de_DE\" \/>\n<meta property=\"og:type\" content=\"article\" \/>\n<meta property=\"og:title\" content=\"SR700 Dual SIM 4G Router - KEY-IOT\" \/>\n<meta property=\"og:description\" content=\"Product Description Download   &nbsp;\" \/>\n<meta property=\"og:url\" content=\"https:\/\/www.key-iot.com\/de\/produkt\/sr700-dual-sim-lte-router\/\" \/>\n<meta property=\"og:site_name\" content=\"KEY-IOT\" \/>\n<meta property=\"article:modified_time\" content=\"2025-06-16T00:59:06+00:00\" \/>\n<meta property=\"og:image\" content=\"https:\/\/www.key-iot.com\/wp-content\/uploads\/2024\/08\/\u5934\u56fe-2.jpg\" \/>\n\t<meta property=\"og:image:width\" content=\"414\" \/>\n\t<meta property=\"og:image:height\" content=\"414\" \/>\n\t<meta property=\"og:image:type\" content=\"image\/jpeg\" \/>\n<meta name=\"twitter:card\" content=\"summary_large_image\" \/>\n<meta name=\"twitter:label1\" content=\"Gesch\u00e4tzte Lesezeit\" \/>\n\t<meta name=\"twitter:data1\" content=\"2\u00a0Minuten\" \/>\n<script type=\"application\/ld+json\" class=\"yoast-schema-graph\">{\"@context\":\"https:\/\/schema.org\",\"@graph\":[{\"@type\":\"WebPage\",\"@id\":\"https:\/\/www.key-iot.com\/product\/sr700-dual-sim-lte-router\/\",\"url\":\"https:\/\/www.key-iot.com\/product\/sr700-dual-sim-lte-router\/\",\"name\":\"SR700 Dual SIM 4G Router - KEY-IOT\",\"isPartOf\":{\"@id\":\"https:\/\/www.key-iot.com\/#website\"},\"primaryImageOfPage\":{\"@id\":\"https:\/\/www.key-iot.com\/product\/sr700-dual-sim-lte-router\/#primaryimage\"},\"image\":{\"@id\":\"https:\/\/www.key-iot.com\/product\/sr700-dual-sim-lte-router\/#primaryimage\"},\"thumbnailUrl\":\"https:\/\/www.key-iot.com\/wp-content\/uploads\/2024\/08\/\u5934\u56fe-2.jpg\",\"datePublished\":\"2024-08-31T12:39:42+00:00\",\"dateModified\":\"2025-06-16T00:59:06+00:00\",\"breadcrumb\":{\"@id\":\"https:\/\/www.key-iot.com\/product\/sr700-dual-sim-lte-router\/#breadcrumb\"},\"inLanguage\":\"de\",\"potentialAction\":[{\"@type\":\"ReadAction\",\"target\":[\"https:\/\/www.key-iot.com\/product\/sr700-dual-sim-lte-router\/\"]}]},{\"@type\":\"ImageObject\",\"inLanguage\":\"de\",\"@id\":\"https:\/\/www.key-iot.com\/product\/sr700-dual-sim-lte-router\/#primaryimage\",\"url\":\"https:\/\/www.key-iot.com\/wp-content\/uploads\/2024\/08\/\u5934\u56fe-2.jpg\",\"contentUrl\":\"https:\/\/www.key-iot.com\/wp-content\/uploads\/2024\/08\/\u5934\u56fe-2.jpg\",\"width\":414,\"height\":414,\"caption\":\"SR700 Dual SIM 4G Router\"},{\"@type\":\"BreadcrumbList\",\"@id\":\"https:\/\/www.key-iot.com\/product\/sr700-dual-sim-lte-router\/#breadcrumb\",\"itemListElement\":[{\"@type\":\"ListItem\",\"position\":1,\"name\":\"Home\",\"item\":\"https:\/\/www.key-iot.com\/\"},{\"@type\":\"ListItem\",\"position\":2,\"name\":\"shop\",\"item\":\"https:\/\/www.key-iot.com\/shop\/\"},{\"@type\":\"ListItem\",\"position\":3,\"name\":\"SR700 Dual SIM 4G Router\"}]},{\"@type\":\"WebSite\",\"@id\":\"https:\/\/www.key-iot.com\/#website\",\"url\":\"https:\/\/www.key-iot.com\/\",\"name\":\"KEY-IOT\",\"description\":\"Industrial Cellular Routers\/ IoT Gateway\",\"potentialAction\":[{\"@type\":\"SearchAction\",\"target\":{\"@type\":\"EntryPoint\",\"urlTemplate\":\"https:\/\/www.key-iot.com\/?s={search_term_string}\"},\"query-input\":{\"@type\":\"PropertyValueSpecification\",\"valueRequired\":true,\"valueName\":\"search_term_string\"}}],\"inLanguage\":\"de\"}]}<\/script>\n<!-- \/ Yoast SEO plugin. -->","yoast_head_json":{"title":"SR700 Dual SIM 4G Router - KEY-IOT","robots":{"index":"index","follow":"follow","max-snippet":"max-snippet:-1","max-image-preview":"max-image-preview:large","max-video-preview":"max-video-preview:-1"},"canonical":"https:\/\/www.key-iot.com\/de\/produkt\/sr700-dual-sim-lte-router\/","og_locale":"de_DE","og_type":"article","og_title":"SR700 Dual SIM 4G Router - KEY-IOT","og_description":"Product Description Download   &nbsp;","og_url":"https:\/\/www.key-iot.com\/de\/produkt\/sr700-dual-sim-lte-router\/","og_site_name":"KEY-IOT","article_modified_time":"2025-06-16T00:59:06+00:00","og_image":[{"width":414,"height":414,"url":"https:\/\/www.key-iot.com\/wp-content\/uploads\/2024\/08\/\u5934\u56fe-2.jpg","type":"image\/jpeg"}],"twitter_card":"summary_large_image","twitter_misc":{"Gesch\u00e4tzte Lesezeit":"2\u00a0Minuten"},"schema":{"@context":"https:\/\/schema.org","@graph":[{"@type":"WebPage","@id":"https:\/\/www.key-iot.com\/product\/sr700-dual-sim-lte-router\/","url":"https:\/\/www.key-iot.com\/product\/sr700-dual-sim-lte-router\/","name":"SR700 Dual SIM 4G Router - KEY-IOT","isPartOf":{"@id":"https:\/\/www.key-iot.com\/#website"},"primaryImageOfPage":{"@id":"https:\/\/www.key-iot.com\/product\/sr700-dual-sim-lte-router\/#primaryimage"},"image":{"@id":"https:\/\/www.key-iot.com\/product\/sr700-dual-sim-lte-router\/#primaryimage"},"thumbnailUrl":"https:\/\/www.key-iot.com\/wp-content\/uploads\/2024\/08\/\u5934\u56fe-2.jpg","datePublished":"2024-08-31T12:39:42+00:00","dateModified":"2025-06-16T00:59:06+00:00","breadcrumb":{"@id":"https:\/\/www.key-iot.com\/product\/sr700-dual-sim-lte-router\/#breadcrumb"},"inLanguage":"de","potentialAction":[{"@type":"ReadAction","target":["https:\/\/www.key-iot.com\/product\/sr700-dual-sim-lte-router\/"]}]},{"@type":"ImageObject","inLanguage":"de","@id":"https:\/\/www.key-iot.com\/product\/sr700-dual-sim-lte-router\/#primaryimage","url":"https:\/\/www.key-iot.com\/wp-content\/uploads\/2024\/08\/\u5934\u56fe-2.jpg","contentUrl":"https:\/\/www.key-iot.com\/wp-content\/uploads\/2024\/08\/\u5934\u56fe-2.jpg","width":414,"height":414,"caption":"SR700 Dual SIM 4G Router"},{"@type":"BreadcrumbList","@id":"https:\/\/www.key-iot.com\/product\/sr700-dual-sim-lte-router\/#breadcrumb","itemListElement":[{"@type":"ListItem","position":1,"name":"Home","item":"https:\/\/www.key-iot.com\/"},{"@type":"ListItem","position":2,"name":"shop","item":"https:\/\/www.key-iot.com\/shop\/"},{"@type":"ListItem","position":3,"name":"SR700 Dual SIM 4G Router"}]},{"@type":"WebSite","@id":"https:\/\/www.key-iot.com\/#website","url":"https:\/\/www.key-iot.com\/","name":"KEY-IOT","description":"Industrielle Mobilfunk-Router\/ IoT-Gateway","potentialAction":[{"@type":"SearchAction","target":{"@type":"EntryPoint","urlTemplate":"https:\/\/www.key-iot.com\/?s={search_term_string}"},"query-input":{"@type":"PropertyValueSpecification","valueRequired":true,"valueName":"search_term_string"}}],"inLanguage":"de"}]}},"_links":{"self":[{"href":"https:\/\/www.key-iot.com\/de\/wp-json\/wp\/v2\/product\/817","targetHints":{"allow":["GET"]}}],"collection":[{"href":"https:\/\/www.key-iot.com\/de\/wp-json\/wp\/v2\/product"}],"about":[{"href":"https:\/\/www.key-iot.com\/de\/wp-json\/wp\/v2\/types\/product"}],"replies":[{"embeddable":true,"href":"https:\/\/www.key-iot.com\/de\/wp-json\/wp\/v2\/comments?post=817"}],"wp:featuredmedia":[{"embeddable":true,"href":"https:\/\/www.key-iot.com\/de\/wp-json\/wp\/v2\/media\/1425"}],"wp:attachment":[{"href":"https:\/\/www.key-iot.com\/de\/wp-json\/wp\/v2\/media?parent=817"}],"wp:term":[{"taxonomy":"product_cat","embeddable":true,"href":"https:\/\/www.key-iot.com\/de\/wp-json\/wp\/v2\/product_cat?post=817"},{"taxonomy":"product_tag","embeddable":true,"href":"https:\/\/www.key-iot.com\/de\/wp-json\/wp\/v2\/product_tag?post=817"}],"curies":[{"name":"wp","href":"https:\/\/api.w.org\/{rel}","templated":true}]}}