{"id":1136,"date":"2024-09-04T17:10:42","date_gmt":"2024-09-04T09:10:42","guid":{"rendered":"https:\/\/www.key-iot.com\/?post_type=product&#038;p=1136"},"modified":"2024-09-11T15:47:20","modified_gmt":"2024-09-11T07:47:20","slug":"sw005f-5-port-100mbps-industrial-switch","status":"publish","type":"product","link":"https:\/\/www.key-iot.com\/de\/produkt\/sw005f-5-port-100mbps-industrial-switch\/","title":{"rendered":"SW005F 5-Port-Switch"},"content":{"rendered":"<h2 style=\"color: #20c997;\">Revolutionierung der Netzwerkkonnektivit\u00e4t: Der Industrial Ethernet Switch f\u00fcr moderne Industrien<\/h2>\n<p>In der sich schnell entwickelnden Industrielandschaft von heute war der Bedarf an einer robusten und zuverl\u00e4ssigen Netzwerkinfrastruktur noch nie so wichtig wie heute. Hier kommt der SW105G ins Spiel, ein hochmoderner industrieller Ethernet-Switch, der f\u00fcr die anspruchsvollen Anforderungen moderner Industrieumgebungen entwickelt wurde. Dieses leistungsstarke Ger\u00e4t wird die Art und Weise ver\u00e4ndern, wie Unternehmen die Netzwerkkonnektivit\u00e4t in anspruchsvollen Umgebungen angehen.<\/p>\n<div id=\"attachment_1148\" style=\"width: 610px\" class=\"wp-caption aligncenter\"><img decoding=\"async\" aria-describedby=\"caption-attachment-1148\" class=\"wp-image-1148 size-full\" title=\"Industrie-Ethernet-Switch SW005F\" src=\"https:\/\/www.key-iot.com\/wp-content\/uploads\/2024\/09\/1722502934353897.png\" alt=\"Industrie-Ethernet-Switch SW005F\" width=\"600\" height=\"600\" srcset=\"https:\/\/www.key-iot.com\/wp-content\/uploads\/2024\/09\/1722502934353897.png 600w, https:\/\/www.key-iot.com\/wp-content\/uploads\/2024\/09\/1722502934353897-300x300.png 300w, https:\/\/www.key-iot.com\/wp-content\/uploads\/2024\/09\/1722502934353897-150x150.png 150w, https:\/\/www.key-iot.com\/wp-content\/uploads\/2024\/09\/1722502934353897-100x100.png 100w\" sizes=\"(max-width: 600px) 100vw, 600px\" \/><p id=\"caption-attachment-1148\" class=\"wp-caption-text\">Industrie-Ethernet-Switch SW005F<\/p><\/div>\n<h2 style=\"color: #20c997;\">Unerreichte Leistung und Vielseitigkeit<\/h2>\n<p>Der industrielle Ethernet-Switch SW105G zeichnet sich durch eine beeindruckende Reihe von Funktionen aus, die ihn von herk\u00f6mmlichen Netzwerkl\u00f6sungen abheben. Mit seinem 1 Gigabit-Ethernet-Uplink-Port und 4 Gigabit-Ethernet-Downlink-Ports bietet dieser industrielle Ethernet-Switch unvergleichliche Flexibilit\u00e4t und Leistung. Das Ger\u00e4t unterst\u00fctzt 10\/100\/1000Base-TX-Verbindungen und gew\u00e4hrleistet so die Kompatibilit\u00e4t mit einer Vielzahl von Netzwerkger\u00e4ten und -protokollen.<\/p>\n<h2 style=\"color: #20c997;\">Robustes Design f\u00fcr raue Umgebungen<\/h2>\n<p>Eines der herausragenden Merkmale dieses industriellen Ethernet-Switches ist seine F\u00e4higkeit, unter extremen Bedingungen zu arbeiten. Mit einem Betriebstemperaturbereich von -40\u00b0C bis 75\u00b0C ist der SW105G f\u00fcr die h\u00e4rtesten industriellen Umgebungen ausgelegt. Seine kompakte Gr\u00f6\u00dfe und die M\u00f6glichkeit der Hutschienenmontage machen ihn ideal f\u00fcr die Installation in engen R\u00e4umen, w\u00e4hrend die Schutzart IP40 Langlebigkeit und Zuverl\u00e4ssigkeit in staubigen oder schwierigen Umgebungen gew\u00e4hrleistet.<\/p>\n<h2 style=\"color: #20c997;\">Erweiterte Netzwerkf\u00e4higkeiten<\/h2>\n<p>Der industrielle Ethernet-Switch SW105G ist mit modernsten Netzwerkfunktionen ausgestattet, um Leistung und Zuverl\u00e4ssigkeit zu verbessern. Er unterst\u00fctzt Vollduplex- und Halbduplex-Modi mit Auto-Negotiation und gew\u00e4hrleistet so eine optimale Daten\u00fcbertragung in verschiedenen Netzwerkkonfigurationen. Der integrierte Speicher- und Weiterleitungsmechanismus sowie die Unterst\u00fctzung mehrerer Protokolle machen diesen Industrie-Ethernet-Switch zu einer vielseitigen L\u00f6sung f\u00fcr komplexe industrielle Netzwerke.<\/p>\n<div id=\"attachment_1147\" style=\"width: 610px\" class=\"wp-caption aligncenter\"><img decoding=\"async\" aria-describedby=\"caption-attachment-1147\" class=\"wp-image-1147 size-full\" title=\"Industrie-Ethernet-Switch SW005F\" src=\"https:\/\/www.key-iot.com\/wp-content\/uploads\/2024\/09\/1722502930550314.png\" alt=\"Industrie-Ethernet-Switch SW005F\" width=\"600\" height=\"600\" srcset=\"https:\/\/www.key-iot.com\/wp-content\/uploads\/2024\/09\/1722502930550314.png 600w, https:\/\/www.key-iot.com\/wp-content\/uploads\/2024\/09\/1722502930550314-300x300.png 300w, https:\/\/www.key-iot.com\/wp-content\/uploads\/2024\/09\/1722502930550314-150x150.png 150w, https:\/\/www.key-iot.com\/wp-content\/uploads\/2024\/09\/1722502930550314-100x100.png 100w\" sizes=\"(max-width: 600px) 100vw, 600px\" \/><p id=\"caption-attachment-1147\" class=\"wp-caption-text\">Industrie-Ethernet-Switch SW005F<\/p><\/div>\n<p>&nbsp;<\/p>\n<h2 style=\"color: #20c997;\">Robustes Energiemanagement<\/h2>\n<p>Die Zuverl\u00e4ssigkeit der Stromversorgung ist in industriellen Umgebungen von entscheidender Bedeutung, und der SW105G Industrie-Ethernet-Switch erf\u00fcllt diese Anforderung. Mit einem weiten Eingangsspannungsbereich von DC12~52V und einem eingebauten Verpolungsschutz gew\u00e4hrleistet dieses Ger\u00e4t auch in instabilen Stromversorgungsumgebungen eine konstante Leistung. Die doppelte Stromredundanz erh\u00f6ht die Zuverl\u00e4ssigkeit zus\u00e4tzlich und macht ihn zur idealen Wahl f\u00fcr kritische industrielle Anwendungen.<\/p>\n<h2 style=\"color: #20c997;\">Nahtlose Integration und einfache Verwaltung<\/h2>\n<p>Dieser benutzerfreundliche Industrie-Ethernet-Switch bietet Plug-and-Play-Funktionalit\u00e4t und vereinfacht so die Installation und Konfiguration. Das Ger\u00e4t verf\u00fcgt \u00fcber LED-Anzeigen f\u00fcr die Stromversorgung und den Port-Status, was eine schnelle Fehlersuche und \u00dcberwachung erm\u00f6glicht. Seine Kompatibilit\u00e4t mit verschiedenen Industriestandards, einschlie\u00dflich FCC, CE und ROHS, gew\u00e4hrleistet eine nahtlose Integration in bestehende industrielle Netzwerke.<\/p>\n<h2 style=\"color: #20c997;\">Ausweitung der Netzwerk-M\u00f6glichkeiten<\/h2>\n<p>Der Industrie-Ethernet-Switch SW105G er\u00f6ffnet neue M\u00f6glichkeiten f\u00fcr industrielle Netzwerke. Dank seiner hohen Leistungsf\u00e4higkeit eignet er sich f\u00fcr eine breite Palette von Anwendungen, darunter:<br \/>\nSysteme zur Fabrikautomatisierung<br \/>\nIntelligente Produktionsanlagen<br \/>\nIndustrielle IoT-Eins\u00e4tze<br \/>\nTransport- und Verkehrsmanagementsysteme<br \/>\n\u00d6l- und Gasf\u00f6rderanlagen<br \/>\nStromerzeugungs- und -verteilungsnetze<\/p>\n<h2 style=\"color: #20c997;\">Technische Daten auf einen Blick<\/h2>\n<p>5 RJ45-Anschl\u00fcsse (10\/100\/1000BaseT(X) automatische Erkennung)<br \/>\nSpeicher- und Vorw\u00e4rts\u00fcbertragungsmodus<br \/>\n2K MAC-Adresskapazit\u00e4t<br \/>\n14Gbps Backplane-Bandbreite<br \/>\nGeringe Leistungsaufnahme (\uff1c3W)<br \/>\nEinhaltung zahlreicher Industrienormen (FCC, CE, ROHS)<br \/>\nMTBF \u2265300000 Stunden<\/p>\n<p>&nbsp;<\/p>\n<div id=\"attachment_1150\" style=\"width: 947px\" class=\"wp-caption aligncenter\"><img decoding=\"async\" aria-describedby=\"caption-attachment-1150\" class=\"wp-image-1150 size-full\" title=\"Produktanwendungsdiagramm\" src=\"https:\/\/www.key-iot.com\/wp-content\/uploads\/2024\/09\/\u5fae\u4fe1\u56fe\u7247_20240904174719.png\" alt=\"Produktanwendungsdiagramm\" width=\"937\" height=\"621\" srcset=\"https:\/\/www.key-iot.com\/wp-content\/uploads\/2024\/09\/\u5fae\u4fe1\u56fe\u7247_20240904174719.png 937w, https:\/\/www.key-iot.com\/wp-content\/uploads\/2024\/09\/\u5fae\u4fe1\u56fe\u7247_20240904174719-300x199.png 300w, https:\/\/www.key-iot.com\/wp-content\/uploads\/2024\/09\/\u5fae\u4fe1\u56fe\u7247_20240904174719-768x509.png 768w, https:\/\/www.key-iot.com\/wp-content\/uploads\/2024\/09\/\u5fae\u4fe1\u56fe\u7247_20240904174719-600x398.png 600w\" sizes=\"(max-width: 937px) 100vw, 937px\" \/><p id=\"caption-attachment-1150\" class=\"wp-caption-text\">Produktanwendungsdiagramm<\/p><\/div>\n<h2 style=\"color: #20c997;\">Die Zukunft der industriellen Vernetzung<\/h2>\n<p>Mit der Weiterentwicklung der Industrie und dem digitalen Wandel wird die Rolle robuster Netzwerkl\u00f6sungen immer wichtiger. Der industrielle Ethernet-Switch SW105G repr\u00e4sentiert die Zukunft der industriellen Vernetzung und bietet eine perfekte Mischung aus Leistung, Zuverl\u00e4ssigkeit und Vielseitigkeit. Ganz gleich, ob Sie eine bestehende Infrastruktur aufr\u00fcsten oder ein neues industrielles Netzwerk von Grund auf aufbauen, dieser industrielle Ethernet-Switch wird zu einer unverzichtbaren Komponente Ihrer Konnektivit\u00e4tsstrategie.<\/p>\n<h2 style=\"color: #20c997;\">Schlussfolgerung: St\u00e4rkung der industriellen Innovation<\/h2>\n<p>Der SW105G Industrie-Ethernet-Switch ist mehr als nur ein Netzwerkger\u00e4t; er ist ein Katalysator f\u00fcr industrielle Innovationen. Durch die Bereitstellung zuverl\u00e4ssiger Hochgeschwindigkeitsverbindungen selbst in den schwierigsten Umgebungen erm\u00f6glicht dieser industrielle Ethernet-Switch Unternehmen, die Grenzen des M\u00f6glichen in der industriellen Automatisierung, im IoT und in der intelligenten Fertigung zu erweitern. Auf dem Weg in eine zunehmend vernetzte industrielle Zukunft ist der SW105G bereit, die sich entwickelnden Anforderungen moderner Industrien zu erf\u00fcllen und sicherzustellen, dass Ihre Netzwerkinfrastruktur immer einen Schritt voraus ist.<\/p>","protected":false},"excerpt":{"rendered":"<h3>[tp_attributes num_attributes=\"6\"]<\/h3>\n<h3>Product Description Download<\/h3>\n[showpdf url=\"\/wp-content\/uploads\/2024\/09\/20240615115702817.pdf\" name=\"Technical Specification for SW105G \u2013 5-Port Ethernet Switch\" collapse=\"false\" ]\n<p>&nbsp;<\/p>\n","protected":false},"featured_media":1525,"comment_status":"open","ping_status":"closed","template":"","meta":{"themepark_post_bcolor":"#f5f5f5","themepark_post_width":"1022px","themepark_post_img":"","themepark_post_img_po":"left","themepark_post_img_re":false,"themepark_post_img_cover":false,"themepark_post_img_fixed":false,"themepark_post_hide_title":false,"themepark_post_main_b":"","themepark_post_main_p":100,"themepark_paddingblock":false},"product_cat":[45],"product_tag":[],"class_list":{"0":"post-1136","1":"product","2":"type-product","3":"status-publish","4":"has-post-thumbnail","6":"product_cat-industrial-ethernet-switches","8":"first","9":"instock","10":"shipping-taxable","11":"product-type-simple"},"yoast_head":"<!-- This site is optimized with the Yoast SEO plugin v23.7 - https:\/\/yoast.com\/wordpress\/plugins\/seo\/ -->\n<title>SW005F 5-Port Switch - KEY-IOT<\/title>\n<meta name=\"robots\" content=\"index, follow, max-snippet:-1, max-image-preview:large, max-video-preview:-1\" \/>\n<link rel=\"canonical\" href=\"https:\/\/www.key-iot.com\/de\/produkt\/sw005f-5-port-100mbps-industrial-switch\/\" \/>\n<meta property=\"og:locale\" content=\"de_DE\" \/>\n<meta property=\"og:type\" content=\"article\" \/>\n<meta property=\"og:title\" content=\"SW005F 5-Port Switch - KEY-IOT\" \/>\n<meta property=\"og:description\" content=\"Product Description Download   &nbsp;\" \/>\n<meta property=\"og:url\" content=\"https:\/\/www.key-iot.com\/de\/produkt\/sw005f-5-port-100mbps-industrial-switch\/\" \/>\n<meta property=\"og:site_name\" content=\"KEY-IOT\" \/>\n<meta property=\"article:modified_time\" content=\"2024-09-11T07:47:20+00:00\" \/>\n<meta property=\"og:image\" content=\"https:\/\/www.key-iot.com\/wp-content\/uploads\/2024\/09\/\u5934\u56fe-24.jpg\" \/>\n\t<meta property=\"og:image:width\" content=\"414\" \/>\n\t<meta property=\"og:image:height\" content=\"414\" \/>\n\t<meta property=\"og:image:type\" content=\"image\/jpeg\" \/>\n<meta name=\"twitter:card\" content=\"summary_large_image\" \/>\n<meta name=\"twitter:label1\" content=\"Gesch\u00e4tzte Lesezeit\" \/>\n\t<meta name=\"twitter:data1\" content=\"3\u00a0Minuten\" \/>\n<script type=\"application\/ld+json\" class=\"yoast-schema-graph\">{\"@context\":\"https:\/\/schema.org\",\"@graph\":[{\"@type\":\"WebPage\",\"@id\":\"https:\/\/www.key-iot.com\/product\/sw005f-5-port-100mbps-industrial-switch\/\",\"url\":\"https:\/\/www.key-iot.com\/product\/sw005f-5-port-100mbps-industrial-switch\/\",\"name\":\"SW005F 5-Port Switch - KEY-IOT\",\"isPartOf\":{\"@id\":\"https:\/\/www.key-iot.com\/#website\"},\"primaryImageOfPage\":{\"@id\":\"https:\/\/www.key-iot.com\/product\/sw005f-5-port-100mbps-industrial-switch\/#primaryimage\"},\"image\":{\"@id\":\"https:\/\/www.key-iot.com\/product\/sw005f-5-port-100mbps-industrial-switch\/#primaryimage\"},\"thumbnailUrl\":\"https:\/\/www.key-iot.com\/wp-content\/uploads\/2024\/09\/\u5934\u56fe-24.jpg\",\"datePublished\":\"2024-09-04T09:10:42+00:00\",\"dateModified\":\"2024-09-11T07:47:20+00:00\",\"breadcrumb\":{\"@id\":\"https:\/\/www.key-iot.com\/product\/sw005f-5-port-100mbps-industrial-switch\/#breadcrumb\"},\"inLanguage\":\"de\",\"potentialAction\":[{\"@type\":\"ReadAction\",\"target\":[\"https:\/\/www.key-iot.com\/product\/sw005f-5-port-100mbps-industrial-switch\/\"]}]},{\"@type\":\"ImageObject\",\"inLanguage\":\"de\",\"@id\":\"https:\/\/www.key-iot.com\/product\/sw005f-5-port-100mbps-industrial-switch\/#primaryimage\",\"url\":\"https:\/\/www.key-iot.com\/wp-content\/uploads\/2024\/09\/\u5934\u56fe-24.jpg\",\"contentUrl\":\"https:\/\/www.key-iot.com\/wp-content\/uploads\/2024\/09\/\u5934\u56fe-24.jpg\",\"width\":414,\"height\":414,\"caption\":\"SW005F 5-Port Switch\"},{\"@type\":\"BreadcrumbList\",\"@id\":\"https:\/\/www.key-iot.com\/product\/sw005f-5-port-100mbps-industrial-switch\/#breadcrumb\",\"itemListElement\":[{\"@type\":\"ListItem\",\"position\":1,\"name\":\"Home\",\"item\":\"https:\/\/www.key-iot.com\/\"},{\"@type\":\"ListItem\",\"position\":2,\"name\":\"shop\",\"item\":\"https:\/\/www.key-iot.com\/shop\/\"},{\"@type\":\"ListItem\",\"position\":3,\"name\":\"SW005F 5-Port Switch\"}]},{\"@type\":\"WebSite\",\"@id\":\"https:\/\/www.key-iot.com\/#website\",\"url\":\"https:\/\/www.key-iot.com\/\",\"name\":\"KEY-IOT\",\"description\":\"Industrial Cellular Routers\/ IoT Gateway\",\"potentialAction\":[{\"@type\":\"SearchAction\",\"target\":{\"@type\":\"EntryPoint\",\"urlTemplate\":\"https:\/\/www.key-iot.com\/?s={search_term_string}\"},\"query-input\":{\"@type\":\"PropertyValueSpecification\",\"valueRequired\":true,\"valueName\":\"search_term_string\"}}],\"inLanguage\":\"de\"}]}<\/script>\n<!-- \/ Yoast SEO plugin. -->","yoast_head_json":{"title":"SW005F 5-Port Schalter - KEY-IOT","robots":{"index":"index","follow":"follow","max-snippet":"max-snippet:-1","max-image-preview":"max-image-preview:large","max-video-preview":"max-video-preview:-1"},"canonical":"https:\/\/www.key-iot.com\/de\/produkt\/sw005f-5-port-100mbps-industrial-switch\/","og_locale":"de_DE","og_type":"article","og_title":"SW005F 5-Port Switch - KEY-IOT","og_description":"Product Description Download   &nbsp;","og_url":"https:\/\/www.key-iot.com\/de\/produkt\/sw005f-5-port-100mbps-industrial-switch\/","og_site_name":"KEY-IOT","article_modified_time":"2024-09-11T07:47:20+00:00","og_image":[{"width":414,"height":414,"url":"https:\/\/www.key-iot.com\/wp-content\/uploads\/2024\/09\/\u5934\u56fe-24.jpg","type":"image\/jpeg"}],"twitter_card":"summary_large_image","twitter_misc":{"Gesch\u00e4tzte Lesezeit":"3\u00a0Minuten"},"schema":{"@context":"https:\/\/schema.org","@graph":[{"@type":"WebPage","@id":"https:\/\/www.key-iot.com\/product\/sw005f-5-port-100mbps-industrial-switch\/","url":"https:\/\/www.key-iot.com\/product\/sw005f-5-port-100mbps-industrial-switch\/","name":"SW005F 5-Port Schalter - KEY-IOT","isPartOf":{"@id":"https:\/\/www.key-iot.com\/#website"},"primaryImageOfPage":{"@id":"https:\/\/www.key-iot.com\/product\/sw005f-5-port-100mbps-industrial-switch\/#primaryimage"},"image":{"@id":"https:\/\/www.key-iot.com\/product\/sw005f-5-port-100mbps-industrial-switch\/#primaryimage"},"thumbnailUrl":"https:\/\/www.key-iot.com\/wp-content\/uploads\/2024\/09\/\u5934\u56fe-24.jpg","datePublished":"2024-09-04T09:10:42+00:00","dateModified":"2024-09-11T07:47:20+00:00","breadcrumb":{"@id":"https:\/\/www.key-iot.com\/product\/sw005f-5-port-100mbps-industrial-switch\/#breadcrumb"},"inLanguage":"de","potentialAction":[{"@type":"ReadAction","target":["https:\/\/www.key-iot.com\/product\/sw005f-5-port-100mbps-industrial-switch\/"]}]},{"@type":"ImageObject","inLanguage":"de","@id":"https:\/\/www.key-iot.com\/product\/sw005f-5-port-100mbps-industrial-switch\/#primaryimage","url":"https:\/\/www.key-iot.com\/wp-content\/uploads\/2024\/09\/\u5934\u56fe-24.jpg","contentUrl":"https:\/\/www.key-iot.com\/wp-content\/uploads\/2024\/09\/\u5934\u56fe-24.jpg","width":414,"height":414,"caption":"SW005F 5-Port Switch"},{"@type":"BreadcrumbList","@id":"https:\/\/www.key-iot.com\/product\/sw005f-5-port-100mbps-industrial-switch\/#breadcrumb","itemListElement":[{"@type":"ListItem","position":1,"name":"Home","item":"https:\/\/www.key-iot.com\/"},{"@type":"ListItem","position":2,"name":"shop","item":"https:\/\/www.key-iot.com\/shop\/"},{"@type":"ListItem","position":3,"name":"SW005F 5-Port Switch"}]},{"@type":"WebSite","@id":"https:\/\/www.key-iot.com\/#website","url":"https:\/\/www.key-iot.com\/","name":"KEY-IOT","description":"Industrielle Mobilfunk-Router\/ IoT-Gateway","potentialAction":[{"@type":"SearchAction","target":{"@type":"EntryPoint","urlTemplate":"https:\/\/www.key-iot.com\/?s={search_term_string}"},"query-input":{"@type":"PropertyValueSpecification","valueRequired":true,"valueName":"search_term_string"}}],"inLanguage":"de"}]}},"_links":{"self":[{"href":"https:\/\/www.key-iot.com\/de\/wp-json\/wp\/v2\/product\/1136","targetHints":{"allow":["GET"]}}],"collection":[{"href":"https:\/\/www.key-iot.com\/de\/wp-json\/wp\/v2\/product"}],"about":[{"href":"https:\/\/www.key-iot.com\/de\/wp-json\/wp\/v2\/types\/product"}],"replies":[{"embeddable":true,"href":"https:\/\/www.key-iot.com\/de\/wp-json\/wp\/v2\/comments?post=1136"}],"wp:featuredmedia":[{"embeddable":true,"href":"https:\/\/www.key-iot.com\/de\/wp-json\/wp\/v2\/media\/1525"}],"wp:attachment":[{"href":"https:\/\/www.key-iot.com\/de\/wp-json\/wp\/v2\/media?parent=1136"}],"wp:term":[{"taxonomy":"product_cat","embeddable":true,"href":"https:\/\/www.key-iot.com\/de\/wp-json\/wp\/v2\/product_cat?post=1136"},{"taxonomy":"product_tag","embeddable":true,"href":"https:\/\/www.key-iot.com\/de\/wp-json\/wp\/v2\/product_tag?post=1136"}],"curies":[{"name":"wp","href":"https:\/\/api.w.org\/{rel}","templated":true}]}}