{"id":1048,"date":"2024-09-03T18:08:09","date_gmt":"2024-09-03T10:08:09","guid":{"rendered":"https:\/\/www.key-iot.com\/?post_type=product&#038;p=1048"},"modified":"2025-04-29T20:51:03","modified_gmt":"2025-04-30T00:51:03","slug":"sg500-energy-consumption-4g-gateway","status":"publish","type":"product","link":"https:\/\/www.key-iot.com\/de\/produkt\/sg500-energy-consumption-4g-gateway\/","title":{"rendered":"SG500 Energieverbrauch Industrielles IOT-Gateway"},"content":{"rendered":"<p><img decoding=\"async\" class=\"wp-image-1059 aligncenter\" title=\"SG500 Energieverbrauch Industrielles IOT-Gateway\" src=\"https:\/\/www.key-iot.com\/wp-content\/uploads\/2024\/09\/20240615071319218.png\" alt=\"SG500 Energieverbrauch Industrielles IOT-Gateway\" width=\"476\" height=\"476\" srcset=\"https:\/\/www.key-iot.com\/wp-content\/uploads\/2024\/09\/20240615071319218.png 600w, https:\/\/www.key-iot.com\/wp-content\/uploads\/2024\/09\/20240615071319218-300x300.png 300w, https:\/\/www.key-iot.com\/wp-content\/uploads\/2024\/09\/20240615071319218-150x150.png 150w, https:\/\/www.key-iot.com\/wp-content\/uploads\/2024\/09\/20240615071319218-100x100.png 100w\" sizes=\"(max-width: 476px) 100vw, 476px\" \/><\/p>\n<p>&nbsp;<\/p>\n<h2><strong>Produkt\u00fcbersicht<\/strong><\/h2>\n<p>Das SG500 ist ein l\u00fcfterloses, eingebettetes Kommunikationsgateway f\u00fcr die Datenerfassung in Energie\u00fcberwachungssystemen von Geb\u00e4uden. Es erf\u00fcllt die Anforderungen f\u00fcr die Energieverbrauchsmessung und die Erfassung von Unterpunktdaten in nationalen Regierungsbeh\u00f6rden, gro\u00dfen \u00f6ffentlichen Geb\u00e4uden, Industrieunternehmen usw. f\u00fcr verschiedene Energieformen wie Wasser, Strom, Gas, \u00d6l, K\u00fchlung und Heizung. In Verbindung mit einfachen und benutzerfreundlichen Softwaretools zur Datenkonfiguration lassen sich die erforderlichen Datenerfassungs- und Upload-Parameter des Rechenzentrums schnell konfigurieren. Die erweiterte Fernwartungsfunktionalit\u00e4t erm\u00f6glicht eine effiziente und bequeme Wartung der Gateways f\u00fcr Datensammler.<\/p>\n<p>&nbsp;<\/p>\n<p><img decoding=\"async\" class=\"wp-image-1056 size-large aligncenter\" title=\"SG500 Energieverbrauch Industrielles IOT-Gateway\" src=\"https:\/\/www.key-iot.com\/wp-content\/uploads\/2024\/09\/20240615072553569-1024x556.png\" alt=\"SG500 Energieverbrauch Industrielles IOT-Gateway\" width=\"1024\" height=\"556\" srcset=\"https:\/\/www.key-iot.com\/wp-content\/uploads\/2024\/09\/20240615072553569-1024x556.png 1024w, https:\/\/www.key-iot.com\/wp-content\/uploads\/2024\/09\/20240615072553569-300x163.png 300w, https:\/\/www.key-iot.com\/wp-content\/uploads\/2024\/09\/20240615072553569-768x417.png 768w, https:\/\/www.key-iot.com\/wp-content\/uploads\/2024\/09\/20240615072553569-600x326.png 600w, https:\/\/www.key-iot.com\/wp-content\/uploads\/2024\/09\/20240615072553569.png 1083w\" sizes=\"(max-width: 1024px) 100vw, 1024px\" \/><\/p>\n<h2><strong>Produktmerkmale<\/strong><\/h2>\n<p>Unterst\u00fctzt 4G-Vollnetz<\/p>\n<p>Unterst\u00fctzt Schienen- und Desktop-Installation<\/p>\n<p>Unterst\u00fctzt kabelgebundene und kabellose gegenseitige Sicherung<\/p>\n<p>Unterst\u00fctzt den effizienten Abschluss einer gro\u00df angelegten Ger\u00e4tenetzeinf\u00fchrung<\/p>\n<p>Unterst\u00fctzt Standby-Stromversorgung und Alarmfunktionen bei Stromausfall (optional)<\/p>\n<p>Vollst\u00e4ndig industrielles Design, geeignet f\u00fcr Herausforderungen unter rauen Bedingungen<\/p>\n<p>Unterst\u00fctzt verschiedene VPN-Funktionen, einschlie\u00dflich PPTP, L2TP, IPSEC, OPENVPN, GRE, GRETAP, Vxlan, etc.<\/p>\n<p>Unterst\u00fctzt SNMP und die StarCloud STAR DEVICE MANAGER Plattform f\u00fcr effizientes zentralisiertes Remote-Netzwerkmanagement<\/p>\n<p>Unterst\u00fctzt das Linux OpenWrt-System, erleichtert die Sekund\u00e4rentwicklung f\u00fcr Benutzer und bietet umfassende Anleitungen f\u00fcr die Sekund\u00e4rentwicklung<\/p>\n<p>4 unabh\u00e4ngige isolierte serielle RS485-Schnittstellen, auch als RS232 nutzbar, 1 RS232 (CONSOLE), 2 RJ-45 Ethernet-Schnittstellen<\/p>\n<div class=\"mceTemp\"><\/div>\n<p>&nbsp;<\/p>","protected":false},"excerpt":{"rendered":"<h3>[tp_attributes num_attributes=\"6\"]<\/h3>\n<h3>Product Description Download<\/h3>\n[showpdf url=\"\/wp-content\/uploads\/2024\/09\/Technical-Specification-for-SG500-4G-Industrial-Energy-Consumption-Gateway-V2.1.pdf\" name=\" SG500 4G Industrial Energy Consumption Gateway\" collapse=\"false\" ]\n<p>&nbsp;<\/p>\n<p>&nbsp;<\/p>\n","protected":false},"featured_media":1497,"comment_status":"open","ping_status":"closed","template":"","meta":{"themepark_post_bcolor":"#f5f5f5","themepark_post_width":"1022px","themepark_post_img":"","themepark_post_img_po":"left","themepark_post_img_re":false,"themepark_post_img_cover":false,"themepark_post_img_fixed":false,"themepark_post_hide_title":false,"themepark_post_main_b":"","themepark_post_main_p":100,"themepark_paddingblock":false},"product_cat":[44],"product_tag":[],"class_list":{"0":"post-1048","1":"product","2":"type-product","3":"status-publish","4":"has-post-thumbnail","6":"product_cat-industrial-iot-gateway","8":"first","9":"instock","10":"shipping-taxable","11":"product-type-simple"},"yoast_head":"<!-- This site is optimized with the Yoast SEO plugin v23.7 - https:\/\/yoast.com\/wordpress\/plugins\/seo\/ -->\n<title>SG500 Energy Consumption Industrial IOT Gateway - KEY-IOT<\/title>\n<meta name=\"robots\" content=\"index, follow, max-snippet:-1, max-image-preview:large, max-video-preview:-1\" \/>\n<link rel=\"canonical\" href=\"https:\/\/www.key-iot.com\/de\/produkt\/sg500-energy-consumption-4g-gateway\/\" \/>\n<meta property=\"og:locale\" content=\"de_DE\" \/>\n<meta property=\"og:type\" content=\"article\" \/>\n<meta property=\"og:title\" content=\"SG500 Energy Consumption Industrial IOT Gateway - KEY-IOT\" \/>\n<meta property=\"og:description\" content=\"Product Description Download   &nbsp;  &nbsp;\" \/>\n<meta property=\"og:url\" content=\"https:\/\/www.key-iot.com\/de\/produkt\/sg500-energy-consumption-4g-gateway\/\" \/>\n<meta property=\"og:site_name\" content=\"KEY-IOT\" \/>\n<meta property=\"article:modified_time\" content=\"2025-04-30T00:51:03+00:00\" \/>\n<meta property=\"og:image\" content=\"https:\/\/www.key-iot.com\/wp-content\/uploads\/2024\/09\/\u5934\u56fe-18.jpg\" \/>\n\t<meta property=\"og:image:width\" content=\"414\" \/>\n\t<meta property=\"og:image:height\" content=\"414\" \/>\n\t<meta property=\"og:image:type\" content=\"image\/jpeg\" \/>\n<meta name=\"twitter:card\" content=\"summary_large_image\" \/>\n<meta name=\"twitter:label1\" content=\"Gesch\u00e4tzte Lesezeit\" \/>\n\t<meta name=\"twitter:data1\" content=\"2\u00a0Minuten\" \/>\n<script type=\"application\/ld+json\" class=\"yoast-schema-graph\">{\"@context\":\"https:\/\/schema.org\",\"@graph\":[{\"@type\":\"WebPage\",\"@id\":\"https:\/\/www.key-iot.com\/product\/sg500-energy-consumption-4g-gateway\/\",\"url\":\"https:\/\/www.key-iot.com\/product\/sg500-energy-consumption-4g-gateway\/\",\"name\":\"SG500 Energy Consumption Industrial IOT Gateway - KEY-IOT\",\"isPartOf\":{\"@id\":\"https:\/\/www.key-iot.com\/#website\"},\"primaryImageOfPage\":{\"@id\":\"https:\/\/www.key-iot.com\/product\/sg500-energy-consumption-4g-gateway\/#primaryimage\"},\"image\":{\"@id\":\"https:\/\/www.key-iot.com\/product\/sg500-energy-consumption-4g-gateway\/#primaryimage\"},\"thumbnailUrl\":\"https:\/\/www.key-iot.com\/wp-content\/uploads\/2024\/09\/\u5934\u56fe-18.jpg\",\"datePublished\":\"2024-09-03T10:08:09+00:00\",\"dateModified\":\"2025-04-30T00:51:03+00:00\",\"breadcrumb\":{\"@id\":\"https:\/\/www.key-iot.com\/product\/sg500-energy-consumption-4g-gateway\/#breadcrumb\"},\"inLanguage\":\"de\",\"potentialAction\":[{\"@type\":\"ReadAction\",\"target\":[\"https:\/\/www.key-iot.com\/product\/sg500-energy-consumption-4g-gateway\/\"]}]},{\"@type\":\"ImageObject\",\"inLanguage\":\"de\",\"@id\":\"https:\/\/www.key-iot.com\/product\/sg500-energy-consumption-4g-gateway\/#primaryimage\",\"url\":\"https:\/\/www.key-iot.com\/wp-content\/uploads\/2024\/09\/\u5934\u56fe-18.jpg\",\"contentUrl\":\"https:\/\/www.key-iot.com\/wp-content\/uploads\/2024\/09\/\u5934\u56fe-18.jpg\",\"width\":414,\"height\":414,\"caption\":\"SG500 Energy Consumption Industrial IOT Gateway\"},{\"@type\":\"BreadcrumbList\",\"@id\":\"https:\/\/www.key-iot.com\/product\/sg500-energy-consumption-4g-gateway\/#breadcrumb\",\"itemListElement\":[{\"@type\":\"ListItem\",\"position\":1,\"name\":\"Home\",\"item\":\"https:\/\/www.key-iot.com\/\"},{\"@type\":\"ListItem\",\"position\":2,\"name\":\"shop\",\"item\":\"https:\/\/www.key-iot.com\/shop\/\"},{\"@type\":\"ListItem\",\"position\":3,\"name\":\"SG500 Energy Consumption Industrial IOT Gateway\"}]},{\"@type\":\"WebSite\",\"@id\":\"https:\/\/www.key-iot.com\/#website\",\"url\":\"https:\/\/www.key-iot.com\/\",\"name\":\"KEY-IOT\",\"description\":\"Industrial Cellular Routers\/ IoT Gateway\",\"potentialAction\":[{\"@type\":\"SearchAction\",\"target\":{\"@type\":\"EntryPoint\",\"urlTemplate\":\"https:\/\/www.key-iot.com\/?s={search_term_string}\"},\"query-input\":{\"@type\":\"PropertyValueSpecification\",\"valueRequired\":true,\"valueName\":\"search_term_string\"}}],\"inLanguage\":\"de\"}]}<\/script>\n<!-- \/ Yoast SEO plugin. -->","yoast_head_json":{"title":"SG500 Energieverbrauch Industrielles IOT-Gateway - KEY-IOT","robots":{"index":"index","follow":"follow","max-snippet":"max-snippet:-1","max-image-preview":"max-image-preview:large","max-video-preview":"max-video-preview:-1"},"canonical":"https:\/\/www.key-iot.com\/de\/produkt\/sg500-energy-consumption-4g-gateway\/","og_locale":"de_DE","og_type":"article","og_title":"SG500 Energy Consumption Industrial IOT Gateway - KEY-IOT","og_description":"Product Description Download   &nbsp;  &nbsp;","og_url":"https:\/\/www.key-iot.com\/de\/produkt\/sg500-energy-consumption-4g-gateway\/","og_site_name":"KEY-IOT","article_modified_time":"2025-04-30T00:51:03+00:00","og_image":[{"width":414,"height":414,"url":"https:\/\/www.key-iot.com\/wp-content\/uploads\/2024\/09\/\u5934\u56fe-18.jpg","type":"image\/jpeg"}],"twitter_card":"summary_large_image","twitter_misc":{"Gesch\u00e4tzte Lesezeit":"2\u00a0Minuten"},"schema":{"@context":"https:\/\/schema.org","@graph":[{"@type":"WebPage","@id":"https:\/\/www.key-iot.com\/product\/sg500-energy-consumption-4g-gateway\/","url":"https:\/\/www.key-iot.com\/product\/sg500-energy-consumption-4g-gateway\/","name":"SG500 Energieverbrauch Industrielles IOT-Gateway - KEY-IOT","isPartOf":{"@id":"https:\/\/www.key-iot.com\/#website"},"primaryImageOfPage":{"@id":"https:\/\/www.key-iot.com\/product\/sg500-energy-consumption-4g-gateway\/#primaryimage"},"image":{"@id":"https:\/\/www.key-iot.com\/product\/sg500-energy-consumption-4g-gateway\/#primaryimage"},"thumbnailUrl":"https:\/\/www.key-iot.com\/wp-content\/uploads\/2024\/09\/\u5934\u56fe-18.jpg","datePublished":"2024-09-03T10:08:09+00:00","dateModified":"2025-04-30T00:51:03+00:00","breadcrumb":{"@id":"https:\/\/www.key-iot.com\/product\/sg500-energy-consumption-4g-gateway\/#breadcrumb"},"inLanguage":"de","potentialAction":[{"@type":"ReadAction","target":["https:\/\/www.key-iot.com\/product\/sg500-energy-consumption-4g-gateway\/"]}]},{"@type":"ImageObject","inLanguage":"de","@id":"https:\/\/www.key-iot.com\/product\/sg500-energy-consumption-4g-gateway\/#primaryimage","url":"https:\/\/www.key-iot.com\/wp-content\/uploads\/2024\/09\/\u5934\u56fe-18.jpg","contentUrl":"https:\/\/www.key-iot.com\/wp-content\/uploads\/2024\/09\/\u5934\u56fe-18.jpg","width":414,"height":414,"caption":"SG500 Energy Consumption Industrial IOT Gateway"},{"@type":"BreadcrumbList","@id":"https:\/\/www.key-iot.com\/product\/sg500-energy-consumption-4g-gateway\/#breadcrumb","itemListElement":[{"@type":"ListItem","position":1,"name":"Home","item":"https:\/\/www.key-iot.com\/"},{"@type":"ListItem","position":2,"name":"shop","item":"https:\/\/www.key-iot.com\/shop\/"},{"@type":"ListItem","position":3,"name":"SG500 Energy Consumption Industrial IOT Gateway"}]},{"@type":"WebSite","@id":"https:\/\/www.key-iot.com\/#website","url":"https:\/\/www.key-iot.com\/","name":"KEY-IOT","description":"Industrielle Mobilfunk-Router\/ IoT-Gateway","potentialAction":[{"@type":"SearchAction","target":{"@type":"EntryPoint","urlTemplate":"https:\/\/www.key-iot.com\/?s={search_term_string}"},"query-input":{"@type":"PropertyValueSpecification","valueRequired":true,"valueName":"search_term_string"}}],"inLanguage":"de"}]}},"_links":{"self":[{"href":"https:\/\/www.key-iot.com\/de\/wp-json\/wp\/v2\/product\/1048","targetHints":{"allow":["GET"]}}],"collection":[{"href":"https:\/\/www.key-iot.com\/de\/wp-json\/wp\/v2\/product"}],"about":[{"href":"https:\/\/www.key-iot.com\/de\/wp-json\/wp\/v2\/types\/product"}],"replies":[{"embeddable":true,"href":"https:\/\/www.key-iot.com\/de\/wp-json\/wp\/v2\/comments?post=1048"}],"wp:featuredmedia":[{"embeddable":true,"href":"https:\/\/www.key-iot.com\/de\/wp-json\/wp\/v2\/media\/1497"}],"wp:attachment":[{"href":"https:\/\/www.key-iot.com\/de\/wp-json\/wp\/v2\/media?parent=1048"}],"wp:term":[{"taxonomy":"product_cat","embeddable":true,"href":"https:\/\/www.key-iot.com\/de\/wp-json\/wp\/v2\/product_cat?post=1048"},{"taxonomy":"product_tag","embeddable":true,"href":"https:\/\/www.key-iot.com\/de\/wp-json\/wp\/v2\/product_tag?post=1048"}],"curies":[{"name":"wp","href":"https:\/\/api.w.org\/{rel}","templated":true}]}}