{"id":1034,"date":"2024-09-03T16:49:59","date_gmt":"2024-09-03T08:49:59","guid":{"rendered":"https:\/\/www.key-iot.com\/?post_type=product&#038;p=1034"},"modified":"2025-10-23T17:40:30","modified_gmt":"2025-10-23T09:40:30","slug":"sv900-unmanned-vehicle-5g-gateway","status":"publish","type":"product","link":"https:\/\/www.key-iot.com\/de\/produkt\/sv900-unmanned-vehicle-5g-gateway\/","title":{"rendered":"5G Fahrzeug-Gateway SV900"},"content":{"rendered":"<p><img decoding=\"async\" class=\"wp-image-2763 size-full aligncenter\" title=\"fahrzeug gateway sv900\" src=\"https:\/\/www.key-iot.com\/wp-content\/uploads\/2024\/09\/vehicle-gateway-sv900.png\" alt=\"fahrzeug gateway sv900\" width=\"600\" height=\"600\" srcset=\"https:\/\/www.key-iot.com\/wp-content\/uploads\/2024\/09\/vehicle-gateway-sv900.png 600w, https:\/\/www.key-iot.com\/wp-content\/uploads\/2024\/09\/vehicle-gateway-sv900-300x300.png 300w, https:\/\/www.key-iot.com\/wp-content\/uploads\/2024\/09\/vehicle-gateway-sv900-150x150.png 150w, https:\/\/www.key-iot.com\/wp-content\/uploads\/2024\/09\/vehicle-gateway-sv900-100x100.png 100w\" sizes=\"(max-width: 600px) 100vw, 600px\" \/><\/p>\n<h1><strong>Produkt\u00fcbersicht<\/strong><\/h1>\n<p>Die Produkte der StarRouter 900 (SV900)-Serie sind IoT-Wireless-Router, die 4G\/5G-Netzwerk- und Virtual Private Network (VPN)-Technologien integrieren. Ausgestattet mit 4G\/5G Wireless Wide-Area Network (WWAN)- und Wi-Fi Wireless Local-Area Network (WLAN)-Technologien bietet dieses Ger\u00e4t ununterbrochenen Zugang zu mehreren Netzwerkverbindungen. Mit umfassenden Sicherheitsfunktionen und drahtlosen Servicef\u00e4higkeiten bietet es den Benutzern schnelle und stabile Daten\u00fcbertragungskan\u00e4le.<\/p>\n<h2><strong>Produkt <\/strong><strong>F<\/strong><strong>eatures<\/strong><\/h2>\n<p>Unterst\u00fctzt Dual-Mode-Konfigurationen mit optionalen dualen 5G- oder 5G+4G\/Redcap-Modulen<\/p>\n<p>Unterst\u00fctzt SIM\/eSIM-Karten<\/p>\n<p>M12-Steckverbinder in Automobilqualit\u00e4t f\u00fcr sichere und zuverl\u00e4ssige Leistung<\/p>\n<p>Unterst\u00fctzt GPS\/BeiDou (optional)<\/p>\n<p>Unterst\u00fctzt WIFI6 (optional)<\/p>\n<p>Unterst\u00fctzt Linux-System f\u00fcr sekund\u00e4re Entwicklung, mit umfassenden Entwicklungsrichtlinien<\/p>\n<h2>Topologie-Diagramm<\/h2>\n<p><img decoding=\"async\" class=\"size-large wp-image-3586 aligncenter\" src=\"https:\/\/www.key-iot.com\/wp-content\/uploads\/2024\/09\/\u5fae\u4fe1\u56fe\u7247_20250430161801-1024x440.png\" alt=\"\" width=\"1024\" height=\"440\" srcset=\"\" sizes=\"(max-width: 1024px) 100vw, 1024px\" data-srcset=\"\" \/><\/p>\n<p>&nbsp;<\/p>\n<p>&nbsp;<\/p>\n<p><iframe title=\"YouTube-Video-Player\" src=\"https:\/\/www.youtube.com\/embed\/DrPOG7MnVZw?si=sYQwL5qYPK-oywpu\" width=\"560\" height=\"315\" frameborder=\"0\" allowfullscreen=\"allowfullscreen\"><\/iframe><\/p>","protected":false},"excerpt":{"rendered":"<p>&nbsp;<\/p>\n<h3>[tp_attributes num_attributes=\"6\"]<\/h3>\n<h3>Product Description Download<\/h3>\n[showpdf url=\"https:\/\/www.key-iot.com\/wp-content\/uploads\/2024\/09\/Technical-Specification-for-SV900-%E2%80%93-5G-Vehicle-Gateway%EF%BC%88V3.1%EF%BC%89.pdf\" name=\"Technical Specification for SV900 \u2013 5G Vehicle Gateway\uff08V3.1\uff09\" collapse=\"false\" ]\n<p>&nbsp;<\/p>\n<p>&nbsp;<\/p>\n","protected":false},"featured_media":1490,"comment_status":"open","ping_status":"closed","template":"","meta":{"themepark_post_bcolor":"#f5f5f5","themepark_post_width":"1022px","themepark_post_img":"","themepark_post_img_po":"left","themepark_post_img_re":false,"themepark_post_img_cover":false,"themepark_post_img_fixed":false,"themepark_post_hide_title":false,"themepark_post_main_b":"","themepark_post_main_p":100,"themepark_paddingblock":false},"product_cat":[82],"product_tag":[],"class_list":{"0":"post-1034","1":"product","2":"type-product","3":"status-publish","4":"has-post-thumbnail","6":"product_cat-vehicle-gateway","8":"first","9":"instock","10":"shipping-taxable","11":"product-type-simple"},"yoast_head":"<!-- This site is optimized with the Yoast SEO plugin v23.7 - https:\/\/yoast.com\/wordpress\/plugins\/seo\/ -->\n<title>5G Vehicle Gateway SV900 - KEY-IOT<\/title>\n<meta name=\"description\" content=\"The SV900 5G Vehicle Gateway represents the next evolution in intelligent fleet connectivity and management solutions. Building upon traditional Vehicle Gateway capabilities, this advanced platform integrates cutting-edge 5G technology for unprecedented performance. Modern fleet operations demand reliable connectivity solutions that can handle increasing data requirements across diverse environments.\u00a0\" \/>\n<meta name=\"robots\" content=\"index, follow, max-snippet:-1, max-image-preview:large, max-video-preview:-1\" \/>\n<link rel=\"canonical\" href=\"https:\/\/www.key-iot.com\/de\/produkt\/sv900-unmanned-vehicle-5g-gateway\/\" \/>\n<meta property=\"og:locale\" content=\"de_DE\" \/>\n<meta property=\"og:type\" content=\"article\" \/>\n<meta property=\"og:title\" content=\"5G Vehicle Gateway SV900 - KEY-IOT\" \/>\n<meta property=\"og:description\" content=\"The SV900 5G Vehicle Gateway represents the next evolution in intelligent fleet connectivity and management solutions. Building upon traditional Vehicle Gateway capabilities, this advanced platform integrates cutting-edge 5G technology for unprecedented performance. Modern fleet operations demand reliable connectivity solutions that can handle increasing data requirements across diverse environments.\u00a0\" \/>\n<meta property=\"og:url\" content=\"https:\/\/www.key-iot.com\/de\/produkt\/sv900-unmanned-vehicle-5g-gateway\/\" \/>\n<meta property=\"og:site_name\" content=\"KEY-IOT\" \/>\n<meta property=\"article:modified_time\" content=\"2025-10-23T09:40:30+00:00\" \/>\n<meta property=\"og:image\" content=\"https:\/\/www.key-iot.com\/wp-content\/uploads\/2024\/09\/\u5934\u56fe-17.jpg\" \/>\n\t<meta property=\"og:image:width\" content=\"414\" \/>\n\t<meta property=\"og:image:height\" content=\"414\" \/>\n\t<meta property=\"og:image:type\" content=\"image\/jpeg\" \/>\n<meta name=\"twitter:card\" content=\"summary_large_image\" \/>\n<meta name=\"twitter:label1\" content=\"Gesch\u00e4tzte Lesezeit\" \/>\n\t<meta name=\"twitter:data1\" content=\"2\u00a0Minuten\" \/>\n<script type=\"application\/ld+json\" class=\"yoast-schema-graph\">{\"@context\":\"https:\/\/schema.org\",\"@graph\":[{\"@type\":\"WebPage\",\"@id\":\"https:\/\/www.key-iot.com\/product\/sv900-unmanned-vehicle-5g-gateway\/\",\"url\":\"https:\/\/www.key-iot.com\/product\/sv900-unmanned-vehicle-5g-gateway\/\",\"name\":\"5G Vehicle Gateway SV900 - KEY-IOT\",\"isPartOf\":{\"@id\":\"https:\/\/www.key-iot.com\/#website\"},\"primaryImageOfPage\":{\"@id\":\"https:\/\/www.key-iot.com\/product\/sv900-unmanned-vehicle-5g-gateway\/#primaryimage\"},\"image\":{\"@id\":\"https:\/\/www.key-iot.com\/product\/sv900-unmanned-vehicle-5g-gateway\/#primaryimage\"},\"thumbnailUrl\":\"https:\/\/www.key-iot.com\/wp-content\/uploads\/2024\/09\/\u5934\u56fe-17.jpg\",\"datePublished\":\"2024-09-03T08:49:59+00:00\",\"dateModified\":\"2025-10-23T09:40:30+00:00\",\"description\":\"The SV900 5G Vehicle Gateway represents the next evolution in intelligent fleet connectivity and management solutions. Building upon traditional Vehicle Gateway capabilities, this advanced platform integrates cutting-edge 5G technology for unprecedented performance. Modern fleet operations demand reliable connectivity solutions that can handle increasing data requirements across diverse environments.\u00a0\",\"breadcrumb\":{\"@id\":\"https:\/\/www.key-iot.com\/product\/sv900-unmanned-vehicle-5g-gateway\/#breadcrumb\"},\"inLanguage\":\"de\",\"potentialAction\":[{\"@type\":\"ReadAction\",\"target\":[\"https:\/\/www.key-iot.com\/product\/sv900-unmanned-vehicle-5g-gateway\/\"]}]},{\"@type\":\"ImageObject\",\"inLanguage\":\"de\",\"@id\":\"https:\/\/www.key-iot.com\/product\/sv900-unmanned-vehicle-5g-gateway\/#primaryimage\",\"url\":\"https:\/\/www.key-iot.com\/wp-content\/uploads\/2024\/09\/\u5934\u56fe-17.jpg\",\"contentUrl\":\"https:\/\/www.key-iot.com\/wp-content\/uploads\/2024\/09\/\u5934\u56fe-17.jpg\",\"width\":414,\"height\":414,\"caption\":\"SV900 Unmanned Vehicle 5G Gateway\"},{\"@type\":\"BreadcrumbList\",\"@id\":\"https:\/\/www.key-iot.com\/product\/sv900-unmanned-vehicle-5g-gateway\/#breadcrumb\",\"itemListElement\":[{\"@type\":\"ListItem\",\"position\":1,\"name\":\"Home\",\"item\":\"https:\/\/www.key-iot.com\/\"},{\"@type\":\"ListItem\",\"position\":2,\"name\":\"shop\",\"item\":\"https:\/\/www.key-iot.com\/shop\/\"},{\"@type\":\"ListItem\",\"position\":3,\"name\":\"5G Vehicle Gateway SV900\"}]},{\"@type\":\"WebSite\",\"@id\":\"https:\/\/www.key-iot.com\/#website\",\"url\":\"https:\/\/www.key-iot.com\/\",\"name\":\"KEY-IOT\",\"description\":\"Industrial Cellular Routers\/ IoT Gateway\",\"potentialAction\":[{\"@type\":\"SearchAction\",\"target\":{\"@type\":\"EntryPoint\",\"urlTemplate\":\"https:\/\/www.key-iot.com\/?s={search_term_string}\"},\"query-input\":{\"@type\":\"PropertyValueSpecification\",\"valueRequired\":true,\"valueName\":\"search_term_string\"}}],\"inLanguage\":\"de\"}]}<\/script>\n<!-- \/ Yoast SEO plugin. -->","yoast_head_json":{"title":"5G Fahrzeug-Gateway SV900 - KEY-IOT","description":"Das SV900 5G Vehicle Gateway stellt die n\u00e4chste Generation intelligenter Flottenkonnektivit\u00e4t und -managementl\u00f6sungen dar. Diese fortschrittliche Plattform baut auf den traditionellen Fahrzeug-Gateway-Funktionen auf und integriert modernste 5G-Technologie f\u00fcr beispiellose Leistung. Der moderne Flottenbetrieb erfordert zuverl\u00e4ssige Konnektivit\u00e4tsl\u00f6sungen, die den steigenden Datenanforderungen in unterschiedlichen Umgebungen gerecht werden.\u00a0","robots":{"index":"index","follow":"follow","max-snippet":"max-snippet:-1","max-image-preview":"max-image-preview:large","max-video-preview":"max-video-preview:-1"},"canonical":"https:\/\/www.key-iot.com\/de\/produkt\/sv900-unmanned-vehicle-5g-gateway\/","og_locale":"de_DE","og_type":"article","og_title":"5G Vehicle Gateway SV900 - KEY-IOT","og_description":"The SV900 5G Vehicle Gateway represents the next evolution in intelligent fleet connectivity and management solutions. Building upon traditional Vehicle Gateway capabilities, this advanced platform integrates cutting-edge 5G technology for unprecedented performance. Modern fleet operations demand reliable connectivity solutions that can handle increasing data requirements across diverse environments.\u00a0","og_url":"https:\/\/www.key-iot.com\/de\/produkt\/sv900-unmanned-vehicle-5g-gateway\/","og_site_name":"KEY-IOT","article_modified_time":"2025-10-23T09:40:30+00:00","og_image":[{"width":414,"height":414,"url":"https:\/\/www.key-iot.com\/wp-content\/uploads\/2024\/09\/\u5934\u56fe-17.jpg","type":"image\/jpeg"}],"twitter_card":"summary_large_image","twitter_misc":{"Gesch\u00e4tzte Lesezeit":"2\u00a0Minuten"},"schema":{"@context":"https:\/\/schema.org","@graph":[{"@type":"WebPage","@id":"https:\/\/www.key-iot.com\/product\/sv900-unmanned-vehicle-5g-gateway\/","url":"https:\/\/www.key-iot.com\/product\/sv900-unmanned-vehicle-5g-gateway\/","name":"5G Fahrzeug-Gateway SV900 - KEY-IOT","isPartOf":{"@id":"https:\/\/www.key-iot.com\/#website"},"primaryImageOfPage":{"@id":"https:\/\/www.key-iot.com\/product\/sv900-unmanned-vehicle-5g-gateway\/#primaryimage"},"image":{"@id":"https:\/\/www.key-iot.com\/product\/sv900-unmanned-vehicle-5g-gateway\/#primaryimage"},"thumbnailUrl":"https:\/\/www.key-iot.com\/wp-content\/uploads\/2024\/09\/\u5934\u56fe-17.jpg","datePublished":"2024-09-03T08:49:59+00:00","dateModified":"2025-10-23T09:40:30+00:00","description":"Das SV900 5G Vehicle Gateway stellt die n\u00e4chste Generation intelligenter Flottenkonnektivit\u00e4t und -managementl\u00f6sungen dar. Diese fortschrittliche Plattform baut auf den traditionellen Fahrzeug-Gateway-Funktionen auf und integriert modernste 5G-Technologie f\u00fcr beispiellose Leistung. Der moderne Flottenbetrieb erfordert zuverl\u00e4ssige Konnektivit\u00e4tsl\u00f6sungen, die den steigenden Datenanforderungen in unterschiedlichen Umgebungen gerecht werden.\u00a0","breadcrumb":{"@id":"https:\/\/www.key-iot.com\/product\/sv900-unmanned-vehicle-5g-gateway\/#breadcrumb"},"inLanguage":"de","potentialAction":[{"@type":"ReadAction","target":["https:\/\/www.key-iot.com\/product\/sv900-unmanned-vehicle-5g-gateway\/"]}]},{"@type":"ImageObject","inLanguage":"de","@id":"https:\/\/www.key-iot.com\/product\/sv900-unmanned-vehicle-5g-gateway\/#primaryimage","url":"https:\/\/www.key-iot.com\/wp-content\/uploads\/2024\/09\/\u5934\u56fe-17.jpg","contentUrl":"https:\/\/www.key-iot.com\/wp-content\/uploads\/2024\/09\/\u5934\u56fe-17.jpg","width":414,"height":414,"caption":"SV900 Unmanned Vehicle 5G Gateway"},{"@type":"BreadcrumbList","@id":"https:\/\/www.key-iot.com\/product\/sv900-unmanned-vehicle-5g-gateway\/#breadcrumb","itemListElement":[{"@type":"ListItem","position":1,"name":"Home","item":"https:\/\/www.key-iot.com\/"},{"@type":"ListItem","position":2,"name":"shop","item":"https:\/\/www.key-iot.com\/shop\/"},{"@type":"ListItem","position":3,"name":"5G Vehicle Gateway SV900"}]},{"@type":"WebSite","@id":"https:\/\/www.key-iot.com\/#website","url":"https:\/\/www.key-iot.com\/","name":"KEY-IOT","description":"Industrielle Mobilfunk-Router\/ IoT-Gateway","potentialAction":[{"@type":"SearchAction","target":{"@type":"EntryPoint","urlTemplate":"https:\/\/www.key-iot.com\/?s={search_term_string}"},"query-input":{"@type":"PropertyValueSpecification","valueRequired":true,"valueName":"search_term_string"}}],"inLanguage":"de"}]}},"_links":{"self":[{"href":"https:\/\/www.key-iot.com\/de\/wp-json\/wp\/v2\/product\/1034","targetHints":{"allow":["GET"]}}],"collection":[{"href":"https:\/\/www.key-iot.com\/de\/wp-json\/wp\/v2\/product"}],"about":[{"href":"https:\/\/www.key-iot.com\/de\/wp-json\/wp\/v2\/types\/product"}],"replies":[{"embeddable":true,"href":"https:\/\/www.key-iot.com\/de\/wp-json\/wp\/v2\/comments?post=1034"}],"wp:featuredmedia":[{"embeddable":true,"href":"https:\/\/www.key-iot.com\/de\/wp-json\/wp\/v2\/media\/1490"}],"wp:attachment":[{"href":"https:\/\/www.key-iot.com\/de\/wp-json\/wp\/v2\/media?parent=1034"}],"wp:term":[{"taxonomy":"product_cat","embeddable":true,"href":"https:\/\/www.key-iot.com\/de\/wp-json\/wp\/v2\/product_cat?post=1034"},{"taxonomy":"product_tag","embeddable":true,"href":"https:\/\/www.key-iot.com\/de\/wp-json\/wp\/v2\/product_tag?post=1034"}],"curies":[{"name":"wp","href":"https:\/\/api.w.org\/{rel}","templated":true}]}}